{"id":253,"date":"2025-12-10T23:44:50","date_gmt":"2025-12-10T22:44:50","guid":{"rendered":"https:\/\/gicd.inf.um.es\/csidcav\/usuario18\/?page_id=253"},"modified":"2025-12-10T23:44:50","modified_gmt":"2025-12-10T22:44:50","slug":"libros","status":"publish","type":"page","link":"https:\/\/gicd.inf.um.es\/csidcav\/usuario18\/libros\/","title":{"rendered":"Libros"},"content":{"rendered":"\n<div class=\"wp-block-query is-layout-flow wp-block-query-is-layout-flow\"><ul class=\"columns-2 wp-block-post-template is-layout-grid wp-container-core-post-template-is-layout-17361a50 wp-block-post-template-is-layout-grid\"><li class=\"wp-block-post post-321 post type-post status-publish format-standard has-post-thumbnail hentry category-libros-fantasia-y-magia category-ficcion category-libros category-libros-mas-15 category-libros-spicy tag-enemies-to-lovers tag-hadas-y-fae tag-romantasy tag-royal-fantasy tag-slow-burn\">\n\n<div class=\"wp-block-group bs-blog-post\"><div class=\"wp-block-group__inner-container is-layout-constrained wp-block-group-is-layout-constrained\"><figure style=\"aspect-ratio:16\/9;\" class=\"alignwide wp-block-post-featured-image\"><a href=\"https:\/\/gicd.inf.um.es\/csidcav\/usuario18\/una-corte-de-llamas-plateadas\/\" target=\"_self\"  ><img loading=\"lazy\" decoding=\"async\" width=\"1920\" height=\"1080\" src=\"https:\/\/gicd.inf.um.es\/csidcav\/usuario18\/wp-content\/uploads\/2025\/12\/ACOTAR5.png\" class=\"attachment-full size-full wp-post-image\" alt=\"Una Corte de Llamas Plateadas\" style=\"width:100%;height:100%;object-fit:cover;\" srcset=\"https:\/\/gicd.inf.um.es\/csidcav\/usuario18\/wp-content\/uploads\/2025\/12\/ACOTAR5.png 1920w, https:\/\/gicd.inf.um.es\/csidcav\/usuario18\/wp-content\/uploads\/2025\/12\/ACOTAR5-300x169.png 300w, https:\/\/gicd.inf.um.es\/csidcav\/usuario18\/wp-content\/uploads\/2025\/12\/ACOTAR5-1024x576.png 1024w, https:\/\/gicd.inf.um.es\/csidcav\/usuario18\/wp-content\/uploads\/2025\/12\/ACOTAR5-768x432.png 768w, https:\/\/gicd.inf.um.es\/csidcav\/usuario18\/wp-content\/uploads\/2025\/12\/ACOTAR5-1536x864.png 1536w, https:\/\/gicd.inf.um.es\/csidcav\/usuario18\/wp-content\/uploads\/2025\/12\/ACOTAR5-1280x720.png 1280w\" sizes=\"auto, (max-width: 1920px) 100vw, 1920px\" \/><\/a><\/figure>\n\n\n<div class=\"wp-block-group small\"><div class=\"wp-block-group__inner-container is-layout-constrained wp-block-group-is-layout-constrained\"><div class=\"taxonomy-category wp-block-post-terms\"><a href=\"https:\/\/gicd.inf.um.es\/csidcav\/usuario18\/category\/libros\/libros-fantasia-y-magia\/\" rel=\"tag\">Fantas\u00eda y magia<\/a><span class=\"wp-block-post-terms__separator\">, <\/span><a href=\"https:\/\/gicd.inf.um.es\/csidcav\/usuario18\/category\/libros\/ficcion\/\" rel=\"tag\">Ficcion<\/a><span class=\"wp-block-post-terms__separator\">, <\/span><a href=\"https:\/\/gicd.inf.um.es\/csidcav\/usuario18\/category\/libros\/\" rel=\"tag\">Libros<\/a><span class=\"wp-block-post-terms__separator\">, <\/span><a href=\"https:\/\/gicd.inf.um.es\/csidcav\/usuario18\/category\/libros\/libros-mas-15\/\" rel=\"tag\">M\u00e1s 15 a\u00f1os<\/a><span class=\"wp-block-post-terms__separator\">, <\/span><a href=\"https:\/\/gicd.inf.um.es\/csidcav\/usuario18\/category\/libros\/libros-spicy\/\" rel=\"tag\">Spicy Juvenil<\/a><\/div>\n\n<h2 class=\"wp-block-post-title\"><a href=\"https:\/\/gicd.inf.um.es\/csidcav\/usuario18\/una-corte-de-llamas-plateadas\/\" target=\"_self\" >Una Corte de Llamas Plateadas<\/a><\/h2>\n\n<div class=\"wp-block-post-excerpt\"><p class=\"wp-block-post-excerpt__excerpt\">Desde que fue forzada a meterse en el\u00a0Caldero\u00a0y se convirti\u00f3 en alta fae en contra de su voluntad,\u00a0Nesta Archeron\u00a0lucha por encontrar su propio lugar dentro del\u00a0extra\u00f1o y letal mundo\u00a0en el que habita. <\/p><\/div><\/div><\/div>\n<\/div><\/div>\n\n<\/li><li class=\"wp-block-post post-318 post type-post status-publish format-standard has-post-thumbnail hentry category-libros-fantasia-y-magia category-ficcion category-libros category-libros-mas-15 tag-amor-prohibido tag-hadas-y-fae tag-romantasy tag-royal-fantasy tag-triangulo-amoroso\">\n\n<div class=\"wp-block-group bs-blog-post\"><div class=\"wp-block-group__inner-container is-layout-constrained wp-block-group-is-layout-constrained\"><figure style=\"aspect-ratio:16\/9;\" class=\"alignwide wp-block-post-featured-image\"><a href=\"https:\/\/gicd.inf.um.es\/csidcav\/usuario18\/una-corte-de-hielo-y-estrellas\/\" target=\"_self\"  ><img loading=\"lazy\" decoding=\"async\" width=\"1920\" height=\"1080\" src=\"https:\/\/gicd.inf.um.es\/csidcav\/usuario18\/wp-content\/uploads\/2025\/12\/ACOTAR4.png\" class=\"attachment-full size-full wp-post-image\" alt=\"Una Corte de Hielo y Estrellas\" style=\"width:100%;height:100%;object-fit:cover;\" srcset=\"https:\/\/gicd.inf.um.es\/csidcav\/usuario18\/wp-content\/uploads\/2025\/12\/ACOTAR4.png 1920w, https:\/\/gicd.inf.um.es\/csidcav\/usuario18\/wp-content\/uploads\/2025\/12\/ACOTAR4-300x169.png 300w, https:\/\/gicd.inf.um.es\/csidcav\/usuario18\/wp-content\/uploads\/2025\/12\/ACOTAR4-1024x576.png 1024w, https:\/\/gicd.inf.um.es\/csidcav\/usuario18\/wp-content\/uploads\/2025\/12\/ACOTAR4-768x432.png 768w, https:\/\/gicd.inf.um.es\/csidcav\/usuario18\/wp-content\/uploads\/2025\/12\/ACOTAR4-1536x864.png 1536w, https:\/\/gicd.inf.um.es\/csidcav\/usuario18\/wp-content\/uploads\/2025\/12\/ACOTAR4-1280x720.png 1280w\" sizes=\"auto, (max-width: 1920px) 100vw, 1920px\" \/><\/a><\/figure>\n\n\n<div class=\"wp-block-group small\"><div class=\"wp-block-group__inner-container is-layout-constrained wp-block-group-is-layout-constrained\"><div class=\"taxonomy-category wp-block-post-terms\"><a href=\"https:\/\/gicd.inf.um.es\/csidcav\/usuario18\/category\/libros\/libros-fantasia-y-magia\/\" rel=\"tag\">Fantas\u00eda y magia<\/a><span class=\"wp-block-post-terms__separator\">, <\/span><a href=\"https:\/\/gicd.inf.um.es\/csidcav\/usuario18\/category\/libros\/ficcion\/\" rel=\"tag\">Ficcion<\/a><span class=\"wp-block-post-terms__separator\">, <\/span><a href=\"https:\/\/gicd.inf.um.es\/csidcav\/usuario18\/category\/libros\/\" rel=\"tag\">Libros<\/a><span class=\"wp-block-post-terms__separator\">, <\/span><a href=\"https:\/\/gicd.inf.um.es\/csidcav\/usuario18\/category\/libros\/libros-mas-15\/\" rel=\"tag\">M\u00e1s 15 a\u00f1os<\/a><\/div>\n\n<h2 class=\"wp-block-post-title\"><a href=\"https:\/\/gicd.inf.um.es\/csidcav\/usuario18\/una-corte-de-hielo-y-estrellas\/\" target=\"_self\" >Una Corte de Hielo y Estrellas<\/a><\/h2>\n\n<div class=\"wp-block-post-excerpt\"><p class=\"wp-block-post-excerpt__excerpt\">Feyre, Rhys y su c\u00edrculo m\u00e1s \u00edntimo de amigos est\u00e1n ocupados reconstruyendo la Corte Noche y el vasto mundo que la rodea. Pero el solsticio de invierno finalmente se acerca, y con \u00e9l, parece que llegar\u00e1 cierto alivio ganado con mucho esfuerzo. <\/p><\/div><\/div><\/div>\n<\/div><\/div>\n\n<\/li><li class=\"wp-block-post post-311 post type-post status-publish format-standard has-post-thumbnail hentry category-libros-fantasia-y-magia category-ficcion category-libros category-libros-mas-15 tag-amor-prohibido tag-enemies-to-lovers tag-hadas-y-fae tag-romantasy tag-royal-fantasy\">\n\n<div class=\"wp-block-group bs-blog-post\"><div class=\"wp-block-group__inner-container is-layout-constrained wp-block-group-is-layout-constrained\"><figure style=\"aspect-ratio:16\/9;\" class=\"alignwide wp-block-post-featured-image\"><a href=\"https:\/\/gicd.inf.um.es\/csidcav\/usuario18\/una-corte-de-alas-y-ruina\/\" target=\"_self\"  ><img loading=\"lazy\" decoding=\"async\" width=\"1920\" height=\"1080\" src=\"https:\/\/gicd.inf.um.es\/csidcav\/usuario18\/wp-content\/uploads\/2025\/12\/ACOTAR3.png\" class=\"attachment-full size-full wp-post-image\" alt=\"Una Corte de Alas y Ruina\" style=\"width:100%;height:100%;object-fit:cover;\" srcset=\"https:\/\/gicd.inf.um.es\/csidcav\/usuario18\/wp-content\/uploads\/2025\/12\/ACOTAR3.png 1920w, https:\/\/gicd.inf.um.es\/csidcav\/usuario18\/wp-content\/uploads\/2025\/12\/ACOTAR3-300x169.png 300w, https:\/\/gicd.inf.um.es\/csidcav\/usuario18\/wp-content\/uploads\/2025\/12\/ACOTAR3-1024x576.png 1024w, https:\/\/gicd.inf.um.es\/csidcav\/usuario18\/wp-content\/uploads\/2025\/12\/ACOTAR3-768x432.png 768w, https:\/\/gicd.inf.um.es\/csidcav\/usuario18\/wp-content\/uploads\/2025\/12\/ACOTAR3-1536x864.png 1536w, https:\/\/gicd.inf.um.es\/csidcav\/usuario18\/wp-content\/uploads\/2025\/12\/ACOTAR3-1280x720.png 1280w\" sizes=\"auto, (max-width: 1920px) 100vw, 1920px\" \/><\/a><\/figure>\n\n\n<div class=\"wp-block-group small\"><div class=\"wp-block-group__inner-container is-layout-constrained wp-block-group-is-layout-constrained\"><div class=\"taxonomy-category wp-block-post-terms\"><a href=\"https:\/\/gicd.inf.um.es\/csidcav\/usuario18\/category\/libros\/libros-fantasia-y-magia\/\" rel=\"tag\">Fantas\u00eda y magia<\/a><span class=\"wp-block-post-terms__separator\">, <\/span><a href=\"https:\/\/gicd.inf.um.es\/csidcav\/usuario18\/category\/libros\/ficcion\/\" rel=\"tag\">Ficcion<\/a><span class=\"wp-block-post-terms__separator\">, <\/span><a href=\"https:\/\/gicd.inf.um.es\/csidcav\/usuario18\/category\/libros\/\" rel=\"tag\">Libros<\/a><span class=\"wp-block-post-terms__separator\">, <\/span><a href=\"https:\/\/gicd.inf.um.es\/csidcav\/usuario18\/category\/libros\/libros-mas-15\/\" rel=\"tag\">M\u00e1s 15 a\u00f1os<\/a><\/div>\n\n<h2 class=\"wp-block-post-title\"><a href=\"https:\/\/gicd.inf.um.es\/csidcav\/usuario18\/una-corte-de-alas-y-ruina\/\" target=\"_self\" >Una Corte de Alas y Ruina<\/a><\/h2>\n\n<div class=\"wp-block-post-excerpt\"><p class=\"wp-block-post-excerpt__excerpt\">Feyre\u00a0regresa a la\u00a0Corte Primavera, decidida a reunir informaci\u00f3n sobre los planes de\u00a0Tamlin\u00a0y del rey invasor que amenaza con destruir Prythian. <\/p><\/div><\/div><\/div>\n<\/div><\/div>\n\n<\/li><li class=\"wp-block-post post-300 post type-post status-publish format-standard has-post-thumbnail hentry category-libros-fantasia-y-magia category-ficcion category-libros category-libros-mas-15 tag-enemies-to-lovers tag-hadas-y-fae tag-romantasy tag-royal-fantasy tag-triangulo-amoroso\">\n\n<div class=\"wp-block-group bs-blog-post\"><div class=\"wp-block-group__inner-container is-layout-constrained wp-block-group-is-layout-constrained\"><figure style=\"aspect-ratio:16\/9;\" class=\"alignwide wp-block-post-featured-image\"><a href=\"https:\/\/gicd.inf.um.es\/csidcav\/usuario18\/una-corte-de-niebla-y-furia\/\" target=\"_self\"  ><img loading=\"lazy\" decoding=\"async\" width=\"1920\" height=\"1080\" src=\"https:\/\/gicd.inf.um.es\/csidcav\/usuario18\/wp-content\/uploads\/2025\/12\/ACOTAR2.png\" class=\"attachment-full size-full wp-post-image\" alt=\"Una Corte de Niebla y Furia\" style=\"width:100%;height:100%;object-fit:cover;\" srcset=\"https:\/\/gicd.inf.um.es\/csidcav\/usuario18\/wp-content\/uploads\/2025\/12\/ACOTAR2.png 1920w, https:\/\/gicd.inf.um.es\/csidcav\/usuario18\/wp-content\/uploads\/2025\/12\/ACOTAR2-300x169.png 300w, https:\/\/gicd.inf.um.es\/csidcav\/usuario18\/wp-content\/uploads\/2025\/12\/ACOTAR2-1024x576.png 1024w, https:\/\/gicd.inf.um.es\/csidcav\/usuario18\/wp-content\/uploads\/2025\/12\/ACOTAR2-768x432.png 768w, https:\/\/gicd.inf.um.es\/csidcav\/usuario18\/wp-content\/uploads\/2025\/12\/ACOTAR2-1536x864.png 1536w, https:\/\/gicd.inf.um.es\/csidcav\/usuario18\/wp-content\/uploads\/2025\/12\/ACOTAR2-1280x720.png 1280w\" sizes=\"auto, (max-width: 1920px) 100vw, 1920px\" \/><\/a><\/figure>\n\n\n<div class=\"wp-block-group small\"><div class=\"wp-block-group__inner-container is-layout-constrained wp-block-group-is-layout-constrained\"><div class=\"taxonomy-category wp-block-post-terms\"><a href=\"https:\/\/gicd.inf.um.es\/csidcav\/usuario18\/category\/libros\/libros-fantasia-y-magia\/\" rel=\"tag\">Fantas\u00eda y magia<\/a><span class=\"wp-block-post-terms__separator\">, <\/span><a href=\"https:\/\/gicd.inf.um.es\/csidcav\/usuario18\/category\/libros\/ficcion\/\" rel=\"tag\">Ficcion<\/a><span class=\"wp-block-post-terms__separator\">, <\/span><a href=\"https:\/\/gicd.inf.um.es\/csidcav\/usuario18\/category\/libros\/\" rel=\"tag\">Libros<\/a><span class=\"wp-block-post-terms__separator\">, <\/span><a href=\"https:\/\/gicd.inf.um.es\/csidcav\/usuario18\/category\/libros\/libros-mas-15\/\" rel=\"tag\">M\u00e1s 15 a\u00f1os<\/a><\/div>\n\n<h2 class=\"wp-block-post-title\"><a href=\"https:\/\/gicd.inf.um.es\/csidcav\/usuario18\/una-corte-de-niebla-y-furia\/\" target=\"_self\" >Una Corte de Niebla y Furia<\/a><\/h2>\n\n<div class=\"wp-block-post-excerpt\"><p class=\"wp-block-post-excerpt__excerpt\">Tras haber superado m\u00e1s pruebas de las que un coraz\u00f3n humano puede soportar, Feyre\u00a0regresa a la Corte Primavera\u00a0con los poderes de una alta fae. <\/p><\/div><\/div><\/div>\n<\/div><\/div>\n\n<\/li><\/ul><\/div>\n","protected":false},"excerpt":{"rendered":"","protected":false},"author":1,"featured_media":0,"parent":0,"menu_order":0,"comment_status":"closed","ping_status":"closed","template":"","meta":{"pgc_sgb_lightbox_settings":"","footnotes":""},"class_list":["post-253","page","type-page","status-publish","hentry"],"_links":{"self":[{"href":"https:\/\/gicd.inf.um.es\/csidcav\/usuario18\/wp-json\/wp\/v2\/pages\/253","targetHints":{"allow":["GET"]}}],"collection":[{"href":"https:\/\/gicd.inf.um.es\/csidcav\/usuario18\/wp-json\/wp\/v2\/pages"}],"about":[{"href":"https:\/\/gicd.inf.um.es\/csidcav\/usuario18\/wp-json\/wp\/v2\/types\/page"}],"author":[{"embeddable":true,"href":"https:\/\/gicd.inf.um.es\/csidcav\/usuario18\/wp-json\/wp\/v2\/users\/1"}],"replies":[{"embeddable":true,"href":"https:\/\/gicd.inf.um.es\/csidcav\/usuario18\/wp-json\/wp\/v2\/comments?post=253"}],"version-history":[{"count":3,"href":"https:\/\/gicd.inf.um.es\/csidcav\/usuario18\/wp-json\/wp\/v2\/pages\/253\/revisions"}],"predecessor-version":[{"id":284,"href":"https:\/\/gicd.inf.um.es\/csidcav\/usuario18\/wp-json\/wp\/v2\/pages\/253\/revisions\/284"}],"wp:attachment":[{"href":"https:\/\/gicd.inf.um.es\/csidcav\/usuario18\/wp-json\/wp\/v2\/media?parent=253"}],"curies":[{"name":"wp","href":"https:\/\/api.w.org\/{rel}","templated":true}]}}