{"id":383,"date":"2025-12-11T19:42:33","date_gmt":"2025-12-11T18:42:33","guid":{"rendered":"https:\/\/gicd.inf.um.es\/csidcav\/usuario18\/?page_id=383"},"modified":"2025-12-11T19:42:33","modified_gmt":"2025-12-11T18:42:33","slug":"personajes-aqui-no-hay-quien-viva","status":"publish","type":"page","link":"https:\/\/gicd.inf.um.es\/csidcav\/usuario18\/personajes-aqui-no-hay-quien-viva\/","title":{"rendered":"Personajes Aqu\u00ed No Hay Quien Viva"},"content":{"rendered":"\n<p>En esta p\u00e1gina recopilamos la informaci\u00f3n de cada uno de los personajes de la m\u00edtica serie de los hermanos Caballero.<\/p>\n\n\n\n<div class=\"wp-block-query is-layout-flow wp-block-query-is-layout-flow\"><ul class=\"wp-block-post-template is-layout-flow wp-block-post-template-is-layout-flow\"><li class=\"wp-block-post post-374 personaje type-personaje status-publish hentry\">\n<h2 class=\"wp-block-post-title\"><a href=\"https:\/\/gicd.inf.um.es\/csidcav\/usuario18\/personaje\/anhqv-alicia-sanz\/\" target=\"_self\" >Alicia Sanz<\/a><\/h2>\n\n<p>La excompa\u00f1era de piso de Bel\u00e9n. Alicia es una aspirante a actriz presumida y ego\u00edsta, sin tacto alguno y que no duda en restregar su \u00e9xito con los hombres en las narices de Bel\u00e9n. Presume de ser actriz pese a que s\u00f3lo a tenido papeles peque\u00f1os en la televisi\u00f3n, como un anuncio de salchichas y chica de Telcup\u00f3n junto a Luc\u00eda No se compromete nunca con nadie. Juega con Carlos durante un tiempo, aceptando regalos caros de \u00e9l sin darle nada a cambio. Muy ocasionalmente demuestra un poco de generosidad y de amistad. Despu\u00e9s de que Emilio se vaya a vivir con Bel\u00e9n, ellas dos se pelean y Alicia se va a vivir con Luc\u00eda, ahora soltera. Se reconcilian al cabo de un tiempo, y Alicia vuelve al 3\u00baB. Finalmente, Alicia se enamora de verdad de un hombre, Ricardo, y se va a vivir con \u00e9l a Nueva York. En la quinta temporada, Bel\u00e9n recibe una llamada suya en la que Alicia la invita a irse a vivir con ella a Estados Unidos, dici\u00e9ndole que es una actriz famosa de Hollywood, aunque Bel\u00e9n no la cree.<\/p>\n\n<\/li><li class=\"wp-block-post post-375 personaje type-personaje status-publish hentry\">\n<h2 class=\"wp-block-post-title\"><a href=\"https:\/\/gicd.inf.um.es\/csidcav\/usuario18\/personaje\/anhqv-armando-rubio\/\" target=\"_self\" >Armando Rubio<\/a><\/h2>\n\n<p>Es el hijo de Concha y Antonio, trabaja en un banco, est\u00e1 divorciado de Beatriz, y le toca la custodia de uno de sus hijos, Daniel Rubio o Rebeca Rubio, qued\u00e1ndose el otro hijo se queda con su ex-mujer, con alternancias cada seis meses.<\/p>\n<p>Durante los primeros cap\u00edtulos, se mostr\u00f3 su mala relaci\u00f3n con su ex-mujer. Armando es el t\u00edpico hombre lig\u00f3n y aficionado a el f\u00fatbol. Fue el primero en conocer la homosexualidad de Mauri y Fernando, aunque estos intentaron neg\u00e1rselo de varias maneras, como por ejemplo viendo un partido de f\u00fatbol con \u00e9l, solo que no funcion\u00f3. Durante el tiempo que estuvo en la serie, sali\u00f3 con bastantes chicas, pero ten\u00eda el problema de vivir con su madre y sus hijos, la cual no le gustaba nada eso. Normalmente no suele meterse en las movidas de la comunidad, pero como vecino tuvo que hacerlo m\u00e1s de una vez.<\/p>\n<p>Finalmente en el principio de la segunda temporada consigue tener una novia de manera estable, y se va a vivir con ella a un chalet, dejando a Concha en una residencia, por lo cual ella no le vuelve a hablar. Despu\u00e9s de esto no vuelve a aparecer en la serie y solo es mencionado unas pocas veces.<\/p>\n\n<\/li><li class=\"wp-block-post post-379 personaje type-personaje status-publish hentry\">\n<h2 class=\"wp-block-post-title\"><a href=\"https:\/\/gicd.inf.um.es\/csidcav\/usuario18\/personaje\/anhqv-belen-lopez-vazquez\/\" target=\"_self\" >Bel\u00e9n L\u00f3pez V\u00e1zquez<\/a><\/h2>\n\n<p>Bel\u00e9n L\u00f3pez V\u00e1zquez (11 de diciembre de 1973) tambi\u00e9n conocida como la Golfa es una de las personajes principales de la serie Aqu\u00ed no hay quien viva, y es interpretada por Malena Alterio. Ella, c\u00ednica y quisquillosa, est\u00e1 amargada por su falta de \u00e9xito con los hombres. No tiene un trabajo fijo y ha trabajo de muchas cosas, entre ellas camarera en una hamburgueser\u00eda, dependienta y controladora de parqu\u00edmetros, en una funeraria, de veterinaria, en una tintorer\u00eda, en una l\u00ednea de moda donde conoce a Pedro, vendiendo seguros, ense\u00f1ando perfumes, etc.<\/p>\n<p>Se l\u00eda con Emilio y se van a vivir juntos, pero acaban rompiendo. Desde entonces han vuelto y han roto varias veces, sali\u00f3 con Carlos, incluyendo una aventura mientras Emilio sal\u00eda con Carmen. Tuvo una aventura de una noche con Roberto. Se apunta a una agencia matrimonial, y no encuentra a nadie. Luego se apunta a una agencia de se\u00f1oritas de compa\u00f1\u00eda por error, y se acuesta con el hombre con el que tiene la cita. Tiene tantos desenga\u00f1os amorosos que en un cap\u00edtulo decide hacerse lesbiana intentando ligarse a Bea cuando la besa en la despedida de soltera de Luc\u00eda pero decide seguir siendo hetero.<\/p>\n<p>Le compra el piso a Concha y en \u00c9rase unas puertas blindadas la intentaron incriminar como chivo expiatorio para echarla En la 4\u00aa temporada conoce y se casa con un millonario m\u00e1s de 20 a\u00f1os mayor que ella. \u00c9l muere en la noche de bodas, pero Bel\u00e9n no recibe ni un c\u00e9ntimo de la herencia ya que Emilio fue a la televisi\u00f3n a contar que Bel\u00e9n se hab\u00eda acostado con \u00e9l dos semanas antes de la boda y Mar\u00eda Jes\u00fas V\u00e1zquez dijo que era eyaculador precoz pues, como venganza su hijo anula la herencia, aun con la separaci\u00f3n de bienes firmada. Tambi\u00e9n se li\u00f3 con el hijo de Pedro, su difunto marido pese a la reticencia de \u00e9sta. Huye con Emilio tras estafar al seguro, simulando la muerte de Emilio, pero les detienen en las Bahamas y les extraditan a Espa\u00f1a. Bel\u00e9n y Emilio van a un consejero matrimonial llamado Marcelo para arreglar su relaci\u00f3n, pero ella se acaba liando con el consejero. Emilio lo descubre y muy cabreado rompe con ella justo cuando ella se ha dado cuenta que es a Emilio a quien quiere. Actualmente, ella est\u00e1 con Paco. Para salvarse del juicio hacen una boda falsa y se casa con Emilio. Al final tiene que elegir entre Paco y Emilio, y no elige a ninguno de los dos y se va con Alicia a Estados Unidos, a\u00fan casada.<\/p>\n\n<\/li><li class=\"wp-block-post post-373 personaje type-personaje status-publish hentry\">\n<h2 class=\"wp-block-post-title\"><a href=\"https:\/\/gicd.inf.um.es\/csidcav\/usuario18\/personaje\/anhqv-concha-de-la-fuente\/\" target=\"_self\" >Concepci\u00f3n (Concha) de la Fuente<\/a><\/h2>\n\n<p>Durante la primera temporada, viv\u00eda en el piso de su propiedad, el 2\u00baB. Su hijo Armando, divorciado, mujeriego y con dos hijos, viv\u00eda con ella hasta que se mud\u00f3 a un chal\u00e9 con su nueva novia, de modo que Concha vendi\u00f3 el piso a la familia Guerra. M\u00e1s tarde, Armando la ingres\u00f3 en una residencia porque ni \u00e9l ni su novia la quer\u00edan con ellos. Despechada, se fue a vivir con sus amigas Vicenta y Marisa. Hasta la 4\u00aa temporada tambi\u00e9n era propietaria del 3\u00baB y se lo alquilaba a Bel\u00e9n. Esta urdi\u00f3 una treta con Mauri como testaferro y le compr\u00f3 el piso a Concha, algo que ella no quer\u00eda. Famosa es su mal avenencia con el se\u00f1or Cuesta, a quien le dedica sus frases c\u00e9lebres. Ella acostumbraba a decirle \u00abchorizo\u00bb al se\u00f1or Cuesta o \u00abV\u00e1yase Se\u00f1or Cuesta, \u00a1\u00a1\u00a1v\u00e1yase!!!\u00bb.<\/p>\n\n<\/li><li class=\"wp-block-post post-377 personaje type-personaje status-publish hentry\">\n<h2 class=\"wp-block-post-title\"><a href=\"https:\/\/gicd.inf.um.es\/csidcav\/usuario18\/personaje\/anhqv-dani-rubio\/\" target=\"_self\" >Dani Rubio<\/a><\/h2>\n\n<p>Es el hijo de Armando, y nieto de Concha y Antonio Rubio Cort\u00e9s. Solo aparece en los primeros cap\u00edtulos de la primera temporada, ya que pasa 6 meses con su padre, y otros 6 meses con su madre. Suficiente para entablar una amistad con Josemi,<\/p>\n<p>Despues de que su padre se fuera del edificio para mudarse con su nueva novia a un chalet, Daniel y su hermana no vuelven a aparecer en el edificio ni a ser mencionados<\/p>\n\n<\/li><li class=\"wp-block-post post-349 personaje type-personaje status-publish hentry\">\n<h2 class=\"wp-block-post-title\"><a href=\"https:\/\/gicd.inf.um.es\/csidcav\/usuario18\/personaje\/anhqv-emilio-delgado\/\" target=\"_self\" >Emilio Delgado<\/a><\/h2>\n\n<p>Es el portero de la comunidad de vecinos y aparece en todas las temporadas. Su padre es Mariano que, al principio, aparece espor\u00e1dicamente en la primera temporada y luego hace de okupa en la porter\u00eda. En sus ratos libres va al videoclub y se re\u00fane con sus amigos formando el \u00abconsejo de sabios\u00bb.<\/p>\n\n<\/li><li class=\"wp-block-post post-367 personaje type-personaje status-publish hentry\">\n<h2 class=\"wp-block-post-title\"><a href=\"https:\/\/gicd.inf.um.es\/csidcav\/usuario18\/personaje\/anhqv-fernando-navarro\/\" target=\"_self\" >Fernando Navarro<\/a><\/h2>\n\n<p>Es el novio de Mauri. Se march\u00f3 Londres a trabajar en la segunda temporada. Al volver, un a\u00f1o despu\u00e9s, se reencontr\u00f3 con Mauri y retomaron su relaci\u00f3n durante la tercera temporada. En la quinta temporada le ofrecieron trabajo en Tokio para un negocio de peinetas y Mauri le prepar\u00f3 una encerrona para que se fuese casado porque pensaba que le pondr\u00eda los cuernos en Tokio. El Alcalde era el llamado \u00abNazi de enfrente\u00bb y con lo cual, no sali\u00f3 bien. En la quinta temporada se acaba casando con Mauri.<\/p>\n\n<\/li><li class=\"wp-block-post post-371 personaje type-personaje status-publish hentry\">\n<h2 class=\"wp-block-post-title\"><a href=\"https:\/\/gicd.inf.um.es\/csidcav\/usuario18\/personaje\/anhqv-jose-miguel-cuesta\/\" target=\"_self\" >Jos\u00e9 Miguel Cuesta Hurtado<\/a><\/h2>\n\n<p>Es el hijo menor de Juan Paloma. Vive en el 2\u00baA junto a sus padres y su hermana mayor, Natalia. Al principio de la serie era un estudiante de primaria sobresaliente, pero despu\u00e9s al llegar a la edad de la pubertad, y con el Consejo de Sabios de referentes, pues sus notas bajaron.<br \/>\nParece que no tiene muchos amigos de su edad, ya que siempre esta en el videoclub con Paco, Emilio, Mariano y Roberto como si fuese un adulto, y hablando de temas de adultos. No est\u00e1 muy unido a sus padres, ya que cuando Paloma qued\u00f3 en coma no le afecto demasiado, y el hecho de que Isabel fuese su madrastra le gustaba, ya que seg\u00fan dijo en una ocasi\u00f3n cuando Isabel le habl\u00f3 de sexo: \u00abEsta t\u00eda mola\u00bb. Durante la serie demuestra ser un gran aficionado a los videojuegos, a los que en la primera temporada sol\u00eda jugar con Roberto, y despu\u00e9s en la quinta temporada con su hermanastro \u00c1lex.<\/p>\n\n<\/li><li class=\"wp-block-post post-369 personaje type-personaje status-publish hentry\">\n<h2 class=\"wp-block-post-title\"><a href=\"https:\/\/gicd.inf.um.es\/csidcav\/usuario18\/personaje\/anhqv-juan-cuesta\/\" target=\"_self\" >Juan Cuesta<\/a><\/h2>\n\n<p>Juan Cuesta ha sido profesor de primaria en un centro privado,de mediana edad y presidente de &#8216;esta nuestra comunidad&#8217; durante m\u00e1s de 12 a\u00f1os. En la actualidad asume el cargo de tesorero. Es un hombre pac\u00edfico que intenta resolver los conflictos mediante discursos prosaicos con escaso \u00e9xito. Vive bajo el dominio de su mujer Paloma, muy orgullosa del papel desempe\u00f1ado por su esposo. Como presidente de la comunidad, se toma demasiado en serio su papel como presidente y lo peor que le puede pasar es perder su presidencia llegando incluso a hacer \u00aboposici\u00f3n\u00bb. Se ve metido en medio de complicados berenjenales. Tras el accidente que deja en coma a su esposa, empieza una aventura con Isabel, con la que se va a vivir.<\/p>\n\n<\/li><li class=\"wp-block-post post-338 personaje type-personaje status-publish hentry\">\n<h2 class=\"wp-block-post-title\"><a href=\"https:\/\/gicd.inf.um.es\/csidcav\/usuario18\/personaje\/anhqv-lucia-alvarez\/\" target=\"_self\" >Luc\u00eda \u00c1lvarez Mu\u00f1oz<\/a><\/h2>\n\n<p>Es una joven atractiva y trabajadora que llega al edificio con su novio, Roberto. Es hija de un constructor rico que le compra el piso. Trabaj\u00f3 en la empresa de su padre. En la primera temporada, demuestra una gran enemistad con los vecinos, sobre todo con Paloma.<\/p>\n\n<\/li><\/ul>\n\n<nav class=\"wp-block-query-pagination is-layout-flex wp-block-query-pagination-is-layout-flex\" aria-label=\"Paginaci\u00f3n\">\n\n\n<div class=\"wp-block-query-pagination-numbers\"><span aria-label=\"P\u00e1gina 1\" aria-current=\"page\" class=\"page-numbers current\">1<\/span>\n<a aria-label=\"P\u00e1gina 2\" class=\"page-numbers\" href=\"?query-4-page=2\">2<\/a><\/div>\n\n<a href=\"\/csidcav\/usuario18\/wp-json\/wp\/v2\/pages\/383?query-4-page=2\" class=\"wp-block-query-pagination-next\">P\u00e1gina siguiente<\/a>\n<\/nav>\n\n<\/div>\n","protected":false},"excerpt":{"rendered":"<p>En esta p\u00e1gina recopilamos la informaci\u00f3n de cada uno de los personajes de la m\u00edtica serie de los hermanos Caballero.<\/p>\n","protected":false},"author":1,"featured_media":0,"parent":0,"menu_order":0,"comment_status":"closed","ping_status":"closed","template":"","meta":{"pgc_sgb_lightbox_settings":"","footnotes":""},"class_list":["post-383","page","type-page","status-publish","hentry"],"_links":{"self":[{"href":"https:\/\/gicd.inf.um.es\/csidcav\/usuario18\/wp-json\/wp\/v2\/pages\/383","targetHints":{"allow":["GET"]}}],"collection":[{"href":"https:\/\/gicd.inf.um.es\/csidcav\/usuario18\/wp-json\/wp\/v2\/pages"}],"about":[{"href":"https:\/\/gicd.inf.um.es\/csidcav\/usuario18\/wp-json\/wp\/v2\/types\/page"}],"author":[{"embeddable":true,"href":"https:\/\/gicd.inf.um.es\/csidcav\/usuario18\/wp-json\/wp\/v2\/users\/1"}],"replies":[{"embeddable":true,"href":"https:\/\/gicd.inf.um.es\/csidcav\/usuario18\/wp-json\/wp\/v2\/comments?post=383"}],"version-history":[{"count":2,"href":"https:\/\/gicd.inf.um.es\/csidcav\/usuario18\/wp-json\/wp\/v2\/pages\/383\/revisions"}],"predecessor-version":[{"id":385,"href":"https:\/\/gicd.inf.um.es\/csidcav\/usuario18\/wp-json\/wp\/v2\/pages\/383\/revisions\/385"}],"wp:attachment":[{"href":"https:\/\/gicd.inf.um.es\/csidcav\/usuario18\/wp-json\/wp\/v2\/media?parent=383"}],"curies":[{"name":"wp","href":"https:\/\/api.w.org\/{rel}","templated":true}]}}