{"id":391,"date":"2025-12-11T20:15:26","date_gmt":"2025-12-11T19:15:26","guid":{"rendered":"https:\/\/gicd.inf.um.es\/csidcav\/usuario18\/?page_id=391"},"modified":"2026-02-02T19:17:52","modified_gmt":"2026-02-02T18:17:52","slug":"equipo","status":"publish","type":"page","link":"https:\/\/gicd.inf.um.es\/csidcav\/usuario18\/equipo\/","title":{"rendered":"Equipo"},"content":{"rendered":"\n<p>Conoce a las mentes detr\u00e1s de Ficciones \u00c9picas<\/p>\n\n\n\n<div class=\"wp-block-columns has-luminous-vivid-amber-background-color has-background is-layout-flex wp-container-core-columns-is-layout-9d6595d7 wp-block-columns-is-layout-flex\">\n<div class=\"wp-block-column has-luminous-vivid-amber-background-color has-background is-layout-flow wp-block-column-is-layout-flow\" style=\"flex-basis:33.33%\">\n<figure class=\"wp-block-image size-full is-style-default\"><img loading=\"lazy\" decoding=\"async\" width=\"2048\" height=\"1532\" src=\"https:\/\/gicd.inf.um.es\/csidcav\/usuario18\/wp-content\/uploads\/2025\/12\/FotoJGR.jpg\" alt=\"\" class=\"wp-image-392\" style=\"aspect-ratio:1;object-fit:cover\" srcset=\"https:\/\/gicd.inf.um.es\/csidcav\/usuario18\/wp-content\/uploads\/2025\/12\/FotoJGR.jpg 2048w, https:\/\/gicd.inf.um.es\/csidcav\/usuario18\/wp-content\/uploads\/2025\/12\/FotoJGR-300x224.jpg 300w, https:\/\/gicd.inf.um.es\/csidcav\/usuario18\/wp-content\/uploads\/2025\/12\/FotoJGR-1024x766.jpg 1024w, https:\/\/gicd.inf.um.es\/csidcav\/usuario18\/wp-content\/uploads\/2025\/12\/FotoJGR-768x575.jpg 768w, https:\/\/gicd.inf.um.es\/csidcav\/usuario18\/wp-content\/uploads\/2025\/12\/FotoJGR-1536x1149.jpg 1536w\" sizes=\"auto, (max-width: 2048px) 100vw, 2048px\" \/><\/figure>\n<\/div>\n\n\n\n<div class=\"wp-block-column is-layout-flow wp-block-column-is-layout-flow\" style=\"flex-basis:66.66%\">\n<h2 class=\"wp-block-heading\">Jes\u00fas Garc\u00eda<\/h2>\n\n\n\n<p class=\"has-small-font-size\">Estudiante de Comunicaci\u00f3n Audiovisual en la Universidad de Murcia (2025). Apasionado de las ficciones c\u00f3micas espa\u00f1olas y de la literatura fant\u00e1stica. Como dato curioso, se ley\u00f3 en un verano toda la saga ACOTAR, convirti\u00e9ndose en una de sus sagas favoritas y anim\u00e1ndole a llevar no \u00fanicamente esta web sino a escribir sus propios relatos.<\/p>\n<\/div>\n<\/div>\n\n\n\n<div class=\"wp-block-columns has-luminous-vivid-amber-background-color has-background is-layout-flex wp-container-core-columns-is-layout-9d6595d7 wp-block-columns-is-layout-flex\">\n<div class=\"wp-block-column has-luminous-vivid-amber-background-color has-background is-layout-flow wp-block-column-is-layout-flow\" style=\"flex-basis:33.33%\">\n<figure class=\"wp-block-image size-full is-style-default\"><img loading=\"lazy\" decoding=\"async\" width=\"740\" height=\"1110\" src=\"https:\/\/gicd.inf.um.es\/csidcav\/usuario18\/wp-content\/uploads\/2025\/12\/retrato-mujer-sonriente-sofa_23-2148451746.jpg.avif\" alt=\"Martina Lucas\" class=\"wp-image-394\" style=\"aspect-ratio:1;object-fit:cover\" srcset=\"https:\/\/gicd.inf.um.es\/csidcav\/usuario18\/wp-content\/uploads\/2025\/12\/retrato-mujer-sonriente-sofa_23-2148451746.jpg.avif 740w, https:\/\/gicd.inf.um.es\/csidcav\/usuario18\/wp-content\/uploads\/2025\/12\/retrato-mujer-sonriente-sofa_23-2148451746.jpg-200x300.jpg 200w, https:\/\/gicd.inf.um.es\/csidcav\/usuario18\/wp-content\/uploads\/2025\/12\/retrato-mujer-sonriente-sofa_23-2148451746.jpg-683x1024.jpg 683w\" sizes=\"auto, (max-width: 740px) 100vw, 740px\" \/><\/figure>\n<\/div>\n\n\n\n<div class=\"wp-block-column is-layout-flow wp-block-column-is-layout-flow\" style=\"flex-basis:66.66%\">\n<h2 class=\"wp-block-heading\">Martina Lucas<\/h2>\n\n\n\n<p class=\"has-small-font-size\">Graduada en Periodismo por la Universidad de Murcia (2024). Apasionada del cine y la m\u00fasica. Aunque se dedica profesionalmente a labores period\u00edsticas, escribe y organiza junto con Jes\u00fas las nuevas secciones, entradas y contenidos varios de la web como parte de su hobby.<\/p>\n<\/div>\n<\/div>\n\n\n\n<div style=\"height:25px\" aria-hidden=\"true\" class=\"wp-block-spacer\"><\/div>\n\n\n\n<h2 class=\"wp-block-heading\">Contacta con nosotros<\/h2>\n\n\n\n<div class=\"wp-block-cover is-light\" style=\"min-height:301px;aspect-ratio:unset;\"><img loading=\"lazy\" decoding=\"async\" width=\"540\" height=\"268\" class=\"wp-block-cover__image-background wp-image-177 size-full\" alt=\"Contacta con Nosotros\" src=\"https:\/\/gicd.inf.um.es\/csidcav\/usuario18\/wp-content\/uploads\/2025\/11\/tumblr_p48skpGi3v1wkztm7o5_540.webp\" style=\"object-position:50% 22%\" data-object-fit=\"cover\" data-object-position=\"50% 22%\" srcset=\"https:\/\/gicd.inf.um.es\/csidcav\/usuario18\/wp-content\/uploads\/2025\/11\/tumblr_p48skpGi3v1wkztm7o5_540.webp 540w, https:\/\/gicd.inf.um.es\/csidcav\/usuario18\/wp-content\/uploads\/2025\/11\/tumblr_p48skpGi3v1wkztm7o5_540-300x149.webp 300w\" sizes=\"auto, (max-width: 540px) 100vw, 540px\" \/><span aria-hidden=\"true\" class=\"wp-block-cover__background has-background-dim\" style=\"background-color:#bcad99\"><\/span><div class=\"wp-block-cover__inner-container is-layout-constrained wp-block-cover-is-layout-constrained\">\n<p class=\"has-text-align-center has-white-color has-text-color has-link-color has-small-font-size wp-elements-d62a329493a7ca5deae269863e559357\"><strong>M\u00e1ndanos un mail con tus dudas.<br>Estamos a tu disposici\u00f3n<\/strong><\/p>\n<\/div><\/div>\n\n\n\n<div class=\"wp-block-contact-form-7-contact-form-selector\">\n<div class=\"wpcf7 no-js\" id=\"wpcf7-f175-o1\" lang=\"es-ES\" dir=\"ltr\" data-wpcf7-id=\"175\">\n<div class=\"screen-reader-response\"><p role=\"status\" aria-live=\"polite\" aria-atomic=\"true\"><\/p> <ul><\/ul><\/div>\n<form action=\"\/csidcav\/usuario18\/wp-json\/wp\/v2\/pages\/391#wpcf7-f175-o1\" method=\"post\" class=\"wpcf7-form init\" aria-label=\"Formulario de contacto\" novalidate=\"novalidate\" data-status=\"init\">\n<fieldset class=\"hidden-fields-container\"><input type=\"hidden\" name=\"_wpcf7\" value=\"175\" \/><input type=\"hidden\" name=\"_wpcf7_version\" value=\"6.1.3\" \/><input type=\"hidden\" name=\"_wpcf7_locale\" value=\"es_ES\" \/><input type=\"hidden\" name=\"_wpcf7_unit_tag\" value=\"wpcf7-f175-o1\" \/><input type=\"hidden\" name=\"_wpcf7_container_post\" value=\"0\" \/><input type=\"hidden\" name=\"_wpcf7_posted_data_hash\" value=\"\" \/>\n<\/fieldset>\n<p><label> Tu nombre<br \/>\n<span class=\"wpcf7-form-control-wrap\" data-name=\"your-name\"><input size=\"40\" maxlength=\"400\" class=\"wpcf7-form-control wpcf7-text wpcf7-validates-as-required\" autocomplete=\"name\" aria-required=\"true\" aria-invalid=\"false\" value=\"\" type=\"text\" name=\"your-name\" \/><\/span> <\/label>\n<\/p>\n<p><label> Tu correo electr\u00f3nico<br \/>\n<span class=\"wpcf7-form-control-wrap\" data-name=\"your-email\"><input size=\"40\" maxlength=\"400\" class=\"wpcf7-form-control wpcf7-email wpcf7-validates-as-required wpcf7-text wpcf7-validates-as-email\" autocomplete=\"email\" aria-required=\"true\" aria-invalid=\"false\" value=\"\" type=\"email\" name=\"your-email\" \/><\/span> <\/label>\n<\/p>\n<p><label> Asunto<br \/>\n<span class=\"wpcf7-form-control-wrap\" data-name=\"your-subject\"><select class=\"wpcf7-form-control wpcf7-select wpcf7-validates-as-required\" aria-required=\"true\" aria-invalid=\"false\" name=\"your-subject\"><option value=\"Consulta general\">Consulta general<\/option><option value=\"Informaci\u00f3n sobre series\">Informaci\u00f3n sobre series<\/option><option value=\"Productos de Series \u00c9picas\">Productos de Series \u00c9picas<\/option><option value=\"Informaci\u00f3n sobre libros\">Informaci\u00f3n sobre libros<\/option><\/select><\/span><\/label>\n<\/p>\n<p><label> Tu mensaje (opcional)<br \/>\n<span class=\"wpcf7-form-control-wrap\" data-name=\"your-message\"><textarea cols=\"40\" rows=\"10\" maxlength=\"2000\" class=\"wpcf7-form-control wpcf7-textarea\" aria-invalid=\"false\" name=\"your-message\"><\/textarea><\/span> <\/label>\n<\/p>\n<p><span class=\"wpcf7-form-control-wrap\" data-name=\"Notificaciones\"><select class=\"wpcf7-form-control wpcf7-select wpcf7-validates-as-required\" aria-required=\"true\" aria-invalid=\"false\" name=\"Notificaciones\"><option value=\"Quiero recibir notificaciones de novedades relacionadas con Ficciones \u00c9picas\">Quiero recibir notificaciones de novedades relacionadas con Ficciones \u00c9picas<\/option><option value=\"Acepto \u00fanicamente recibir notificaciones en caso de haber contactado previamente con el equipo y como respuesta a mi consulta\">Acepto \u00fanicamente recibir notificaciones en caso de haber contactado previamente con el equipo y como respuesta a mi consulta<\/option><option value=\"No quiero recibir ninguna notificaci\u00f3n\">No quiero recibir ninguna notificaci\u00f3n<\/option><\/select><\/span>\n<\/p>\n<p><input class=\"wpcf7-form-control wpcf7-submit has-spinner\" type=\"submit\" value=\"Enviar\" \/>\n<\/p><div class=\"wpcf7-response-output\" aria-hidden=\"true\"><\/div>\n<\/form>\n<\/div>\n<\/div>\n\n\n\n<h2 class=\"wp-block-heading\">Suscr\u00edbete a nuestra Newsletter<\/h2>\n\n\n\n<div style=\"padding:20px\" class=\"wp-block-tnp-minimal\"><p><\/p><div><div class=\"tnp tnp-subscription \">\n<form method=\"post\" action=\"https:\/\/gicd.inf.um.es\/csidcav\/usuario18\/wp-admin\/admin-ajax.php?action=tnp&amp;na=s\">\n<input type=\"hidden\" name=\"nlang\" value=\"\">\n<div class=\"tnp-field tnp-field-firstname\"><label for=\"tnp-1\">Nombre<\/label>\n<input class=\"tnp-name\" type=\"text\" name=\"nn\" id=\"tnp-1\" value=\"\" placeholder=\"\"><\/div>\n<div class=\"tnp-field tnp-field-surname\"><label for=\"tnp-2\">Apellidos<\/label>\n<input class=\"tnp-surname\" type=\"text\" name=\"ns\" id=\"tnp-2\" value=\"\" placeholder=\"\"><\/div><div class=\"tnp-field tnp-field-email\"><label for=\"tnp-3\">Correo electr\u00f3nico<\/label>\n<input class=\"tnp-email\" type=\"email\" name=\"ne\" id=\"tnp-3\" value=\"\" placeholder=\"\" required><\/div>\n<div class=\"tnp-field tnp-field-gender\"><label for=\"tnp-4\">Soy<\/label>\n<select name=\"nx\" class=\"tnp-gender\" id=\"tnp-gender\"><option value=\"n\">No especificado<\/option><option value=\"f\">Mujer<\/option><option value=\"m\">Hombre<\/option><\/select><\/div>\n<div class=\"tnp-field tnp-field-profile\"><label for=\"tnp-5\">T\u00edtulo<\/label>\n<select class=\"tnp-profile tnp-profile-1\" id=\"tnp-profile_1\" name=\"np1\"><option>Periodismo<\/option><option>Comunicaci\u00f3n Audiovisual<\/option><option>Publicidad<\/option><option>Contenidos Digitales<\/option><\/select>\n<\/div>\n<div class=\"tnp-field tnp-field-profile\"><label for=\"tnp-6\">Curso<\/label>\n<select class=\"tnp-profile tnp-profile-2\" id=\"tnp-profile_2\" name=\"np2\"><option>1\u00ba<\/option><option>2\u00ba<\/option><option>3\u00ba<\/option><option>4\u00ba<\/option><\/select>\n<\/div>\n<div class=\"tnp-field tnp-privacy-field\"><label><input type=\"checkbox\" name=\"ny\" required class=\"tnp-privacy\"> <a target=\"_blank\" href=\"https:\/\/gicd.inf.um.es\/csidcav\/usuario18\/politica-privacidad\/\">Acepto la pol\u00edtica de privacidad<\/a><\/label><\/div><div class=\"tnp-field tnp-field-button\" style=\"text-align: left\"><input class=\"tnp-submit\" type=\"submit\" value=\"Suscribirse\" style=\"background-color:#2C3E50;\">\n<\/div>\n<\/form>\n<\/div>\n<\/div><\/div>\n\n\n\n<p><\/p>\n","protected":false},"excerpt":{"rendered":"<p>Conoce a las mentes detr\u00e1s de Ficciones \u00c9picas Jes\u00fas Garc\u00eda Estudiante de Comunicaci\u00f3n Audiovisual en la Universidad de Murcia (2025). Apasionado de las ficciones c\u00f3micas espa\u00f1olas y de la literatura fant\u00e1stica. Como dato curioso, se ley\u00f3 en un verano toda la saga ACOTAR, convirti\u00e9ndose en una de sus sagas favoritas y anim\u00e1ndole a llevar no [&hellip;]<\/p>\n","protected":false},"author":1,"featured_media":0,"parent":0,"menu_order":0,"comment_status":"closed","ping_status":"closed","template":"","meta":{"pgc_sgb_lightbox_settings":"","footnotes":""},"class_list":["post-391","page","type-page","status-publish","hentry"],"_links":{"self":[{"href":"https:\/\/gicd.inf.um.es\/csidcav\/usuario18\/wp-json\/wp\/v2\/pages\/391","targetHints":{"allow":["GET"]}}],"collection":[{"href":"https:\/\/gicd.inf.um.es\/csidcav\/usuario18\/wp-json\/wp\/v2\/pages"}],"about":[{"href":"https:\/\/gicd.inf.um.es\/csidcav\/usuario18\/wp-json\/wp\/v2\/types\/page"}],"author":[{"embeddable":true,"href":"https:\/\/gicd.inf.um.es\/csidcav\/usuario18\/wp-json\/wp\/v2\/users\/1"}],"replies":[{"embeddable":true,"href":"https:\/\/gicd.inf.um.es\/csidcav\/usuario18\/wp-json\/wp\/v2\/comments?post=391"}],"version-history":[{"count":5,"href":"https:\/\/gicd.inf.um.es\/csidcav\/usuario18\/wp-json\/wp\/v2\/pages\/391\/revisions"}],"predecessor-version":[{"id":413,"href":"https:\/\/gicd.inf.um.es\/csidcav\/usuario18\/wp-json\/wp\/v2\/pages\/391\/revisions\/413"}],"wp:attachment":[{"href":"https:\/\/gicd.inf.um.es\/csidcav\/usuario18\/wp-json\/wp\/v2\/media?parent=391"}],"curies":[{"name":"wp","href":"https:\/\/api.w.org\/{rel}","templated":true}]}}