{"id":65,"date":"2025-10-22T17:32:33","date_gmt":"2025-10-22T15:32:33","guid":{"rendered":"https:\/\/gicd.inf.um.es\/csidcav\/usuario18\/?page_id=65"},"modified":"2025-12-10T23:43:09","modified_gmt":"2025-12-10T22:43:09","slug":"series-de-television","status":"publish","type":"page","link":"https:\/\/gicd.inf.um.es\/csidcav\/usuario18\/series-de-television\/","title":{"rendered":"Series de televisi\u00f3n"},"content":{"rendered":"\n<div class=\"wp-block-query is-layout-flow wp-block-query-is-layout-flow\"><ul class=\"columns-2 wp-block-post-template is-layout-grid wp-container-core-post-template-is-layout-17361a50 wp-block-post-template-is-layout-grid\"><li class=\"wp-block-post post-419 post type-post status-publish format-standard has-post-thumbnail hentry category-series-accion category-series-ciencia-ficcion category-series-drama category-series category-series-terror category-series-thriller tag-futuro-postapocaliptico tag-pandemias tag-videojuego\">\n\n<div class=\"wp-block-group bs-blog-post\"><div class=\"wp-block-group__inner-container is-layout-constrained wp-block-group-is-layout-constrained\"><figure class=\"alignwide wp-block-post-featured-image\"><a href=\"https:\/\/gicd.inf.um.es\/csidcav\/usuario18\/the-last-of-us\/\" target=\"_self\"  ><img loading=\"lazy\" decoding=\"async\" width=\"1920\" height=\"1080\" src=\"https:\/\/gicd.inf.um.es\/csidcav\/usuario18\/wp-content\/uploads\/2026\/02\/tlou-poster.jpg\" class=\"attachment-post-thumbnail size-post-thumbnail wp-post-image\" alt=\"The Last Of Us\" style=\"object-fit:cover;\" srcset=\"https:\/\/gicd.inf.um.es\/csidcav\/usuario18\/wp-content\/uploads\/2026\/02\/tlou-poster.jpg 1920w, https:\/\/gicd.inf.um.es\/csidcav\/usuario18\/wp-content\/uploads\/2026\/02\/tlou-poster-300x169.jpg 300w, https:\/\/gicd.inf.um.es\/csidcav\/usuario18\/wp-content\/uploads\/2026\/02\/tlou-poster-1024x576.jpg 1024w, https:\/\/gicd.inf.um.es\/csidcav\/usuario18\/wp-content\/uploads\/2026\/02\/tlou-poster-768x432.jpg 768w, https:\/\/gicd.inf.um.es\/csidcav\/usuario18\/wp-content\/uploads\/2026\/02\/tlou-poster-1536x864.jpg 1536w, https:\/\/gicd.inf.um.es\/csidcav\/usuario18\/wp-content\/uploads\/2026\/02\/tlou-poster-1280x720.jpg 1280w\" sizes=\"auto, (max-width: 1920px) 100vw, 1920px\" \/><\/a><\/figure>\n\n\n<div class=\"wp-block-group small\"><div class=\"wp-block-group__inner-container is-layout-constrained wp-block-group-is-layout-constrained\"><div class=\"taxonomy-category wp-block-post-terms\"><a href=\"https:\/\/gicd.inf.um.es\/csidcav\/usuario18\/category\/series\/series-accion\/\" rel=\"tag\">Acci\u00f3n<\/a><span class=\"wp-block-post-terms__separator\">, <\/span><a href=\"https:\/\/gicd.inf.um.es\/csidcav\/usuario18\/category\/series\/series-ciencia-ficcion\/\" rel=\"tag\">Ciencia Ficci\u00f3n<\/a><span class=\"wp-block-post-terms__separator\">, <\/span><a href=\"https:\/\/gicd.inf.um.es\/csidcav\/usuario18\/category\/series\/series-drama\/\" rel=\"tag\">Drama<\/a><span class=\"wp-block-post-terms__separator\">, <\/span><a href=\"https:\/\/gicd.inf.um.es\/csidcav\/usuario18\/category\/series\/\" rel=\"tag\">Series<\/a><span class=\"wp-block-post-terms__separator\">, <\/span><a href=\"https:\/\/gicd.inf.um.es\/csidcav\/usuario18\/category\/series\/series-terror\/\" rel=\"tag\">Terror<\/a><span class=\"wp-block-post-terms__separator\">, <\/span><a href=\"https:\/\/gicd.inf.um.es\/csidcav\/usuario18\/category\/series\/series-thriller\/\" rel=\"tag\">Thriller<\/a><\/div>\n\n<h2 class=\"wp-block-post-title\"><a href=\"https:\/\/gicd.inf.um.es\/csidcav\/usuario18\/the-last-of-us\/\" target=\"_self\" >The Last Of Us<\/a><\/h2>\n\n<div class=\"wp-block-post-excerpt\"><p class=\"wp-block-post-excerpt__excerpt\">Despu\u00e9s de que una pandemia mundial destruye la civilizaci\u00f3n, un superviviente endurecido se hace cargo de una ni\u00f1a de 14 a\u00f1os que puede ser la \u00faltima esperanza de la humanidad. <\/p><\/div><\/div><\/div>\n<\/div><\/div>\n\n<\/li><li class=\"wp-block-post post-427 post type-post status-publish format-standard has-post-thumbnail hentry category-series-drama category-series category-sin-categoria tag-familia tag-historias-cruzadas\">\n\n<div class=\"wp-block-group bs-blog-post\"><div class=\"wp-block-group__inner-container is-layout-constrained wp-block-group-is-layout-constrained\"><figure class=\"alignwide wp-block-post-featured-image\"><a href=\"https:\/\/gicd.inf.um.es\/csidcav\/usuario18\/expatriadas\/\" target=\"_self\"  ><img loading=\"lazy\" decoding=\"async\" width=\"1920\" height=\"1080\" src=\"https:\/\/gicd.inf.um.es\/csidcav\/usuario18\/wp-content\/uploads\/2026\/02\/expatriados-poster.jpg\" class=\"attachment-post-thumbnail size-post-thumbnail wp-post-image\" alt=\"Expatriadas\" style=\"object-fit:cover;\" srcset=\"https:\/\/gicd.inf.um.es\/csidcav\/usuario18\/wp-content\/uploads\/2026\/02\/expatriados-poster.jpg 1920w, https:\/\/gicd.inf.um.es\/csidcav\/usuario18\/wp-content\/uploads\/2026\/02\/expatriados-poster-300x169.jpg 300w, https:\/\/gicd.inf.um.es\/csidcav\/usuario18\/wp-content\/uploads\/2026\/02\/expatriados-poster-1024x576.jpg 1024w, https:\/\/gicd.inf.um.es\/csidcav\/usuario18\/wp-content\/uploads\/2026\/02\/expatriados-poster-768x432.jpg 768w, https:\/\/gicd.inf.um.es\/csidcav\/usuario18\/wp-content\/uploads\/2026\/02\/expatriados-poster-1536x864.jpg 1536w, https:\/\/gicd.inf.um.es\/csidcav\/usuario18\/wp-content\/uploads\/2026\/02\/expatriados-poster-1280x720.jpg 1280w\" sizes=\"auto, (max-width: 1920px) 100vw, 1920px\" \/><\/a><\/figure>\n\n\n<div class=\"wp-block-group small\"><div class=\"wp-block-group__inner-container is-layout-constrained wp-block-group-is-layout-constrained\"><div class=\"taxonomy-category wp-block-post-terms\"><a href=\"https:\/\/gicd.inf.um.es\/csidcav\/usuario18\/category\/series\/series-drama\/\" rel=\"tag\">Drama<\/a><span class=\"wp-block-post-terms__separator\">, <\/span><a href=\"https:\/\/gicd.inf.um.es\/csidcav\/usuario18\/category\/series\/\" rel=\"tag\">Series<\/a><span class=\"wp-block-post-terms__separator\">, <\/span><a href=\"https:\/\/gicd.inf.um.es\/csidcav\/usuario18\/category\/sin-categoria\/\" rel=\"tag\">Sin categor\u00eda<\/a><\/div>\n\n<h2 class=\"wp-block-post-title\"><a href=\"https:\/\/gicd.inf.um.es\/csidcav\/usuario18\/expatriadas\/\" target=\"_self\" >Expatriadas<\/a><\/h2>\n\n<div class=\"wp-block-post-excerpt\"><p class=\"wp-block-post-excerpt__excerpt\">En el vibrante y tumultuoso Hong Kong de 2014, las vidas de tres mujeres estadounidenses -Margaret, Hilary y Mercy- se cruzan tras una repentina tragedia familiar. <\/p><\/div><\/div><\/div>\n<\/div><\/div>\n\n<\/li><li class=\"wp-block-post post-205 post type-post status-publish format-standard has-post-thumbnail hentry category-series-ciencia-ficcion category-series-drama category-series tag-serie-de-antologia\">\n\n<div class=\"wp-block-group bs-blog-post\"><div class=\"wp-block-group__inner-container is-layout-constrained wp-block-group-is-layout-constrained\"><figure class=\"alignwide wp-block-post-featured-image\"><a href=\"https:\/\/gicd.inf.um.es\/csidcav\/usuario18\/historias-del-bucle\/\" target=\"_self\"  ><img loading=\"lazy\" decoding=\"async\" width=\"1920\" height=\"1080\" src=\"https:\/\/gicd.inf.um.es\/csidcav\/usuario18\/wp-content\/uploads\/2025\/11\/tftl-poster.jpg\" class=\"attachment-post-thumbnail size-post-thumbnail wp-post-image\" alt=\"Historias del bucle\" style=\"object-fit:cover;\" srcset=\"https:\/\/gicd.inf.um.es\/csidcav\/usuario18\/wp-content\/uploads\/2025\/11\/tftl-poster.jpg 1920w, https:\/\/gicd.inf.um.es\/csidcav\/usuario18\/wp-content\/uploads\/2025\/11\/tftl-poster-300x169.jpg 300w, https:\/\/gicd.inf.um.es\/csidcav\/usuario18\/wp-content\/uploads\/2025\/11\/tftl-poster-1024x576.jpg 1024w, https:\/\/gicd.inf.um.es\/csidcav\/usuario18\/wp-content\/uploads\/2025\/11\/tftl-poster-768x432.jpg 768w, https:\/\/gicd.inf.um.es\/csidcav\/usuario18\/wp-content\/uploads\/2025\/11\/tftl-poster-1536x864.jpg 1536w, https:\/\/gicd.inf.um.es\/csidcav\/usuario18\/wp-content\/uploads\/2025\/11\/tftl-poster-1280x720.jpg 1280w\" sizes=\"auto, (max-width: 1920px) 100vw, 1920px\" \/><\/a><\/figure>\n\n\n<div class=\"wp-block-group small\"><div class=\"wp-block-group__inner-container is-layout-constrained wp-block-group-is-layout-constrained\"><div class=\"taxonomy-category wp-block-post-terms\"><a href=\"https:\/\/gicd.inf.um.es\/csidcav\/usuario18\/category\/series\/series-ciencia-ficcion\/\" rel=\"tag\">Ciencia Ficci\u00f3n<\/a><span class=\"wp-block-post-terms__separator\">, <\/span><a href=\"https:\/\/gicd.inf.um.es\/csidcav\/usuario18\/category\/series\/series-drama\/\" rel=\"tag\">Drama<\/a><span class=\"wp-block-post-terms__separator\">, <\/span><a href=\"https:\/\/gicd.inf.um.es\/csidcav\/usuario18\/category\/series\/\" rel=\"tag\">Series<\/a><\/div>\n\n<h2 class=\"wp-block-post-title\"><a href=\"https:\/\/gicd.inf.um.es\/csidcav\/usuario18\/historias-del-bucle\/\" target=\"_self\" >Historias del bucle<\/a><\/h2>\n\n<div class=\"wp-block-post-excerpt\"><p class=\"wp-block-post-excerpt__excerpt\">Serie que explora la ciudad y sus habitantes que viven por encima de \u00abThe Loop\u00bb, una m\u00e1quina construida para desbloquear y explorar los misterios del universo. <\/p><\/div><\/div><\/div>\n<\/div><\/div>\n\n<\/li><li class=\"wp-block-post post-203 post type-post status-publish format-standard has-post-thumbnail hentry category-series-drama category-series tag-biografico tag-historico tag-politica\">\n\n<div class=\"wp-block-group bs-blog-post\"><div class=\"wp-block-group__inner-container is-layout-constrained wp-block-group-is-layout-constrained\"><figure class=\"alignwide wp-block-post-featured-image\"><a href=\"https:\/\/gicd.inf.um.es\/csidcav\/usuario18\/the-crown\/\" target=\"_self\"  ><img loading=\"lazy\" decoding=\"async\" width=\"1920\" height=\"1081\" src=\"https:\/\/gicd.inf.um.es\/csidcav\/usuario18\/wp-content\/uploads\/2025\/11\/tc-poster.jpg\" class=\"attachment-post-thumbnail size-post-thumbnail wp-post-image\" alt=\"The Crown\" style=\"object-fit:cover;\" srcset=\"https:\/\/gicd.inf.um.es\/csidcav\/usuario18\/wp-content\/uploads\/2025\/11\/tc-poster.jpg 1920w, https:\/\/gicd.inf.um.es\/csidcav\/usuario18\/wp-content\/uploads\/2025\/11\/tc-poster-300x169.jpg 300w, https:\/\/gicd.inf.um.es\/csidcav\/usuario18\/wp-content\/uploads\/2025\/11\/tc-poster-1024x577.jpg 1024w, https:\/\/gicd.inf.um.es\/csidcav\/usuario18\/wp-content\/uploads\/2025\/11\/tc-poster-768x432.jpg 768w, https:\/\/gicd.inf.um.es\/csidcav\/usuario18\/wp-content\/uploads\/2025\/11\/tc-poster-1536x865.jpg 1536w, https:\/\/gicd.inf.um.es\/csidcav\/usuario18\/wp-content\/uploads\/2025\/11\/tc-poster-1280x720.jpg 1280w\" sizes=\"auto, (max-width: 1920px) 100vw, 1920px\" \/><\/a><\/figure>\n\n\n<div class=\"wp-block-group small\"><div class=\"wp-block-group__inner-container is-layout-constrained wp-block-group-is-layout-constrained\"><div class=\"taxonomy-category wp-block-post-terms\"><a href=\"https:\/\/gicd.inf.um.es\/csidcav\/usuario18\/category\/series\/series-drama\/\" rel=\"tag\">Drama<\/a><span class=\"wp-block-post-terms__separator\">, <\/span><a href=\"https:\/\/gicd.inf.um.es\/csidcav\/usuario18\/category\/series\/\" rel=\"tag\">Series<\/a><\/div>\n\n<h2 class=\"wp-block-post-title\"><a href=\"https:\/\/gicd.inf.um.es\/csidcav\/usuario18\/the-crown\/\" target=\"_self\" >The Crown<\/a><\/h2>\n\n<div class=\"wp-block-post-excerpt\"><p class=\"wp-block-post-excerpt__excerpt\">The Crown cuenta la historia de la \u00faltima reina de Inglaterra, Isabel II, y de la relaci\u00f3n entre el Palacio de Buckingham y el n\u00famero 10 de Downing Street. <\/p><\/div><\/div><\/div>\n<\/div><\/div>\n\n<\/li><\/ul><\/div>\n","protected":false},"excerpt":{"rendered":"","protected":false},"author":1,"featured_media":0,"parent":0,"menu_order":0,"comment_status":"closed","ping_status":"closed","template":"","meta":{"pgc_sgb_lightbox_settings":"","footnotes":""},"class_list":["post-65","page","type-page","status-publish","hentry"],"_links":{"self":[{"href":"https:\/\/gicd.inf.um.es\/csidcav\/usuario18\/wp-json\/wp\/v2\/pages\/65","targetHints":{"allow":["GET"]}}],"collection":[{"href":"https:\/\/gicd.inf.um.es\/csidcav\/usuario18\/wp-json\/wp\/v2\/pages"}],"about":[{"href":"https:\/\/gicd.inf.um.es\/csidcav\/usuario18\/wp-json\/wp\/v2\/types\/page"}],"author":[{"embeddable":true,"href":"https:\/\/gicd.inf.um.es\/csidcav\/usuario18\/wp-json\/wp\/v2\/users\/1"}],"replies":[{"embeddable":true,"href":"https:\/\/gicd.inf.um.es\/csidcav\/usuario18\/wp-json\/wp\/v2\/comments?post=65"}],"version-history":[{"count":5,"href":"https:\/\/gicd.inf.um.es\/csidcav\/usuario18\/wp-json\/wp\/v2\/pages\/65\/revisions"}],"predecessor-version":[{"id":285,"href":"https:\/\/gicd.inf.um.es\/csidcav\/usuario18\/wp-json\/wp\/v2\/pages\/65\/revisions\/285"}],"wp:attachment":[{"href":"https:\/\/gicd.inf.um.es\/csidcav\/usuario18\/wp-json\/wp\/v2\/media?parent=65"}],"curies":[{"name":"wp","href":"https:\/\/api.w.org\/{rel}","templated":true}]}}