{"id":13,"date":"2025-10-08T17:27:57","date_gmt":"2025-10-08T15:27:57","guid":{"rendered":"https:\/\/gicd.inf.um.es\/csidcav\/usuario19\/?page_id=13"},"modified":"2025-12-12T16:14:23","modified_gmt":"2025-12-12T15:14:23","slug":"inicio","status":"publish","type":"page","link":"https:\/\/gicd.inf.um.es\/csidcav\/usuario19\/","title":{"rendered":"Ficciones \u00c9picas"},"content":{"rendered":"\n<p>Te damos la bienvenida a Ficciones \u00c9picas, donde te ofrecemos informaci\u00f3n sobre series, libros y productos relacionados con ellas. Pensamos que todo lo que nos rodea habla de nosotros, nos diferencia, y es una peque\u00f1a extensi\u00f3n de nuestra personalidad.<\/p>\n\n\n\n<div class=\"wp-block-columns alignwide is-layout-flex wp-container-core-columns-is-layout-9d6595d7 wp-block-columns-is-layout-flex\">\n<div class=\"wp-block-column is-layout-flow wp-block-column-is-layout-flow\">\n<h2 class=\"wp-block-heading has-text-align-center\">Regalos \u00e9picos<\/h2>\n\n\n\n<figure class=\"wp-block-image size-medium\"><img loading=\"lazy\" decoding=\"async\" width=\"300\" height=\"225\" src=\"https:\/\/gicd.inf.um.es\/csidcav\/usuario19\/wp-content\/uploads\/2025\/10\/regalos-300x225.jpg\" alt=\"Regalos \u00e9picos\" class=\"wp-image-6\" style=\"aspect-ratio:1;object-fit:cover\" srcset=\"https:\/\/gicd.inf.um.es\/csidcav\/usuario19\/wp-content\/uploads\/2025\/10\/regalos-300x225.jpg 300w, https:\/\/gicd.inf.um.es\/csidcav\/usuario19\/wp-content\/uploads\/2025\/10\/regalos-768x576.jpg 768w, https:\/\/gicd.inf.um.es\/csidcav\/usuario19\/wp-content\/uploads\/2025\/10\/regalos.jpg 800w\" sizes=\"auto, (max-width: 300px) 100vw, 300px\" \/><\/figure>\n\n\n\n<p>Te ofrecemos Funkos POP, moda, hogar\u2026 Todo el Universo Friki en un \u00fanico sitio y con los mejores precios para que disfrutes a tope.<\/p>\n<\/div>\n\n\n\n<div class=\"wp-block-column is-layout-flow wp-block-column-is-layout-flow\">\n<h2 class=\"wp-block-heading has-text-align-center\">Figuras<\/h2>\n\n\n\n<figure class=\"wp-block-image size-medium\"><img loading=\"lazy\" decoding=\"async\" width=\"300\" height=\"300\" src=\"https:\/\/gicd.inf.um.es\/csidcav\/usuario19\/wp-content\/uploads\/2025\/10\/figuras-stranger-things-300x300.jpg\" alt=\"Figuras\" class=\"wp-image-9\" style=\"aspect-ratio:1;object-fit:cover\" srcset=\"https:\/\/gicd.inf.um.es\/csidcav\/usuario19\/wp-content\/uploads\/2025\/10\/figuras-stranger-things-300x300.jpg 300w, https:\/\/gicd.inf.um.es\/csidcav\/usuario19\/wp-content\/uploads\/2025\/10\/figuras-stranger-things-150x150.jpg 150w, https:\/\/gicd.inf.um.es\/csidcav\/usuario19\/wp-content\/uploads\/2025\/10\/figuras-stranger-things.jpg 600w\" sizes=\"auto, (max-width: 300px) 100vw, 300px\" \/><\/figure>\n\n\n\n<p>Aqu\u00ed tenemos figuras para todos los gustos. No importa de qu\u00e9 seas fan, seguro que tenemos algo a lo que no podr\u00e1s resistirte.<\/p>\n<\/div>\n\n\n\n<div class=\"wp-block-column is-layout-flow wp-block-column-is-layout-flow\">\n<h2 class=\"wp-block-heading has-text-align-center\">Moda<\/h2>\n\n\n\n<figure class=\"wp-block-image size-medium\"><img loading=\"lazy\" decoding=\"async\" width=\"300\" height=\"300\" src=\"https:\/\/gicd.inf.um.es\/csidcav\/usuario19\/wp-content\/uploads\/2025\/10\/camisetas-breaking-bad-300x300.jpg\" alt=\"Moda\" class=\"wp-image-7\" style=\"aspect-ratio:1;object-fit:cover\" srcset=\"https:\/\/gicd.inf.um.es\/csidcav\/usuario19\/wp-content\/uploads\/2025\/10\/camisetas-breaking-bad-300x300.jpg 300w, https:\/\/gicd.inf.um.es\/csidcav\/usuario19\/wp-content\/uploads\/2025\/10\/camisetas-breaking-bad-1024x1024.jpg 1024w, https:\/\/gicd.inf.um.es\/csidcav\/usuario19\/wp-content\/uploads\/2025\/10\/camisetas-breaking-bad-150x150.jpg 150w, https:\/\/gicd.inf.um.es\/csidcav\/usuario19\/wp-content\/uploads\/2025\/10\/camisetas-breaking-bad-768x768.jpg 768w, https:\/\/gicd.inf.um.es\/csidcav\/usuario19\/wp-content\/uploads\/2025\/10\/camisetas-breaking-bad.jpg 1080w\" sizes=\"auto, (max-width: 300px) 100vw, 300px\" \/><\/figure>\n\n\n\n<p>\u00bfQui\u00e9n dice que ser friki est\u00e1 re\u00f1ido con ir a la moda? Nosotros no estamos de acuerdo y te lo demostramos con esta secci\u00f3n.<\/p>\n<\/div>\n\n\n\n<div class=\"wp-block-column is-layout-flow wp-block-column-is-layout-flow\">\n<h2 class=\"wp-block-heading has-text-align-center\">Complementos<\/h2>\n\n\n\n<figure class=\"wp-block-image size-large\"><img loading=\"lazy\" decoding=\"async\" width=\"1024\" height=\"1024\" src=\"https:\/\/gicd.inf.um.es\/csidcav\/usuario19\/wp-content\/uploads\/2025\/10\/complementos-1024x1024.jpg\" alt=\"Complementos\" class=\"wp-image-8\" srcset=\"https:\/\/gicd.inf.um.es\/csidcav\/usuario19\/wp-content\/uploads\/2025\/10\/complementos-1024x1024.jpg 1024w, https:\/\/gicd.inf.um.es\/csidcav\/usuario19\/wp-content\/uploads\/2025\/10\/complementos-300x300.jpg 300w, https:\/\/gicd.inf.um.es\/csidcav\/usuario19\/wp-content\/uploads\/2025\/10\/complementos-150x150.jpg 150w, https:\/\/gicd.inf.um.es\/csidcav\/usuario19\/wp-content\/uploads\/2025\/10\/complementos-768x768.jpg 768w, https:\/\/gicd.inf.um.es\/csidcav\/usuario19\/wp-content\/uploads\/2025\/10\/complementos.jpg 1080w\" sizes=\"auto, (max-width: 1024px) 100vw, 1024px\" \/><\/figure>\n\n\n\n<p>Todo friki que se precie debe complementar su vida diaria con los accesorios frikis y aqu\u00ed te los ofrecemos absolutamente todos.<\/p>\n<\/div>\n<\/div>\n\n\n\n<div class=\"wp-block-cover alignfull has-parallax has-custom-content-position is-position-center-left\" style=\"min-height:322px;aspect-ratio:unset;\"><div class=\"wp-block-cover__image-background wp-image-476 size-full has-parallax\" style=\"background-position:50% 50%;background-image:url(https:\/\/gicd.inf.um.es\/csidcav\/usuario19\/wp-content\/uploads\/2025\/12\/galaxia-1.jpg)\"><\/div><span aria-hidden=\"true\" class=\"wp-block-cover__background has-black-background-color has-background-dim-10 has-background-dim\"><\/span><div class=\"wp-block-cover__inner-container is-layout-constrained wp-block-cover-is-layout-constrained\">\n<p class=\"has-text-align-left has-large-font-size\"><strong>Aprovecha nuestros descuentos \u00e9picos<br><\/strong>Usa el c\u00f3digo en tus compras<\/p>\n\n\n\n<p class=\"has-pale-cyan-blue-color has-text-color has-link-color has-x-large-font-size wp-elements-1495de6b5ba23c02bcac4e4b85f90ba6\"><strong>DESCUENTO20<\/strong><\/p>\n<\/div><\/div>\n\n\n\n<p><\/p>\n","protected":false},"excerpt":{"rendered":"<p>Te damos la bienvenida a Ficciones \u00c9picas, donde te ofrecemos informaci\u00f3n sobre series, libros y productos relacionados con ellas. Pensamos que todo lo que nos rodea habla de nosotros, nos diferencia, y es una peque\u00f1a extensi\u00f3n de nuestra personalidad. Regalos \u00e9picos Te ofrecemos Funkos POP, moda, hogar\u2026 Todo el Universo Friki en un \u00fanico sitio [&hellip;]<\/p>\n","protected":false},"author":1,"featured_media":255,"parent":0,"menu_order":0,"comment_status":"closed","ping_status":"closed","template":"","meta":{"pgc_sgb_lightbox_settings":"","footnotes":""},"class_list":["post-13","page","type-page","status-publish","has-post-thumbnail","hentry"],"_links":{"self":[{"href":"https:\/\/gicd.inf.um.es\/csidcav\/usuario19\/wp-json\/wp\/v2\/pages\/13","targetHints":{"allow":["GET"]}}],"collection":[{"href":"https:\/\/gicd.inf.um.es\/csidcav\/usuario19\/wp-json\/wp\/v2\/pages"}],"about":[{"href":"https:\/\/gicd.inf.um.es\/csidcav\/usuario19\/wp-json\/wp\/v2\/types\/page"}],"author":[{"embeddable":true,"href":"https:\/\/gicd.inf.um.es\/csidcav\/usuario19\/wp-json\/wp\/v2\/users\/1"}],"replies":[{"embeddable":true,"href":"https:\/\/gicd.inf.um.es\/csidcav\/usuario19\/wp-json\/wp\/v2\/comments?post=13"}],"version-history":[{"count":14,"href":"https:\/\/gicd.inf.um.es\/csidcav\/usuario19\/wp-json\/wp\/v2\/pages\/13\/revisions"}],"predecessor-version":[{"id":483,"href":"https:\/\/gicd.inf.um.es\/csidcav\/usuario19\/wp-json\/wp\/v2\/pages\/13\/revisions\/483"}],"wp:featuredmedia":[{"embeddable":true,"href":"https:\/\/gicd.inf.um.es\/csidcav\/usuario19\/wp-json\/wp\/v2\/media\/255"}],"wp:attachment":[{"href":"https:\/\/gicd.inf.um.es\/csidcav\/usuario19\/wp-json\/wp\/v2\/media?parent=13"}],"curies":[{"name":"wp","href":"https:\/\/api.w.org\/{rel}","templated":true}]}}