{"id":180,"date":"2025-11-05T17:41:44","date_gmt":"2025-11-05T16:41:44","guid":{"rendered":"https:\/\/gicd.inf.um.es\/csidcav\/usuario19\/?page_id=180"},"modified":"2025-11-05T17:48:41","modified_gmt":"2025-11-05T16:48:41","slug":"listado-de-actrices-y-actores","status":"publish","type":"page","link":"https:\/\/gicd.inf.um.es\/csidcav\/usuario19\/listado-de-actrices-y-actores\/","title":{"rendered":"Listado de actrices y actores"},"content":{"rendered":"\n<p>En esta p\u00e1gina recopilamos la informaci\u00f3n de cada una de las actrices y actores que protagonizan nuestras series preferidas.<\/p>\n\n\n\n<div class=\"wp-block-query is-layout-flow wp-block-query-is-layout-flow\"><ul class=\"wp-block-post-template is-layout-flow wp-block-post-template-is-layout-flow\"><li class=\"wp-block-post post-172 actor type-actor status-publish hentry\">\n<h2 class=\"wp-block-post-title\"><a href=\"https:\/\/gicd.inf.um.es\/csidcav\/usuario19\/actor\/aaron-paul\/\" target=\"_self\" >Aaron Paul<\/a><\/h2>\n\n<p>Aaron Paul Sturtevant\u200b (Emmett, Idaho; 27 de agosto de 1979) es un actor y productor estadounidense conocido por interpretar al personaje de Jesse Pinkman en la serie de AMC Breaking Bad, desde su estreno el 20 de enero de 2008. Tambi\u00e9n tiene un papel recurrente como Scott en la serie de HBO Big Love, adem\u00e1s de haber protagonizado la pel\u00edcula Need for Speed.<\/p>\n\n<\/li><li class=\"wp-block-post post-169 actor type-actor status-publish hentry\">\n<h2 class=\"wp-block-post-title\"><a href=\"https:\/\/gicd.inf.um.es\/csidcav\/usuario19\/actor\/bella-ramsey\/\" target=\"_self\" >Bella Ramsey<\/a><\/h2>\n\n<p>Isabella May Ramsey (Nottinghamshire, Inglaterra, 25 de septiembre de 2003\u200b), m\u00e1s conocida como Bella Ramsey, es una persona int\u00e9rprete de cine, televisi\u00f3n y teatro brit\u00e1nica. Interpret\u00f3 a Lyanna Mormont en Juego de tronos,\u200b a Mildred Hubble en The Worst Witch, a Hilda en la serie del mismo nombre y a Ellie en la serie de televisi\u00f3n basada en el videojuego The Last of Us.<\/p>\n\n<\/li><li class=\"wp-block-post post-171 actor type-actor status-publish hentry\">\n<h2 class=\"wp-block-post-title\"><a href=\"https:\/\/gicd.inf.um.es\/csidcav\/usuario19\/actor\/bryan-cranston\/\" target=\"_self\" >Bryan Cranston<\/a><\/h2>\n\n<p>Bryan Lee Cranston es un actor, actor de voz, guionista, productor y director estadounidense, reconocido por su interpretaci\u00f3n de Walter White (en la serie de AMC Breaking Bad), de Hal Wilkerson (el padre de familia de la serie de FOX Malcolm in the middle), y del doctor Tim Whatley (en la comedia de NBC Seinfeld). El papel de Walter White le ha convertido en uno de los grandes en el panorama del cine y la televisi\u00f3n habiendo sido galardonado con numerosos premios como los Emmy y los Globos de Oro. En la d\u00e9cada de los 2000 pas\u00f3 de ser un actor de papeles menores a ser uno de los m\u00e1s reconocidos en la industria cinematogr\u00e1fica, llegando a ser nominado a los Premios \u00d3scar en 2016.<\/p>\n\n<\/li><li class=\"wp-block-post post-391 actor type-actor status-publish hentry\">\n<h2 class=\"wp-block-post-title\"><a href=\"https:\/\/gicd.inf.um.es\/csidcav\/usuario19\/actor\/caleb-mclaughlin\/\" target=\"_self\" >Caleb McLaughlin<\/a><\/h2>\n\n<p>Actor estadounidense que interpreta a Lucas Sinclair en Stranger Things. Ha crecido con la serie, manteniendo su papel como parte del grupo principal desde la primera temporada.<\/p>\n\n<\/li><li class=\"wp-block-post post-385 actor type-actor status-publish hentry\">\n<h2 class=\"wp-block-post-title\"><a href=\"https:\/\/gicd.inf.um.es\/csidcav\/usuario19\/actor\/finn-wolfhard\/\" target=\"_self\" >Finn Wolfhard<\/a><\/h2>\n\n<p>Actor canadiense que interpreta a Mike Wheeler en Stranger Things. Adem\u00e1s de su trabajo en la serie, ha desarrollado una carrera en cine y m\u00fasica.<\/p>\n\n<\/li><li class=\"wp-block-post post-387 actor type-actor status-publish hentry\">\n<h2 class=\"wp-block-post-title\"><a href=\"https:\/\/gicd.inf.um.es\/csidcav\/usuario19\/actor\/gaten-matarazzo\/\" target=\"_self\" >Gaten Matarazzo<\/a><\/h2>\n\n<p>Actor estadounidense conocido por su papel de Dustin Henderson en Stranger Things. Comenz\u00f3 su carrera actuando en teatro y ha ganado reconocimiento por su carisma dentro de la serie.<\/p>\n\n<\/li><li class=\"wp-block-post post-170 actor type-actor status-publish hentry\">\n<h2 class=\"wp-block-post-title\"><a href=\"https:\/\/gicd.inf.um.es\/csidcav\/usuario19\/actor\/giancarlo-esposito\/\" target=\"_self\" >Giancarlo Esposito<\/a><\/h2>\n\n<p>Giancarlo Giuseppe Alessandro Esposito (Copenhague, 26 de abril de 1958), conocido como Giancarlo Esposito, es un actor y director de cine y televisi\u00f3n estadounidense nacido en Dinamarca, conocido sobre todo por su papel como Gustavo \u00abGus\u00bb Fring en las series Breaking Bad y Better Call Saul, y como Moff Gideon en The Mandalorian.<\/p>\n\n<\/li><li class=\"wp-block-post post-383 actor type-actor status-publish hentry\">\n<h2 class=\"wp-block-post-title\"><a href=\"https:\/\/gicd.inf.um.es\/csidcav\/usuario19\/actor\/383\/\" target=\"_self\" >Millie Bobby Brown<\/a><\/h2>\n\n<p>Actriz brit\u00e1nico-estadounidense que alcanz\u00f3 la fama global interpretando a Eleven (Once) en Stranger Things. Su papel le catapult\u00f3 a la fama y la convirti\u00f3 en una de las j\u00f3venes estrellas m\u00e1s reconocidas del panorama internacional.<\/p>\n\n<\/li><li class=\"wp-block-post post-389 actor type-actor status-publish hentry\">\n<h2 class=\"wp-block-post-title\"><a href=\"https:\/\/gicd.inf.um.es\/csidcav\/usuario19\/actor\/noah-schnapp-2\/\" target=\"_self\" >Noah Schnapp<\/a><\/h2>\n\n<p>Actor estadounidense que interpreta a Will Byers en Stranger Things. Fue uno de los miembros m\u00e1s j\u00f3venes del elenco al inicio de la serie.<\/p>\n\n<\/li><li class=\"wp-block-post post-168 actor type-actor status-publish hentry\">\n<h2 class=\"wp-block-post-title\"><a href=\"https:\/\/gicd.inf.um.es\/csidcav\/usuario19\/actor\/pedro-pascal\/\" target=\"_self\" >Pedro Pascal<\/a><\/h2>\n\n<p>Jos\u00e9 Pedro Balmaceda Pascal (nacido el 2 de abril de 1975) es un actor chileno-estadounidense. Despu\u00e9s de casi dos d\u00e9cadas de asumir peque\u00f1os papeles en cine y televisi\u00f3n, Pascal salt\u00f3 a la fama por interpretar a Oberyn Martell durante la cuarta temporada de la serie de fantas\u00eda de HBO Juego de Tronos (2014) y como Javier Pe\u00f1a en la serie policial de Netflix Narcos (2015-2017). Desde 2019, ha interpretado al personaje principal de la serie The Mandalorian de Disney+ Star Wars y repiti\u00f3 su papel en la serie derivada The Book of Boba Fett (2021). Desde 2023 interpreta a Joel en la serie dram\u00e1tica de HBO The Last of Us. Ha aparecido en las pel\u00edculas The Adjustment Bureau (2011), The Great Wall (2016), Kingsman: The Golden Circle (2017), The Equalizer 2 (2018), Triple Frontier (2019), Wonder Woman 1984 (2020) y El peso insoportable del talento masivo (2022).<\/p>\n\n<\/li><\/ul>\n\n<nav class=\"wp-block-query-pagination is-layout-flex wp-block-query-pagination-is-layout-flex\" aria-label=\"Paginaci\u00f3n\">\n\n\n<div class=\"wp-block-query-pagination-numbers\"><span aria-label=\"P\u00e1gina 1\" aria-current=\"page\" class=\"page-numbers current\">1<\/span>\n<a aria-label=\"P\u00e1gina 2\" class=\"page-numbers\" href=\"?query-7-page=2\">2<\/a><\/div>\n\n<a href=\"\/csidcav\/usuario19\/wp-json\/wp\/v2\/pages\/180?query-7-page=2\" class=\"wp-block-query-pagination-next\">P\u00e1gina siguiente<\/a>\n<\/nav>\n\n<\/div>\n","protected":false},"excerpt":{"rendered":"<p>En esta p\u00e1gina recopilamos la informaci\u00f3n de cada una de las actrices y actores que protagonizan nuestras series preferidas.<\/p>\n","protected":false},"author":1,"featured_media":0,"parent":0,"menu_order":0,"comment_status":"closed","ping_status":"closed","template":"","meta":{"pgc_sgb_lightbox_settings":"","footnotes":""},"class_list":["post-180","page","type-page","status-publish","hentry"],"_links":{"self":[{"href":"https:\/\/gicd.inf.um.es\/csidcav\/usuario19\/wp-json\/wp\/v2\/pages\/180","targetHints":{"allow":["GET"]}}],"collection":[{"href":"https:\/\/gicd.inf.um.es\/csidcav\/usuario19\/wp-json\/wp\/v2\/pages"}],"about":[{"href":"https:\/\/gicd.inf.um.es\/csidcav\/usuario19\/wp-json\/wp\/v2\/types\/page"}],"author":[{"embeddable":true,"href":"https:\/\/gicd.inf.um.es\/csidcav\/usuario19\/wp-json\/wp\/v2\/users\/1"}],"replies":[{"embeddable":true,"href":"https:\/\/gicd.inf.um.es\/csidcav\/usuario19\/wp-json\/wp\/v2\/comments?post=180"}],"version-history":[{"count":2,"href":"https:\/\/gicd.inf.um.es\/csidcav\/usuario19\/wp-json\/wp\/v2\/pages\/180\/revisions"}],"predecessor-version":[{"id":184,"href":"https:\/\/gicd.inf.um.es\/csidcav\/usuario19\/wp-json\/wp\/v2\/pages\/180\/revisions\/184"}],"wp:attachment":[{"href":"https:\/\/gicd.inf.um.es\/csidcav\/usuario19\/wp-json\/wp\/v2\/media?parent=180"}],"curies":[{"name":"wp","href":"https:\/\/api.w.org\/{rel}","templated":true}]}}