{"id":328,"date":"2025-12-01T12:21:53","date_gmt":"2025-12-01T11:21:53","guid":{"rendered":"https:\/\/gicd.inf.um.es\/csidcav\/usuario19\/?page_id=328"},"modified":"2025-12-01T15:42:25","modified_gmt":"2025-12-01T14:42:25","slug":"libros","status":"publish","type":"page","link":"https:\/\/gicd.inf.um.es\/csidcav\/usuario19\/libros\/","title":{"rendered":"Libros"},"content":{"rendered":"\n<div class=\"wp-block-query alignwide is-layout-flow wp-block-query-is-layout-flow\"><ul class=\"wp-block-post-template is-layout-flow wp-block-post-template-is-layout-flow\"><li class=\"wp-block-post post-323 post type-post status-publish format-standard has-post-thumbnail hentry category-drama-libro category-fantastico-libro category-juvenil-libro category-libro category-romance-libro tag-lobos tag-vampiros\">\n<h2 class=\"wp-block-post-title\"><a href=\"https:\/\/gicd.inf.um.es\/csidcav\/usuario19\/crepusculo\/\" target=\"_self\" >Crep\u00fasculo<\/a><\/h2>\n\n<figure class=\"alignwide wp-block-post-featured-image\"><a href=\"https:\/\/gicd.inf.um.es\/csidcav\/usuario19\/crepusculo\/\" target=\"_self\"  ><img loading=\"lazy\" decoding=\"async\" width=\"500\" height=\"235\" src=\"https:\/\/gicd.inf.um.es\/csidcav\/usuario19\/wp-content\/uploads\/2025\/11\/crepusculo-portada.jpg\" class=\"attachment-post-thumbnail size-post-thumbnail wp-post-image\" alt=\"Crep\u00fasculo\" style=\"object-fit:cover;\" srcset=\"https:\/\/gicd.inf.um.es\/csidcav\/usuario19\/wp-content\/uploads\/2025\/11\/crepusculo-portada.jpg 500w, https:\/\/gicd.inf.um.es\/csidcav\/usuario19\/wp-content\/uploads\/2025\/11\/crepusculo-portada-300x141.jpg 300w\" sizes=\"auto, (max-width: 500px) 100vw, 500px\" \/><\/a><\/figure>\n\n<div class=\"wp-block-post-excerpt\"><p class=\"wp-block-post-excerpt__excerpt\">Una adolescente se enamora de un vampiro que lucha por protegerla del peligro que representa su propio mundo sobrenatural, desencadenando conflictos amorosos y tensiones entre clanes. <\/p><\/div>\n\n\n<hr class=\"wp-block-separator has-css-opacity\"\/>\n\n\n<div class=\"wp-block-post-date\"><time datetime=\"2025-12-01T12:15:19+01:00\">1 de diciembre de 2025<\/time><\/div>\n<\/li><li class=\"wp-block-post post-321 post type-post status-publish format-standard has-post-thumbnail hentry category-ciencia-ficcion-libro category-libro tag-desierto tag-imperio tag-politica\">\n<h2 class=\"wp-block-post-title\"><a href=\"https:\/\/gicd.inf.um.es\/csidcav\/usuario19\/dune\/\" target=\"_self\" >Dune<\/a><\/h2>\n\n<figure class=\"alignwide wp-block-post-featured-image\"><a href=\"https:\/\/gicd.inf.um.es\/csidcav\/usuario19\/dune\/\" target=\"_self\"  ><img loading=\"lazy\" decoding=\"async\" width=\"2329\" height=\"803\" src=\"https:\/\/gicd.inf.um.es\/csidcav\/usuario19\/wp-content\/uploads\/2025\/11\/dune-portada.png\" class=\"attachment-post-thumbnail size-post-thumbnail wp-post-image\" alt=\"Dune\" style=\"object-fit:cover;\" srcset=\"https:\/\/gicd.inf.um.es\/csidcav\/usuario19\/wp-content\/uploads\/2025\/11\/dune-portada.png 2329w, https:\/\/gicd.inf.um.es\/csidcav\/usuario19\/wp-content\/uploads\/2025\/11\/dune-portada-300x103.png 300w, https:\/\/gicd.inf.um.es\/csidcav\/usuario19\/wp-content\/uploads\/2025\/11\/dune-portada-1024x353.png 1024w, https:\/\/gicd.inf.um.es\/csidcav\/usuario19\/wp-content\/uploads\/2025\/11\/dune-portada-768x265.png 768w, https:\/\/gicd.inf.um.es\/csidcav\/usuario19\/wp-content\/uploads\/2025\/11\/dune-portada-1536x530.png 1536w, https:\/\/gicd.inf.um.es\/csidcav\/usuario19\/wp-content\/uploads\/2025\/11\/dune-portada-2048x706.png 2048w\" sizes=\"auto, (max-width: 2329px) 100vw, 2329px\" \/><\/a><\/figure>\n\n<div class=\"wp-block-post-excerpt\"><p class=\"wp-block-post-excerpt__excerpt\">El heredero de una casa noble se traslada al planeta des\u00e9rtico Arrakis, donde se enfrentar\u00e1 a traiciones, profec\u00edas y luchas por el control de la especia, el recurso m\u00e1s valioso del universo. <\/p><\/div>\n\n\n<hr class=\"wp-block-separator has-css-opacity\"\/>\n\n\n<div class=\"wp-block-post-date\"><time datetime=\"2025-12-01T12:12:06+01:00\">1 de diciembre de 2025<\/time><\/div>\n<\/li><li class=\"wp-block-post post-319 post type-post status-publish format-standard has-post-thumbnail hentry category-accion-libro category-ciencia-ficcion-libro category-distopia-libro category-drama-libro category-libro tag-capitolio tag-desigualdad tag-drama-social tag-rebelion tag-supervivencia\">\n<h2 class=\"wp-block-post-title\"><a href=\"https:\/\/gicd.inf.um.es\/csidcav\/usuario19\/los-juegos-del-hambre\/\" target=\"_self\" >Los Juegos del Hambre<\/a><\/h2>\n\n<figure class=\"alignwide wp-block-post-featured-image\"><a href=\"https:\/\/gicd.inf.um.es\/csidcav\/usuario19\/los-juegos-del-hambre\/\" target=\"_self\"  ><img loading=\"lazy\" decoding=\"async\" width=\"667\" height=\"433\" src=\"https:\/\/gicd.inf.um.es\/csidcav\/usuario19\/wp-content\/uploads\/2025\/11\/juegos-portada.png\" class=\"attachment-post-thumbnail size-post-thumbnail wp-post-image\" alt=\"Los Juegos del Hambre\" style=\"object-fit:cover;\" srcset=\"https:\/\/gicd.inf.um.es\/csidcav\/usuario19\/wp-content\/uploads\/2025\/11\/juegos-portada.png 667w, https:\/\/gicd.inf.um.es\/csidcav\/usuario19\/wp-content\/uploads\/2025\/11\/juegos-portada-300x195.png 300w\" sizes=\"auto, (max-width: 667px) 100vw, 667px\" \/><\/a><\/figure>\n\n<div class=\"wp-block-post-excerpt\"><p class=\"wp-block-post-excerpt__excerpt\">En una sociedad totalitaria, una joven se ofrece para participar en un brutal concurso televisado donde solo uno puede sobrevivir, convirti\u00e9ndose en s\u00edmbolo de rebeli\u00f3n. <\/p><\/div>\n\n\n<hr class=\"wp-block-separator has-css-opacity\"\/>\n\n\n<div class=\"wp-block-post-date\"><time datetime=\"2025-12-01T12:08:40+01:00\">1 de diciembre de 2025<\/time><\/div>\n<\/li><li class=\"wp-block-post post-317 post type-post status-publish format-standard has-post-thumbnail hentry category-aventuras-libro category-fantastico-libro category-libro tag-amistad tag-hogwarts tag-magia tag-magos\">\n<h2 class=\"wp-block-post-title\"><a href=\"https:\/\/gicd.inf.um.es\/csidcav\/usuario19\/harry-potter\/\" target=\"_self\" >Harry Potter<\/a><\/h2>\n\n<figure class=\"alignwide wp-block-post-featured-image\"><a href=\"https:\/\/gicd.inf.um.es\/csidcav\/usuario19\/harry-potter\/\" target=\"_self\"  ><img loading=\"lazy\" decoding=\"async\" width=\"1920\" height=\"1080\" src=\"https:\/\/gicd.inf.um.es\/csidcav\/usuario19\/wp-content\/uploads\/2025\/11\/harry-portada.jpg\" class=\"attachment-post-thumbnail size-post-thumbnail wp-post-image\" alt=\"Harry Potter\" style=\"object-fit:cover;\" srcset=\"https:\/\/gicd.inf.um.es\/csidcav\/usuario19\/wp-content\/uploads\/2025\/11\/harry-portada.jpg 1920w, https:\/\/gicd.inf.um.es\/csidcav\/usuario19\/wp-content\/uploads\/2025\/11\/harry-portada-300x169.jpg 300w, https:\/\/gicd.inf.um.es\/csidcav\/usuario19\/wp-content\/uploads\/2025\/11\/harry-portada-1024x576.jpg 1024w, https:\/\/gicd.inf.um.es\/csidcav\/usuario19\/wp-content\/uploads\/2025\/11\/harry-portada-768x432.jpg 768w, https:\/\/gicd.inf.um.es\/csidcav\/usuario19\/wp-content\/uploads\/2025\/11\/harry-portada-1536x864.jpg 1536w, https:\/\/gicd.inf.um.es\/csidcav\/usuario19\/wp-content\/uploads\/2025\/11\/harry-portada-1280x720.jpg 1280w\" sizes=\"auto, (max-width: 1920px) 100vw, 1920px\" \/><\/a><\/figure>\n\n<div class=\"wp-block-post-excerpt\"><p class=\"wp-block-post-excerpt__excerpt\">Un hu\u00e9rfano descubre que es mago y entra a estudiar a Hogwarts, donde se enfrenta a fuerzas oscuras que amenazan al mundo m\u00e1gico y a su propio destino. <\/p><\/div>\n\n\n<hr class=\"wp-block-separator has-css-opacity\"\/>\n\n\n<div class=\"wp-block-post-date\"><time datetime=\"2025-12-01T12:03:39+01:00\">1 de diciembre de 2025<\/time><\/div>\n<\/li><li class=\"wp-block-post post-302 post type-post status-publish format-standard has-post-thumbnail hentry category-aventuras-libro category-fantastico-libro category-libro tag-batallas tag-comunidad tag-epica tag-hobbits tag-magia tag-viaje-del-heroe\">\n<h2 class=\"wp-block-post-title\"><a href=\"https:\/\/gicd.inf.um.es\/csidcav\/usuario19\/el-senor-de-los-anillos\/\" target=\"_self\" >El Se\u00f1or de los Anillos<\/a><\/h2>\n\n<figure class=\"alignwide wp-block-post-featured-image\"><a href=\"https:\/\/gicd.inf.um.es\/csidcav\/usuario19\/el-senor-de-los-anillos\/\" target=\"_self\"  ><img loading=\"lazy\" decoding=\"async\" width=\"1200\" height=\"675\" src=\"https:\/\/gicd.inf.um.es\/csidcav\/usuario19\/wp-content\/uploads\/2025\/11\/anillos-portada-2.jpg\" class=\"attachment-post-thumbnail size-post-thumbnail wp-post-image\" alt=\"El Se\u00f1or de los Anillos\" style=\"object-fit:cover;\" srcset=\"https:\/\/gicd.inf.um.es\/csidcav\/usuario19\/wp-content\/uploads\/2025\/11\/anillos-portada-2.jpg 1200w, https:\/\/gicd.inf.um.es\/csidcav\/usuario19\/wp-content\/uploads\/2025\/11\/anillos-portada-2-300x169.jpg 300w, https:\/\/gicd.inf.um.es\/csidcav\/usuario19\/wp-content\/uploads\/2025\/11\/anillos-portada-2-1024x576.jpg 1024w, https:\/\/gicd.inf.um.es\/csidcav\/usuario19\/wp-content\/uploads\/2025\/11\/anillos-portada-2-768x432.jpg 768w\" sizes=\"auto, (max-width: 1200px) 100vw, 1200px\" \/><\/a><\/figure>\n\n<div class=\"wp-block-post-excerpt\"><p class=\"wp-block-post-excerpt__excerpt\">Un joven hobbit recibe un anillo que esconde un poder oscuro capaz de destruir el mundo. Para salvar la Tierra Media, emprende un viaje \u00e9pico acompa\u00f1ado por aliados de distintas razas y reinos. <\/p><\/div>\n\n\n<hr class=\"wp-block-separator has-css-opacity\"\/>\n\n\n<div class=\"wp-block-post-date\"><time datetime=\"2025-11-30T14:02:45+01:00\">30 de noviembre de 2025<\/time><\/div>\n<\/li><\/ul><\/div>\n","protected":false},"excerpt":{"rendered":"","protected":false},"author":1,"featured_media":0,"parent":0,"menu_order":0,"comment_status":"closed","ping_status":"closed","template":"","meta":{"pgc_sgb_lightbox_settings":"","footnotes":""},"class_list":["post-328","page","type-page","status-publish","hentry"],"_links":{"self":[{"href":"https:\/\/gicd.inf.um.es\/csidcav\/usuario19\/wp-json\/wp\/v2\/pages\/328","targetHints":{"allow":["GET"]}}],"collection":[{"href":"https:\/\/gicd.inf.um.es\/csidcav\/usuario19\/wp-json\/wp\/v2\/pages"}],"about":[{"href":"https:\/\/gicd.inf.um.es\/csidcav\/usuario19\/wp-json\/wp\/v2\/types\/page"}],"author":[{"embeddable":true,"href":"https:\/\/gicd.inf.um.es\/csidcav\/usuario19\/wp-json\/wp\/v2\/users\/1"}],"replies":[{"embeddable":true,"href":"https:\/\/gicd.inf.um.es\/csidcav\/usuario19\/wp-json\/wp\/v2\/comments?post=328"}],"version-history":[{"count":2,"href":"https:\/\/gicd.inf.um.es\/csidcav\/usuario19\/wp-json\/wp\/v2\/pages\/328\/revisions"}],"predecessor-version":[{"id":360,"href":"https:\/\/gicd.inf.um.es\/csidcav\/usuario19\/wp-json\/wp\/v2\/pages\/328\/revisions\/360"}],"wp:attachment":[{"href":"https:\/\/gicd.inf.um.es\/csidcav\/usuario19\/wp-json\/wp\/v2\/media?parent=328"}],"curies":[{"name":"wp","href":"https:\/\/api.w.org\/{rel}","templated":true}]}}