{"id":410,"date":"2025-12-10T12:42:34","date_gmt":"2025-12-10T11:42:34","guid":{"rendered":"https:\/\/gicd.inf.um.es\/csidcav\/usuario19\/?page_id=410"},"modified":"2025-12-10T13:11:50","modified_gmt":"2025-12-10T12:11:50","slug":"personajes","status":"publish","type":"page","link":"https:\/\/gicd.inf.um.es\/csidcav\/usuario19\/personajes\/","title":{"rendered":"Personajes"},"content":{"rendered":"\n<h2 class=\"wp-block-heading\">Eleven<\/h2>\n\n\n<div class=\"wp-block-image is-style-default\">\n<figure class=\"alignleft size-full is-resized\"><img loading=\"lazy\" decoding=\"async\" width=\"197\" height=\"256\" src=\"https:\/\/gicd.inf.um.es\/csidcav\/usuario19\/wp-content\/uploads\/2025\/12\/Eleven.jpg\" alt=\"Eleven\" class=\"wp-image-414\" style=\"aspect-ratio:3\/4;object-fit:cover;width:auto;height:200px\"\/><\/figure><\/div>\n\n\n<p>Eleven (<a href=\"https:\/\/gicd.inf.um.es\/csidcav\/usuario19\/actor\/383\/\">Millie Bobby Brown<\/a>) es una joven con habilidades telequin\u00e9ticas y telep\u00e1ticas que escapa de un laboratorio secreto. A lo largo de la serie se convierte en pieza clave para enfrentarse a las amenazas sobrenaturales de Hawkins.<\/p>\n\n\n\n<p><strong>Primera aparici\u00f3n:<\/strong><\/p>\n\n\n\n<p>1X01 <em>\u00abThe Vanishing of Will Byers\u201d<\/em><a href=\"https:\/\/en.wikipedia.org\/wiki\/Eleven_%28Stranger_Things%29?utm_source=chatgpt.com\" target=\"_blank\" rel=\"noreferrer noopener\"><\/a><\/p>\n\n\n\n<div style=\"height:var(--wp--preset--spacing--60)\" aria-hidden=\"true\" class=\"wp-block-spacer\"><\/div>\n\n\n\n<h2 class=\"wp-block-heading has-black-color has-text-color has-link-color wp-elements-a0d8808bb0507179f30ab06a47d70eb6\">Mike Wheeler<\/h2>\n\n\n<div class=\"wp-block-image is-style-default\">\n<figure class=\"alignleft size-full is-resized\"><img loading=\"lazy\" decoding=\"async\" width=\"295\" height=\"337\" src=\"https:\/\/gicd.inf.um.es\/csidcav\/usuario19\/wp-content\/uploads\/2025\/12\/Mike-Wheeler.png\" alt=\"Mike Wheeler\" class=\"wp-image-413\" style=\"aspect-ratio:3\/4;object-fit:cover;width:auto;height:200px\" srcset=\"https:\/\/gicd.inf.um.es\/csidcav\/usuario19\/wp-content\/uploads\/2025\/12\/Mike-Wheeler.png 295w, https:\/\/gicd.inf.um.es\/csidcav\/usuario19\/wp-content\/uploads\/2025\/12\/Mike-Wheeler-263x300.png 263w\" sizes=\"auto, (max-width: 295px) 100vw, 295px\" \/><\/figure><\/div>\n\n\n<p>Mike Wheeler (<a href=\"https:\/\/gicd.inf.um.es\/csidcav\/usuario19\/actor\/finn-wolfhard\/\">Finn Wolfhard<\/a>) es uno de los l\u00edderes del grupo de amigos. Es leal, valiente y act\u00faa como el \u201cpegamento\u201d del grupo cuando enfrentan los peligros del mundo sobrenatural.<\/p>\n\n\n\n<p><strong>Primera aparici\u00f3n:<\/strong><\/p>\n\n\n\n<p>1X01 <em>\u00abThe Vanishing of Will Byers\u201d<\/em><\/p>\n\n\n\n<div style=\"height:var(--wp--preset--spacing--60)\" aria-hidden=\"true\" class=\"wp-block-spacer\"><\/div>\n\n\n\n<h2 class=\"wp-block-heading\">Dustin Henderson<\/h2>\n\n\n<div class=\"wp-block-image is-style-default wp-duotone-unset-1\">\n<figure class=\"alignleft size-full is-resized\"><img loading=\"lazy\" decoding=\"async\" width=\"256\" height=\"341\" src=\"https:\/\/gicd.inf.um.es\/csidcav\/usuario19\/wp-content\/uploads\/2025\/12\/Dustin-Henderson-1.jpg\" alt=\"\" class=\"wp-image-421\" style=\"aspect-ratio:3\/4;object-fit:cover;width:auto;height:200px\" srcset=\"https:\/\/gicd.inf.um.es\/csidcav\/usuario19\/wp-content\/uploads\/2025\/12\/Dustin-Henderson-1.jpg 256w, https:\/\/gicd.inf.um.es\/csidcav\/usuario19\/wp-content\/uploads\/2025\/12\/Dustin-Henderson-1-225x300.jpg 225w\" sizes=\"auto, (max-width: 256px) 100vw, 256px\" \/><\/figure><\/div>\n\n\n<p>Dustin (<a href=\"https:\/\/gicd.inf.um.es\/csidcav\/usuario19\/actor\/gaten-matarazzo\/\">Gaten Matarazzo<\/a>) es inteligente, ingenioso y carism\u00e1tico; su humor, curiosidad y conocimiento del mundo fant\u00e1stico lo convierten en una pieza clave del grupo para enfrentar lo paranormal.<\/p>\n\n\n\n<p><strong>Primera aparici\u00f3n:<\/strong><\/p>\n\n\n\n<p>1X01 <em>\u00abThe Vanishing of Will Byers\u201d<\/em><\/p>\n\n\n\n<div style=\"height:var(--wp--preset--spacing--60)\" aria-hidden=\"true\" class=\"wp-block-spacer\"><\/div>\n\n\n\n<h2 class=\"wp-block-heading\">Lucas Sinclair<\/h2>\n\n\n<div class=\"wp-block-image is-style-default wp-duotone-unset-2\">\n<figure class=\"alignleft size-full is-resized\"><img loading=\"lazy\" decoding=\"async\" width=\"433\" height=\"512\" src=\"https:\/\/gicd.inf.um.es\/csidcav\/usuario19\/wp-content\/uploads\/2025\/12\/Lucas-Sinclair.jpg\" alt=\"Lucas Sinclair\" class=\"wp-image-412\" style=\"aspect-ratio:3\/4;object-fit:cover;width:auto;height:200px\" srcset=\"https:\/\/gicd.inf.um.es\/csidcav\/usuario19\/wp-content\/uploads\/2025\/12\/Lucas-Sinclair.jpg 433w, https:\/\/gicd.inf.um.es\/csidcav\/usuario19\/wp-content\/uploads\/2025\/12\/Lucas-Sinclair-254x300.jpg 254w\" sizes=\"auto, (max-width: 433px) 100vw, 433px\" \/><\/figure><\/div>\n\n\n<p>Lucas (<a href=\"https:\/\/gicd.inf.um.es\/csidcav\/usuario19\/actor\/caleb-mclaughlin\/\">Caleb McLaughlin<\/a>) es valiente, pr\u00e1ctico y con buen juicio. Aunque al principio desconf\u00eda del mundo sobrenatural y de Eleven, con el tiempo demuestra su lealtad y coraje, apoyando al grupo en momentos dif\u00edciles.<\/p>\n\n\n\n<p><strong>Primera aparici\u00f3n:<\/strong><\/p>\n\n\n\n<p>1X01 <em>\u00abThe Vanishing of Will Byers\u201d<\/em><\/p>\n\n\n\n<div style=\"height:var(--wp--preset--spacing--60)\" aria-hidden=\"true\" class=\"wp-block-spacer\"><\/div>\n\n\n\n<h2 class=\"wp-block-heading\">Max Mayfield<\/h2>\n\n\n<div class=\"wp-block-image is-style-default wp-duotone-unset-3\">\n<figure class=\"alignleft size-full is-resized\"><img loading=\"lazy\" decoding=\"async\" width=\"225\" height=\"225\" src=\"https:\/\/gicd.inf.um.es\/csidcav\/usuario19\/wp-content\/uploads\/2025\/12\/Max.jpg\" alt=\"Max\" class=\"wp-image-425\" style=\"aspect-ratio:3\/4;object-fit:cover;width:auto;height:200px\" srcset=\"https:\/\/gicd.inf.um.es\/csidcav\/usuario19\/wp-content\/uploads\/2025\/12\/Max.jpg 225w, https:\/\/gicd.inf.um.es\/csidcav\/usuario19\/wp-content\/uploads\/2025\/12\/Max-150x150.jpg 150w\" sizes=\"auto, (max-width: 225px) 100vw, 225px\" \/><\/figure><\/div>\n\n\n<p>Max (<a href=\"https:\/\/gicd.inf.um.es\/csidcav\/usuario19\/actor\/sadie-sink\/\">Sadie Sink<\/a>) es una joven en\u00e9rgica, valiente y con car\u00e1cter \u2014 aporta fuerza al grupo de amigos, y a menudo act\u00faa como voz de sensatez y valent\u00eda frente a lo sobrenatural. Su personalidad es mezcla de dureza, vulnerabilidad y lealtad.<\/p>\n\n\n\n<p><strong>Primera aparici\u00f3n:<\/strong><\/p>\n\n\n\n<p>2X01 <em>\u00abMADMAX\u201d<\/em><\/p>\n\n\n\n<div style=\"height:var(--wp--preset--spacing--60)\" aria-hidden=\"true\" class=\"wp-block-spacer\"><\/div>\n\n\n\n<h2 class=\"wp-block-heading\">Will Byers<\/h2>\n\n\n<div class=\"wp-block-image is-style-default wp-duotone-unset-4\">\n<figure class=\"alignleft size-full is-resized\"><img loading=\"lazy\" decoding=\"async\" width=\"730\" height=\"864\" src=\"https:\/\/gicd.inf.um.es\/csidcav\/usuario19\/wp-content\/uploads\/2025\/12\/Will-Byers.webp\" alt=\"Will Byers\" class=\"wp-image-426\" style=\"aspect-ratio:3\/4;object-fit:cover;width:auto;height:200px\" srcset=\"https:\/\/gicd.inf.um.es\/csidcav\/usuario19\/wp-content\/uploads\/2025\/12\/Will-Byers.webp 730w, https:\/\/gicd.inf.um.es\/csidcav\/usuario19\/wp-content\/uploads\/2025\/12\/Will-Byers-253x300.webp 253w\" sizes=\"auto, (max-width: 730px) 100vw, 730px\" \/><\/figure><\/div>\n\n\n<p>Will Byers (<a href=\"https:\/\/gicd.inf.um.es\/csidcav\/usuario19\/actor\/noah-schnapp-2\/\">Noah Schnapp<\/a>) es un joven sensible, leal e imaginativo. Desde la primera temporada sufre sucesos traum\u00e1ticos al desaparecer misteriosamente y entrar en contacto con fuerzas sobrenaturales. Su resiliencia y v\u00ednculo con sus amigos lo hacen un personaje emocional y fundamental.<\/p>\n\n\n\n<p><strong>Primera aparici\u00f3n:<\/strong><\/p>\n\n\n\n<p>1X01 <em>\u00abThe Vanishing of Will Byers\u201d<\/em><\/p>\n\n\n\n<div style=\"height:var(--wp--preset--spacing--60)\" aria-hidden=\"true\" class=\"wp-block-spacer\"><\/div>\n","protected":false},"excerpt":{"rendered":"<p>Eleven Eleven (Millie Bobby Brown) es una joven con habilidades telequin\u00e9ticas y telep\u00e1ticas que escapa de un laboratorio secreto. A lo largo de la serie se convierte en pieza clave para enfrentarse a las amenazas sobrenaturales de Hawkins. Primera aparici\u00f3n: 1X01 \u00abThe Vanishing of Will Byers\u201d Mike Wheeler Mike Wheeler (Finn Wolfhard) es uno de [&hellip;]<\/p>\n","protected":false},"author":1,"featured_media":0,"parent":0,"menu_order":0,"comment_status":"closed","ping_status":"closed","template":"","meta":{"pgc_sgb_lightbox_settings":"","footnotes":""},"class_list":["post-410","page","type-page","status-publish","hentry"],"_links":{"self":[{"href":"https:\/\/gicd.inf.um.es\/csidcav\/usuario19\/wp-json\/wp\/v2\/pages\/410","targetHints":{"allow":["GET"]}}],"collection":[{"href":"https:\/\/gicd.inf.um.es\/csidcav\/usuario19\/wp-json\/wp\/v2\/pages"}],"about":[{"href":"https:\/\/gicd.inf.um.es\/csidcav\/usuario19\/wp-json\/wp\/v2\/types\/page"}],"author":[{"embeddable":true,"href":"https:\/\/gicd.inf.um.es\/csidcav\/usuario19\/wp-json\/wp\/v2\/users\/1"}],"replies":[{"embeddable":true,"href":"https:\/\/gicd.inf.um.es\/csidcav\/usuario19\/wp-json\/wp\/v2\/comments?post=410"}],"version-history":[{"count":17,"href":"https:\/\/gicd.inf.um.es\/csidcav\/usuario19\/wp-json\/wp\/v2\/pages\/410\/revisions"}],"predecessor-version":[{"id":434,"href":"https:\/\/gicd.inf.um.es\/csidcav\/usuario19\/wp-json\/wp\/v2\/pages\/410\/revisions\/434"}],"wp:attachment":[{"href":"https:\/\/gicd.inf.um.es\/csidcav\/usuario19\/wp-json\/wp\/v2\/media?parent=410"}],"curies":[{"name":"wp","href":"https:\/\/api.w.org\/{rel}","templated":true}]}}