{"id":436,"date":"2025-12-10T13:26:39","date_gmt":"2025-12-10T12:26:39","guid":{"rendered":"https:\/\/gicd.inf.um.es\/csidcav\/usuario19\/?page_id=436"},"modified":"2025-12-12T12:20:11","modified_gmt":"2025-12-12T11:20:11","slug":"trivia","status":"publish","type":"page","link":"https:\/\/gicd.inf.um.es\/csidcav\/usuario19\/trivia\/","title":{"rendered":"Trivia"},"content":{"rendered":"\n<ul class=\"wp-block-list\">\n<li>La actriz que interpreta a Eleven, Millie Bobby Brown, consigui\u00f3 el papel <strong>haciendo la audici\u00f3n desde su habitaci\u00f3n en Londres<\/strong>, grabando en su iPad. Ten\u00eda solo 11 a\u00f1os.<\/li>\n\n\n\n<li>Las bicicletas que usan los ni\u00f1os fueron <strong>r\u00e9plicas reconstruidas manualmente<\/strong> de modelos de 1983 \u2014 el equipo no encontr\u00f3 bicicletas originales en buen estado, as\u00ed que tuvieron que restaurarlas pieza a pieza.<\/li>\n\n\n\n<li>El actor de Lucas Sinclair, Caleb McLaughlin, insisti\u00f3 para que su personaje llevara una <strong>bandana <\/strong>\u2014 una idea suya que los creadores aceptaron, a\u00f1adiendo ese detalle al vestuario del personaje.<\/li>\n\n\n\n<li>La producci\u00f3n del vestuario toma en cuenta <strong>varias versiones de cada ropa<\/strong> (limpia, sucia, con sangre, etc.) para mantener la coherencia entre tomas, especialmente en escenas intensas o de acci\u00f3n.<\/li>\n\n\n\n<li>A pesar de ser ni\u00f1os adolescentes durante el rodaje, sus <strong>imperfecciones reales <\/strong>se mantuvieron: los productores decidieron no cubrir problemas de piel o acn\u00e9 con maquillaje, para reflejar de forma m\u00e1s realista a adolescentes.<\/li>\n<\/ul>\n\n\n\n<figure class=\"wp-block-image size-large\"><img loading=\"lazy\" decoding=\"async\" width=\"1024\" height=\"512\" src=\"https:\/\/gicd.inf.um.es\/csidcav\/usuario19\/wp-content\/uploads\/2025\/12\/looks-retro-stranger-things-1024x512.webp\" alt=\"\" class=\"wp-image-450\" srcset=\"https:\/\/gicd.inf.um.es\/csidcav\/usuario19\/wp-content\/uploads\/2025\/12\/looks-retro-stranger-things-1024x512.webp 1024w, https:\/\/gicd.inf.um.es\/csidcav\/usuario19\/wp-content\/uploads\/2025\/12\/looks-retro-stranger-things-300x150.webp 300w, https:\/\/gicd.inf.um.es\/csidcav\/usuario19\/wp-content\/uploads\/2025\/12\/looks-retro-stranger-things-768x384.webp 768w, https:\/\/gicd.inf.um.es\/csidcav\/usuario19\/wp-content\/uploads\/2025\/12\/looks-retro-stranger-things.webp 1280w\" sizes=\"auto, (max-width: 1024px) 100vw, 1024px\" \/><\/figure>\n","protected":false},"excerpt":{"rendered":"","protected":false},"author":1,"featured_media":0,"parent":0,"menu_order":0,"comment_status":"closed","ping_status":"closed","template":"","meta":{"pgc_sgb_lightbox_settings":"","footnotes":""},"class_list":["post-436","page","type-page","status-publish","hentry"],"_links":{"self":[{"href":"https:\/\/gicd.inf.um.es\/csidcav\/usuario19\/wp-json\/wp\/v2\/pages\/436","targetHints":{"allow":["GET"]}}],"collection":[{"href":"https:\/\/gicd.inf.um.es\/csidcav\/usuario19\/wp-json\/wp\/v2\/pages"}],"about":[{"href":"https:\/\/gicd.inf.um.es\/csidcav\/usuario19\/wp-json\/wp\/v2\/types\/page"}],"author":[{"embeddable":true,"href":"https:\/\/gicd.inf.um.es\/csidcav\/usuario19\/wp-json\/wp\/v2\/users\/1"}],"replies":[{"embeddable":true,"href":"https:\/\/gicd.inf.um.es\/csidcav\/usuario19\/wp-json\/wp\/v2\/comments?post=436"}],"version-history":[{"count":3,"href":"https:\/\/gicd.inf.um.es\/csidcav\/usuario19\/wp-json\/wp\/v2\/pages\/436\/revisions"}],"predecessor-version":[{"id":451,"href":"https:\/\/gicd.inf.um.es\/csidcav\/usuario19\/wp-json\/wp\/v2\/pages\/436\/revisions\/451"}],"wp:attachment":[{"href":"https:\/\/gicd.inf.um.es\/csidcav\/usuario19\/wp-json\/wp\/v2\/media?parent=436"}],"curies":[{"name":"wp","href":"https:\/\/api.w.org\/{rel}","templated":true}]}}