{"id":100,"date":"2025-10-31T11:27:08","date_gmt":"2025-10-31T10:27:08","guid":{"rendered":"https:\/\/gicd.inf.um.es\/csidcav\/usuario24\/?page_id=100"},"modified":"2025-10-31T16:56:17","modified_gmt":"2025-10-31T15:56:17","slug":"especial-series-romanticas","status":"publish","type":"page","link":"https:\/\/gicd.inf.um.es\/csidcav\/usuario24\/especial-series-romanticas\/","title":{"rendered":"Especial series Rom\u00e1nticas"},"content":{"rendered":"\n<div class=\"wp-block-media-text alignwide is-stacked-on-mobile\" style=\"grid-template-columns:42% auto\"><figure class=\"wp-block-media-text__media\"><img loading=\"lazy\" decoding=\"async\" width=\"576\" height=\"1024\" src=\"https:\/\/gicd.inf.um.es\/csidcav\/usuario24\/wp-content\/uploads\/2025\/10\/descarga-576x1024.png\" alt=\"\" class=\"wp-image-102 size-full\" srcset=\"https:\/\/gicd.inf.um.es\/csidcav\/usuario24\/wp-content\/uploads\/2025\/10\/descarga-576x1024.png 576w, https:\/\/gicd.inf.um.es\/csidcav\/usuario24\/wp-content\/uploads\/2025\/10\/descarga-169x300.png 169w, https:\/\/gicd.inf.um.es\/csidcav\/usuario24\/wp-content\/uploads\/2025\/10\/descarga-768x1365.png 768w, https:\/\/gicd.inf.um.es\/csidcav\/usuario24\/wp-content\/uploads\/2025\/10\/descarga-864x1536.png 864w, https:\/\/gicd.inf.um.es\/csidcav\/usuario24\/wp-content\/uploads\/2025\/10\/descarga-1024x1820.png 1024w, https:\/\/gicd.inf.um.es\/csidcav\/usuario24\/wp-content\/uploads\/2025\/10\/descarga.png 1152w\" sizes=\"auto, (max-width: 576px) 100vw, 576px\" \/><\/figure><div class=\"wp-block-media-text__content\">\n<div class=\"wp-block-group is-vertical is-content-justification-stretch is-layout-flex wp-container-core-group-is-layout-b16ad781 wp-block-group-is-layout-flex\">\n<p class=\"has-text-align-center has-medium-font-size\">El g\u00e9nero <strong>rom\u00e1ntico<\/strong> nos sumerge en historias llenas de emociones intensas, deseos prohibidos y conexiones que trascienden el tiempo y las dificultades. Estas series nos hacen <strong>sentir cada mirada, cada encuentro y cada despedida<\/strong> como si fueran propios, atrap\u00e1ndonos en un torbellino de amor y pasi\u00f3n.<\/p>\n\n\n\n<p class=\"has-text-align-center has-medium-font-size\">Algunas de las series m\u00e1s conocidas que capturan esta magia son <strong>Anne with an E<\/strong>, donde la tierna y so\u00f1adora Anne Shirley descubre la fuerza del amor y la amistad en Green Gables; <strong>One Tree Hill<\/strong>, que nos muestra c\u00f3mo los lazos del coraz\u00f3n entre Lucas, Nathan y sus amigos evolucionan entre alegr\u00edas y conflictos; e incluso series como <strong>Stranger Things<\/strong>, que entre aventuras y misterios, nos regalan romances que laten con intensidad.<\/p>\n\n\n\n<p class=\"has-text-align-center has-medium-font-size\">El romance en televisi\u00f3n no solo entretiene: nos hace <strong>so\u00f1ar, suspirar y emocionarnos<\/strong>, record\u00e1ndonos que el amor, en todas sus formas, es una de las experiencias humanas m\u00e1s poderosas.<\/p>\n<\/div>\n<\/div><\/div>\n\n\n\n<div style=\"height:100px\" aria-hidden=\"true\" class=\"wp-block-spacer\"><\/div>\n\n\n\n<h2 class=\"wp-block-heading\">Listado de series de TV<\/h2>\n\n\n\n<div class=\"wp-block-query is-layout-flow wp-block-query-is-layout-flow\"><ul class=\"columns-2 wp-block-post-template is-layout-grid wp-container-core-post-template-is-layout-17361a50 wp-block-post-template-is-layout-grid\"><li class=\"wp-block-post post-97 post type-post status-publish format-standard has-post-thumbnail hentry category-drama category-epoca category-romance category-series tag-amistad tag-feminismo tag-imaginacion tag-romance tag-superacion\">\n\n<div class=\"wp-block-group bs-blog-post\"><div class=\"wp-block-group__inner-container is-layout-constrained wp-block-group-is-layout-constrained\"><figure class=\"wp-block-post-featured-image\"><img loading=\"lazy\" decoding=\"async\" width=\"1920\" height=\"1080\" src=\"https:\/\/gicd.inf.um.es\/csidcav\/usuario24\/wp-content\/uploads\/2025\/10\/62096696.jpg\" class=\"attachment-post-thumbnail size-post-thumbnail wp-post-image\" alt=\"\" style=\"object-fit:cover;\" srcset=\"https:\/\/gicd.inf.um.es\/csidcav\/usuario24\/wp-content\/uploads\/2025\/10\/62096696.jpg 1920w, https:\/\/gicd.inf.um.es\/csidcav\/usuario24\/wp-content\/uploads\/2025\/10\/62096696-300x169.jpg 300w, https:\/\/gicd.inf.um.es\/csidcav\/usuario24\/wp-content\/uploads\/2025\/10\/62096696-1024x576.jpg 1024w, https:\/\/gicd.inf.um.es\/csidcav\/usuario24\/wp-content\/uploads\/2025\/10\/62096696-768x432.jpg 768w, https:\/\/gicd.inf.um.es\/csidcav\/usuario24\/wp-content\/uploads\/2025\/10\/62096696-1536x864.jpg 1536w, https:\/\/gicd.inf.um.es\/csidcav\/usuario24\/wp-content\/uploads\/2025\/10\/62096696-1280x720.jpg 1280w\" sizes=\"auto, (max-width: 1920px) 100vw, 1920px\" \/><\/figure>\n\n\n<div class=\"wp-block-group small\"><div class=\"wp-block-group__inner-container is-layout-constrained wp-block-group-is-layout-constrained\"><div class=\"taxonomy-category wp-block-post-terms\"><a href=\"https:\/\/gicd.inf.um.es\/csidcav\/usuario24\/category\/series\/drama\/\" rel=\"tag\">Drama<\/a><span class=\"wp-block-post-terms__separator\">, <\/span><a href=\"https:\/\/gicd.inf.um.es\/csidcav\/usuario24\/category\/series\/epoca\/\" rel=\"tag\">epoca<\/a><span class=\"wp-block-post-terms__separator\">, <\/span><a href=\"https:\/\/gicd.inf.um.es\/csidcav\/usuario24\/category\/series\/romance\/\" rel=\"tag\">romance<\/a><span class=\"wp-block-post-terms__separator\">, <\/span><a href=\"https:\/\/gicd.inf.um.es\/csidcav\/usuario24\/category\/series\/\" rel=\"tag\">Series<\/a><\/div>\n\n<h2 class=\"wp-block-post-title\">Anne with an E<\/h2>\n\n<div class=\"wp-block-post-excerpt\"><p class=\"wp-block-post-excerpt__excerpt\">Anne with an E sigue a Anne Shirley, una ni\u00f1a hu\u00e9rfana e imaginativa que llega a Green Gables y, mientras busca aceptaci\u00f3n, enfrenta prejuicios, descubre la amistad y aprende sobre la familia y la identidad. <\/p><\/div><\/div><\/div>\n\n\n\n<div style=\"height:30px\" aria-hidden=\"true\" class=\"wp-block-spacer\"><\/div>\n<\/div><\/div>\n\n<\/li><li class=\"wp-block-post post-55 post type-post status-publish format-standard has-post-thumbnail hentry category-accion category-drama category-fantastico category-romance category-series tag-dragones tag-espada-y-brujeria tag-fantasia-medieval tag-romance tag-venganza\">\n\n<div class=\"wp-block-group bs-blog-post\"><div class=\"wp-block-group__inner-container is-layout-constrained wp-block-group-is-layout-constrained\"><figure class=\"wp-block-post-featured-image\"><img loading=\"lazy\" decoding=\"async\" width=\"1920\" height=\"1080\" src=\"https:\/\/gicd.inf.um.es\/csidcav\/usuario24\/wp-content\/uploads\/2025\/10\/jdt-poster-horizonal.jpg\" class=\"attachment-post-thumbnail size-post-thumbnail wp-post-image\" alt=\"\" style=\"object-fit:cover;\" srcset=\"https:\/\/gicd.inf.um.es\/csidcav\/usuario24\/wp-content\/uploads\/2025\/10\/jdt-poster-horizonal.jpg 1920w, https:\/\/gicd.inf.um.es\/csidcav\/usuario24\/wp-content\/uploads\/2025\/10\/jdt-poster-horizonal-300x169.jpg 300w, https:\/\/gicd.inf.um.es\/csidcav\/usuario24\/wp-content\/uploads\/2025\/10\/jdt-poster-horizonal-1024x576.jpg 1024w, https:\/\/gicd.inf.um.es\/csidcav\/usuario24\/wp-content\/uploads\/2025\/10\/jdt-poster-horizonal-768x432.jpg 768w, https:\/\/gicd.inf.um.es\/csidcav\/usuario24\/wp-content\/uploads\/2025\/10\/jdt-poster-horizonal-1536x864.jpg 1536w, https:\/\/gicd.inf.um.es\/csidcav\/usuario24\/wp-content\/uploads\/2025\/10\/jdt-poster-horizonal-1280x720.jpg 1280w\" sizes=\"auto, (max-width: 1920px) 100vw, 1920px\" \/><\/figure>\n\n\n<div class=\"wp-block-group small\"><div class=\"wp-block-group__inner-container is-layout-constrained wp-block-group-is-layout-constrained\"><div class=\"taxonomy-category wp-block-post-terms\"><a href=\"https:\/\/gicd.inf.um.es\/csidcav\/usuario24\/category\/series\/accion\/\" rel=\"tag\">Acci\u00f3n<\/a><span class=\"wp-block-post-terms__separator\">, <\/span><a href=\"https:\/\/gicd.inf.um.es\/csidcav\/usuario24\/category\/series\/drama\/\" rel=\"tag\">Drama<\/a><span class=\"wp-block-post-terms__separator\">, <\/span><a href=\"https:\/\/gicd.inf.um.es\/csidcav\/usuario24\/category\/series\/fantastico\/\" rel=\"tag\">Fant\u00e1stico<\/a><span class=\"wp-block-post-terms__separator\">, <\/span><a href=\"https:\/\/gicd.inf.um.es\/csidcav\/usuario24\/category\/series\/romance\/\" rel=\"tag\">romance<\/a><span class=\"wp-block-post-terms__separator\">, <\/span><a href=\"https:\/\/gicd.inf.um.es\/csidcav\/usuario24\/category\/series\/\" rel=\"tag\">Series<\/a><\/div>\n\n<h2 class=\"wp-block-post-title\">Juego de tronos<\/h2>\n\n<div class=\"wp-block-post-excerpt\"><p class=\"wp-block-post-excerpt__excerpt\">Las distintas casas nobiliarias del continente ficticio de Poniente luchan entre s\u00ed para tener el control del Trono de Hierro y gobernar los siete reinos que conforman el territorio. <\/p><\/div><\/div><\/div>\n\n\n\n<div style=\"height:30px\" aria-hidden=\"true\" class=\"wp-block-spacer\"><\/div>\n<\/div><\/div>\n\n<\/li><li class=\"wp-block-post post-83 post type-post status-publish format-standard has-post-thumbnail hentry category-drama category-familia category-romance category-series tag-amistad tag-amor tag-crecimiento-personal tag-rivalidad tag-romance\">\n\n<div class=\"wp-block-group bs-blog-post\"><div class=\"wp-block-group__inner-container is-layout-constrained wp-block-group-is-layout-constrained\"><figure class=\"wp-block-post-featured-image\"><img loading=\"lazy\" decoding=\"async\" width=\"1920\" height=\"1080\" src=\"https:\/\/gicd.inf.um.es\/csidcav\/usuario24\/wp-content\/uploads\/2025\/10\/72158-24.jpg\" class=\"attachment-post-thumbnail size-post-thumbnail wp-post-image\" alt=\"\" style=\"object-fit:cover;\" srcset=\"https:\/\/gicd.inf.um.es\/csidcav\/usuario24\/wp-content\/uploads\/2025\/10\/72158-24.jpg 1920w, https:\/\/gicd.inf.um.es\/csidcav\/usuario24\/wp-content\/uploads\/2025\/10\/72158-24-300x169.jpg 300w, https:\/\/gicd.inf.um.es\/csidcav\/usuario24\/wp-content\/uploads\/2025\/10\/72158-24-1024x576.jpg 1024w, https:\/\/gicd.inf.um.es\/csidcav\/usuario24\/wp-content\/uploads\/2025\/10\/72158-24-768x432.jpg 768w, https:\/\/gicd.inf.um.es\/csidcav\/usuario24\/wp-content\/uploads\/2025\/10\/72158-24-1536x864.jpg 1536w, https:\/\/gicd.inf.um.es\/csidcav\/usuario24\/wp-content\/uploads\/2025\/10\/72158-24-1280x720.jpg 1280w\" sizes=\"auto, (max-width: 1920px) 100vw, 1920px\" \/><\/figure>\n\n\n<div class=\"wp-block-group small\"><div class=\"wp-block-group__inner-container is-layout-constrained wp-block-group-is-layout-constrained\"><div class=\"taxonomy-category wp-block-post-terms\"><a href=\"https:\/\/gicd.inf.um.es\/csidcav\/usuario24\/category\/series\/drama\/\" rel=\"tag\">Drama<\/a><span class=\"wp-block-post-terms__separator\">, <\/span><a href=\"https:\/\/gicd.inf.um.es\/csidcav\/usuario24\/category\/series\/familia\/\" rel=\"tag\">familia<\/a><span class=\"wp-block-post-terms__separator\">, <\/span><a href=\"https:\/\/gicd.inf.um.es\/csidcav\/usuario24\/category\/series\/romance\/\" rel=\"tag\">romance<\/a><span class=\"wp-block-post-terms__separator\">, <\/span><a href=\"https:\/\/gicd.inf.um.es\/csidcav\/usuario24\/category\/series\/\" rel=\"tag\">Series<\/a><\/div>\n\n<h2 class=\"wp-block-post-title\">One tree hill<\/h2>\n\n<div class=\"wp-block-post-excerpt\"><p class=\"wp-block-post-excerpt__excerpt\">One Tree Hill sigue a los hermanos Lucas y Nathan Scott mientras crecen en el peque\u00f1o pueblo de Tree Hill, enfrentando rivalidades, amores y desaf\u00edos personales, explorando amistad, familia y sue\u00f1os a lo largo de su vida. <\/p><\/div><\/div><\/div>\n\n\n\n<div style=\"height:30px\" aria-hidden=\"true\" class=\"wp-block-spacer\"><\/div>\n<\/div><\/div>\n\n<\/li><li class=\"wp-block-post post-65 post type-post status-publish format-standard has-post-thumbnail hentry category-drama category-fantastico category-romance category-series category-terror tag-anos-80 tag-monstruos tag-romance tag-secuestros-desapariciones tag-sobrenatural\">\n\n<div class=\"wp-block-group bs-blog-post\"><div class=\"wp-block-group__inner-container is-layout-constrained wp-block-group-is-layout-constrained\"><figure class=\"wp-block-post-featured-image\"><img loading=\"lazy\" decoding=\"async\" width=\"1920\" height=\"1080\" src=\"https:\/\/gicd.inf.um.es\/csidcav\/usuario24\/wp-content\/uploads\/2025\/10\/st-poster-horizontal.jpg\" class=\"attachment-post-thumbnail size-post-thumbnail wp-post-image\" alt=\"\" style=\"object-fit:cover;\" srcset=\"https:\/\/gicd.inf.um.es\/csidcav\/usuario24\/wp-content\/uploads\/2025\/10\/st-poster-horizontal.jpg 1920w, https:\/\/gicd.inf.um.es\/csidcav\/usuario24\/wp-content\/uploads\/2025\/10\/st-poster-horizontal-300x169.jpg 300w, https:\/\/gicd.inf.um.es\/csidcav\/usuario24\/wp-content\/uploads\/2025\/10\/st-poster-horizontal-1024x576.jpg 1024w, https:\/\/gicd.inf.um.es\/csidcav\/usuario24\/wp-content\/uploads\/2025\/10\/st-poster-horizontal-768x432.jpg 768w, https:\/\/gicd.inf.um.es\/csidcav\/usuario24\/wp-content\/uploads\/2025\/10\/st-poster-horizontal-1536x864.jpg 1536w, https:\/\/gicd.inf.um.es\/csidcav\/usuario24\/wp-content\/uploads\/2025\/10\/st-poster-horizontal-1280x720.jpg 1280w\" sizes=\"auto, (max-width: 1920px) 100vw, 1920px\" \/><\/figure>\n\n\n<div class=\"wp-block-group small\"><div class=\"wp-block-group__inner-container is-layout-constrained wp-block-group-is-layout-constrained\"><div class=\"taxonomy-category wp-block-post-terms\"><a href=\"https:\/\/gicd.inf.um.es\/csidcav\/usuario24\/category\/series\/drama\/\" rel=\"tag\">Drama<\/a><span class=\"wp-block-post-terms__separator\">, <\/span><a href=\"https:\/\/gicd.inf.um.es\/csidcav\/usuario24\/category\/series\/fantastico\/\" rel=\"tag\">Fant\u00e1stico<\/a><span class=\"wp-block-post-terms__separator\">, <\/span><a href=\"https:\/\/gicd.inf.um.es\/csidcav\/usuario24\/category\/series\/romance\/\" rel=\"tag\">romance<\/a><span class=\"wp-block-post-terms__separator\">, <\/span><a href=\"https:\/\/gicd.inf.um.es\/csidcav\/usuario24\/category\/series\/\" rel=\"tag\">Series<\/a><span class=\"wp-block-post-terms__separator\">, <\/span><a href=\"https:\/\/gicd.inf.um.es\/csidcav\/usuario24\/category\/series\/terror\/\" rel=\"tag\">terror<\/a><\/div>\n\n<h2 class=\"wp-block-post-title\">Stranger Things<\/h2>\n\n<div class=\"wp-block-post-excerpt\"><p class=\"wp-block-post-excerpt__excerpt\">En 1983 un ni\u00f1o desaparece en el peque\u00f1o pueblo de Hawkins. Amigos, familiares y el sheriff local se ven envueltos experimentos ultrasecretos y fuerzas paranormales terror\u00edficas. <\/p><\/div><\/div><\/div>\n\n\n\n<div style=\"height:30px\" aria-hidden=\"true\" class=\"wp-block-spacer\"><\/div>\n<\/div><\/div>\n\n<\/li><\/ul>\n\n\n\n<\/div>\n\n\n\n<div class=\"wp-block-cover alignfull is-light\"><img loading=\"lazy\" decoding=\"async\" width=\"590\" height=\"393\" class=\"wp-block-cover__image-background wp-image-126 size-full\" alt=\"\" src=\"https:\/\/gicd.inf.um.es\/csidcav\/usuario24\/wp-content\/uploads\/2025\/10\/descarga-6.jpg\" data-object-fit=\"cover\" srcset=\"https:\/\/gicd.inf.um.es\/csidcav\/usuario24\/wp-content\/uploads\/2025\/10\/descarga-6.jpg 590w, https:\/\/gicd.inf.um.es\/csidcav\/usuario24\/wp-content\/uploads\/2025\/10\/descarga-6-300x200.jpg 300w\" sizes=\"auto, (max-width: 590px) 100vw, 590px\" \/><span aria-hidden=\"true\" class=\"wp-block-cover__background has-background-dim\" style=\"background-color:#8f8d8b\"><\/span><div class=\"wp-block-cover__inner-container is-layout-constrained wp-block-cover-is-layout-constrained\">\n<p class=\"has-text-align-center has-large-font-size\">It always has been and always will be you<\/p>\n<\/div><\/div>\n\n\n\n<p><\/p>\n","protected":false},"excerpt":{"rendered":"<p>Listado de series de TV<\/p>\n","protected":false},"author":1,"featured_media":0,"parent":0,"menu_order":0,"comment_status":"closed","ping_status":"closed","template":"","meta":{"pgc_sgb_lightbox_settings":"","footnotes":""},"class_list":["post-100","page","type-page","status-publish","hentry"],"_links":{"self":[{"href":"https:\/\/gicd.inf.um.es\/csidcav\/usuario24\/wp-json\/wp\/v2\/pages\/100","targetHints":{"allow":["GET"]}}],"collection":[{"href":"https:\/\/gicd.inf.um.es\/csidcav\/usuario24\/wp-json\/wp\/v2\/pages"}],"about":[{"href":"https:\/\/gicd.inf.um.es\/csidcav\/usuario24\/wp-json\/wp\/v2\/types\/page"}],"author":[{"embeddable":true,"href":"https:\/\/gicd.inf.um.es\/csidcav\/usuario24\/wp-json\/wp\/v2\/users\/1"}],"replies":[{"embeddable":true,"href":"https:\/\/gicd.inf.um.es\/csidcav\/usuario24\/wp-json\/wp\/v2\/comments?post=100"}],"version-history":[{"count":14,"href":"https:\/\/gicd.inf.um.es\/csidcav\/usuario24\/wp-json\/wp\/v2\/pages\/100\/revisions"}],"predecessor-version":[{"id":128,"href":"https:\/\/gicd.inf.um.es\/csidcav\/usuario24\/wp-json\/wp\/v2\/pages\/100\/revisions\/128"}],"wp:attachment":[{"href":"https:\/\/gicd.inf.um.es\/csidcav\/usuario24\/wp-json\/wp\/v2\/media?parent=100"}],"curies":[{"name":"wp","href":"https:\/\/api.w.org\/{rel}","templated":true}]}}