{"id":14,"date":"2025-10-08T17:28:01","date_gmt":"2025-10-08T15:28:01","guid":{"rendered":"https:\/\/gicd.inf.um.es\/csidcav\/usuario24\/?page_id=14"},"modified":"2025-12-19T20:44:22","modified_gmt":"2025-12-19T19:44:22","slug":"inicio","status":"publish","type":"page","link":"https:\/\/gicd.inf.um.es\/csidcav\/usuario24\/","title":{"rendered":"Series \u00c9picas"},"content":{"rendered":"\n<p>Te damos la bienvenida a Series \u00c9picas, donde te ofrecemos informaci\u00f3n sobre series y productos relacionados con ellas. Pensamos que todo lo que nos rodea habla de nosotros, nos diferencia, y es una peque\u00f1a extensi\u00f3n de nuestra personalidad.<\/p>\n\n\n\n<div style=\"height:50px\" aria-hidden=\"true\" class=\"wp-block-spacer\"><\/div>\n\n\n\n<p><\/p>\n\n\n\n<div class=\"wp-block-columns alignwide is-layout-flex wp-container-core-columns-is-layout-9d6595d7 wp-block-columns-is-layout-flex\">\n<div class=\"wp-block-column is-layout-flow wp-block-column-is-layout-flow\">\n<h2 class=\"wp-block-heading has-text-align-center\">Regalos \u00c9picos<\/h2>\n\n\n\n<figure class=\"wp-block-image size-medium\"><img loading=\"lazy\" decoding=\"async\" width=\"300\" height=\"225\" src=\"https:\/\/gicd.inf.um.es\/csidcav\/usuario24\/wp-content\/uploads\/2025\/10\/regalos-1-1-300x225.jpg\" alt=\"Regalos\" class=\"wp-image-17\" style=\"aspect-ratio:1;object-fit:cover\" srcset=\"https:\/\/gicd.inf.um.es\/csidcav\/usuario24\/wp-content\/uploads\/2025\/10\/regalos-1-1-300x225.jpg 300w, https:\/\/gicd.inf.um.es\/csidcav\/usuario24\/wp-content\/uploads\/2025\/10\/regalos-1-1-768x576.jpg 768w, https:\/\/gicd.inf.um.es\/csidcav\/usuario24\/wp-content\/uploads\/2025\/10\/regalos-1-1.jpg 800w\" sizes=\"auto, (max-width: 300px) 100vw, 300px\" \/><\/figure>\n\n\n\n<div style=\"height:15px\" aria-hidden=\"true\" class=\"wp-block-spacer\"><\/div>\n\n\n\n<p>Te ofrecemos Funkos POP, moda, hogar\u2026 Todo el Universo Friki en un \u00fanico sitio y con los mejores precios para que disfrutes a tope.<\/p>\n<\/div>\n\n\n\n<div class=\"wp-block-column is-layout-flow wp-block-column-is-layout-flow\">\n<h2 class=\"wp-block-heading has-text-align-center\">Figuras<\/h2>\n\n\n\n<figure class=\"wp-block-image size-medium\"><img loading=\"lazy\" decoding=\"async\" width=\"300\" height=\"300\" src=\"https:\/\/gicd.inf.um.es\/csidcav\/usuario24\/wp-content\/uploads\/2025\/10\/figuras-stranger-things-1-1-300x300.jpg\" alt=\"figuras\" class=\"wp-image-20\" style=\"aspect-ratio:1;object-fit:cover\" srcset=\"https:\/\/gicd.inf.um.es\/csidcav\/usuario24\/wp-content\/uploads\/2025\/10\/figuras-stranger-things-1-1-300x300.jpg 300w, https:\/\/gicd.inf.um.es\/csidcav\/usuario24\/wp-content\/uploads\/2025\/10\/figuras-stranger-things-1-1-150x150.jpg 150w, https:\/\/gicd.inf.um.es\/csidcav\/usuario24\/wp-content\/uploads\/2025\/10\/figuras-stranger-things-1-1.jpg 600w\" sizes=\"auto, (max-width: 300px) 100vw, 300px\" \/><\/figure>\n\n\n\n<div style=\"height:15px\" aria-hidden=\"true\" class=\"wp-block-spacer\"><\/div>\n\n\n\n<p>Aqu\u00ed tenemos figuras para todos los gustos. No importa de qu\u00e9 seas fan, seguro que tenemos algo a lo que no podr\u00e1s resistirte.<\/p>\n<\/div>\n\n\n\n<div class=\"wp-block-column is-layout-flow wp-block-column-is-layout-flow\">\n<h2 class=\"wp-block-heading has-text-align-center\">Moda<\/h2>\n\n\n\n<figure class=\"wp-block-image size-medium\"><img loading=\"lazy\" decoding=\"async\" width=\"300\" height=\"300\" src=\"https:\/\/gicd.inf.um.es\/csidcav\/usuario24\/wp-content\/uploads\/2025\/10\/camisetas-breaking-bad-1-1-300x300.jpg\" alt=\"\" class=\"wp-image-22\" style=\"aspect-ratio:1;object-fit:cover\" srcset=\"https:\/\/gicd.inf.um.es\/csidcav\/usuario24\/wp-content\/uploads\/2025\/10\/camisetas-breaking-bad-1-1-300x300.jpg 300w, https:\/\/gicd.inf.um.es\/csidcav\/usuario24\/wp-content\/uploads\/2025\/10\/camisetas-breaking-bad-1-1-1024x1024.jpg 1024w, https:\/\/gicd.inf.um.es\/csidcav\/usuario24\/wp-content\/uploads\/2025\/10\/camisetas-breaking-bad-1-1-150x150.jpg 150w, https:\/\/gicd.inf.um.es\/csidcav\/usuario24\/wp-content\/uploads\/2025\/10\/camisetas-breaking-bad-1-1-768x768.jpg 768w, https:\/\/gicd.inf.um.es\/csidcav\/usuario24\/wp-content\/uploads\/2025\/10\/camisetas-breaking-bad-1-1.jpg 1080w\" sizes=\"auto, (max-width: 300px) 100vw, 300px\" \/><\/figure>\n\n\n\n<div style=\"height:15px\" aria-hidden=\"true\" class=\"wp-block-spacer\"><\/div>\n\n\n\n<p>\u00bfQui\u00e9n dice que ser friki est\u00e1 re\u00f1ido con ir a la moda? Nosotros no estamos de acuerdo y te lo demostramos con esta secci\u00f3n.\n<\/p>\n<\/div>\n\n\n\n<div class=\"wp-block-column is-layout-flow wp-block-column-is-layout-flow\">\n<h2 class=\"wp-block-heading\">Complementos<\/h2>\n\n\n\n<figure class=\"wp-block-image size-large\"><img loading=\"lazy\" decoding=\"async\" width=\"1024\" height=\"1024\" src=\"https:\/\/gicd.inf.um.es\/csidcav\/usuario24\/wp-content\/uploads\/2025\/10\/complementos-1-1-1024x1024.jpg\" alt=\"\" class=\"wp-image-23\" srcset=\"https:\/\/gicd.inf.um.es\/csidcav\/usuario24\/wp-content\/uploads\/2025\/10\/complementos-1-1-1024x1024.jpg 1024w, https:\/\/gicd.inf.um.es\/csidcav\/usuario24\/wp-content\/uploads\/2025\/10\/complementos-1-1-300x300.jpg 300w, https:\/\/gicd.inf.um.es\/csidcav\/usuario24\/wp-content\/uploads\/2025\/10\/complementos-1-1-150x150.jpg 150w, https:\/\/gicd.inf.um.es\/csidcav\/usuario24\/wp-content\/uploads\/2025\/10\/complementos-1-1-768x768.jpg 768w, https:\/\/gicd.inf.um.es\/csidcav\/usuario24\/wp-content\/uploads\/2025\/10\/complementos-1-1.jpg 1080w\" sizes=\"auto, (max-width: 1024px) 100vw, 1024px\" \/><\/figure>\n\n\n\n<div style=\"height:15px\" aria-hidden=\"true\" class=\"wp-block-spacer\"><\/div>\n\n\n\n<p>Todo friki que se precie debe complementar su vida diaria con los accesorios frikis y aqu\u00ed te los ofrecemos absolutamente todos.\n<\/p>\n<\/div>\n<\/div>\n\n\n\n<div class=\"wp-block-cover alignfull is-light has-parallax\"><div class=\"wp-block-cover__image-background wp-image-12 size-large has-parallax\" style=\"background-position:50% 50%;background-image:url(https:\/\/gicd.inf.um.es\/csidcav\/usuario24\/wp-content\/uploads\/2025\/10\/hombre-con-capa-1-1024x427.png)\"><\/div><span aria-hidden=\"true\" class=\"wp-block-cover__background has-black-background-color has-background-dim-10 has-background-dim\"><\/span><div class=\"wp-block-cover__inner-container is-layout-constrained wp-block-cover-is-layout-constrained\">\n<div class=\"wp-block-buttons is-layout-flex wp-block-buttons-is-layout-flex\">\n<div class=\"wp-block-button\"><a class=\"wp-block-button__link wp-element-button\" href=\"https:\/\/gicd.inf.um.es\/csidcav\/usuario24\/sorteo-epico\/\"><strong>Aprovecha nuestros descuentos<\/strong><\/a><\/div>\n<\/div>\n\n\n\n<p class=\"has-text-align-left has-large-font-size\">Usa el c\u00f3digo<\/p>\n\n\n\n<p class=\"has-text-align-left has-vivid-red-color has-text-color has-link-color has-x-large-font-size wp-elements-4a169d4594e6d214a88ff5c8125e4f5e\"><strong>DESCUENTO20<\/strong><\/p>\n<\/div><\/div>\n\n\n\n<div style=\"height:100px\" aria-hidden=\"true\" class=\"wp-block-spacer\"><\/div>\n\n\n\n<h2 class=\"wp-block-heading\">Sum\u00e9rgete en las mejores series<\/h2>\n\n\n\n<div style=\"height:23px\" aria-hidden=\"true\" class=\"wp-block-spacer\"><\/div>\n\n\n\n<div class=\"wp-block-query is-layout-flow wp-block-query-is-layout-flow\"><ul class=\"wp-block-post-template is-layout-flow wp-block-post-template-is-layout-flow\"><li class=\"wp-block-post post-97 post type-post status-publish format-standard has-post-thumbnail hentry category-drama category-epoca category-romance category-series tag-amistad tag-feminismo tag-imaginacion tag-romance tag-superacion\">\n<h2 class=\"wp-block-post-title\"><a href=\"https:\/\/gicd.inf.um.es\/csidcav\/usuario24\/anne-with-an-e\/\" target=\"_self\" >Anne with an E<\/a><\/h2>\n\n<figure class=\"alignwide wp-block-post-featured-image\"><a href=\"https:\/\/gicd.inf.um.es\/csidcav\/usuario24\/anne-with-an-e\/\" target=\"_self\"  ><img loading=\"lazy\" decoding=\"async\" width=\"1920\" height=\"1080\" src=\"https:\/\/gicd.inf.um.es\/csidcav\/usuario24\/wp-content\/uploads\/2025\/10\/62096696.jpg\" class=\"attachment-post-thumbnail size-post-thumbnail wp-post-image\" alt=\"Anne with an E\" style=\"object-fit:cover;\" srcset=\"https:\/\/gicd.inf.um.es\/csidcav\/usuario24\/wp-content\/uploads\/2025\/10\/62096696.jpg 1920w, https:\/\/gicd.inf.um.es\/csidcav\/usuario24\/wp-content\/uploads\/2025\/10\/62096696-300x169.jpg 300w, https:\/\/gicd.inf.um.es\/csidcav\/usuario24\/wp-content\/uploads\/2025\/10\/62096696-1024x576.jpg 1024w, https:\/\/gicd.inf.um.es\/csidcav\/usuario24\/wp-content\/uploads\/2025\/10\/62096696-768x432.jpg 768w, https:\/\/gicd.inf.um.es\/csidcav\/usuario24\/wp-content\/uploads\/2025\/10\/62096696-1536x864.jpg 1536w, https:\/\/gicd.inf.um.es\/csidcav\/usuario24\/wp-content\/uploads\/2025\/10\/62096696-1280x720.jpg 1280w\" sizes=\"auto, (max-width: 1920px) 100vw, 1920px\" \/><\/a><\/figure>\n\n<div class=\"wp-block-post-excerpt\"><p class=\"wp-block-post-excerpt__excerpt\">Anne with an E sigue a Anne Shirley, una ni\u00f1a hu\u00e9rfana e imaginativa que llega a Green Gables y, mientras busca aceptaci\u00f3n, enfrenta prejuicios, descubre la amistad y aprende sobre la familia y la identidad. <\/p><\/div>\n\n\n<hr class=\"wp-block-separator has-css-opacity\"\/>\n\n\n<div class=\"wp-block-post-date\"><time datetime=\"2025-10-30T22:04:42+01:00\">30 de octubre de 2025<\/time><\/div>\n<\/li><li class=\"wp-block-post post-83 post type-post status-publish format-standard has-post-thumbnail hentry category-drama category-familia category-romance category-series tag-amistad tag-amor tag-crecimiento-personal tag-rivalidad tag-romance\">\n<h2 class=\"wp-block-post-title\"><a href=\"https:\/\/gicd.inf.um.es\/csidcav\/usuario24\/one-tree-hill\/\" target=\"_self\" >One tree hill<\/a><\/h2>\n\n<figure class=\"alignwide wp-block-post-featured-image\"><a href=\"https:\/\/gicd.inf.um.es\/csidcav\/usuario24\/one-tree-hill\/\" target=\"_self\"  ><img loading=\"lazy\" decoding=\"async\" width=\"1920\" height=\"1080\" src=\"https:\/\/gicd.inf.um.es\/csidcav\/usuario24\/wp-content\/uploads\/2025\/10\/72158-24.jpg\" class=\"attachment-post-thumbnail size-post-thumbnail wp-post-image\" alt=\"One tree hill\" style=\"object-fit:cover;\" srcset=\"https:\/\/gicd.inf.um.es\/csidcav\/usuario24\/wp-content\/uploads\/2025\/10\/72158-24.jpg 1920w, https:\/\/gicd.inf.um.es\/csidcav\/usuario24\/wp-content\/uploads\/2025\/10\/72158-24-300x169.jpg 300w, https:\/\/gicd.inf.um.es\/csidcav\/usuario24\/wp-content\/uploads\/2025\/10\/72158-24-1024x576.jpg 1024w, https:\/\/gicd.inf.um.es\/csidcav\/usuario24\/wp-content\/uploads\/2025\/10\/72158-24-768x432.jpg 768w, https:\/\/gicd.inf.um.es\/csidcav\/usuario24\/wp-content\/uploads\/2025\/10\/72158-24-1536x864.jpg 1536w, https:\/\/gicd.inf.um.es\/csidcav\/usuario24\/wp-content\/uploads\/2025\/10\/72158-24-1280x720.jpg 1280w\" sizes=\"auto, (max-width: 1920px) 100vw, 1920px\" \/><\/a><\/figure>\n\n<div class=\"wp-block-post-excerpt\"><p class=\"wp-block-post-excerpt__excerpt\">One Tree Hill sigue a los hermanos Lucas y Nathan Scott mientras crecen en el peque\u00f1o pueblo de Tree Hill, enfrentando rivalidades, amores y desaf\u00edos personales, explorando amistad, familia y sue\u00f1os a lo largo de su vida. <\/p><\/div>\n\n\n<hr class=\"wp-block-separator has-css-opacity\"\/>\n\n\n<div class=\"wp-block-post-date\"><time datetime=\"2025-10-30T21:59:36+01:00\">30 de octubre de 2025<\/time><\/div>\n<\/li><li class=\"wp-block-post post-65 post type-post status-publish format-standard has-post-thumbnail hentry category-drama category-fantastico category-romance category-series category-terror tag-anos-80 tag-monstruos tag-romance tag-secuestros-desapariciones tag-sobrenatural\">\n<h2 class=\"wp-block-post-title\"><a href=\"https:\/\/gicd.inf.um.es\/csidcav\/usuario24\/stranger-things\/\" target=\"_self\" >Stranger Things<\/a><\/h2>\n\n<figure class=\"alignwide wp-block-post-featured-image\"><a href=\"https:\/\/gicd.inf.um.es\/csidcav\/usuario24\/stranger-things\/\" target=\"_self\"  ><img loading=\"lazy\" decoding=\"async\" width=\"1920\" height=\"1080\" src=\"https:\/\/gicd.inf.um.es\/csidcav\/usuario24\/wp-content\/uploads\/2025\/10\/st-poster-horizontal.jpg\" class=\"attachment-post-thumbnail size-post-thumbnail wp-post-image\" alt=\"Stranger Things\" style=\"object-fit:cover;\" srcset=\"https:\/\/gicd.inf.um.es\/csidcav\/usuario24\/wp-content\/uploads\/2025\/10\/st-poster-horizontal.jpg 1920w, https:\/\/gicd.inf.um.es\/csidcav\/usuario24\/wp-content\/uploads\/2025\/10\/st-poster-horizontal-300x169.jpg 300w, https:\/\/gicd.inf.um.es\/csidcav\/usuario24\/wp-content\/uploads\/2025\/10\/st-poster-horizontal-1024x576.jpg 1024w, https:\/\/gicd.inf.um.es\/csidcav\/usuario24\/wp-content\/uploads\/2025\/10\/st-poster-horizontal-768x432.jpg 768w, https:\/\/gicd.inf.um.es\/csidcav\/usuario24\/wp-content\/uploads\/2025\/10\/st-poster-horizontal-1536x864.jpg 1536w, https:\/\/gicd.inf.um.es\/csidcav\/usuario24\/wp-content\/uploads\/2025\/10\/st-poster-horizontal-1280x720.jpg 1280w\" sizes=\"auto, (max-width: 1920px) 100vw, 1920px\" \/><\/a><\/figure>\n\n<div class=\"wp-block-post-excerpt\"><p class=\"wp-block-post-excerpt__excerpt\">En 1983 un ni\u00f1o desaparece en el peque\u00f1o pueblo de Hawkins. Amigos, familiares y el sheriff local se ven envueltos experimentos ultrasecretos y fuerzas paranormales terror\u00edficas. <\/p><\/div>\n\n\n<hr class=\"wp-block-separator has-css-opacity\"\/>\n\n\n<div class=\"wp-block-post-date\"><time datetime=\"2025-10-30T21:02:12+01:00\">30 de octubre de 2025<\/time><\/div>\n<\/li><li class=\"wp-block-post post-61 post type-post status-publish format-standard has-post-thumbnail hentry category-accion category-aventura category-ciencia-ficcion category-series tag-star-wars tag-western-futurista\">\n<h2 class=\"wp-block-post-title\"><a href=\"https:\/\/gicd.inf.um.es\/csidcav\/usuario24\/el-mandaloriano\/\" target=\"_self\" >El Mandaloriano<\/a><\/h2>\n\n<figure class=\"alignwide wp-block-post-featured-image\"><a href=\"https:\/\/gicd.inf.um.es\/csidcav\/usuario24\/el-mandaloriano\/\" target=\"_self\"  ><img loading=\"lazy\" decoding=\"async\" width=\"1920\" height=\"1080\" src=\"https:\/\/gicd.inf.um.es\/csidcav\/usuario24\/wp-content\/uploads\/2025\/10\/em-poster-horizontal.jpg\" class=\"attachment-post-thumbnail size-post-thumbnail wp-post-image\" alt=\"El Mandaloriano\" style=\"object-fit:cover;\" srcset=\"https:\/\/gicd.inf.um.es\/csidcav\/usuario24\/wp-content\/uploads\/2025\/10\/em-poster-horizontal.jpg 1920w, https:\/\/gicd.inf.um.es\/csidcav\/usuario24\/wp-content\/uploads\/2025\/10\/em-poster-horizontal-300x169.jpg 300w, https:\/\/gicd.inf.um.es\/csidcav\/usuario24\/wp-content\/uploads\/2025\/10\/em-poster-horizontal-1024x576.jpg 1024w, https:\/\/gicd.inf.um.es\/csidcav\/usuario24\/wp-content\/uploads\/2025\/10\/em-poster-horizontal-768x432.jpg 768w, https:\/\/gicd.inf.um.es\/csidcav\/usuario24\/wp-content\/uploads\/2025\/10\/em-poster-horizontal-1536x864.jpg 1536w, https:\/\/gicd.inf.um.es\/csidcav\/usuario24\/wp-content\/uploads\/2025\/10\/em-poster-horizontal-1280x720.jpg 1280w\" sizes=\"auto, (max-width: 1920px) 100vw, 1920px\" \/><\/a><\/figure>\n\n<div class=\"wp-block-post-excerpt\"><p class=\"wp-block-post-excerpt__excerpt\">Cinco a\u00f1os despu\u00e9s de los eventos de El Retorno del Jedi y la ca\u00edda del imperio gal\u00e1ctico, un cazarrecompensas mandaloriano solitario acepta una misi\u00f3n en los confines de la galaxia. <\/p><\/div>\n\n\n<hr class=\"wp-block-separator has-css-opacity\"\/>\n\n\n<div class=\"wp-block-post-date\"><time datetime=\"2025-10-30T21:02:03+01:00\">30 de octubre de 2025<\/time><\/div>\n<\/li><\/ul><\/div>\n\n\n\n<div style=\"height:100px\" aria-hidden=\"true\" class=\"wp-block-spacer\"><\/div>\n\n\n\n<h2 class=\"wp-block-heading\">Ad\u00e9ntrate en mundos incre\u00edbles a trav\u00e9s de las p\u00e1ginas<\/h2>\n\n\n\n<div style=\"height:23px\" aria-hidden=\"true\" class=\"wp-block-spacer\"><\/div>\n\n\n\n<div class=\"wp-block-query is-layout-flow wp-block-query-is-layout-flow\"><ul class=\"wp-block-post-template is-layout-flow wp-block-post-template-is-layout-flow\"><li class=\"wp-block-post post-271 post type-post status-publish format-standard has-post-thumbnail hentry category-distopia category-fantasia category-juvenil category-libros category-romantico tag-fantasia-oscura tag-hadas tag-intriga tag-trilogia\">\n<h2 class=\"wp-block-post-title\"><a href=\"https:\/\/gicd.inf.um.es\/csidcav\/usuario24\/saga-el-principe-cruel\/\" target=\"_self\" >SAGA EL PR\u00cdNCIPE CRUEL<\/a><\/h2>\n\n<figure class=\"alignwide wp-block-post-featured-image\"><a href=\"https:\/\/gicd.inf.um.es\/csidcav\/usuario24\/saga-el-principe-cruel\/\" target=\"_self\"  ><img loading=\"lazy\" decoding=\"async\" width=\"736\" height=\"541\" src=\"https:\/\/gicd.inf.um.es\/csidcav\/usuario24\/wp-content\/uploads\/2025\/12\/Jude-and-Cardan-e1765748253830.jpg\" class=\"attachment-post-thumbnail size-post-thumbnail wp-post-image\" alt=\"SAGA EL PR\u00cdNCIPE CRUEL\" style=\"object-fit:cover;\" srcset=\"https:\/\/gicd.inf.um.es\/csidcav\/usuario24\/wp-content\/uploads\/2025\/12\/Jude-and-Cardan-e1765748253830.jpg 736w, https:\/\/gicd.inf.um.es\/csidcav\/usuario24\/wp-content\/uploads\/2025\/12\/Jude-and-Cardan-e1765748253830-300x221.jpg 300w\" sizes=\"auto, (max-width: 736px) 100vw, 736px\" \/><\/a><\/figure>\n\n<div class=\"wp-block-post-excerpt\"><p class=\"wp-block-post-excerpt__excerpt\">-SINOPSIS GENERAL- La saga El pr\u00edncipe cruel se desarrolla en el mundo m\u00e1gico de Elfhame, un reino de hadas crueles y peligrosas. Jude Duarte, una humana criada entre seres inmortales, debe aprender a sobrevivir en una sociedad donde el poder se consigue mediante la manipulaci\u00f3n y la violencia. A lo largo de la trilog\u00eda, Jude&hellip; <\/p><\/div>\n\n\n<hr class=\"wp-block-separator has-css-opacity\"\/>\n\n\n<div class=\"wp-block-post-date\"><time datetime=\"2025-12-14T19:11:36+01:00\">14 de diciembre de 2025<\/time><\/div>\n<\/li><li class=\"wp-block-post post-262 post type-post status-publish format-standard has-post-thumbnail hentry category-distopia category-fantasia category-juvenil category-libros category-romantico tag-fantasia-epica tag-magia tag-romance\">\n<h2 class=\"wp-block-post-title\"><a href=\"https:\/\/gicd.inf.um.es\/csidcav\/usuario24\/saga-acotar-una-corte-de-rosas-y-espinas\/\" target=\"_self\" >SAGA ACOTAR (Una corte de rosas y espinas)<\/a><\/h2>\n\n<figure class=\"alignwide wp-block-post-featured-image\"><a href=\"https:\/\/gicd.inf.um.es\/csidcav\/usuario24\/saga-acotar-una-corte-de-rosas-y-espinas\/\" target=\"_self\"  ><img loading=\"lazy\" decoding=\"async\" width=\"736\" height=\"557\" src=\"https:\/\/gicd.inf.um.es\/csidcav\/usuario24\/wp-content\/uploads\/2025\/12\/ACOTAR\ud83d\udd25-e1765748041955.jpg\" class=\"attachment-post-thumbnail size-post-thumbnail wp-post-image\" alt=\"SAGA ACOTAR (Una corte de rosas y espinas)\" style=\"object-fit:cover;\" srcset=\"https:\/\/gicd.inf.um.es\/csidcav\/usuario24\/wp-content\/uploads\/2025\/12\/ACOTAR\ud83d\udd25-e1765748041955.jpg 736w, https:\/\/gicd.inf.um.es\/csidcav\/usuario24\/wp-content\/uploads\/2025\/12\/ACOTAR\ud83d\udd25-e1765748041955-300x227.jpg 300w\" sizes=\"auto, (max-width: 736px) 100vw, 736px\" \/><\/a><\/figure>\n\n<div class=\"wp-block-post-excerpt\"><p class=\"wp-block-post-excerpt__excerpt\">-SINOPSIS GENERAL- La saga ACOTAR se desarrolla en el mundo m\u00e1gico de Prythian, dividido en diferentes cortes gobernadas por poderosos Altos Lores. Feyre Archeron, una joven humana, es llevada a este reino tras matar a una criatura m\u00e1gica. All\u00ed descubrir\u00e1 un universo lleno de intrigas pol\u00edticas, criaturas sobrenaturales y relaciones complejas. A lo largo de&hellip; <\/p><\/div>\n\n\n<hr class=\"wp-block-separator has-css-opacity\"\/>\n\n\n<div class=\"wp-block-post-date\"><time datetime=\"2025-12-14T19:00:24+01:00\">14 de diciembre de 2025<\/time><\/div>\n<\/li><li class=\"wp-block-post post-256 post type-post status-publish format-standard has-post-thumbnail hentry category-distopia category-fantasia category-juvenil category-libros category-romantico tag-distopia tag-juvenil tag-rebelion\">\n<h2 class=\"wp-block-post-title\"><a href=\"https:\/\/gicd.inf.um.es\/csidcav\/usuario24\/saga-divergente\/\" target=\"_self\" >SAGA DIVERGENTE<\/a><\/h2>\n\n<figure class=\"alignwide wp-block-post-featured-image\"><a href=\"https:\/\/gicd.inf.um.es\/csidcav\/usuario24\/saga-divergente\/\" target=\"_self\"  ><img loading=\"lazy\" decoding=\"async\" width=\"607\" height=\"1124\" src=\"https:\/\/gicd.inf.um.es\/csidcav\/usuario24\/wp-content\/uploads\/2025\/12\/Divergent-e1765748098354.jpg\" class=\"attachment-post-thumbnail size-post-thumbnail wp-post-image\" alt=\"SAGA DIVERGENTE\" style=\"object-fit:cover;\" srcset=\"https:\/\/gicd.inf.um.es\/csidcav\/usuario24\/wp-content\/uploads\/2025\/12\/Divergent-e1765748098354.jpg 607w, https:\/\/gicd.inf.um.es\/csidcav\/usuario24\/wp-content\/uploads\/2025\/12\/Divergent-e1765748098354-162x300.jpg 162w, https:\/\/gicd.inf.um.es\/csidcav\/usuario24\/wp-content\/uploads\/2025\/12\/Divergent-e1765748098354-553x1024.jpg 553w\" sizes=\"auto, (max-width: 607px) 100vw, 607px\" \/><\/a><\/figure>\n\n<div class=\"wp-block-post-excerpt\"><p class=\"wp-block-post-excerpt__excerpt\">-SINOPSIS GENERAL- En un futuro dist\u00f3pico, la sociedad est\u00e1 dividida en cinco facciones basadas en virtudes humanas: Abnegaci\u00f3n, Verdad, Osad\u00eda, Cordialidad y Erudici\u00f3n. Cada ciudadano debe elegir a qu\u00e9 facci\u00f3n pertenecer, renunciando a las dem\u00e1s.Tris Prior descubre que es Divergente, alguien que no encaja en una sola facci\u00f3n, lo que la convierte en una amenaza&hellip; <\/p><\/div>\n\n\n<hr class=\"wp-block-separator has-css-opacity\"\/>\n\n\n<div class=\"wp-block-post-date\"><time datetime=\"2025-12-14T18:25:31+01:00\">14 de diciembre de 2025<\/time><\/div>\n<\/li><li class=\"wp-block-post post-246 post type-post status-publish format-standard has-post-thumbnail hentry category-distopia category-fantasia category-juvenil category-libros category-romantico tag-dragones tag-empireo-2 tag-fantasia\">\n<h2 class=\"wp-block-post-title\"><a href=\"https:\/\/gicd.inf.um.es\/csidcav\/usuario24\/saga-alas-de-sangre\/\" target=\"_self\" >SAGA ALAS DE SANGRE<\/a><\/h2>\n\n<figure class=\"alignwide wp-block-post-featured-image\"><a href=\"https:\/\/gicd.inf.um.es\/csidcav\/usuario24\/saga-alas-de-sangre\/\" target=\"_self\"  ><img loading=\"lazy\" decoding=\"async\" width=\"736\" height=\"708\" src=\"https:\/\/gicd.inf.um.es\/csidcav\/usuario24\/wp-content\/uploads\/2025\/12\/fourth-wing-_-violet-sorrengail-e1765748132151.jpg\" class=\"attachment-post-thumbnail size-post-thumbnail wp-post-image\" alt=\"SAGA ALAS DE SANGRE\" style=\"object-fit:cover;\" srcset=\"https:\/\/gicd.inf.um.es\/csidcav\/usuario24\/wp-content\/uploads\/2025\/12\/fourth-wing-_-violet-sorrengail-e1765748132151.jpg 736w, https:\/\/gicd.inf.um.es\/csidcav\/usuario24\/wp-content\/uploads\/2025\/12\/fourth-wing-_-violet-sorrengail-e1765748132151-300x289.jpg 300w\" sizes=\"auto, (max-width: 736px) 100vw, 736px\" \/><\/a><\/figure>\n\n<div class=\"wp-block-post-excerpt\"><p class=\"wp-block-post-excerpt__excerpt\">-SINOPSIS GENERAL- En un mundo donde los dragones eligen a sus jinetes y la muerte es parte del entrenamiento, Violet Sorrengail es obligada a ingresar en el Colegio de Guerra Basgiath, una instituci\u00f3n brutal donde solo los m\u00e1s fuertes sobreviven. A pesar de su fragilidad f\u00edsica, Violet deber\u00e1 demostrar su inteligencia, resistencia y valent\u00eda para&hellip; <\/p><\/div>\n\n\n<hr class=\"wp-block-separator has-css-opacity\"\/>\n\n\n<div class=\"wp-block-post-date\"><time datetime=\"2025-12-14T18:14:35+01:00\">14 de diciembre de 2025<\/time><\/div>\n<\/li><\/ul><\/div>\n","protected":false},"excerpt":{"rendered":"<p>Te damos la bienvenida a Series \u00c9picas, donde te ofrecemos informaci\u00f3n sobre series y productos relacionados con ellas. Pensamos que todo lo que nos rodea habla de nosotros, nos diferencia, y es una peque\u00f1a extensi\u00f3n de nuestra personalidad. Regalos \u00c9picos Te ofrecemos Funkos POP, moda, hogar\u2026 Todo el Universo Friki en un \u00fanico sitio y [&hellip;]<\/p>\n","protected":false},"author":1,"featured_media":10,"parent":0,"menu_order":0,"comment_status":"closed","ping_status":"closed","template":"","meta":{"pgc_sgb_lightbox_settings":"","footnotes":""},"class_list":["post-14","page","type-page","status-publish","has-post-thumbnail","hentry"],"_links":{"self":[{"href":"https:\/\/gicd.inf.um.es\/csidcav\/usuario24\/wp-json\/wp\/v2\/pages\/14","targetHints":{"allow":["GET"]}}],"collection":[{"href":"https:\/\/gicd.inf.um.es\/csidcav\/usuario24\/wp-json\/wp\/v2\/pages"}],"about":[{"href":"https:\/\/gicd.inf.um.es\/csidcav\/usuario24\/wp-json\/wp\/v2\/types\/page"}],"author":[{"embeddable":true,"href":"https:\/\/gicd.inf.um.es\/csidcav\/usuario24\/wp-json\/wp\/v2\/users\/1"}],"replies":[{"embeddable":true,"href":"https:\/\/gicd.inf.um.es\/csidcav\/usuario24\/wp-json\/wp\/v2\/comments?post=14"}],"version-history":[{"count":12,"href":"https:\/\/gicd.inf.um.es\/csidcav\/usuario24\/wp-json\/wp\/v2\/pages\/14\/revisions"}],"predecessor-version":[{"id":478,"href":"https:\/\/gicd.inf.um.es\/csidcav\/usuario24\/wp-json\/wp\/v2\/pages\/14\/revisions\/478"}],"wp:featuredmedia":[{"embeddable":true,"href":"https:\/\/gicd.inf.um.es\/csidcav\/usuario24\/wp-json\/wp\/v2\/media\/10"}],"wp:attachment":[{"href":"https:\/\/gicd.inf.um.es\/csidcav\/usuario24\/wp-json\/wp\/v2\/media?parent=14"}],"curies":[{"name":"wp","href":"https:\/\/api.w.org\/{rel}","templated":true}]}}