{"id":438,"date":"2025-12-18T23:25:53","date_gmt":"2025-12-18T22:25:53","guid":{"rendered":"https:\/\/gicd.inf.um.es\/csidcav\/usuario24\/?page_id=438"},"modified":"2025-12-19T11:36:55","modified_gmt":"2025-12-19T10:36:55","slug":"equipo-de-redaccion-2","status":"publish","type":"page","link":"https:\/\/gicd.inf.um.es\/csidcav\/usuario24\/equipo-de-redaccion-2\/","title":{"rendered":"Equipo de redacci\u00f3n"},"content":{"rendered":"\n<div class=\"wp-block-columns is-layout-flex wp-container-core-columns-is-layout-9d6595d7 wp-block-columns-is-layout-flex\">\n<div class=\"wp-block-column is-layout-flow wp-block-column-is-layout-flow\">\n<figure class=\"wp-block-image size-large\"><img loading=\"lazy\" decoding=\"async\" width=\"683\" height=\"1024\" src=\"https:\/\/gicd.inf.um.es\/csidcav\/usuario24\/wp-content\/uploads\/2025\/12\/ChatGPT-Image-18-dic-2025-21_51_35-683x1024.jpg\" alt=\"&quot;Retrato profesional de la fundadora de Ficciones \u00c9picas, con un fondo neutro para la secci\u00f3n de equipo de redacci\u00f3n.&quot;\" class=\"wp-image-427\" srcset=\"https:\/\/gicd.inf.um.es\/csidcav\/usuario24\/wp-content\/uploads\/2025\/12\/ChatGPT-Image-18-dic-2025-21_51_35-683x1024.jpg 683w, https:\/\/gicd.inf.um.es\/csidcav\/usuario24\/wp-content\/uploads\/2025\/12\/ChatGPT-Image-18-dic-2025-21_51_35-200x300.jpg 200w, https:\/\/gicd.inf.um.es\/csidcav\/usuario24\/wp-content\/uploads\/2025\/12\/ChatGPT-Image-18-dic-2025-21_51_35-768x1152.jpg 768w, https:\/\/gicd.inf.um.es\/csidcav\/usuario24\/wp-content\/uploads\/2025\/12\/ChatGPT-Image-18-dic-2025-21_51_35.jpg 800w\" sizes=\"auto, (max-width: 683px) 100vw, 683px\" \/><\/figure>\n\n\n\n<h2 class=\"wp-block-heading\">Clara L\u00f3pez<\/h2>\n\n\n\n<p><strong>Directora Editorial y Fundadora.<\/strong> Lectora voraz de narrativa fant\u00e1stica y cr\u00edtica de cine por vocaci\u00f3n. Con m\u00e1s de una d\u00e9cada explorando mundos imaginarios, fund\u00f3 <strong>Ficciones \u00c9picas<\/strong> para crear un espacio donde la literatura cl\u00e1sica y las grandes producciones de streaming se encuentran. Se encarga de la coordinaci\u00f3n de contenidos y de la curaci\u00f3n de la secci\u00f3n de \u00abLibros \u00c9picos\u00bb.<\/p>\n<\/div>\n\n\n\n<div class=\"wp-block-column is-layout-flow wp-block-column-is-layout-flow\">\n<figure class=\"wp-block-image size-large\"><img loading=\"lazy\" decoding=\"async\" width=\"683\" height=\"1024\" src=\"https:\/\/gicd.inf.um.es\/csidcav\/usuario24\/wp-content\/uploads\/2025\/12\/ChatGPT-Image-18-dic-2025-22_13_31-683x1024.jpg\" alt=\"&quot;Retrato del redactor especialista en Juego de Tronos y narrativa transmedia para el equipo de Ficciones \u00c9picas.&quot;\" class=\"wp-image-428\" srcset=\"https:\/\/gicd.inf.um.es\/csidcav\/usuario24\/wp-content\/uploads\/2025\/12\/ChatGPT-Image-18-dic-2025-22_13_31-683x1024.jpg 683w, https:\/\/gicd.inf.um.es\/csidcav\/usuario24\/wp-content\/uploads\/2025\/12\/ChatGPT-Image-18-dic-2025-22_13_31-200x300.jpg 200w, https:\/\/gicd.inf.um.es\/csidcav\/usuario24\/wp-content\/uploads\/2025\/12\/ChatGPT-Image-18-dic-2025-22_13_31-768x1152.jpg 768w, https:\/\/gicd.inf.um.es\/csidcav\/usuario24\/wp-content\/uploads\/2025\/12\/ChatGPT-Image-18-dic-2025-22_13_31.jpg 800w\" sizes=\"auto, (max-width: 683px) 100vw, 683px\" \/><\/figure>\n\n\n\n<h2 class=\"wp-block-heading\">Cristina Costa<\/h2>\n\n\n\n<p><strong>Redactor Senior y Especialista Transmedia.<\/strong> Experto en la historia de los Siete Reinos y apasionado de la narrativa audiovisual compleja. Con una trayectoria enfocada en el an\u00e1lisis de guiones, es el motor creativo detr\u00e1s de nuestro <strong>Especial de Juego de Tronos<\/strong>. Su misi\u00f3n es desgranar cada detalle t\u00e9cnico y narrativo para que los fans no se pierdan nada de sus series favoritas.<\/p>\n<\/div>\n<\/div>\n","protected":false},"excerpt":{"rendered":"<p>Clara L\u00f3pez Directora Editorial y Fundadora. Lectora voraz de narrativa fant\u00e1stica y cr\u00edtica de cine por vocaci\u00f3n. Con m\u00e1s de una d\u00e9cada explorando mundos imaginarios, fund\u00f3 Ficciones \u00c9picas para crear un espacio donde la literatura cl\u00e1sica y las grandes producciones de streaming se encuentran. Se encarga de la coordinaci\u00f3n de contenidos y de la curaci\u00f3n [&hellip;]<\/p>\n","protected":false},"author":1,"featured_media":0,"parent":0,"menu_order":0,"comment_status":"closed","ping_status":"closed","template":"","meta":{"pgc_sgb_lightbox_settings":"","footnotes":""},"class_list":["post-438","page","type-page","status-publish","hentry"],"_links":{"self":[{"href":"https:\/\/gicd.inf.um.es\/csidcav\/usuario24\/wp-json\/wp\/v2\/pages\/438","targetHints":{"allow":["GET"]}}],"collection":[{"href":"https:\/\/gicd.inf.um.es\/csidcav\/usuario24\/wp-json\/wp\/v2\/pages"}],"about":[{"href":"https:\/\/gicd.inf.um.es\/csidcav\/usuario24\/wp-json\/wp\/v2\/types\/page"}],"author":[{"embeddable":true,"href":"https:\/\/gicd.inf.um.es\/csidcav\/usuario24\/wp-json\/wp\/v2\/users\/1"}],"replies":[{"embeddable":true,"href":"https:\/\/gicd.inf.um.es\/csidcav\/usuario24\/wp-json\/wp\/v2\/comments?post=438"}],"version-history":[{"count":2,"href":"https:\/\/gicd.inf.um.es\/csidcav\/usuario24\/wp-json\/wp\/v2\/pages\/438\/revisions"}],"predecessor-version":[{"id":450,"href":"https:\/\/gicd.inf.um.es\/csidcav\/usuario24\/wp-json\/wp\/v2\/pages\/438\/revisions\/450"}],"wp:attachment":[{"href":"https:\/\/gicd.inf.um.es\/csidcav\/usuario24\/wp-json\/wp\/v2\/media?parent=438"}],"curies":[{"name":"wp","href":"https:\/\/api.w.org\/{rel}","templated":true}]}}