{"id":458,"date":"2025-12-19T12:44:27","date_gmt":"2025-12-19T11:44:27","guid":{"rendered":"https:\/\/gicd.inf.um.es\/csidcav\/usuario24\/?page_id=458"},"modified":"2025-12-19T12:51:41","modified_gmt":"2025-12-19T11:51:41","slug":"especial-juego-de-tronos-2","status":"publish","type":"page","link":"https:\/\/gicd.inf.um.es\/csidcav\/usuario24\/especial-juego-de-tronos-2\/","title":{"rendered":"Especial: Juego de Tronos."},"content":{"rendered":"\n<figure class=\"wp-block-pullquote\"><blockquote><p>\u00abBienvenidos a nuestro micrositio dedicado al universo de George R.R. Martin. Aqu\u00ed encontrar\u00e1s todo nuestro contenido especializado.\u00bb<\/p><\/blockquote><\/figure>\n\n\n\n<h2 class=\"wp-block-heading\">Contenido destacado<\/h2>\n\n\n<ul style=\"font-style:normal;font-weight:500;\" class=\"wp-block-latest-posts__list wp-block-latest-posts\"><li><div class=\"wp-block-latest-posts__featured-image\"><a href=\"https:\/\/gicd.inf.um.es\/csidcav\/usuario24\/episodios-destacados\/\" aria-label=\"Episodios destacados\"><img loading=\"lazy\" decoding=\"async\" width=\"640\" height=\"360\" src=\"https:\/\/gicd.inf.um.es\/csidcav\/usuario24\/wp-content\/uploads\/2025\/12\/game-of-thrones-season-1-episode-1-winter-is-coming-v0-urcea3pq7ave1-1024x576.jpg\" class=\"attachment-large size-large wp-post-image\" alt=\"Portada cap\u00edtulo\" style=\"\" srcset=\"https:\/\/gicd.inf.um.es\/csidcav\/usuario24\/wp-content\/uploads\/2025\/12\/game-of-thrones-season-1-episode-1-winter-is-coming-v0-urcea3pq7ave1-1024x576.jpg 1024w, https:\/\/gicd.inf.um.es\/csidcav\/usuario24\/wp-content\/uploads\/2025\/12\/game-of-thrones-season-1-episode-1-winter-is-coming-v0-urcea3pq7ave1-300x169.jpg 300w, https:\/\/gicd.inf.um.es\/csidcav\/usuario24\/wp-content\/uploads\/2025\/12\/game-of-thrones-season-1-episode-1-winter-is-coming-v0-urcea3pq7ave1-768x432.jpg 768w, https:\/\/gicd.inf.um.es\/csidcav\/usuario24\/wp-content\/uploads\/2025\/12\/game-of-thrones-season-1-episode-1-winter-is-coming-v0-urcea3pq7ave1-1536x864.jpg 1536w, https:\/\/gicd.inf.um.es\/csidcav\/usuario24\/wp-content\/uploads\/2025\/12\/game-of-thrones-season-1-episode-1-winter-is-coming-v0-urcea3pq7ave1-1280x720.jpg 1280w, https:\/\/gicd.inf.um.es\/csidcav\/usuario24\/wp-content\/uploads\/2025\/12\/game-of-thrones-season-1-episode-1-winter-is-coming-v0-urcea3pq7ave1.jpg 1920w\" sizes=\"auto, (max-width: 640px) 100vw, 640px\" \/><\/a><\/div><a class=\"wp-block-latest-posts__post-title\" href=\"https:\/\/gicd.inf.um.es\/csidcav\/usuario24\/episodios-destacados\/\">Episodios destacados<\/a><\/li>\n<li><div class=\"wp-block-latest-posts__featured-image\"><a href=\"https:\/\/gicd.inf.um.es\/csidcav\/usuario24\/trivia\/\" aria-label=\"TRIVIA\"><img loading=\"lazy\" decoding=\"async\" width=\"640\" height=\"324\" src=\"https:\/\/gicd.inf.um.es\/csidcav\/usuario24\/wp-content\/uploads\/2025\/12\/descarga-26-1024x519.jpg\" class=\"attachment-large size-large wp-post-image\" alt=\"\" style=\"\" srcset=\"https:\/\/gicd.inf.um.es\/csidcav\/usuario24\/wp-content\/uploads\/2025\/12\/descarga-26-1024x519.jpg 1024w, https:\/\/gicd.inf.um.es\/csidcav\/usuario24\/wp-content\/uploads\/2025\/12\/descarga-26-300x152.jpg 300w, https:\/\/gicd.inf.um.es\/csidcav\/usuario24\/wp-content\/uploads\/2025\/12\/descarga-26-768x389.jpg 768w, https:\/\/gicd.inf.um.es\/csidcav\/usuario24\/wp-content\/uploads\/2025\/12\/descarga-26-rotated.jpg 1452w\" sizes=\"auto, (max-width: 640px) 100vw, 640px\" \/><\/a><\/div><a class=\"wp-block-latest-posts__post-title\" href=\"https:\/\/gicd.inf.um.es\/csidcav\/usuario24\/trivia\/\">TRIVIA<\/a><\/li>\n<\/ul>\n\n\n<div style=\"height:23px\" aria-hidden=\"true\" class=\"wp-block-spacer\"><\/div>\n\n\n\n<h2 class=\"wp-block-heading\">Personajes estrella<\/h2>\n\n\n<ul style=\"font-style:normal;font-weight:500;\" class=\"wp-block-latest-posts__list alignwide wp-block-latest-posts has-background has-white-background-color has-medium-font-size\"><li><div class=\"wp-block-latest-posts__featured-image alignleft\"><img loading=\"lazy\" decoding=\"async\" width=\"150\" height=\"150\" src=\"https:\/\/gicd.inf.um.es\/csidcav\/usuario24\/wp-content\/uploads\/2025\/12\/Arya_Stark_-_Iron_Throne_-_Art_From_Game_Of_Thrones_4763a302-2779-47b8-8f59-cb43fb59a554-150x150.webp\" class=\"attachment-thumbnail size-thumbnail wp-post-image\" alt=\"Portada personaje\" style=\"\" \/><\/div><a class=\"wp-block-latest-posts__post-title\" href=\"https:\/\/gicd.inf.um.es\/csidcav\/usuario24\/arya-stark\/\">Arya Stark<\/a><div class=\"wp-block-latest-posts__post-excerpt\">\u201cNot today.\u201d Arya Stark es la hija menor de la Casa Stark y uno de los personajes m\u00e1s valientes y decididos de Juego de Tronos. Tras una infancia marcada por la p\u00e9rdida y la huida, desarrolla habilidades como guerrera y asesina, guiada por su deseo de justicia y supervivencia en un mundo implacable. Maisie Williams&#8230; <a class=\"wp-block-latest-posts__read-more\" href=\"https:\/\/gicd.inf.um.es\/csidcav\/usuario24\/arya-stark\/\" rel=\"noopener noreferrer\">Lee m\u00e1s<span class=\"screen-reader-text\">: Arya Stark<\/span><\/a><\/div><\/li>\n<li><div class=\"wp-block-latest-posts__featured-image alignleft\"><img loading=\"lazy\" decoding=\"async\" width=\"150\" height=\"150\" src=\"https:\/\/gicd.inf.um.es\/csidcav\/usuario24\/wp-content\/uploads\/2025\/12\/Tyrion_Lannister-_Iron_Throne_-_Art_From_Game_Of_Thrones-150x150.webp\" class=\"attachment-thumbnail size-thumbnail wp-post-image\" alt=\"Portada personaje\" style=\"\" \/><\/div><a class=\"wp-block-latest-posts__post-title\" href=\"https:\/\/gicd.inf.um.es\/csidcav\/usuario24\/tyrion-lannister\/\">Tyrion Lannister<\/a><div class=\"wp-block-latest-posts__post-excerpt\">\u201cTyrion Lannister, the Imp\u201d Tyrion Lannister es miembro de la poderosa Casa Lannister y uno de los personajes m\u00e1s inteligentes y complejos de Poniente. A pesar del desprecio de su propia familia, destaca por su ingenio, su aguda capacidad pol\u00edtica y su habilidad para sobrevivir en un mundo dominado por la violencia y la ambici\u00f3n&#8230;. <a class=\"wp-block-latest-posts__read-more\" href=\"https:\/\/gicd.inf.um.es\/csidcav\/usuario24\/tyrion-lannister\/\" rel=\"noopener noreferrer\">Lee m\u00e1s<span class=\"screen-reader-text\">: Tyrion Lannister<\/span><\/a><\/div><\/li>\n<li><div class=\"wp-block-latest-posts__featured-image alignleft\"><img loading=\"lazy\" decoding=\"async\" width=\"150\" height=\"150\" src=\"https:\/\/gicd.inf.um.es\/csidcav\/usuario24\/wp-content\/uploads\/2025\/12\/68631b880b074212f55c8432_1869731412_WB0028-5-150x150.jpg\" class=\"attachment-thumbnail size-thumbnail wp-post-image\" alt=\"Portada personaje\" style=\"\" \/><\/div><a class=\"wp-block-latest-posts__post-title\" href=\"https:\/\/gicd.inf.um.es\/csidcav\/usuario24\/daenerys-targaryen\/\">Daenerys Targaryen<\/a><div class=\"wp-block-latest-posts__post-excerpt\">\u00abDaenerys Stormborn, Mother of Dragons\u00bb Daenerys Targaryen es una de las \u00faltimas descendientes de la Casa Targaryen, antigua dinast\u00eda gobernante de Poniente. Tras crecer exiliada, emprende un viaje de transformaci\u00f3n personal que la lleva de ser una joven vulnerable a convertirse en una poderosa l\u00edder decidida a recuperar el Trono de Hierro. Es conocida como&#8230; <a class=\"wp-block-latest-posts__read-more\" href=\"https:\/\/gicd.inf.um.es\/csidcav\/usuario24\/daenerys-targaryen\/\" rel=\"noopener noreferrer\">Lee m\u00e1s<span class=\"screen-reader-text\">: Daenerys Targaryen<\/span><\/a><\/div><\/li>\n<li><div class=\"wp-block-latest-posts__featured-image alignleft\"><img loading=\"lazy\" decoding=\"async\" width=\"150\" height=\"150\" src=\"https:\/\/gicd.inf.um.es\/csidcav\/usuario24\/wp-content\/uploads\/2025\/12\/68631b8025436f8361d7684a_57318595_WB0027-5-150x150.jpg\" class=\"attachment-thumbnail size-thumbnail wp-post-image\" alt=\"Portada personaje\" style=\"\" \/><\/div><a class=\"wp-block-latest-posts__post-title\" href=\"https:\/\/gicd.inf.um.es\/csidcav\/usuario24\/jon-snow\/\">Jon Snow<\/a><div class=\"wp-block-latest-posts__post-excerpt\">\u00abThe bastard\u00bb Hijo de Lyanna Stark y Rhaegar Targaryen (aunque criado como hijo ileg\u00edtimo de Ned Stark), valiente y honorable, miembro de la Guardia de la Noche y eventual Rey en el Norte. Kit Harington Actor brit\u00e1nico nacido en 1986. Alcanz\u00f3 fama internacional por interpretar a Jon Snow en Juego de Tronos, papel que le&#8230; <a class=\"wp-block-latest-posts__read-more\" href=\"https:\/\/gicd.inf.um.es\/csidcav\/usuario24\/jon-snow\/\" rel=\"noopener noreferrer\">Lee m\u00e1s<span class=\"screen-reader-text\">: Jon Snow<\/span><\/a><\/div><\/li>\n<\/ul>","protected":false},"excerpt":{"rendered":"<p>\u00abBienvenidos a nuestro micrositio dedicado al universo de George R.R. Martin. Aqu\u00ed encontrar\u00e1s todo nuestro contenido especializado.\u00bb Contenido destacado Personajes estrella<\/p>\n","protected":false},"author":1,"featured_media":0,"parent":0,"menu_order":0,"comment_status":"closed","ping_status":"closed","template":"","meta":{"pgc_sgb_lightbox_settings":"","footnotes":""},"class_list":["post-458","page","type-page","status-publish","hentry"],"_links":{"self":[{"href":"https:\/\/gicd.inf.um.es\/csidcav\/usuario24\/wp-json\/wp\/v2\/pages\/458","targetHints":{"allow":["GET"]}}],"collection":[{"href":"https:\/\/gicd.inf.um.es\/csidcav\/usuario24\/wp-json\/wp\/v2\/pages"}],"about":[{"href":"https:\/\/gicd.inf.um.es\/csidcav\/usuario24\/wp-json\/wp\/v2\/types\/page"}],"author":[{"embeddable":true,"href":"https:\/\/gicd.inf.um.es\/csidcav\/usuario24\/wp-json\/wp\/v2\/users\/1"}],"replies":[{"embeddable":true,"href":"https:\/\/gicd.inf.um.es\/csidcav\/usuario24\/wp-json\/wp\/v2\/comments?post=458"}],"version-history":[{"count":4,"href":"https:\/\/gicd.inf.um.es\/csidcav\/usuario24\/wp-json\/wp\/v2\/pages\/458\/revisions"}],"predecessor-version":[{"id":463,"href":"https:\/\/gicd.inf.um.es\/csidcav\/usuario24\/wp-json\/wp\/v2\/pages\/458\/revisions\/463"}],"wp:attachment":[{"href":"https:\/\/gicd.inf.um.es\/csidcav\/usuario24\/wp-json\/wp\/v2\/media?parent=458"}],"curies":[{"name":"wp","href":"https:\/\/api.w.org\/{rel}","templated":true}]}}