{"id":102,"date":"2025-10-31T17:23:43","date_gmt":"2025-10-31T16:23:43","guid":{"rendered":"https:\/\/gicd.inf.um.es\/csidcav\/usuario26\/?page_id=102"},"modified":"2025-11-19T17:22:00","modified_gmt":"2025-11-19T16:22:00","slug":"especial-series-de-xyz","status":"publish","type":"page","link":"https:\/\/gicd.inf.um.es\/csidcav\/usuario26\/especial-series-de-xyz\/","title":{"rendered":"Especial series de ACCI\u00d3N"},"content":{"rendered":"\n<div class=\"wp-block-media-text is-stacked-on-mobile\"><figure class=\"wp-block-media-text__media\"><img loading=\"lazy\" decoding=\"async\" width=\"1024\" height=\"670\" src=\"https:\/\/gicd.inf.um.es\/csidcav\/usuario26\/wp-content\/uploads\/2025\/10\/16548531190962-1024x670.jpg\" alt=\"\" class=\"wp-image-105 size-full\" srcset=\"https:\/\/gicd.inf.um.es\/csidcav\/usuario26\/wp-content\/uploads\/2025\/10\/16548531190962-1024x670.jpg 1024w, https:\/\/gicd.inf.um.es\/csidcav\/usuario26\/wp-content\/uploads\/2025\/10\/16548531190962-300x196.jpg 300w, https:\/\/gicd.inf.um.es\/csidcav\/usuario26\/wp-content\/uploads\/2025\/10\/16548531190962-768x503.jpg 768w, https:\/\/gicd.inf.um.es\/csidcav\/usuario26\/wp-content\/uploads\/2025\/10\/16548531190962.jpg 1280w\" sizes=\"auto, (max-width: 1024px) 100vw, 1024px\" \/><\/figure><div class=\"wp-block-media-text__content\">\n<p>El g\u00e9nero de acci\u00f3n en el cine&nbsp;se caracteriza por un ritmo r\u00e1pido y escenas emocionantes que incluyen persecuciones, peleas, explosiones y tiroteos para crear tensi\u00f3n y adrenalina. Las tramas suelen ser impulsadas por el protagonista en su lucha por alcanzar un objetivo, enfrent\u00e1ndose a desaf\u00edos f\u00edsicos y a un antagonista. <\/p>\n<\/div><\/div>\n\n\n\n<div style=\"height:100px\" aria-hidden=\"true\" class=\"wp-block-spacer\"><\/div>\n\n\n\n<div class=\"wp-block-query is-layout-flow wp-block-query-is-layout-flow\"><ul class=\"columns-2 wp-block-post-template is-layout-grid wp-container-core-post-template-is-layout-17361a50 wp-block-post-template-is-layout-grid\"><li class=\"wp-block-post post-363 post type-post status-publish format-standard hentry category-sin-categoria\">\n\n<div id=\"bs-blog-post\" class=\"wp-block-group\"><div class=\"wp-block-group__inner-container is-layout-constrained wp-block-group-is-layout-constrained\">\n\n\n<div id=\"small\" class=\"wp-block-group\"><div class=\"wp-block-group__inner-container is-layout-constrained wp-block-group-is-layout-constrained\"><div class=\"taxonomy-category wp-block-post-terms\"><a href=\"https:\/\/gicd.inf.um.es\/csidcav\/usuario26\/category\/sin-categoria\/\" rel=\"tag\">Sin categor\u00eda<\/a><\/div>\n\n<h2 class=\"wp-block-post-title\"><a href=\"https:\/\/gicd.inf.um.es\/csidcav\/usuario26\/curiosidades-de-la-serie-del-momento\/\" target=\"_self\" >\u00a1Curiosidades sobre Smiling Friends!<\/a><\/h2>\n\n<div class=\"wp-block-post-excerpt\"><p class=\"wp-block-post-excerpt__excerpt\">El origen y evoluci\u00f3n de Smiling Friends: de web a serie televisiva Smiling Friends comenz\u00f3 como un proyecto independiente de Michael Cusack y Zach Hadel, dos creadores con estilos muy particulares de animaci\u00f3n y humor. Inicialmente, produjeron cortos para plataformas digitales que r\u00e1pidamente ganaron seguidores por su humor negro y estilo visual \u00fanico. Gracias al&hellip; <\/p><\/div><\/div><\/div>\n\n\n\n<div style=\"height:30px\" aria-hidden=\"true\" class=\"wp-block-spacer\"><\/div>\n<\/div><\/div>\n\n<\/li><li class=\"wp-block-post post-442 post type-post status-publish format-standard hentry category-sin-categoria\">\n\n<div id=\"bs-blog-post\" class=\"wp-block-group\"><div class=\"wp-block-group__inner-container is-layout-constrained wp-block-group-is-layout-constrained\">\n\n\n<div id=\"small\" class=\"wp-block-group\"><div class=\"wp-block-group__inner-container is-layout-constrained wp-block-group-is-layout-constrained\"><div class=\"taxonomy-category wp-block-post-terms\"><a href=\"https:\/\/gicd.inf.um.es\/csidcav\/usuario26\/category\/sin-categoria\/\" rel=\"tag\">Sin categor\u00eda<\/a><\/div>\n\n<h2 class=\"wp-block-post-title\"><a href=\"https:\/\/gicd.inf.um.es\/csidcav\/usuario26\/quiz-de-smiling-friends\/\" target=\"_self\" >\u00a1Quiz de Smiling Friends!<\/a><\/h2>\n\n<div class=\"wp-block-post-excerpt\"><p class=\"wp-block-post-excerpt__excerpt\"> <\/p><\/div><\/div><\/div>\n\n\n\n<div style=\"height:30px\" aria-hidden=\"true\" class=\"wp-block-spacer\"><\/div>\n<\/div><\/div>\n\n<\/li><li class=\"wp-block-post post-419 post type-post status-publish format-standard hentry category-sin-categoria\">\n\n<div id=\"bs-blog-post\" class=\"wp-block-group\"><div class=\"wp-block-group__inner-container is-layout-constrained wp-block-group-is-layout-constrained\">\n\n\n<div id=\"small\" class=\"wp-block-group\"><div class=\"wp-block-group__inner-container is-layout-constrained wp-block-group-is-layout-constrained\"><div class=\"taxonomy-category wp-block-post-terms\"><a href=\"https:\/\/gicd.inf.um.es\/csidcav\/usuario26\/category\/sin-categoria\/\" rel=\"tag\">Sin categor\u00eda<\/a><\/div>\n\n<h2 class=\"wp-block-post-title\"><a href=\"https:\/\/gicd.inf.um.es\/csidcav\/usuario26\/actor-de-doblaje-de-alan\/\" target=\"_self\" >Actor de doblaje de Alan<\/a><\/h2>\n\n<div class=\"wp-block-post-excerpt\"><p class=\"wp-block-post-excerpt__excerpt\">Michael Cusack Michael R. Cusack es un animador, actor de doblaje, fot\u00f3grafo, escritor, director y productor australiano. Es cocreador y coprotagonista, junto con su colega animador Zach Hadel, de la serie animada de Adult Swim, Smiling Friends, y creador y protagonista de YOLO y Koala Man. Adem\u00e1s de animar la serie, es quien da vida&hellip; <\/p><\/div><\/div><\/div>\n\n\n\n<div style=\"height:30px\" aria-hidden=\"true\" class=\"wp-block-spacer\"><\/div>\n<\/div><\/div>\n\n<\/li><li class=\"wp-block-post post-407 post type-post status-publish format-standard hentry category-sin-categoria\">\n\n<div id=\"bs-blog-post\" class=\"wp-block-group\"><div class=\"wp-block-group__inner-container is-layout-constrained wp-block-group-is-layout-constrained\">\n\n\n<div id=\"small\" class=\"wp-block-group\"><div class=\"wp-block-group__inner-container is-layout-constrained wp-block-group-is-layout-constrained\"><div class=\"taxonomy-category wp-block-post-terms\"><a href=\"https:\/\/gicd.inf.um.es\/csidcav\/usuario26\/category\/sin-categoria\/\" rel=\"tag\">Sin categor\u00eda<\/a><\/div>\n\n<h2 class=\"wp-block-post-title\"><a href=\"https:\/\/gicd.inf.um.es\/csidcav\/usuario26\/actor-de-doblaje-de-charlie\/\" target=\"_self\" >Actor de doblaje de Charlie<\/a><\/h2>\n\n<div class=\"wp-block-post-excerpt\"><p class=\"wp-block-post-excerpt__excerpt\"> <\/p><\/div><\/div><\/div>\n\n\n\n<div style=\"height:30px\" aria-hidden=\"true\" class=\"wp-block-spacer\"><\/div>\n<\/div><\/div>\n\n<\/li><\/ul>\n\n<nav class=\"wp-block-query-pagination is-layout-flex wp-block-query-pagination-is-layout-flex\" aria-label=\"Paginaci\u00f3n\">\n\n\n<div class=\"wp-block-query-pagination-numbers\"><span aria-label=\"P\u00e1gina 1\" aria-current=\"page\" class=\"page-numbers current\">1<\/span>\n<a aria-label=\"P\u00e1gina 2\" class=\"page-numbers\" href=\"?query-51-page=2\">2<\/a>\n<a aria-label=\"P\u00e1gina 3\" class=\"page-numbers\" href=\"?query-51-page=3\">3<\/a>\n<span class=\"page-numbers dots\">&hellip;<\/span>\n<a aria-label=\"P\u00e1gina 7\" class=\"page-numbers\" href=\"?query-51-page=7\">7<\/a><\/div>\n\n<a href=\"\/csidcav\/usuario26\/wp-json\/wp\/v2\/pages\/102?query-51-page=2\" class=\"wp-block-query-pagination-next\">P\u00e1gina siguiente<\/a>\n<\/nav>\n\n<\/div>\n\n\n\n<h2 class=\"wp-block-heading\">Series premiadas<\/h2>\n\n\n\n<div class=\"wp-block-cp-timeline-content-timeline Cool-Content-Timeline\"><div class=\"cool-timeline-block-c4c58cae-3c5e-400b-8675-5d8962b38bea\"><style>.cool-timeline-block-c4c58cae-3c5e-400b-8675-5d8962b38bea .cool-vertical-timeline-body{--ctlb-date-color: #fb1a00;}<\/style><div class=\"cool-vertical-timeline-body ctlb-wrapper both-sided left\"><div class=\"cool-timeline-block-list\">\n<div class=\"wp-block-cp-timeline-content-timeline-child swiper-slide\"><div class=\"timeline-content icon-false \"><div class=\"timeline-block-timeline ctl-row  position-right\"><div class=\"ctl-6 timeline-block-time\"><div class=\"story-time\"><p>2015<\/p><\/div><\/div><div class=\"timeline-block-icon\"><svg stroke=\"currentColor\" fill=\"currentColor\" stroke-width=\"0\" viewBox=\"0 0 512 512\" height=\"1em\" width=\"1em\" xmlns=\"http:\/\/www.w3.org\/2000\/svg\"><path d=\"M256 8C119 8 8 119 8 256s111 248 248 248 248-111 248-248S393 8 256 8z\"><\/path><\/svg><\/div><div class=\"ctl-6 timeline-block-detail\"><div class=\"story-details\"><div class=\"story-content\">\n<figure class=\"wp-block-image size-full ctlb-block-image is-style-rounded\"><img loading=\"lazy\" decoding=\"async\" width=\"708\" height=\"1000\" src=\"https:\/\/gicd.inf.um.es\/csidcav\/usuario26\/wp-content\/uploads\/2025\/11\/P-2015-happyvalley.jpg\" alt=\"\" class=\"wp-image-200\" style=\"aspect-ratio:4\/3;object-fit:cover\" srcset=\"https:\/\/gicd.inf.um.es\/csidcav\/usuario26\/wp-content\/uploads\/2025\/11\/P-2015-happyvalley.jpg 708w, https:\/\/gicd.inf.um.es\/csidcav\/usuario26\/wp-content\/uploads\/2025\/11\/P-2015-happyvalley-212x300.jpg 212w\" sizes=\"auto, (max-width: 708px) 100vw, 708px\" \/><\/figure>\n\n\n\n<h3 class=\"wp-block-heading ctlb-block-title\" style=\"padding-top:0px;padding-right:0px;padding-bottom:0px;padding-left:0px\">Happy Valley<\/h3>\n\n\n\n<p class=\"ctlb-block-desc\" style=\"padding-top:0px;padding-right:0px;padding-bottom:0px;padding-left:0px\"><br>BAFTA TV Award \u2013 Best Drama Series.<\/p>\n<\/div><\/div><\/div><\/div><\/div><\/div>\n\n\n\n<div class=\"wp-block-cp-timeline-content-timeline-child swiper-slide\"><div class=\"timeline-content icon-false \"><div class=\"timeline-block-timeline ctl-row  position-left\"><div class=\"ctl-6 timeline-block-time\"><div class=\"story-time\"><p>Feb 2, 2020<\/p><\/div><\/div><div class=\"timeline-block-icon\"><svg stroke=\"currentColor\" fill=\"currentColor\" stroke-width=\"0\" viewBox=\"0 0 512 512\" height=\"1em\" width=\"1em\" xmlns=\"http:\/\/www.w3.org\/2000\/svg\"><path d=\"M256 8C119 8 8 119 8 256s111 248 248 248 248-111 248-248S393 8 256 8z\"><\/path><\/svg><\/div><div class=\"ctl-6 timeline-block-detail\"><div class=\"story-details\"><div class=\"story-content\">\n<h3 class=\"wp-block-heading ctlb-block-title\" style=\"padding-top:0px;padding-right:0px;padding-bottom:0px;padding-left:0px\">Amazon Prime debuts<\/h3>\n\n\n\n<p class=\"ctlb-block-desc\" style=\"padding-top:0px;padding-right:0px;padding-bottom:0px;padding-left:0px\">Aliter homines, aliter philosophos loqui putas oportere? Sin aliud quid voles, postea. Mihi enim satis est, ipsis non satis. Negat enim summo bono afferre incrementum diem. Quod ea non occurrentia fingunt, vincunt Aristonem., you can change me anytime click here, <\/p>\n<\/div><\/div><\/div><\/div><\/div><\/div>\n\n\n\n<div class=\"wp-block-cp-timeline-content-timeline-child swiper-slide\"><div class=\"timeline-content icon-true \"><div class=\"timeline-block-timeline ctl-row  position-right\"><div class=\"ctl-6 timeline-block-time\"><div class=\"story-time\"><p>Jan 31, 2021<\/p><\/div><\/div><div class=\"timeline-block-icon\"><span class=\"timeline-block-render-icon\" style=\"fill:white\"><div class=\"iconpicker-item\" style=\"font-size:24px;color:white;padding:2px\"><svg stroke=\"currentColor\" fill=\"currentColor\" stroke-width=\"0\" viewBox=\"0 0 448 512\" height=\"1em\" width=\"1em\" xmlns=\"http:\/\/www.w3.org\/2000\/svg\"><path d=\"M416 112c-17.6 0-32 14.4-32 32v72c0 4.4-3.6 8-8 8h-16c-4.4 0-8-3.6-8-8V64c0-17.6-14.4-32-32-32s-32 14.4-32 32v152c0 4.4-3.6 8-8 8h-16c-4.4 0-8-3.6-8-8V32c0-17.6-14.4-32-32-32s-32 14.4-32 32v184c0 4.4-3.6 8-8 8h-16c-4.4 0-8-3.6-8-8V64c0-17.6-14.4-32-32-32S96 46.4 96 64v241l-23.6-32.5c-13-17.9-38-21.8-55.9-8.8s-21.8 38-8.8 55.9l125.6 172.7c9 12.4 23.5 19.8 38.8 19.8h197.6c22.3 0 41.6-15.3 46.7-37l26.5-112.7c3.2-13.7 4.9-28.3 5.1-42.3V144c0-17.6-14.4-32-32-32zM176 416c-8.8 0-16-7.2-16-16s7.2-16 16-16 16 7.2 16 16-7.2 16-16 16zm0-96c-8.8 0-16-7.2-16-16s7.2-16 16-16 16 7.2 16 16-7.2 16-16 16zm64 128c-8.8 0-16-7.2-16-16s7.2-16 16-16 16 7.2 16 16-7.2 16-16 16zm0-96c-8.8 0-16-7.2-16-16s7.2-16 16-16 16 7.2 16 16-7.2 16-16 16zm64 32c-8.8 0-16-7.2-16-16s7.2-16 16-16 16 7.2 16 16-7.2 16-16 16zm32 64c-8.8 0-16-7.2-16-16s7.2-16 16-16 16 7.2 16 16-7.2 16-16 16zm32-128c-8.8 0-16-7.2-16-16s7.2-16 16-16 16 7.2 16 16-7.2 16-16 16z\"><\/path><\/svg><\/div><\/span><\/div><div class=\"ctl-6 timeline-block-detail\"><div class=\"story-details\"><div class=\"story-content\">\n<figure class=\"wp-block-image ctlb-block-image\"><img decoding=\"async\" src=\"https:\/\/cooltimeline.com\/wp-content\/uploads\/2022\/11\/amazon3-1-600x338.png\" alt=\"\" style=\"aspect-ratio:4\/3;object-fit:cover\"\/><\/figure>\n\n\n\n<h3 class=\"wp-block-heading ctlb-block-title\" style=\"padding-top:0px;padding-right:0px;padding-bottom:0px;padding-left:0px\">Amazon acquires Audible<\/h3>\n\n\n\n<p class=\"ctlb-block-desc\" style=\"padding-top:0px;padding-right:0px;padding-bottom:0px;padding-left:0px\">Lorem ipsum dolor sit amet, consectetur adipiscing elit, sed do eiusmod tempor incididunt ut labore et dolore magna aliqua. Ut enim ad minim veniam, quis nostrud exercitation ullamco laboris nisi ut aliquip ex ea commodo consequat.<\/p>\n<\/div><\/div><\/div><\/div><\/div><\/div>\n<\/div><\/div><\/div><\/div>\n","protected":false},"excerpt":{"rendered":"<p>El g\u00e9nero de acci\u00f3n en el cine&nbsp;se caracteriza por un ritmo r\u00e1pido y escenas emocionantes que incluyen persecuciones, peleas, explosiones y tiroteos para crear tensi\u00f3n y adrenalina. Las tramas suelen ser impulsadas por el protagonista en su lucha por alcanzar un objetivo, enfrent\u00e1ndose a desaf\u00edos f\u00edsicos y a un antagonista. Series premiadas<\/p>\n","protected":false},"author":1,"featured_media":0,"parent":0,"menu_order":0,"comment_status":"closed","ping_status":"closed","template":"","meta":{"pgc_sgb_lightbox_settings":"","footnotes":""},"class_list":["post-102","page","type-page","status-publish","hentry"],"_links":{"self":[{"href":"https:\/\/gicd.inf.um.es\/csidcav\/usuario26\/wp-json\/wp\/v2\/pages\/102","targetHints":{"allow":["GET"]}}],"collection":[{"href":"https:\/\/gicd.inf.um.es\/csidcav\/usuario26\/wp-json\/wp\/v2\/pages"}],"about":[{"href":"https:\/\/gicd.inf.um.es\/csidcav\/usuario26\/wp-json\/wp\/v2\/types\/page"}],"author":[{"embeddable":true,"href":"https:\/\/gicd.inf.um.es\/csidcav\/usuario26\/wp-json\/wp\/v2\/users\/1"}],"replies":[{"embeddable":true,"href":"https:\/\/gicd.inf.um.es\/csidcav\/usuario26\/wp-json\/wp\/v2\/comments?post=102"}],"version-history":[{"count":9,"href":"https:\/\/gicd.inf.um.es\/csidcav\/usuario26\/wp-json\/wp\/v2\/pages\/102\/revisions"}],"predecessor-version":[{"id":203,"href":"https:\/\/gicd.inf.um.es\/csidcav\/usuario26\/wp-json\/wp\/v2\/pages\/102\/revisions\/203"}],"wp:attachment":[{"href":"https:\/\/gicd.inf.um.es\/csidcav\/usuario26\/wp-json\/wp\/v2\/media?parent=102"}],"curies":[{"name":"wp","href":"https:\/\/api.w.org\/{rel}","templated":true}]}}