{"id":150,"date":"2025-11-12T17:11:11","date_gmt":"2025-11-12T16:11:11","guid":{"rendered":"https:\/\/gicd.inf.um.es\/csidcav\/usuario26\/?page_id=150"},"modified":"2025-12-12T02:03:23","modified_gmt":"2025-12-12T01:03:23","slug":"contacta-con-nosotros","status":"publish","type":"page","link":"https:\/\/gicd.inf.um.es\/csidcav\/usuario26\/contacta-con-nosotros\/","title":{"rendered":"Contacta con nosotros"},"content":{"rendered":"\n<p>Bienvenidos al equipo de redacci\u00f3n. Nuestro equipo est\u00e1 compuesto por profesionales apasionados por la escritura, el entretenimiento, y sobretodo, por compartirlo con todo el mundo.<\/p>\n\n\n\n<h2 class=\"wp-block-heading\">Francisco L\u00f3pez Morga &#8211; Jefe de redacci\u00f3n<\/h2>\n\n\n\n<div class=\"wp-block-media-text is-stacked-on-mobile\"><figure class=\"wp-block-media-text__media\"><img loading=\"lazy\" decoding=\"async\" width=\"549\" height=\"547\" src=\"https:\/\/gicd.inf.um.es\/csidcav\/usuario26\/wp-content\/uploads\/2025\/12\/width_550.webp\" alt=\"\" class=\"wp-image-466 size-full\" srcset=\"https:\/\/gicd.inf.um.es\/csidcav\/usuario26\/wp-content\/uploads\/2025\/12\/width_550.webp 549w, https:\/\/gicd.inf.um.es\/csidcav\/usuario26\/wp-content\/uploads\/2025\/12\/width_550-300x300.webp 300w, https:\/\/gicd.inf.um.es\/csidcav\/usuario26\/wp-content\/uploads\/2025\/12\/width_550-150x150.webp 150w\" sizes=\"auto, (max-width: 549px) 100vw, 549px\" \/><\/figure><div class=\"wp-block-media-text__content\">\n<p>Francisco es un apasionado de la comunicaci\u00f3n y la escritura con m\u00e1s de 10 a\u00f1os de experiencia en medios digitales y prensa escrita. Como jefe de redacci\u00f3n, lidera un equipo creativo dedicado a producir contenidos de alta calidad, combinando rigurosidad informativa con un enfoque innovador.<\/p>\n<\/div><\/div>\n\n\n\n<div style=\"height:100px\" aria-hidden=\"true\" class=\"wp-block-spacer\"><\/div>\n\n\n\n<h2 class=\"wp-block-heading\">Mar\u00eda Gonz\u00e1lez &#8211; Editora de contenidos digitales<\/h2>\n\n\n\n<div class=\"wp-block-media-text has-media-on-the-right is-stacked-on-mobile\" style=\"grid-template-columns:auto 39%\"><div class=\"wp-block-media-text__content\">\n<p>es una experta en contenidos digitales con m\u00e1s de 5 a\u00f1os de experiencia en redacci\u00f3n, edici\u00f3n y gesti\u00f3n de plataformas web. Como editora de contenidos, se encarga de supervisar la coherencia y calidad de todos los textos publicados, adapt\u00e1ndolos a distintos formatos y p\u00fablicos.<\/p>\n<\/div><figure class=\"wp-block-media-text__media\"><img loading=\"lazy\" decoding=\"async\" width=\"683\" height=\"1024\" src=\"https:\/\/gicd.inf.um.es\/csidcav\/usuario26\/wp-content\/uploads\/2025\/12\/Woman_in_Eyeglasses_3-683x1024.jpg\" alt=\"\" class=\"wp-image-467 size-full\" srcset=\"https:\/\/gicd.inf.um.es\/csidcav\/usuario26\/wp-content\/uploads\/2025\/12\/Woman_in_Eyeglasses_3-683x1024.jpg 683w, https:\/\/gicd.inf.um.es\/csidcav\/usuario26\/wp-content\/uploads\/2025\/12\/Woman_in_Eyeglasses_3-200x300.jpg 200w, https:\/\/gicd.inf.um.es\/csidcav\/usuario26\/wp-content\/uploads\/2025\/12\/Woman_in_Eyeglasses_3-768x1152.jpg 768w, https:\/\/gicd.inf.um.es\/csidcav\/usuario26\/wp-content\/uploads\/2025\/12\/Woman_in_Eyeglasses_3-1024x1536.jpg 1024w, https:\/\/gicd.inf.um.es\/csidcav\/usuario26\/wp-content\/uploads\/2025\/12\/Woman_in_Eyeglasses_3-1365x2048.jpg 1365w, https:\/\/gicd.inf.um.es\/csidcav\/usuario26\/wp-content\/uploads\/2025\/12\/Woman_in_Eyeglasses_3-scaled.jpg 1707w\" sizes=\"auto, (max-width: 683px) 100vw, 683px\" \/><\/figure><\/div>\n\n\n\n<div class=\"wpcf7 no-js\" id=\"wpcf7-f469-o1\" lang=\"es-ES\" dir=\"ltr\" data-wpcf7-id=\"469\">\n<div class=\"screen-reader-response\"><p role=\"status\" aria-live=\"polite\" aria-atomic=\"true\"><\/p> <ul><\/ul><\/div>\n<form action=\"\/csidcav\/usuario26\/wp-json\/wp\/v2\/pages\/150#wpcf7-f469-o1\" method=\"post\" class=\"wpcf7-form init\" aria-label=\"Formulario de contacto\" novalidate=\"novalidate\" data-status=\"init\">\n<fieldset class=\"hidden-fields-container\"><input type=\"hidden\" name=\"_wpcf7\" value=\"469\" \/><input type=\"hidden\" name=\"_wpcf7_version\" value=\"6.1.3\" \/><input type=\"hidden\" name=\"_wpcf7_locale\" value=\"es_ES\" \/><input type=\"hidden\" name=\"_wpcf7_unit_tag\" value=\"wpcf7-f469-o1\" \/><input type=\"hidden\" name=\"_wpcf7_container_post\" value=\"0\" \/><input type=\"hidden\" name=\"_wpcf7_posted_data_hash\" value=\"\" \/>\n<\/fieldset>\n<p><label>Nombre<br \/>\n<span class=\"wpcf7-form-control-wrap\" data-name=\"your-name\"><input size=\"40\" maxlength=\"400\" class=\"wpcf7-form-control wpcf7-text wpcf7-validates-as-required\" aria-required=\"true\" aria-invalid=\"false\" value=\"\" type=\"text\" name=\"your-name\" \/><\/span><br \/>\n<\/label>\n<\/p>\n<p><label>Email<br \/>\n<span class=\"wpcf7-form-control-wrap\" data-name=\"your-email\"><input size=\"40\" maxlength=\"400\" class=\"wpcf7-form-control wpcf7-email wpcf7-validates-as-required wpcf7-text wpcf7-validates-as-email\" aria-required=\"true\" aria-invalid=\"false\" value=\"\" type=\"email\" name=\"your-email\" \/><\/span><br \/>\n<\/label>\n<\/p>\n<p><label>Asunto<br \/>\n<span class=\"wpcf7-form-control-wrap\" data-name=\"subject\"><select class=\"wpcf7-form-control wpcf7-select wpcf7-validates-as-required\" aria-required=\"true\" aria-invalid=\"false\" name=\"subject\"><option value=\"Consulta general\">Consulta general<\/option><option value=\"Propuesta de colaboraci\u00f3n\">Propuesta de colaboraci\u00f3n<\/option><option value=\"Otro\">Otro<\/option><\/select><\/span><br \/>\n<\/label>\n<\/p>\n<p><label>Mensaje<br \/>\n<span class=\"wpcf7-form-control-wrap\" data-name=\"your-message\"><textarea cols=\"40\" rows=\"10\" maxlength=\"2000\" class=\"wpcf7-form-control wpcf7-textarea wpcf7-validates-as-required\" aria-required=\"true\" aria-invalid=\"false\" name=\"your-message\"><\/textarea><\/span><br \/>\n<\/label>\n<\/p>\n<p><label>Suscribirse al bolet\u00edn<br \/>\n<span class=\"wpcf7-form-control-wrap\" data-name=\"newsletter\"><span class=\"wpcf7-form-control wpcf7-checkbox\"><span class=\"wpcf7-list-item first last\"><input type=\"checkbox\" name=\"newsletter[]\" value=\"S\u00ed, quiero recibir novedades\" \/><span class=\"wpcf7-list-item-label\">S\u00ed, quiero recibir novedades<\/span><\/span><\/span><\/span><br \/>\n<\/label>\n<\/p>\n<p><input class=\"wpcf7-form-control wpcf7-submit has-spinner\" type=\"submit\" value=\"Enviar\" \/>\n<\/p><div class=\"wpcf7-response-output\" aria-hidden=\"true\"><\/div>\n<\/form>\n<\/div>\n\n","protected":false},"excerpt":{"rendered":"<p>Bienvenidos al equipo de redacci\u00f3n. Nuestro equipo est\u00e1 compuesto por profesionales apasionados por la escritura, el entretenimiento, y sobretodo, por compartirlo con todo el mundo. Francisco L\u00f3pez Morga &#8211; Jefe de redacci\u00f3n Francisco es un apasionado de la comunicaci\u00f3n y la escritura con m\u00e1s de 10 a\u00f1os de experiencia en medios digitales y prensa escrita. [&hellip;]<\/p>\n","protected":false},"author":1,"featured_media":0,"parent":0,"menu_order":0,"comment_status":"closed","ping_status":"closed","template":"","meta":{"pgc_sgb_lightbox_settings":"","footnotes":""},"class_list":["post-150","page","type-page","status-publish","hentry"],"_links":{"self":[{"href":"https:\/\/gicd.inf.um.es\/csidcav\/usuario26\/wp-json\/wp\/v2\/pages\/150","targetHints":{"allow":["GET"]}}],"collection":[{"href":"https:\/\/gicd.inf.um.es\/csidcav\/usuario26\/wp-json\/wp\/v2\/pages"}],"about":[{"href":"https:\/\/gicd.inf.um.es\/csidcav\/usuario26\/wp-json\/wp\/v2\/types\/page"}],"author":[{"embeddable":true,"href":"https:\/\/gicd.inf.um.es\/csidcav\/usuario26\/wp-json\/wp\/v2\/users\/1"}],"replies":[{"embeddable":true,"href":"https:\/\/gicd.inf.um.es\/csidcav\/usuario26\/wp-json\/wp\/v2\/comments?post=150"}],"version-history":[{"count":7,"href":"https:\/\/gicd.inf.um.es\/csidcav\/usuario26\/wp-json\/wp\/v2\/pages\/150\/revisions"}],"predecessor-version":[{"id":470,"href":"https:\/\/gicd.inf.um.es\/csidcav\/usuario26\/wp-json\/wp\/v2\/pages\/150\/revisions\/470"}],"wp:attachment":[{"href":"https:\/\/gicd.inf.um.es\/csidcav\/usuario26\/wp-json\/wp\/v2\/media?parent=150"}],"curies":[{"name":"wp","href":"https:\/\/api.w.org\/{rel}","templated":true}]}}