{"id":169,"date":"2025-11-14T10:50:59","date_gmt":"2025-11-14T09:50:59","guid":{"rendered":"https:\/\/gicd.inf.um.es\/csidcav\/usuario26\/?page_id=169"},"modified":"2025-11-14T10:57:38","modified_gmt":"2025-11-14T09:57:38","slug":"listado-de-actrices-y-actores","status":"publish","type":"page","link":"https:\/\/gicd.inf.um.es\/csidcav\/usuario26\/listado-de-actrices-y-actores\/","title":{"rendered":"Listado de actrices y actores"},"content":{"rendered":"\n<p>En esta p\u00e1gina recopilamos la informaci\u00f3n de cada una de las actrices y actores que protagonizan nuestras series preferidas.<\/p>\n\n\n\n<div class=\"wp-block-query is-layout-flow wp-block-query-is-layout-flow\"><ul class=\"wp-block-post-template is-layout-flow wp-block-post-template-is-layout-flow\"><li class=\"wp-block-post post-146 actor type-actor status-publish hentry\">\n<h2 class=\"wp-block-post-title\"><a href=\"https:\/\/gicd.inf.um.es\/csidcav\/usuario26\/actor\/noah-schnapp\/\" target=\"_self\" >Noah Schnapp<\/a><\/h2>\n\n<p>Noah Schnapp (Scarsdale, Nueva York; 3 de octubre de 2004) es un actor estadounidense conocido por su interpretaci\u00f3n de Will Byers en la serie de ciencia ficci\u00f3n producida por Netflix Stranger Things.<\/p>\n\n<\/li><li class=\"wp-block-post post-145 actor type-actor status-publish hentry\">\n<h2 class=\"wp-block-post-title\"><a href=\"https:\/\/gicd.inf.um.es\/csidcav\/usuario26\/actor\/millie-bobby-brown\/\" target=\"_self\" >Millie Bobby Brown<\/a><\/h2>\n\n<p>Millie Bobby Brown (Marbella, 19 de febrero de 2004)\u200b es una actriz y modelo brit\u00e1nica. Inici\u00f3 su carrera en la actuaci\u00f3n desde muy peque\u00f1a cuando se mud\u00f3 a Orlando, Florida en 2011. Salt\u00f3 a la fama por su interpretaci\u00f3n del papel de Once en la serie de Netflix Stranger Things.<\/p>\n\n<\/li><li class=\"wp-block-post post-144 actor type-actor status-publish hentry\">\n<h2 class=\"wp-block-post-title\"><a href=\"https:\/\/gicd.inf.um.es\/csidcav\/usuario26\/actor\/aaron-paul\/\" target=\"_self\" >Aaron Paul<\/a><\/h2>\n\n<p>Aaron Paul Sturtevant\u200b (Emmett, Idaho; 27 de agosto de 1979) es un actor y productor estadounidense conocido por interpretar al personaje de Jesse Pinkman en la serie de AMC Breaking Bad, desde su estreno el 20 de enero de 2008. Tambi\u00e9n tiene un papel recurrente como Scott en la serie de HBO Big Love, adem\u00e1s de haber protagonizado la pel\u00edcula Need for Speed.<\/p>\n\n<\/li><li class=\"wp-block-post post-143 actor type-actor status-publish hentry\">\n<h2 class=\"wp-block-post-title\"><a href=\"https:\/\/gicd.inf.um.es\/csidcav\/usuario26\/actor\/bryan-cranston\/\" target=\"_self\" >Bryan Cranston<\/a><\/h2>\n\n<p>Bryan Lee Cranston es un actor, actor de voz, guionista, productor y director estadounidense, reconocido por su interpretaci\u00f3n de Walter White (en la serie de AMC Breaking Bad), de Hal Wilkerson (el padre de familia de la serie de FOX Malcolm in the middle), y del doctor Tim Whatley (en la comedia de NBC Seinfeld). El papel de Walter White le ha convertido en uno de los grandes en el panorama del cine y la televisi\u00f3n habiendo sido galardonado con numerosos premios como los Emmy y los Globos de Oro. En la d\u00e9cada de los 2000 pas\u00f3 de ser un actor de papeles menores a ser uno de los m\u00e1s reconocidos en la industria cinematogr\u00e1fica, llegando a ser nominado a los Premios \u00d3scar en 2016.<\/p>\n\n<\/li><li class=\"wp-block-post post-142 actor type-actor status-publish hentry\">\n<h2 class=\"wp-block-post-title\"><a href=\"https:\/\/gicd.inf.um.es\/csidcav\/usuario26\/actor\/giancarlo-esposito\/\" target=\"_self\" >Giancarlo Esposito<\/a><\/h2>\n\n<p>Giancarlo Giuseppe Alessandro Esposito (Copenhague, 26 de abril de 1958), conocido como Giancarlo Esposito, es un actor y director de cine y televisi\u00f3n estadounidense nacido en Dinamarca, conocido sobre todo por su papel como Gustavo \u00abGus\u00bb Fring en las series Breaking Bad y Better Call Saul, y como Moff Gideon en The Mandalorian.<\/p>\n\n<\/li><li class=\"wp-block-post post-141 actor type-actor status-publish hentry\">\n<h2 class=\"wp-block-post-title\"><a href=\"https:\/\/gicd.inf.um.es\/csidcav\/usuario26\/actor\/sarayu-blue\/\" target=\"_self\" >Sarayu Blue<\/a><\/h2>\n\n<p>Sarayu Rao (nacida el 7 de marzo de 1975), tambi\u00e9n conocida como Sarayu R. Blue, es una actriz estadounidense. Quiz\u00e1s sea mejor conocida por su papel recurrente de Angela en la comedia de Fox Sons of Tucson, as\u00ed como de la Dra. Sydney Napur en Monday Mornings de David E. Kelley en TNT.<\/p>\n\n<\/li><li class=\"wp-block-post post-140 actor type-actor status-publish hentry\">\n<h2 class=\"wp-block-post-title\"><a href=\"https:\/\/gicd.inf.um.es\/csidcav\/usuario26\/actor\/nicole-kidman\/\" target=\"_self\" >Nicole Kidman<\/a><\/h2>\n\n<p>Nicole Mary Kidman\u200b (Honolulu, Haw\u00e1i; 20 de junio de 1967) es una actriz, productora y cantante australiana nacida en Estados Unidos. Ha recibido numerosos galardones, incluidos un Premio \u00d3scar, un Premio BAFTA, un Premio del Sindicato de Actores de la Pantalla, dos Premios Primetime Emmy y cinco Globos de Oro.<\/p>\n\n<\/li><li class=\"wp-block-post post-139 actor type-actor status-publish hentry\">\n<h2 class=\"wp-block-post-title\"><a href=\"https:\/\/gicd.inf.um.es\/csidcav\/usuario26\/actor\/emilia-clarke\/\" target=\"_self\" >Emilia Clarke<\/a><\/h2>\n\n<p>Emilia Isobel Euphemia Rose Clarke (Londres, 23 de octubre de 1986),\u200b conocida como Emilia Clarke, es una actriz y autora brit\u00e1nica, conocida principalmente por interpretar a Daenerys Targaryen en la serie de HBO Game of Thrones.<\/p>\n\n<\/li><li class=\"wp-block-post post-138 actor type-actor status-publish hentry\">\n<h2 class=\"wp-block-post-title\"><a href=\"https:\/\/gicd.inf.um.es\/csidcav\/usuario26\/actor\/kit-harrington\/\" target=\"_self\" >Kit Harrington<\/a><\/h2>\n\n<p>Christopher Catesby Harington (Acton, Gran Londres, Reino Unido, 26 de diciembre de 1986), m\u00e1s conocido como Kit Harington, es un actor brit\u00e1nico, reconocido internacionalmente por su papel de Jon Snow en la serie Game Of Thrones y por su participaci\u00f3n como el Caballero Negro en la pel\u00edcula Eternals (2021) de Marvel Studios.<\/p>\n\n<\/li><li class=\"wp-block-post post-136 actor type-actor status-publish hentry\">\n<h2 class=\"wp-block-post-title\"><a href=\"https:\/\/gicd.inf.um.es\/csidcav\/usuario26\/actor\/bella-ramsey\/\" target=\"_self\" >Bella Ramsey<\/a><\/h2>\n\n<p>Isabella May Ramsey (Nottinghamshire, Inglaterra, 25 de septiembre de 2003\u200b), m\u00e1s conocida como Bella Ramsey, es una persona int\u00e9rprete de cine, televisi\u00f3n y teatro brit\u00e1nica. Interpret\u00f3 a Lyanna Mormont en Juego de tronos,\u200b a Mildred Hubble en The Worst Witch, a Hilda en la serie del mismo nombre y a Ellie en la serie de televisi\u00f3n basada en el videojuego The Last of Us.<\/p>\n\n<\/li><\/ul>\n\n<nav class=\"wp-block-query-pagination is-layout-flex wp-block-query-pagination-is-layout-flex\" aria-label=\"Paginaci\u00f3n\">\n\n\n<div class=\"wp-block-query-pagination-numbers\"><span aria-label=\"P\u00e1gina 1\" aria-current=\"page\" class=\"page-numbers current\">1<\/span>\n<a aria-label=\"P\u00e1gina 2\" class=\"page-numbers\" href=\"?query-29-page=2\">2<\/a><\/div>\n\n<a href=\"\/csidcav\/usuario26\/wp-json\/wp\/v2\/pages\/169?query-29-page=2\" class=\"wp-block-query-pagination-next\">P\u00e1gina siguiente<\/a>\n<\/nav>\n\n<\/div>\n","protected":false},"excerpt":{"rendered":"<p>En esta p\u00e1gina recopilamos la informaci\u00f3n de cada una de las actrices y actores que protagonizan nuestras series preferidas.<\/p>\n","protected":false},"author":1,"featured_media":0,"parent":0,"menu_order":0,"comment_status":"closed","ping_status":"closed","template":"","meta":{"pgc_sgb_lightbox_settings":"","footnotes":""},"class_list":["post-169","page","type-page","status-publish","hentry"],"_links":{"self":[{"href":"https:\/\/gicd.inf.um.es\/csidcav\/usuario26\/wp-json\/wp\/v2\/pages\/169","targetHints":{"allow":["GET"]}}],"collection":[{"href":"https:\/\/gicd.inf.um.es\/csidcav\/usuario26\/wp-json\/wp\/v2\/pages"}],"about":[{"href":"https:\/\/gicd.inf.um.es\/csidcav\/usuario26\/wp-json\/wp\/v2\/types\/page"}],"author":[{"embeddable":true,"href":"https:\/\/gicd.inf.um.es\/csidcav\/usuario26\/wp-json\/wp\/v2\/users\/1"}],"replies":[{"embeddable":true,"href":"https:\/\/gicd.inf.um.es\/csidcav\/usuario26\/wp-json\/wp\/v2\/comments?post=169"}],"version-history":[{"count":2,"href":"https:\/\/gicd.inf.um.es\/csidcav\/usuario26\/wp-json\/wp\/v2\/pages\/169\/revisions"}],"predecessor-version":[{"id":173,"href":"https:\/\/gicd.inf.um.es\/csidcav\/usuario26\/wp-json\/wp\/v2\/pages\/169\/revisions\/173"}],"wp:attachment":[{"href":"https:\/\/gicd.inf.um.es\/csidcav\/usuario26\/wp-json\/wp\/v2\/media?parent=169"}],"curies":[{"name":"wp","href":"https:\/\/api.w.org\/{rel}","templated":true}]}}