{"id":1379,"date":"2025-12-14T18:48:52","date_gmt":"2025-12-14T17:48:52","guid":{"rendered":"https:\/\/gicd.inf.um.es\/csidcav\/usuario27\/?page_id=1379"},"modified":"2025-12-14T23:15:05","modified_gmt":"2025-12-14T22:15:05","slug":"landing-page","status":"publish","type":"page","link":"https:\/\/gicd.inf.um.es\/csidcav\/usuario27\/landing-page\/","title":{"rendered":"Landing Page"},"content":{"rendered":"\n<h2 class=\"wp-block-heading alignfull has-text-align-center has-white-color has-text-color has-background has-link-color has-large-font-size wp-elements-3f0e6384b29b0a0c9fa040d323d900e5\" style=\"background-color:#930101\">\u00a1Disfruta de un 25% en tu primera compra!<\/h2>\n\n\n\n<p class=\"has-text-align-center has-small-font-size\"><em>*Solo para usuarios registrados en compras superiores a 50<strong>\u20ac<\/strong>. No acumulable con otras promociones.<\/em><\/p>\n\n\n\n<div style=\"height:66px\" aria-hidden=\"true\" class=\"wp-block-spacer\"><\/div>\n\n\n\n<h2 class=\"wp-block-heading\"><strong>Empieza a disfrutar de ventajas exclusivas desde hoy<\/strong><\/h2>\n\n\n\n<p class=\"has-medium-font-size\">Reg\u00edstrate en nuestra comunidad y consigue un <strong>25% de descuento en tu primera compra<\/strong>. Accede a productos y contenido exclusivo relacionados con videojuegos y series de drama, pensados para los verdaderos fans. \u00a1No dejes pasar esta oportunidad y aprovecha nuestra promoci\u00f3n de bienvenida!<\/p>\n\n\n\n<div style=\"height:34px\" aria-hidden=\"true\" class=\"wp-block-spacer\"><\/div>\n\n\n\n<h2 class=\"wp-block-heading\">Nuestros productos<\/h2>\n\n\n\n\n\n\n<div style=\"height:34px\" aria-hidden=\"true\" class=\"wp-block-spacer\"><\/div>\n\n\n\n<h2 class=\"wp-block-heading\">Consigue tu descuento<\/h2>\n\n\n\n<p class=\"has-medium-font-size\">\u00a1No te pierdas nuestras ofertas exclusivas y novedades! Reg\u00edstrate en nuestra p\u00e1gina y obt\u00e9n acceso a descuentos, contenido especial y sorpresas dise\u00f1adas especialmente para los fans como t\u00fa.<\/p>\n\n\n\n<div class=\"wpcf7 no-js\" id=\"wpcf7-f1380-o1\" lang=\"es-ES\" dir=\"ltr\" data-wpcf7-id=\"1380\">\n<div class=\"screen-reader-response\"><p role=\"status\" aria-live=\"polite\" aria-atomic=\"true\"><\/p> <ul><\/ul><\/div>\n<form action=\"\/csidcav\/usuario27\/wp-json\/wp\/v2\/pages\/1379#wpcf7-f1380-o1\" method=\"post\" class=\"wpcf7-form init\" aria-label=\"Formulario de contacto\" novalidate=\"novalidate\" data-status=\"init\">\n<fieldset class=\"hidden-fields-container\"><input type=\"hidden\" name=\"_wpcf7\" value=\"1380\" \/><input type=\"hidden\" name=\"_wpcf7_version\" value=\"6.1.4\" \/><input type=\"hidden\" name=\"_wpcf7_locale\" value=\"es_ES\" \/><input type=\"hidden\" name=\"_wpcf7_unit_tag\" value=\"wpcf7-f1380-o1\" \/><input type=\"hidden\" name=\"_wpcf7_container_post\" value=\"0\" \/><input type=\"hidden\" name=\"_wpcf7_posted_data_hash\" value=\"\" \/>\n<\/fieldset>\n<p><label> Nombre<br \/>\n<span class=\"wpcf7-form-control-wrap\" data-name=\"nombre\"><input size=\"40\" maxlength=\"400\" class=\"wpcf7-form-control wpcf7-text wpcf7-validates-as-required\" autocomplete=\"given-name\" aria-required=\"true\" aria-invalid=\"false\" value=\"\" type=\"text\" name=\"nombre\" \/><\/span> <\/label>\n<\/p>\n<p><label> Apellidos<br \/>\n<span class=\"wpcf7-form-control-wrap\" data-name=\"apellidos\"><input size=\"40\" maxlength=\"400\" class=\"wpcf7-form-control wpcf7-text wpcf7-validates-as-required\" autocomplete=\"family-name\" aria-required=\"true\" aria-invalid=\"false\" value=\"\" type=\"text\" name=\"apellidos\" \/><\/span> <\/label>\n<\/p>\n<p><label> Correo electr\u00f3nico<br \/>\n<span class=\"wpcf7-form-control-wrap\" data-name=\"your-email\"><input size=\"40\" maxlength=\"400\" class=\"wpcf7-form-control wpcf7-email wpcf7-validates-as-required wpcf7-text wpcf7-validates-as-email\" autocomplete=\"email\" aria-required=\"true\" aria-invalid=\"false\" value=\"\" type=\"email\" name=\"your-email\" \/><\/span> <\/label>\n<\/p>\n<p><label> Fecha de nacimiento<br \/>\n<span class=\"wpcf7-form-control-wrap\" data-name=\"date-919birthday-date\"><input class=\"wpcf7-form-control wpcf7-date wpcf7-validates-as-required wpcf7-validates-as-date\" aria-required=\"true\" aria-invalid=\"false\" value=\"\" type=\"date\" name=\"date-919birthday-date\" \/><\/span> <\/label>\n<\/p>\n<p><label> DNI<br \/>\n<span class=\"wpcf7-form-control-wrap\" data-name=\"dni\"><input size=\"40\" maxlength=\"400\" class=\"wpcf7-form-control wpcf7-text wpcf7-validates-as-required\" aria-required=\"true\" aria-invalid=\"false\" value=\"\" type=\"text\" name=\"dni\" \/><\/span> <\/label>\n<\/p>\n<p><label> Tel\u00e9fono<br \/>\n<span class=\"wpcf7-form-control-wrap\" data-name=\"telefono\"><input size=\"40\" maxlength=\"9\" minlength=\"9\" class=\"wpcf7-form-control wpcf7-tel wpcf7-validates-as-required wpcf7-text wpcf7-validates-as-tel\" aria-required=\"true\" aria-invalid=\"false\" value=\"\" type=\"tel\" name=\"telefono\" \/><\/span> <\/label>\n<\/p>\n<p><label> \u00bfQu\u00e9 te interesa m\u00e1s?<br \/>\n<span class=\"wpcf7-form-control-wrap\" data-name=\"your-subject\"><select class=\"wpcf7-form-control wpcf7-select wpcf7-validates-as-required\" aria-required=\"true\" aria-invalid=\"false\" name=\"your-subject\"><option value=\"Funko Pops\">Funko Pops<\/option><option value=\"Maquillaje\">Maquillaje<\/option><option value=\"Camisetas\">Camisetas<\/option><option value=\"Tazas\">Tazas<\/option><option value=\"Llaveros\">Llaveros<\/option><option value=\"Peluches\">Peluches<\/option><option value=\"Juegos de Mesa\">Juegos de Mesa<\/option><option value=\"Podcast\">Podcast<\/option><option value=\"Figuritas\">Figuritas<\/option><option value=\"Todo\">Todo<\/option><\/select><\/span> <\/label>\n<\/p>\n<p><label> \u00bfDeseas recibir novedades?<br \/>\n<span class=\"wpcf7-form-control-wrap\" data-name=\"novedades\"><span class=\"wpcf7-form-control wpcf7-checkbox\"><span class=\"wpcf7-list-item first last\"><label><input type=\"checkbox\" name=\"novedades[]\" value=\"S\u00ed, deseo recibir informaci\u00f3n por email\" \/><span class=\"wpcf7-list-item-label\">S\u00ed, deseo recibir informaci\u00f3n por email<\/span><\/label><\/span><\/span><\/span><\/label>\n<\/p>\n<p><input class=\"wpcf7-form-control wpcf7-submit has-spinner\" type=\"submit\" value=\"\u00a1Quiero mi descuento!\" \/>\n<\/p><div class=\"wpcf7-response-output\" aria-hidden=\"true\"><\/div>\n<\/form>\n<\/div>\n\n","protected":false},"excerpt":{"rendered":"<p>\u00a1Disfruta de un 25% en tu primera compra! *Solo para usuarios registrados en compras superiores a 50\u20ac. No acumulable con otras promociones. Empieza a disfrutar de ventajas exclusivas desde hoy Reg\u00edstrate en nuestra comunidad y consigue un 25% de descuento en tu primera compra. Accede a productos y contenido exclusivo relacionados con videojuegos y series [&hellip;]<\/p>\n","protected":false},"author":1,"featured_media":0,"parent":0,"menu_order":0,"comment_status":"closed","ping_status":"closed","template":"","meta":{"footnotes":""},"class_list":["post-1379","page","type-page","status-publish","hentry"],"_links":{"self":[{"href":"https:\/\/gicd.inf.um.es\/csidcav\/usuario27\/wp-json\/wp\/v2\/pages\/1379","targetHints":{"allow":["GET"]}}],"collection":[{"href":"https:\/\/gicd.inf.um.es\/csidcav\/usuario27\/wp-json\/wp\/v2\/pages"}],"about":[{"href":"https:\/\/gicd.inf.um.es\/csidcav\/usuario27\/wp-json\/wp\/v2\/types\/page"}],"author":[{"embeddable":true,"href":"https:\/\/gicd.inf.um.es\/csidcav\/usuario27\/wp-json\/wp\/v2\/users\/1"}],"replies":[{"embeddable":true,"href":"https:\/\/gicd.inf.um.es\/csidcav\/usuario27\/wp-json\/wp\/v2\/comments?post=1379"}],"version-history":[{"count":5,"href":"https:\/\/gicd.inf.um.es\/csidcav\/usuario27\/wp-json\/wp\/v2\/pages\/1379\/revisions"}],"predecessor-version":[{"id":1483,"href":"https:\/\/gicd.inf.um.es\/csidcav\/usuario27\/wp-json\/wp\/v2\/pages\/1379\/revisions\/1483"}],"wp:attachment":[{"href":"https:\/\/gicd.inf.um.es\/csidcav\/usuario27\/wp-json\/wp\/v2\/media?parent=1379"}],"curies":[{"name":"wp","href":"https:\/\/api.w.org\/{rel}","templated":true}]}}