{"id":165,"date":"2025-11-05T17:15:37","date_gmt":"2025-11-05T16:15:37","guid":{"rendered":"https:\/\/gicd.inf.um.es\/csidcav\/usuario27\/?page_id=165"},"modified":"2025-11-12T16:56:21","modified_gmt":"2025-11-12T15:56:21","slug":"listado-de-actrices-y-actores","status":"publish","type":"page","link":"https:\/\/gicd.inf.um.es\/csidcav\/usuario27\/listado-de-actrices-y-actores\/","title":{"rendered":"Listado de actrices y actores"},"content":{"rendered":"\n<p>En esta p\u00e1gina recopilamos la informaci\u00f3n de cada una de las actrices y actores que protagonizan nuestras series preferidas.<\/p>\n\n\n\n<div class=\"wp-block-query is-layout-flow wp-block-query-is-layout-flow\"><ul class=\"wp-block-post-template is-layout-flow wp-block-post-template-is-layout-flow\"><li class=\"wp-block-post post-175 actor type-actor status-publish hentry\">\n<h2 class=\"wp-block-post-title\"><a href=\"https:\/\/gicd.inf.um.es\/csidcav\/usuario27\/actor\/aaron-paul\/\" target=\"_self\" >Aaron Paul<\/a><\/h2>\n\n<p>Aaron Paul Sturtevant\u200b (Emmett, Idaho; 27 de agosto de 1979) es un actor y productor estadounidense conocido por interpretar al personaje de Jesse Pinkman en la serie de AMC Breaking Bad, desde su estreno el 20 de enero de 2008. Tambi\u00e9n tiene un papel recurrente como Scott en la serie de HBO Big Love, adem\u00e1s de haber protagonizado la pel\u00edcula Need for Speed.<\/p>\n\n<\/li><li class=\"wp-block-post post-172 actor type-actor status-publish hentry\">\n<h2 class=\"wp-block-post-title\"><a href=\"https:\/\/gicd.inf.um.es\/csidcav\/usuario27\/actor\/bella-ramsey\/\" target=\"_self\" >Bella Ramsey<\/a><\/h2>\n\n<p>Isabella May Ramsey (Nottinghamshire, Inglaterra, 25 de septiembre de 2003\u200b), m\u00e1s conocida como Bella Ramsey, es una persona int\u00e9rprete de cine, televisi\u00f3n y teatro brit\u00e1nica. Interpret\u00f3 a Lyanna Mormont en Juego de tronos,\u200b a Mildred Hubble en The Worst Witch, a Hilda en la serie del mismo nombre y a Ellie en la serie de televisi\u00f3n basada en el videojuego The Last of Us.<\/p>\n\n<\/li><li class=\"wp-block-post post-193 actor type-actor status-publish hentry\">\n<h2 class=\"wp-block-post-title\"><a href=\"https:\/\/gicd.inf.um.es\/csidcav\/usuario27\/actor\/brenton-thwaites\/\" target=\"_self\" >Brenton Thwaites<\/a><\/h2>\n\n<p>Brenton Thwaites (Cairns, Queensland, 10 de agosto de 1989) es un actor australiano, conocido por haber interpretado a Stu Henderson en la serie, Home and Away, a Dean McMullen en la pel\u00edcula, Blue Lagoon: The Awakening y a Henry Turner en Pirates of the Caribbean: Dead Men Tell No Tales. Adem\u00e1s, tiene un rol protag\u00f3nico en la serie televisiva, Titans, basada en los superh\u00e9roes de DC Comics, interpretando a Robin\/Nightwing.<\/p>\n\n<\/li><li class=\"wp-block-post post-174 actor type-actor status-publish hentry\">\n<h2 class=\"wp-block-post-title\"><a href=\"https:\/\/gicd.inf.um.es\/csidcav\/usuario27\/actor\/bryan-cranston\/\" target=\"_self\" >Bryan Cranston<\/a><\/h2>\n\n<p>Bryan Lee Cranston es un actor, actor de voz, guionista, productor y director estadounidense, reconocido por su interpretaci\u00f3n de Walter White (en la serie de AMC Breaking Bad), de Hal Wilkerson (el padre de familia de la serie de FOX Malcolm in the middle), y del doctor Tim Whatley (en la comedia de NBC Seinfeld). El papel de Walter White le ha convertido en uno de los grandes en el panorama del cine y la televisi\u00f3n habiendo sido galardonado con numerosos premios como los Emmy y los Globos de Oro. En la d\u00e9cada de los 2000 pas\u00f3 de ser un actor de papeles menores a ser uno de los m\u00e1s reconocidos en la industria cinematogr\u00e1fica, llegando a ser nominado a los Premios \u00d3scar en 2016.<\/p>\n\n<\/li><li class=\"wp-block-post post-186 actor type-actor status-publish hentry\">\n<h2 class=\"wp-block-post-title\"><a href=\"https:\/\/gicd.inf.um.es\/csidcav\/usuario27\/actor\/choi-hyunwook\/\" target=\"_self\" >Choi Hyunwook<\/a><\/h2>\n\n<p>Choi Hyun-wook (en hangul, \ucd5c\ud604\uc625; 30 de enero de 2002) es un actor surcoreano. Es conocido sobre todo por sus papeles en las series Veinticinco, veintiuno, Un h\u00e9roe d\u00e9bil y My Dearest Nemesis.<\/p>\n\n<\/li><li class=\"wp-block-post post-1208 actor type-actor status-publish hentry\">\n<h2 class=\"wp-block-post-title\"><a href=\"https:\/\/gicd.inf.um.es\/csidcav\/usuario27\/actor\/choi-yeonjun\/\" target=\"_self\" >Choi Yeonjun<\/a><\/h2>\n\n<p>Choi Yeonjun es un cantante, actor, bailar\u00edn y modelo surcoreano, conocido por ser uno de los miembros de la exitosa boy band TXT (Tomorrow X Together), bajo la gesti\u00f3n de Big Hit Entertainment. Antes de su debut con el grupo en 2019, Yeonjun fue reconocido por su habilidad en el baile y su presencia en el escenario, ganando seguidores r\u00e1pidamente. A lo largo de su carrera en el K-pop, ha destacado por su versatilidad art\u00edstica, con una gran habilidad para el canto y el rap, adem\u00e1s de su carisma que lo ha convertido en uno de los idols m\u00e1s populares de la nueva generaci\u00f3n. Su participaci\u00f3n en TXT lo ha llevado a acumular numerosos premios y reconocimientos tanto en Corea como internacionalmente.<\/p>\n\n<\/li><li class=\"wp-block-post post-189 actor type-actor status-publish hentry\">\n<h2 class=\"wp-block-post-title\"><a href=\"https:\/\/gicd.inf.um.es\/csidcav\/usuario27\/actor\/ella-purnell\/\" target=\"_self\" >Ella Purnell<\/a><\/h2>\n\n<p>Ella Summer Purnell (Whitechapel, Londres, Inglaterra; 17 de septiembre de 1996) es una actriz brit\u00e1nica, m\u00e1s conocida por sus actuaciones en Never Let Me Go (2010), Intruders (2011), Kick-Ass 2 (2013), Miss Peregrine&#8217;s Home for Peculiar Children (2016), Arcane (2021) y Fallout (2024).<\/p>\n\n<\/li><li class=\"wp-block-post post-169 actor type-actor status-publish hentry\">\n<h2 class=\"wp-block-post-title\"><a href=\"https:\/\/gicd.inf.um.es\/csidcav\/usuario27\/actor\/emilia-clarke\/\" target=\"_self\" >Emilia Clarke<\/a><\/h2>\n\n<p>Emilia Isobel Euphemia Rose Clarke (Londres, 23 de octubre de 1986),\u200b conocida como Emilia Clarke, es una actriz y autora brit\u00e1nica, conocida principalmente por interpretar a Daenerys Targaryen en la serie de HBO Game of Thrones.<\/p>\n\n<\/li><li class=\"wp-block-post post-173 actor type-actor status-publish hentry\">\n<h2 class=\"wp-block-post-title\"><a href=\"https:\/\/gicd.inf.um.es\/csidcav\/usuario27\/actor\/giancarlo-esposito\/\" target=\"_self\" >Giancarlo Esposito<\/a><\/h2>\n\n<p>Giancarlo Giuseppe Alessandro Esposito (Copenhague, 26 de abril de 1958), conocido como Giancarlo Esposito, es un actor y director de cine y televisi\u00f3n estadounidense nacido en Dinamarca, conocido sobre todo por su papel como Gustavo \u00abGus\u00bb Fring en las series Breaking Bad y Better Call Saul, y como Moff Gideon en The Mandalorian.<\/p>\n\n<\/li><li class=\"wp-block-post post-1209 actor type-actor status-publish hentry\">\n<h2 class=\"wp-block-post-title\"><a href=\"https:\/\/gicd.inf.um.es\/csidcav\/usuario27\/actor\/1209\/\" target=\"_self\" >Go Younjung<\/a><\/h2>\n\n<p>Go Younjung es una actriz surcoreana conocida por sus roles en dramas como \u00abHe Is Psychometric\u00bb (2019) y \u00abLaw School\u00bb (2021), donde se destac\u00f3 por su capacidad para interpretar personajes complejos y de gran carga emocional. A pesar de su relativamente corta carrera, Younjung ha demostrado su talento actoral, ganando atenci\u00f3n y elogios por su habilidad para adaptarse a diferentes g\u00e9neros, desde el thriller hasta el drama legal. Adem\u00e1s de su carrera como actriz, ha sido reconocida por su belleza natural y su presencia en medios, convirti\u00e9ndola en una de las j\u00f3venes promesas del entretenimiento surcoreano.<\/p>\n\n<\/li><\/ul>\n\n<nav class=\"wp-block-query-pagination is-layout-flex wp-block-query-pagination-is-layout-flex\" aria-label=\"Paginaci\u00f3n\">\n\n\n<div class=\"wp-block-query-pagination-numbers\"><span aria-label=\"P\u00e1gina 1\" aria-current=\"page\" class=\"page-numbers current\">1<\/span>\n<a aria-label=\"P\u00e1gina 2\" class=\"page-numbers\" href=\"?query-7-page=2\">2<\/a>\n<a aria-label=\"P\u00e1gina 3\" class=\"page-numbers\" href=\"?query-7-page=3\">3<\/a><\/div>\n\n<a href=\"\/csidcav\/usuario27\/wp-json\/wp\/v2\/pages\/165?query-7-page=2\" class=\"wp-block-query-pagination-next\">P\u00e1gina siguiente<\/a>\n<\/nav><\/div>\n\n\n\n<div class=\"wp-block-responsive-lightbox-gallery\"><div class=\"rl-gallery-container rl-loading rl-pagination-ajax\" id=\"rl-gallery-container-1\" data-gallery_id=\"247\"> <div class=\"rl-gallery rl-basicgrid-gallery \" id=\"rl-gallery-1\" data-gallery_no=\"1\"> <div class=\"rl-gallery-item\"><a href=\"https:\/\/gicd.inf.um.es\/csidcav\/usuario27\/wp-content\/uploads\/2025\/11\/noah-schnapp.jpg\" title=\"\" data-rl_title=\"\" class=\"rl-gallery-link\" data-rl_caption=\"\" data-rel=\"lightbox-gallery-bGlnaHRib3gtZ2FsbGVyeS0x\" data-rl_title=\"\" data-rl_caption=\"\"><img fetchpriority=\"high\" decoding=\"async\" src=\"https:\/\/gicd.inf.um.es\/csidcav\/usuario27\/wp-content\/uploads\/2025\/11\/noah-schnapp-200x300.jpg\" width=\"200\" height=\"300\" alt=\"Noah Schnapp\"\/><\/a><\/div><div class=\"rl-gallery-item\"><a href=\"https:\/\/gicd.inf.um.es\/csidcav\/usuario27\/wp-content\/uploads\/2025\/11\/millie-bobby-brown.jpg\" title=\"\" data-rl_title=\"\" class=\"rl-gallery-link\" data-rl_caption=\"\" data-rel=\"lightbox-gallery-bGlnaHRib3gtZ2FsbGVyeS0x\" data-rl_title=\"\" data-rl_caption=\"\"><img decoding=\"async\" src=\"https:\/\/gicd.inf.um.es\/csidcav\/usuario27\/wp-content\/uploads\/2025\/11\/millie-bobby-brown-200x300.jpg\" width=\"200\" height=\"300\" alt=\"galer\u00eda actores\"\/><\/a><\/div><div class=\"rl-gallery-item\"><a href=\"https:\/\/gicd.inf.um.es\/csidcav\/usuario27\/wp-content\/uploads\/2025\/11\/aaron-paul.jpg\" title=\"\" data-rl_title=\"\" class=\"rl-gallery-link\" data-rl_caption=\"\" data-rel=\"lightbox-gallery-bGlnaHRib3gtZ2FsbGVyeS0x\" data-rl_title=\"\" data-rl_caption=\"\"><img decoding=\"async\" src=\"https:\/\/gicd.inf.um.es\/csidcav\/usuario27\/wp-content\/uploads\/2025\/11\/aaron-paul-200x300.jpg\" width=\"200\" height=\"300\" alt=\"aaron paul\"\/><\/a><\/div><div class=\"rl-gallery-item\"><a href=\"https:\/\/gicd.inf.um.es\/csidcav\/usuario27\/wp-content\/uploads\/2025\/11\/bryan-cranston.jpg\" title=\"\" data-rl_title=\"\" class=\"rl-gallery-link\" data-rl_caption=\"\" data-rel=\"lightbox-gallery-bGlnaHRib3gtZ2FsbGVyeS0x\" data-rl_title=\"\" data-rl_caption=\"\"><img loading=\"lazy\" decoding=\"async\" src=\"https:\/\/gicd.inf.um.es\/csidcav\/usuario27\/wp-content\/uploads\/2025\/11\/bryan-cranston-200x300.jpg\" width=\"200\" height=\"300\" alt=\"Bryan Cranston\"\/><\/a><\/div><div class=\"rl-gallery-item\"><a href=\"https:\/\/gicd.inf.um.es\/csidcav\/usuario27\/wp-content\/uploads\/2025\/11\/kit-harington.jpg\" title=\"\" data-rl_title=\"\" class=\"rl-gallery-link\" data-rl_caption=\"\" data-rel=\"lightbox-gallery-bGlnaHRib3gtZ2FsbGVyeS0x\" data-rl_title=\"\" data-rl_caption=\"\"><img loading=\"lazy\" decoding=\"async\" src=\"https:\/\/gicd.inf.um.es\/csidcav\/usuario27\/wp-content\/uploads\/2025\/11\/kit-harington-200x300.jpg\" width=\"200\" height=\"300\" alt=\"kit harrington\"\/><\/a><\/div> <\/div> <div class=\"rl-pagination rl-pagination-bottom\"><span aria-label=\"P\u00e1gina 1\" aria-current=\"page\" class=\"page-numbers current\">1<\/span> <a aria-label=\"P\u00e1gina 2\" class=\"page-numbers\" href=\"https:\/\/gicd.inf.um.es\/csidcav\/usuario27\/rl_gallery\/protagonistas\/?rl_gallery_no=1&#038;rl_page=2\">2<\/a> <a aria-label=\"P\u00e1gina 3\" class=\"page-numbers\" href=\"https:\/\/gicd.inf.um.es\/csidcav\/usuario27\/rl_gallery\/protagonistas\/?rl_gallery_no=1&#038;rl_page=3\">3<\/a> <a aria-label=\"P\u00e1gina 4\" class=\"page-numbers\" href=\"https:\/\/gicd.inf.um.es\/csidcav\/usuario27\/rl_gallery\/protagonistas\/?rl_gallery_no=1&#038;rl_page=4\">4<\/a> <a class=\"next page-numbers\" href=\"https:\/\/gicd.inf.um.es\/csidcav\/usuario27\/rl_gallery\/protagonistas\/?rl_gallery_no=1&#038;rl_page=2\">Siguiente &raquo;<\/a><\/div> <\/div><\/div>\n","protected":false},"excerpt":{"rendered":"<p>En esta p\u00e1gina recopilamos la informaci\u00f3n de cada una de las actrices y actores que protagonizan nuestras series preferidas.<\/p>\n","protected":false},"author":1,"featured_media":0,"parent":0,"menu_order":0,"comment_status":"closed","ping_status":"closed","template":"","meta":{"footnotes":""},"class_list":["post-165","page","type-page","status-publish","hentry"],"_links":{"self":[{"href":"https:\/\/gicd.inf.um.es\/csidcav\/usuario27\/wp-json\/wp\/v2\/pages\/165","targetHints":{"allow":["GET"]}}],"collection":[{"href":"https:\/\/gicd.inf.um.es\/csidcav\/usuario27\/wp-json\/wp\/v2\/pages"}],"about":[{"href":"https:\/\/gicd.inf.um.es\/csidcav\/usuario27\/wp-json\/wp\/v2\/types\/page"}],"author":[{"embeddable":true,"href":"https:\/\/gicd.inf.um.es\/csidcav\/usuario27\/wp-json\/wp\/v2\/users\/1"}],"replies":[{"embeddable":true,"href":"https:\/\/gicd.inf.um.es\/csidcav\/usuario27\/wp-json\/wp\/v2\/comments?post=165"}],"version-history":[{"count":3,"href":"https:\/\/gicd.inf.um.es\/csidcav\/usuario27\/wp-json\/wp\/v2\/pages\/165\/revisions"}],"predecessor-version":[{"id":248,"href":"https:\/\/gicd.inf.um.es\/csidcav\/usuario27\/wp-json\/wp\/v2\/pages\/165\/revisions\/248"}],"wp:attachment":[{"href":"https:\/\/gicd.inf.um.es\/csidcav\/usuario27\/wp-json\/wp\/v2\/media?parent=165"}],"curies":[{"name":"wp","href":"https:\/\/api.w.org\/{rel}","templated":true}]}}