{"id":220,"date":"2025-11-11T10:22:30","date_gmt":"2025-11-11T09:22:30","guid":{"rendered":"https:\/\/gicd.inf.um.es\/csidcav\/usuario27\/?page_id=220"},"modified":"2025-12-10T16:19:41","modified_gmt":"2025-12-10T15:19:41","slug":"contacta-con-nosotros","status":"publish","type":"page","link":"https:\/\/gicd.inf.um.es\/csidcav\/usuario27\/contacta-con-nosotros\/","title":{"rendered":"Equipo de Redacci\u00f3n"},"content":{"rendered":"\n<p class=\"has-text-align-center has-medium-font-size\">\u00a1Conoce a nuestro incre\u00edble personal!<\/p>\n\n\n\n<div style=\"height:37px\" aria-hidden=\"true\" class=\"wp-block-spacer\"><\/div>\n\n\n\n<hr class=\"wp-block-separator has-alpha-channel-opacity\"\/>\n\n\n\n<div style=\"height:37px\" aria-hidden=\"true\" class=\"wp-block-spacer\"><\/div>\n\n\n\n<div class=\"wp-block-media-text\"><figure class=\"wp-block-media-text__media\"><img fetchpriority=\"high\" decoding=\"async\" width=\"1024\" height=\"576\" src=\"https:\/\/gicd.inf.um.es\/csidcav\/usuario27\/wp-content\/uploads\/2025\/12\/EDFD361A-6A4E-4C16-968C-C56B51760070-1024x576.jpg\" alt=\"albs\" class=\"wp-image-1092 size-full\" srcset=\"https:\/\/gicd.inf.um.es\/csidcav\/usuario27\/wp-content\/uploads\/2025\/12\/EDFD361A-6A4E-4C16-968C-C56B51760070-1024x576.jpg 1024w, https:\/\/gicd.inf.um.es\/csidcav\/usuario27\/wp-content\/uploads\/2025\/12\/EDFD361A-6A4E-4C16-968C-C56B51760070-300x169.jpg 300w, https:\/\/gicd.inf.um.es\/csidcav\/usuario27\/wp-content\/uploads\/2025\/12\/EDFD361A-6A4E-4C16-968C-C56B51760070-768x432.jpg 768w, https:\/\/gicd.inf.um.es\/csidcav\/usuario27\/wp-content\/uploads\/2025\/12\/EDFD361A-6A4E-4C16-968C-C56B51760070-1536x864.jpg 1536w, https:\/\/gicd.inf.um.es\/csidcav\/usuario27\/wp-content\/uploads\/2025\/12\/EDFD361A-6A4E-4C16-968C-C56B51760070-2048x1153.jpg 2048w, https:\/\/gicd.inf.um.es\/csidcav\/usuario27\/wp-content\/uploads\/2025\/12\/EDFD361A-6A4E-4C16-968C-C56B51760070-1280x720.jpg 1280w\" sizes=\"(max-width: 1024px) 100vw, 1024px\" \/><\/figure><div class=\"wp-block-media-text__content\">\n<h2 class=\"wp-block-heading\">Alba Lozano<\/h2>\n\n\n\n<p>Estudiante de audiovisuales de cuarto de carrera, aprendiz inform\u00e1tica y redactora profesional. Tambi\u00e9n es especializada en cr\u00edtica de videojuegos<\/p>\n<\/div><\/div>\n\n\n\n<div style=\"height:37px\" aria-hidden=\"true\" class=\"wp-block-spacer\"><\/div>\n\n\n\n<div class=\"wp-block-media-text has-media-on-the-right\"><div class=\"wp-block-media-text__content\">\n<h2 class=\"wp-block-heading\">Kirby<\/h2>\n\n\n\n<p>Redactor, ilustrador, inform\u00e1tico&#8230; Para qu\u00e9 enga\u00f1arnos, en realidad \u00e9l ha hecho pr\u00e1cticamente todo.<\/p>\n<\/div><figure class=\"wp-block-media-text__media\"><img decoding=\"async\" width=\"1024\" height=\"576\" src=\"https:\/\/gicd.inf.um.es\/csidcav\/usuario27\/wp-content\/uploads\/2025\/12\/Featured-Kirby-and-the-Forgotten-Land-Surprised-1024x576.jpg\" alt=\"kirby\" class=\"wp-image-1093 size-full\" srcset=\"https:\/\/gicd.inf.um.es\/csidcav\/usuario27\/wp-content\/uploads\/2025\/12\/Featured-Kirby-and-the-Forgotten-Land-Surprised-1024x576.jpg 1024w, https:\/\/gicd.inf.um.es\/csidcav\/usuario27\/wp-content\/uploads\/2025\/12\/Featured-Kirby-and-the-Forgotten-Land-Surprised-300x169.jpg 300w, https:\/\/gicd.inf.um.es\/csidcav\/usuario27\/wp-content\/uploads\/2025\/12\/Featured-Kirby-and-the-Forgotten-Land-Surprised-768x432.jpg 768w, https:\/\/gicd.inf.um.es\/csidcav\/usuario27\/wp-content\/uploads\/2025\/12\/Featured-Kirby-and-the-Forgotten-Land-Surprised.jpg 1200w\" sizes=\"(max-width: 1024px) 100vw, 1024px\" \/><\/figure><\/div>\n\n\n\n<div style=\"height:100px\" aria-hidden=\"true\" class=\"wp-block-spacer\"><\/div>\n\n\n\n<h2 class=\"wp-block-heading\">Contacta con nosotros<\/h2>\n\n\n\n<div class=\"wpcf7 no-js\" id=\"wpcf7-f1116-o1\" lang=\"es-ES\" dir=\"ltr\" data-wpcf7-id=\"1116\">\n<div class=\"screen-reader-response\"><p role=\"status\" aria-live=\"polite\" aria-atomic=\"true\"><\/p> <ul><\/ul><\/div>\n<form action=\"\/csidcav\/usuario27\/wp-json\/wp\/v2\/pages\/220#wpcf7-f1116-o1\" method=\"post\" class=\"wpcf7-form init\" aria-label=\"Formulario de contacto\" novalidate=\"novalidate\" data-status=\"init\">\n<fieldset class=\"hidden-fields-container\"><input type=\"hidden\" name=\"_wpcf7\" value=\"1116\" \/><input type=\"hidden\" name=\"_wpcf7_version\" value=\"6.1.4\" \/><input type=\"hidden\" name=\"_wpcf7_locale\" value=\"es_ES\" \/><input type=\"hidden\" name=\"_wpcf7_unit_tag\" value=\"wpcf7-f1116-o1\" \/><input type=\"hidden\" name=\"_wpcf7_container_post\" value=\"0\" \/><input type=\"hidden\" name=\"_wpcf7_posted_data_hash\" value=\"\" \/>\n<\/fieldset>\n<p><label> Tu nombre<br \/>\n<span class=\"wpcf7-form-control-wrap\" data-name=\"your-name\"><input size=\"40\" maxlength=\"400\" class=\"wpcf7-form-control wpcf7-text wpcf7-validates-as-required\" autocomplete=\"name\" aria-required=\"true\" aria-invalid=\"false\" value=\"\" type=\"text\" name=\"your-name\" \/><\/span><br \/>\n<\/label>\n<\/p>\n<p><label> Tu correo electr\u00f3nico<br \/>\n<span class=\"wpcf7-form-control-wrap\" data-name=\"your-email\"><input size=\"40\" maxlength=\"400\" class=\"wpcf7-form-control wpcf7-email wpcf7-validates-as-required wpcf7-text wpcf7-validates-as-email\" autocomplete=\"email\" aria-required=\"true\" aria-invalid=\"false\" value=\"\" type=\"email\" name=\"your-email\" \/><\/span><br \/>\n<\/label>\n<\/p>\n<p><label> Motivo de contacto<br \/>\n<span class=\"wpcf7-form-control-wrap\" data-name=\"your-subjet\"><select class=\"wpcf7-form-control wpcf7-select wpcf7-validates-as-required\" aria-required=\"true\" aria-invalid=\"false\" name=\"your-subjet\"><option value=\"Consulta general\">Consulta general<\/option><option value=\"Informaci\u00f3n sobre videojuegos\">Informaci\u00f3n sobre videojuegos<\/option><option value=\"Informaci\u00f3n sobre series\">Informaci\u00f3n sobre series<\/option><option value=\"Me gustar\u00eda recomendar una serie\/videojuego\">Me gustar\u00eda recomendar una serie\/videojuego<\/option><option value=\"Soporte T\u00e9cnico\">Soporte T\u00e9cnico<\/option><option value=\"Otros\">Otros<\/option><\/select><\/span><\/label>\n<\/p>\n<p><label> Si elegiste \"Otros\", especifica tu motivo:<br \/>\n<span class=\"wpcf7-form-control-wrap\" data-name=\"motivo-otro\"><input size=\"40\" maxlength=\"400\" class=\"wpcf7-form-control wpcf7-text\" aria-invalid=\"false\" placeholder=\"Escribe tu motivo aqu\u00ed\" value=\"\" type=\"text\" name=\"motivo-otro\" \/><\/span><br \/>\n<\/label>\n<\/p>\n<p><label> Tu mensaje (opcional)<br \/>\n<span class=\"wpcf7-form-control-wrap\" data-name=\"your-message\"><textarea cols=\"40\" rows=\"10\" maxlength=\"2000\" class=\"wpcf7-form-control wpcf7-textarea\" aria-invalid=\"false\" name=\"your-message\"><\/textarea><\/span><br \/>\n<input class=\"wpcf7-form-control wpcf7-submit has-spinner\" type=\"submit\" value=\"Enviar\" \/><\/label>\n<\/p><div class=\"wpcf7-response-output\" aria-hidden=\"true\"><\/div>\n<\/form>\n<\/div>\n\n","protected":false},"excerpt":{"rendered":"<p>\u00a1Conoce a nuestro incre\u00edble personal! Alba Lozano Estudiante de audiovisuales de cuarto de carrera, aprendiz inform\u00e1tica y redactora profesional. Tambi\u00e9n es especializada en cr\u00edtica de videojuegos Kirby Redactor, ilustrador, inform\u00e1tico&#8230; Para qu\u00e9 enga\u00f1arnos, en realidad \u00e9l ha hecho pr\u00e1cticamente todo. Contacta con nosotros<\/p>\n","protected":false},"author":1,"featured_media":0,"parent":0,"menu_order":0,"comment_status":"closed","ping_status":"closed","template":"","meta":{"footnotes":""},"class_list":["post-220","page","type-page","status-publish","hentry"],"_links":{"self":[{"href":"https:\/\/gicd.inf.um.es\/csidcav\/usuario27\/wp-json\/wp\/v2\/pages\/220","targetHints":{"allow":["GET"]}}],"collection":[{"href":"https:\/\/gicd.inf.um.es\/csidcav\/usuario27\/wp-json\/wp\/v2\/pages"}],"about":[{"href":"https:\/\/gicd.inf.um.es\/csidcav\/usuario27\/wp-json\/wp\/v2\/types\/page"}],"author":[{"embeddable":true,"href":"https:\/\/gicd.inf.um.es\/csidcav\/usuario27\/wp-json\/wp\/v2\/users\/1"}],"replies":[{"embeddable":true,"href":"https:\/\/gicd.inf.um.es\/csidcav\/usuario27\/wp-json\/wp\/v2\/comments?post=220"}],"version-history":[{"count":7,"href":"https:\/\/gicd.inf.um.es\/csidcav\/usuario27\/wp-json\/wp\/v2\/pages\/220\/revisions"}],"predecessor-version":[{"id":1117,"href":"https:\/\/gicd.inf.um.es\/csidcav\/usuario27\/wp-json\/wp\/v2\/pages\/220\/revisions\/1117"}],"wp:attachment":[{"href":"https:\/\/gicd.inf.um.es\/csidcav\/usuario27\/wp-json\/wp\/v2\/media?parent=220"}],"curies":[{"name":"wp","href":"https:\/\/api.w.org\/{rel}","templated":true}]}}