{"id":105,"date":"2025-10-29T17:24:08","date_gmt":"2025-10-29T16:24:08","guid":{"rendered":"https:\/\/gicd.inf.um.es\/csidcav\/usuario29\/?page_id=105"},"modified":"2025-11-19T17:11:34","modified_gmt":"2025-11-19T16:11:34","slug":"series-de-accion","status":"publish","type":"page","link":"https:\/\/gicd.inf.um.es\/csidcav\/usuario29\/series-de-accion\/","title":{"rendered":"Series de Acci\u00f3n"},"content":{"rendered":"\n<figure class=\"wp-block-image size-full is-resized\"><img loading=\"lazy\" decoding=\"async\" width=\"600\" height=\"275\" src=\"https:\/\/gicd.inf.um.es\/csidcav\/usuario29\/wp-content\/uploads\/2025\/10\/indestructibles.jpg\" alt=\"\" class=\"wp-image-106\" style=\"width:587px;height:auto\" srcset=\"https:\/\/gicd.inf.um.es\/csidcav\/usuario29\/wp-content\/uploads\/2025\/10\/indestructibles.jpg 600w, https:\/\/gicd.inf.um.es\/csidcav\/usuario29\/wp-content\/uploads\/2025\/10\/indestructibles-300x138.jpg 300w\" sizes=\"auto, (max-width: 600px) 100vw, 600px\" \/><\/figure>\n\n\n\n<p>El llamado <strong>cine de acci\u00f3n<\/strong> es un g\u00e9nero cinematografico donde prima la espectacularidad de las im\u00e1genes por medio de efectos especiales de estilo \u00abcl\u00e1sico\u00bb. La denominaci\u00f3n es m\u00e1s un convencionalismo popular, que un g\u00e9nero cinematogr\u00e1fico puro acu\u00f1ado por cr\u00edticos, estudiosos o cineastas. Los elementos m\u00e1s frecuentes de una pelicula de acci\u00f3n son persecuciones (tanto a pie como con vehiculos)tiroteos, enfrentamientos, artes marciales y peleas callejeras, armas, explosiones, agresiones y cualquier situaci\u00f3n violenta o intensa.<\/p>\n\n\n\n<p>La categorizaci\u00f3n de \u00abcine de acci\u00f3n\u00bb surge por la necesidad de clasificar cintas explosivas, con actores populares y con tramas lineales, llenas de espectacularidad y opulencia aparecidas a mediados de los a\u00f1os setenta en el cine estadounidense. <\/p>\n\n\n\n<div class=\"wp-block-query is-layout-flow wp-block-query-is-layout-flow\"><ul class=\"columns-3 bs- blog-post  wp-block-post-template is-layout-grid wp-container-core-post-template-is-layout-2fc57c17 wp-block-post-template-is-layout-grid\"><li class=\"wp-block-post post-89 post type-post status-publish format-standard has-post-thumbnail hentry category-accion category-ciencia-ficcion category-comedia category-drama category-fantastico tag-30 tag-celebridades tag-drogas tag-fantasia tag-gore tag-humor-negro tag-superheroes\">\n\n<div class=\"wp-block-group small\"><div class=\"wp-block-group__inner-container is-layout-constrained wp-block-group-is-layout-constrained\"><figure class=\"bs- blog-post wp-block-post-featured-image\"><img loading=\"lazy\" decoding=\"async\" width=\"680\" height=\"1000\" src=\"https:\/\/gicd.inf.um.es\/csidcav\/usuario29\/wp-content\/uploads\/2025\/10\/60576d2ea486c.jpg\" class=\"attachment-full size-full wp-post-image\" alt=\"\" style=\"object-fit:cover;\" srcset=\"https:\/\/gicd.inf.um.es\/csidcav\/usuario29\/wp-content\/uploads\/2025\/10\/60576d2ea486c.jpg 680w, https:\/\/gicd.inf.um.es\/csidcav\/usuario29\/wp-content\/uploads\/2025\/10\/60576d2ea486c-204x300.jpg 204w\" sizes=\"auto, (max-width: 680px) 100vw, 680px\" \/><\/figure>\n\n<div class=\"taxonomy-category wp-block-post-terms\"><a href=\"https:\/\/gicd.inf.um.es\/csidcav\/usuario29\/category\/accion\/\" rel=\"tag\">Acci\u00f3n<\/a><span class=\"wp-block-post-terms__separator\">, <\/span><a href=\"https:\/\/gicd.inf.um.es\/csidcav\/usuario29\/category\/ciencia-ficcion\/\" rel=\"tag\">Ciencia ficci\u00f3n<\/a><span class=\"wp-block-post-terms__separator\">, <\/span><a href=\"https:\/\/gicd.inf.um.es\/csidcav\/usuario29\/category\/comedia\/\" rel=\"tag\">Comedia<\/a><span class=\"wp-block-post-terms__separator\">, <\/span><a href=\"https:\/\/gicd.inf.um.es\/csidcav\/usuario29\/category\/drama\/\" rel=\"tag\">Drama<\/a><span class=\"wp-block-post-terms__separator\">, <\/span><a href=\"https:\/\/gicd.inf.um.es\/csidcav\/usuario29\/category\/fantastico\/\" rel=\"tag\">Fant\u00e1stico<\/a><\/div>\n\n<h2 class=\"wp-block-post-title\"><a href=\"https:\/\/gicd.inf.um.es\/csidcav\/usuario29\/the-boys\/\" target=\"_blank\" >The Boys<\/a><\/h2>\n\n<div class=\"bs- blog-post wp-block-post-excerpt\"><p class=\"wp-block-post-excerpt__excerpt\">En un mundo donde los superh\u00e9roes adoptan el lado m\u00e1s oscuro de su fama y celebridad masiva, un grupo de justicieros conocidos informalmente como \u00abThe Boys\u00bb, se propusieron acabar con superh\u00e9roes corruptos sin m\u00e1s que coraje y voluntad que pelear sucio. <\/p><\/div>\n\n\n<div style=\"height:30px\" aria-hidden=\"true\" class=\"wp-block-spacer\"><\/div>\n<\/div><\/div>\n\n<\/li><li class=\"wp-block-post post-59 post type-post status-publish format-standard has-post-thumbnail hentry category-accion category-aventuras category-ciencia-ficcion tag-star-wars tag-western-futurista\">\n\n<div class=\"wp-block-group small\"><div class=\"wp-block-group__inner-container is-layout-constrained wp-block-group-is-layout-constrained\"><figure class=\"bs- blog-post wp-block-post-featured-image\"><img loading=\"lazy\" decoding=\"async\" width=\"1920\" height=\"1080\" src=\"https:\/\/gicd.inf.um.es\/csidcav\/usuario29\/wp-content\/uploads\/2025\/10\/em-poster-horizontal.jpg\" class=\"attachment-full size-full wp-post-image\" alt=\"\" style=\"object-fit:cover;\" srcset=\"https:\/\/gicd.inf.um.es\/csidcav\/usuario29\/wp-content\/uploads\/2025\/10\/em-poster-horizontal.jpg 1920w, https:\/\/gicd.inf.um.es\/csidcav\/usuario29\/wp-content\/uploads\/2025\/10\/em-poster-horizontal-300x169.jpg 300w, https:\/\/gicd.inf.um.es\/csidcav\/usuario29\/wp-content\/uploads\/2025\/10\/em-poster-horizontal-1024x576.jpg 1024w, https:\/\/gicd.inf.um.es\/csidcav\/usuario29\/wp-content\/uploads\/2025\/10\/em-poster-horizontal-768x432.jpg 768w, https:\/\/gicd.inf.um.es\/csidcav\/usuario29\/wp-content\/uploads\/2025\/10\/em-poster-horizontal-1536x864.jpg 1536w, https:\/\/gicd.inf.um.es\/csidcav\/usuario29\/wp-content\/uploads\/2025\/10\/em-poster-horizontal-1280x720.jpg 1280w\" sizes=\"auto, (max-width: 1920px) 100vw, 1920px\" \/><\/figure>\n\n<div class=\"taxonomy-category wp-block-post-terms\"><a href=\"https:\/\/gicd.inf.um.es\/csidcav\/usuario29\/category\/accion\/\" rel=\"tag\">Acci\u00f3n<\/a><span class=\"wp-block-post-terms__separator\">, <\/span><a href=\"https:\/\/gicd.inf.um.es\/csidcav\/usuario29\/category\/aventuras\/\" rel=\"tag\">Aventuras<\/a><span class=\"wp-block-post-terms__separator\">, <\/span><a href=\"https:\/\/gicd.inf.um.es\/csidcav\/usuario29\/category\/ciencia-ficcion\/\" rel=\"tag\">Ciencia ficci\u00f3n<\/a><\/div>\n\n<h2 class=\"wp-block-post-title\"><a href=\"https:\/\/gicd.inf.um.es\/csidcav\/usuario29\/el-madaloriano\/\" target=\"_blank\" >El Madaloriano<\/a><\/h2>\n\n<div class=\"bs- blog-post wp-block-post-excerpt\"><p class=\"wp-block-post-excerpt__excerpt\">Cinco a\u00f1os despu\u00e9s de los eventos de El Retorno del Jedi y la ca\u00edda del imperio gal\u00e1ctico, un cazarrecompensas mandaloriano solitario acepta una misi\u00f3n en los confines de la galaxia. <\/p><\/div>\n\n\n<div style=\"height:30px\" aria-hidden=\"true\" class=\"wp-block-spacer\"><\/div>\n<\/div><\/div>\n\n<\/li><li class=\"wp-block-post post-53 post type-post status-publish format-standard has-post-thumbnail hentry category-accion category-drama category-fantastico tag-dragones tag-espada-y-brujeria tag-fantasia-medieval tag-venganza\">\n\n<div class=\"wp-block-group small\"><div class=\"wp-block-group__inner-container is-layout-constrained wp-block-group-is-layout-constrained\"><figure class=\"bs- blog-post wp-block-post-featured-image\"><img loading=\"lazy\" decoding=\"async\" width=\"1920\" height=\"1080\" src=\"https:\/\/gicd.inf.um.es\/csidcav\/usuario29\/wp-content\/uploads\/2025\/10\/jdt-poster-horizonal.jpg\" class=\"attachment-full size-full wp-post-image\" alt=\"Poster juego de tronos\" style=\"object-fit:cover;\" srcset=\"https:\/\/gicd.inf.um.es\/csidcav\/usuario29\/wp-content\/uploads\/2025\/10\/jdt-poster-horizonal.jpg 1920w, https:\/\/gicd.inf.um.es\/csidcav\/usuario29\/wp-content\/uploads\/2025\/10\/jdt-poster-horizonal-300x169.jpg 300w, https:\/\/gicd.inf.um.es\/csidcav\/usuario29\/wp-content\/uploads\/2025\/10\/jdt-poster-horizonal-1024x576.jpg 1024w, https:\/\/gicd.inf.um.es\/csidcav\/usuario29\/wp-content\/uploads\/2025\/10\/jdt-poster-horizonal-768x432.jpg 768w, https:\/\/gicd.inf.um.es\/csidcav\/usuario29\/wp-content\/uploads\/2025\/10\/jdt-poster-horizonal-1536x864.jpg 1536w, https:\/\/gicd.inf.um.es\/csidcav\/usuario29\/wp-content\/uploads\/2025\/10\/jdt-poster-horizonal-1280x720.jpg 1280w\" sizes=\"auto, (max-width: 1920px) 100vw, 1920px\" \/><\/figure>\n\n<div class=\"taxonomy-category wp-block-post-terms\"><a href=\"https:\/\/gicd.inf.um.es\/csidcav\/usuario29\/category\/accion\/\" rel=\"tag\">Acci\u00f3n<\/a><span class=\"wp-block-post-terms__separator\">, <\/span><a href=\"https:\/\/gicd.inf.um.es\/csidcav\/usuario29\/category\/drama\/\" rel=\"tag\">Drama<\/a><span class=\"wp-block-post-terms__separator\">, <\/span><a href=\"https:\/\/gicd.inf.um.es\/csidcav\/usuario29\/category\/fantastico\/\" rel=\"tag\">Fant\u00e1stico<\/a><\/div>\n\n<h2 class=\"wp-block-post-title\"><a href=\"https:\/\/gicd.inf.um.es\/csidcav\/usuario29\/juego-de-tronos\/\" target=\"_blank\" >Juego de tronos<\/a><\/h2>\n\n<div class=\"bs- blog-post wp-block-post-excerpt\"><p class=\"wp-block-post-excerpt__excerpt\">Las distintas casas nobiliarias del continente ficticio de Poniente luchan entre s\u00ed para tener el control del Trono de Hierro y gobernar los siete reinos que conforman el territorio. <\/p><\/div>\n\n\n<div style=\"height:30px\" aria-hidden=\"true\" class=\"wp-block-spacer\"><\/div>\n<\/div><\/div>\n\n<\/li><\/ul><\/div>\n\n\n\n<div class=\"wp-block-cover\"><img loading=\"lazy\" decoding=\"async\" width=\"1024\" height=\"1024\" class=\"wp-block-cover__image-background wp-image-107 size-large\" alt=\"\" src=\"https:\/\/gicd.inf.um.es\/csidcav\/usuario29\/wp-content\/uploads\/2025\/10\/john_whick_327-1024x1024.webp\" data-object-fit=\"cover\" srcset=\"https:\/\/gicd.inf.um.es\/csidcav\/usuario29\/wp-content\/uploads\/2025\/10\/john_whick_327-1024x1024.webp 1024w, https:\/\/gicd.inf.um.es\/csidcav\/usuario29\/wp-content\/uploads\/2025\/10\/john_whick_327-300x300.webp 300w, https:\/\/gicd.inf.um.es\/csidcav\/usuario29\/wp-content\/uploads\/2025\/10\/john_whick_327-150x150.webp 150w, https:\/\/gicd.inf.um.es\/csidcav\/usuario29\/wp-content\/uploads\/2025\/10\/john_whick_327-768x768.webp 768w, https:\/\/gicd.inf.um.es\/csidcav\/usuario29\/wp-content\/uploads\/2025\/10\/john_whick_327.webp 1200w\" sizes=\"auto, (max-width: 1024px) 100vw, 1024px\" \/><span aria-hidden=\"true\" class=\"wp-block-cover__background has-background-dim\" style=\"background-color:#423f40\"><\/span><div class=\"wp-block-cover__inner-container is-layout-constrained wp-block-cover-is-layout-constrained\">\n<p class=\"has-text-align-center has-large-font-size\">La acci\u00f3n en el cine es una forma de \u00abexternalizar un estado emocional\u00bb, usando el peligro f\u00edsico como catalizador para las emociones de los personajes<\/p>\n\n\n\n<p>-James Cameron<\/p>\n<\/div><\/div>\n\n\n\n<div class=\"wp-block-cp-timeline-content-timeline Cool-Content-Timeline\"><div class=\"cool-timeline-block-5af7c3b6-5a2d-40fa-9b72-3a6b951ae136\"><style>.cool-timeline-block-5af7c3b6-5a2d-40fa-9b72-3a6b951ae136 .cool-vertical-timeline-body{--ctlb-content-alignment: center;--ctlb-date-color: #0f98ae;--ctlb-heading-color: #e12424;--ctlb-sub-heading-color: #000000;}<\/style><div class=\"cool-vertical-timeline-body ctlb-wrapper both-sided left\"><div class=\"cool-timeline-block-list\">\n<div class=\"wp-block-cp-timeline-content-timeline-child swiper-slide\"><div class=\"timeline-content icon-true \"><div class=\"timeline-block-timeline ctl-row  position-right\"><div class=\"ctl-6 timeline-block-time\"><div class=\"story-time\"><p>2020<\/p><\/div><\/div><div class=\"timeline-block-icon\"><span class=\"timeline-block-render-icon\" style=\"fill:white\"><div class=\"iconpicker-item\" style=\"font-size:24px;color:white;padding:2px\"><svg stroke=\"currentColor\" fill=\"currentColor\" stroke-width=\"0\" viewBox=\"0 0 256 512\" height=\"1em\" width=\"1em\" xmlns=\"http:\/\/www.w3.org\/2000\/svg\"><path d=\"M224.3 273l-136 136c-9.4 9.4-24.6 9.4-33.9 0l-22.6-22.6c-9.4-9.4-9.4-24.6 0-33.9l96.4-96.4-96.4-96.4c-9.4-9.4-9.4-24.6 0-33.9L54.3 103c9.4-9.4 24.6-9.4 33.9 0l136 136c9.5 9.4 9.5 24.6.1 34z\"><\/path><\/svg><\/div><\/span><\/div><div class=\"ctl-6 timeline-block-detail\"><div class=\"story-details\"><div class=\"story-content\">\n<figure class=\"wp-block-image ctlb-block-image is-style-rounded\"><img decoding=\"async\" src=\"https:\/\/cooltimeline.com\/wp-content\/uploads\/2022\/11\/amazon1-600x338.jpg\" alt=\"\"\/><\/figure>\n\n\n\n<h3 class=\"wp-block-heading ctlb-block-title\" style=\"padding-top:0px;padding-right:0px;padding-bottom:0px;padding-left:0px\">The crown<\/h3>\n\n\n\n<p class=\"ctlb-block-desc\" style=\"padding-top:0px;padding-right:0px;padding-bottom:0px;padding-left:0px\">Golden Globe \u2013 Best Television Series Drama<\/p>\n<\/div><\/div><\/div><\/div><\/div><\/div>\n\n\n\n<div class=\"wp-block-cp-timeline-content-timeline-child swiper-slide\"><div class=\"timeline-content icon-false \"><div class=\"timeline-block-timeline ctl-row  position-left\"><div class=\"ctl-6 timeline-block-time\"><div class=\"story-time\"><p>Feb 2, 2020<\/p><\/div><\/div><div class=\"timeline-block-icon\"><svg stroke=\"currentColor\" fill=\"currentColor\" stroke-width=\"0\" viewBox=\"0 0 512 512\" height=\"1em\" width=\"1em\" xmlns=\"http:\/\/www.w3.org\/2000\/svg\"><path d=\"M256 8C119 8 8 119 8 256s111 248 248 248 248-111 248-248S393 8 256 8z\"><\/path><\/svg><\/div><div class=\"ctl-6 timeline-block-detail\"><div class=\"story-details\"><div class=\"story-content\">\n<figure class=\"wp-block-image ctlb-block-image\"><img decoding=\"async\" src=\"https:\/\/cooltimeline.com\/wp-content\/uploads\/2022\/11\/amazon2-600x338.jpg\" alt=\"\" style=\"aspect-ratio:4\/3;object-fit:cover\"\/><\/figure>\n\n\n\n<h3 class=\"wp-block-heading ctlb-block-title\" style=\"padding-top:0px;padding-right:0px;padding-bottom:0px;padding-left:0px\">Amazon Prime debuts<\/h3>\n\n\n\n<p class=\"ctlb-block-desc\" style=\"padding-top:0px;padding-right:0px;padding-bottom:0px;padding-left:0px\">Aliter homines, aliter philosophos loqui putas oportere? Sin aliud quid voles, postea. Mihi enim satis est, ipsis non satis. Negat enim summo bono afferre incrementum diem. Quod ea non occurrentia fingunt, vincunt Aristonem., you can change me anytime click here, <\/p>\n<\/div><\/div><\/div><\/div><\/div><\/div>\n\n\n\n<div class=\"wp-block-cp-timeline-content-timeline-child swiper-slide\"><div class=\"timeline-content icon-false \"><div class=\"timeline-block-timeline ctl-row  position-right\"><div class=\"ctl-6 timeline-block-time\"><div class=\"story-time\"><p>Jan 31, 2021<\/p><\/div><\/div><div class=\"timeline-block-icon\"><svg stroke=\"currentColor\" fill=\"currentColor\" stroke-width=\"0\" viewBox=\"0 0 512 512\" height=\"1em\" width=\"1em\" xmlns=\"http:\/\/www.w3.org\/2000\/svg\"><path d=\"M256 8C119 8 8 119 8 256s111 248 248 248 248-111 248-248S393 8 256 8z\"><\/path><\/svg><\/div><div class=\"ctl-6 timeline-block-detail\"><div class=\"story-details\"><div class=\"story-content\">\n<figure class=\"wp-block-image ctlb-block-image\"><img decoding=\"async\" src=\"https:\/\/cooltimeline.com\/wp-content\/uploads\/2022\/11\/amazon3-1-600x338.png\" alt=\"\" style=\"aspect-ratio:4\/3;object-fit:cover\"\/><\/figure>\n\n\n\n<h3 class=\"wp-block-heading ctlb-block-title\" style=\"padding-top:0px;padding-right:0px;padding-bottom:0px;padding-left:0px\">Amazon acquires Audible<\/h3>\n\n\n\n<p class=\"ctlb-block-desc\" style=\"padding-top:0px;padding-right:0px;padding-bottom:0px;padding-left:0px\">Lorem ipsum dolor sit amet, consectetur adipiscing elit, sed do eiusmod tempor incididunt ut labore et dolore magna aliqua. Ut enim ad minim veniam, quis nostrud exercitation ullamco laboris nisi ut aliquip ex ea commodo consequat.<\/p>\n<\/div><\/div><\/div><\/div><\/div><\/div>\n<\/div><\/div><\/div><\/div>\n","protected":false},"excerpt":{"rendered":"<p>El llamado cine de acci\u00f3n es un g\u00e9nero cinematografico donde prima la espectacularidad de las im\u00e1genes por medio de efectos especiales de estilo \u00abcl\u00e1sico\u00bb. La denominaci\u00f3n es m\u00e1s un convencionalismo popular, que un g\u00e9nero cinematogr\u00e1fico puro acu\u00f1ado por cr\u00edticos, estudiosos o cineastas. Los elementos m\u00e1s frecuentes de una pelicula de acci\u00f3n son persecuciones (tanto a [&hellip;]<\/p>\n","protected":false},"author":1,"featured_media":0,"parent":0,"menu_order":0,"comment_status":"closed","ping_status":"closed","template":"","meta":{"pgc_sgb_lightbox_settings":"","footnotes":""},"class_list":["post-105","page","type-page","status-publish","hentry"],"_links":{"self":[{"href":"https:\/\/gicd.inf.um.es\/csidcav\/usuario29\/wp-json\/wp\/v2\/pages\/105","targetHints":{"allow":["GET"]}}],"collection":[{"href":"https:\/\/gicd.inf.um.es\/csidcav\/usuario29\/wp-json\/wp\/v2\/pages"}],"about":[{"href":"https:\/\/gicd.inf.um.es\/csidcav\/usuario29\/wp-json\/wp\/v2\/types\/page"}],"author":[{"embeddable":true,"href":"https:\/\/gicd.inf.um.es\/csidcav\/usuario29\/wp-json\/wp\/v2\/users\/1"}],"replies":[{"embeddable":true,"href":"https:\/\/gicd.inf.um.es\/csidcav\/usuario29\/wp-json\/wp\/v2\/comments?post=105"}],"version-history":[{"count":11,"href":"https:\/\/gicd.inf.um.es\/csidcav\/usuario29\/wp-json\/wp\/v2\/pages\/105\/revisions"}],"predecessor-version":[{"id":176,"href":"https:\/\/gicd.inf.um.es\/csidcav\/usuario29\/wp-json\/wp\/v2\/pages\/105\/revisions\/176"}],"wp:attachment":[{"href":"https:\/\/gicd.inf.um.es\/csidcav\/usuario29\/wp-json\/wp\/v2\/media?parent=105"}],"curies":[{"name":"wp","href":"https:\/\/api.w.org\/{rel}","templated":true}]}}