{"id":120,"date":"2025-10-31T16:16:31","date_gmt":"2025-10-31T15:16:31","guid":{"rendered":"https:\/\/gicd.inf.um.es\/csidcav\/usuario29\/?page_id=120"},"modified":"2025-11-05T17:38:39","modified_gmt":"2025-11-05T16:38:39","slug":"series-de-fantasia","status":"publish","type":"page","link":"https:\/\/gicd.inf.um.es\/csidcav\/usuario29\/series-de-fantasia\/","title":{"rendered":"Series de Fantas\u00eda"},"content":{"rendered":"\n<p class=\"has-small-font-size\"><strong>El&nbsp;cine fant\u00e1stico&nbsp;es un&nbsp;g\u00e9nero cinematogr\u00e1fico que se caracteriza por contener alg\u00fan elemento de fantas\u00eda , por tenue que sea. Algunas pel\u00edculas de este g\u00e9nero abordan m\u00ednimamente la fantas\u00eda mientras que otras pel\u00edculas del g\u00e9nero, frecuentemente consideradas como las m\u00e1s representativas, incluyen magia, mundos de fantas\u00eda ex\u00f3tica o hechos, personajes o criaturas absolutamente irreales que de ning\u00fan modo pertenecen a la realidad conocida de nuestro mundo. Esto \u00faltimo es particularmente cierto en contraste con el&nbsp;cine de ciencia ficci\u00f3n o el cine de terror, que tienen o pueden tener una base realista o cient\u00edfica. En ocasiones tambi\u00e9n se utiliza el t\u00e9rmino \u00abfant\u00e1stico\u00bb en su sentido m\u00e1s amplio para referirse a toda esta clase de cine en general, incluyendo al de terror, de ciencia ficci\u00f3n, o de otros g\u00e9neros afines.La categor\u00eda tiene tanto que ver con el enfoque como con el contexto y sin duda hay algo de trasposici\u00f3n entre los&nbsp;g\u00e9neros. Por ejemplo, parte de Star Wars , como el concepto de la Fuerza (en el sentido m\u00edstico de la trilog\u00eda original), puede ser considerado fantas\u00eda a pesar de anclarse en un entorno de ciencia ficci\u00f3n, mientras que&nbsp;<em>Los h\u00e9roes del tiempo<\/em>&nbsp;utiliza temas de ciencia ficci\u00f3n, como el viaje en el tiempo, para crear fantas\u00eda<\/strong><\/p>\n\n\n\n<figure class=\"wp-block-image size-full\"><img loading=\"lazy\" decoding=\"async\" width=\"250\" height=\"378\" src=\"https:\/\/gicd.inf.um.es\/csidcav\/usuario29\/wp-content\/uploads\/2025\/10\/Conquest_of_the_Pole_1912_Melies.jpg\" alt=\"\" class=\"wp-image-121\" srcset=\"https:\/\/gicd.inf.um.es\/csidcav\/usuario29\/wp-content\/uploads\/2025\/10\/Conquest_of_the_Pole_1912_Melies.jpg 250w, https:\/\/gicd.inf.um.es\/csidcav\/usuario29\/wp-content\/uploads\/2025\/10\/Conquest_of_the_Pole_1912_Melies-198x300.jpg 198w\" sizes=\"auto, (max-width: 250px) 100vw, 250px\" \/><\/figure>\n\n\n\n<div class=\"wp-block-query is-layout-flow wp-block-query-is-layout-flow\"><ul class=\"columns-2 &lt;div class=&quot;bs-blog-post&quot;&gt; wp-block-post-template is-layout-grid wp-container-core-post-template-is-layout-17361a50 wp-block-post-template-is-layout-grid\"><li class=\"wp-block-post post-57 post type-post status-publish format-standard has-post-thumbnail hentry category-drama category-thriller tag-comedia-negra tag-drogas tag-enfermedad tag-policiaco\">\n\n<div id=\"<article-class=&quot;small&quot;&gt;\" class=\"wp-block-group &lt;div class=&quot;bs-blog-post&quot;&gt;\"><div class=\"wp-block-group__inner-container is-layout-constrained wp-block-group-is-layout-constrained\"><figure class=\"wp-block-post-featured-image\"><img loading=\"lazy\" decoding=\"async\" width=\"1920\" height=\"1080\" src=\"https:\/\/gicd.inf.um.es\/csidcav\/usuario29\/wp-content\/uploads\/2025\/10\/bb-poster-horizonal.jpg\" class=\"attachment-post-thumbnail size-post-thumbnail wp-post-image\" alt=\"Poster Breaking bad\" style=\"object-fit:cover;\" srcset=\"https:\/\/gicd.inf.um.es\/csidcav\/usuario29\/wp-content\/uploads\/2025\/10\/bb-poster-horizonal.jpg 1920w, https:\/\/gicd.inf.um.es\/csidcav\/usuario29\/wp-content\/uploads\/2025\/10\/bb-poster-horizonal-300x169.jpg 300w, https:\/\/gicd.inf.um.es\/csidcav\/usuario29\/wp-content\/uploads\/2025\/10\/bb-poster-horizonal-1024x576.jpg 1024w, https:\/\/gicd.inf.um.es\/csidcav\/usuario29\/wp-content\/uploads\/2025\/10\/bb-poster-horizonal-768x432.jpg 768w, https:\/\/gicd.inf.um.es\/csidcav\/usuario29\/wp-content\/uploads\/2025\/10\/bb-poster-horizonal-1536x864.jpg 1536w, https:\/\/gicd.inf.um.es\/csidcav\/usuario29\/wp-content\/uploads\/2025\/10\/bb-poster-horizonal-1280x720.jpg 1280w\" sizes=\"auto, (max-width: 1920px) 100vw, 1920px\" \/><\/figure>\n\n<h2 class=\"wp-block-post-title\">Breaking Bad<\/h2>\n\n<div class=\"wp-block-post-excerpt\"><p class=\"wp-block-post-excerpt__excerpt\">Walter White es un profesor de qu\u00edmica de instituto con c\u00e1ncer de pulm\u00f3n incurable. Para ayudar a su familia decide fabricar anfetaminas y venderlas ayudado por un antiguo alumno. <\/p><\/div><\/div><\/div>\n\n<\/li><li class=\"wp-block-post post-59 post type-post status-publish format-standard has-post-thumbnail hentry category-accion category-aventuras category-ciencia-ficcion tag-star-wars tag-western-futurista\">\n\n<div id=\"<article-class=&quot;small&quot;&gt;\" class=\"wp-block-group &lt;div class=&quot;bs-blog-post&quot;&gt;\"><div class=\"wp-block-group__inner-container is-layout-constrained wp-block-group-is-layout-constrained\"><figure class=\"wp-block-post-featured-image\"><img loading=\"lazy\" decoding=\"async\" width=\"1920\" height=\"1080\" src=\"https:\/\/gicd.inf.um.es\/csidcav\/usuario29\/wp-content\/uploads\/2025\/10\/em-poster-horizontal.jpg\" class=\"attachment-post-thumbnail size-post-thumbnail wp-post-image\" alt=\"\" style=\"object-fit:cover;\" srcset=\"https:\/\/gicd.inf.um.es\/csidcav\/usuario29\/wp-content\/uploads\/2025\/10\/em-poster-horizontal.jpg 1920w, https:\/\/gicd.inf.um.es\/csidcav\/usuario29\/wp-content\/uploads\/2025\/10\/em-poster-horizontal-300x169.jpg 300w, https:\/\/gicd.inf.um.es\/csidcav\/usuario29\/wp-content\/uploads\/2025\/10\/em-poster-horizontal-1024x576.jpg 1024w, https:\/\/gicd.inf.um.es\/csidcav\/usuario29\/wp-content\/uploads\/2025\/10\/em-poster-horizontal-768x432.jpg 768w, https:\/\/gicd.inf.um.es\/csidcav\/usuario29\/wp-content\/uploads\/2025\/10\/em-poster-horizontal-1536x864.jpg 1536w, https:\/\/gicd.inf.um.es\/csidcav\/usuario29\/wp-content\/uploads\/2025\/10\/em-poster-horizontal-1280x720.jpg 1280w\" sizes=\"auto, (max-width: 1920px) 100vw, 1920px\" \/><\/figure>\n\n<h2 class=\"wp-block-post-title\">El Madaloriano<\/h2>\n\n<div class=\"wp-block-post-excerpt\"><p class=\"wp-block-post-excerpt__excerpt\">Cinco a\u00f1os despu\u00e9s de los eventos de El Retorno del Jedi y la ca\u00edda del imperio gal\u00e1ctico, un cazarrecompensas mandaloriano solitario acepta una misi\u00f3n en los confines de la galaxia. <\/p><\/div><\/div><\/div>\n\n<\/li><li class=\"wp-block-post post-97 post type-post status-publish format-standard has-post-thumbnail hentry category-ciencia-ficcion category-comedia category-fantastico tag-fantasia tag-gore tag-humor-negro tag-sobrenatural tag-superheroes\">\n\n<div id=\"<article-class=&quot;small&quot;&gt;\" class=\"wp-block-group &lt;div class=&quot;bs-blog-post&quot;&gt;\"><div class=\"wp-block-group__inner-container is-layout-constrained wp-block-group-is-layout-constrained\"><figure class=\"wp-block-post-featured-image\"><img loading=\"lazy\" decoding=\"async\" width=\"680\" height=\"1000\" src=\"https:\/\/gicd.inf.um.es\/csidcav\/usuario29\/wp-content\/uploads\/2025\/10\/687fcb3525d62.jpg\" class=\"attachment-post-thumbnail size-post-thumbnail wp-post-image\" alt=\"\" style=\"object-fit:cover;\" srcset=\"https:\/\/gicd.inf.um.es\/csidcav\/usuario29\/wp-content\/uploads\/2025\/10\/687fcb3525d62.jpg 680w, https:\/\/gicd.inf.um.es\/csidcav\/usuario29\/wp-content\/uploads\/2025\/10\/687fcb3525d62-204x300.jpg 204w\" sizes=\"auto, (max-width: 680px) 100vw, 680px\" \/><\/figure>\n\n<h2 class=\"wp-block-post-title\">Gen V<\/h2>\n\n<div class=\"wp-block-post-excerpt\"><p class=\"wp-block-post-excerpt__excerpt\">Del universo de The Boys llega Gen V, una trepidante serie ambientada en la \u00fanica universidad para superh\u00e9roes de EE. UU. Estos capacitados estudiantes fuerzan sus l\u00edmites morales por estar entre los diez mejores y formar parte de Los Siete, la \u00e9lite de superh\u00e9roes de Vought International. Cuando se revelan los secretos de la universidad,&hellip; <\/p><\/div><\/div><\/div>\n\n<\/li><li class=\"wp-block-post post-53 post type-post status-publish format-standard has-post-thumbnail hentry category-accion category-drama category-fantastico tag-dragones tag-espada-y-brujeria tag-fantasia-medieval tag-venganza\">\n\n<div id=\"<article-class=&quot;small&quot;&gt;\" class=\"wp-block-group &lt;div class=&quot;bs-blog-post&quot;&gt;\"><div class=\"wp-block-group__inner-container is-layout-constrained wp-block-group-is-layout-constrained\"><figure class=\"wp-block-post-featured-image\"><img loading=\"lazy\" decoding=\"async\" width=\"1920\" height=\"1080\" src=\"https:\/\/gicd.inf.um.es\/csidcav\/usuario29\/wp-content\/uploads\/2025\/10\/jdt-poster-horizonal.jpg\" class=\"attachment-post-thumbnail size-post-thumbnail wp-post-image\" alt=\"Poster juego de tronos\" style=\"object-fit:cover;\" srcset=\"https:\/\/gicd.inf.um.es\/csidcav\/usuario29\/wp-content\/uploads\/2025\/10\/jdt-poster-horizonal.jpg 1920w, https:\/\/gicd.inf.um.es\/csidcav\/usuario29\/wp-content\/uploads\/2025\/10\/jdt-poster-horizonal-300x169.jpg 300w, https:\/\/gicd.inf.um.es\/csidcav\/usuario29\/wp-content\/uploads\/2025\/10\/jdt-poster-horizonal-1024x576.jpg 1024w, https:\/\/gicd.inf.um.es\/csidcav\/usuario29\/wp-content\/uploads\/2025\/10\/jdt-poster-horizonal-768x432.jpg 768w, https:\/\/gicd.inf.um.es\/csidcav\/usuario29\/wp-content\/uploads\/2025\/10\/jdt-poster-horizonal-1536x864.jpg 1536w, https:\/\/gicd.inf.um.es\/csidcav\/usuario29\/wp-content\/uploads\/2025\/10\/jdt-poster-horizonal-1280x720.jpg 1280w\" sizes=\"auto, (max-width: 1920px) 100vw, 1920px\" \/><\/figure>\n\n<h2 class=\"wp-block-post-title\">Juego de tronos<\/h2>\n\n<div class=\"wp-block-post-excerpt\"><p class=\"wp-block-post-excerpt__excerpt\">Las distintas casas nobiliarias del continente ficticio de Poniente luchan entre s\u00ed para tener el control del Trono de Hierro y gobernar los siete reinos que conforman el territorio. <\/p><\/div><\/div><\/div>\n\n<\/li><li class=\"wp-block-post post-61 post type-post status-publish format-standard has-post-thumbnail hentry category-drama category-fantastico category-terror tag-anos-80 tag-monstruos tag-secuestros-desapariciones tag-sobrenatural\">\n\n<div id=\"<article-class=&quot;small&quot;&gt;\" class=\"wp-block-group &lt;div class=&quot;bs-blog-post&quot;&gt;\"><div class=\"wp-block-group__inner-container is-layout-constrained wp-block-group-is-layout-constrained\"><figure class=\"wp-block-post-featured-image\"><img loading=\"lazy\" decoding=\"async\" width=\"1920\" height=\"1080\" src=\"https:\/\/gicd.inf.um.es\/csidcav\/usuario29\/wp-content\/uploads\/2025\/10\/st-poster-horizontal.jpg\" class=\"attachment-post-thumbnail size-post-thumbnail wp-post-image\" alt=\"poster stranger\" style=\"object-fit:cover;\" srcset=\"https:\/\/gicd.inf.um.es\/csidcav\/usuario29\/wp-content\/uploads\/2025\/10\/st-poster-horizontal.jpg 1920w, https:\/\/gicd.inf.um.es\/csidcav\/usuario29\/wp-content\/uploads\/2025\/10\/st-poster-horizontal-300x169.jpg 300w, https:\/\/gicd.inf.um.es\/csidcav\/usuario29\/wp-content\/uploads\/2025\/10\/st-poster-horizontal-1024x576.jpg 1024w, https:\/\/gicd.inf.um.es\/csidcav\/usuario29\/wp-content\/uploads\/2025\/10\/st-poster-horizontal-768x432.jpg 768w, https:\/\/gicd.inf.um.es\/csidcav\/usuario29\/wp-content\/uploads\/2025\/10\/st-poster-horizontal-1536x864.jpg 1536w, https:\/\/gicd.inf.um.es\/csidcav\/usuario29\/wp-content\/uploads\/2025\/10\/st-poster-horizontal-1280x720.jpg 1280w\" sizes=\"auto, (max-width: 1920px) 100vw, 1920px\" \/><\/figure>\n\n<h2 class=\"wp-block-post-title\">Stranger Things<\/h2>\n\n<div class=\"wp-block-post-excerpt\"><p class=\"wp-block-post-excerpt__excerpt\">En 1983 un ni\u00f1o desaparece en el peque\u00f1o pueblo de Hawkins. Amigos, familiares y el sheriff local se ven envueltos experimentos ultrasecretos y fuerzas paranormales terror\u00edficas. <\/p><\/div><\/div><\/div>\n\n<\/li><li class=\"wp-block-post post-89 post type-post status-publish format-standard has-post-thumbnail hentry category-accion category-ciencia-ficcion category-comedia category-drama category-fantastico tag-30 tag-celebridades tag-drogas tag-fantasia tag-gore tag-humor-negro tag-superheroes\">\n\n<div id=\"<article-class=&quot;small&quot;&gt;\" class=\"wp-block-group &lt;div class=&quot;bs-blog-post&quot;&gt;\"><div class=\"wp-block-group__inner-container is-layout-constrained wp-block-group-is-layout-constrained\"><figure class=\"wp-block-post-featured-image\"><img loading=\"lazy\" decoding=\"async\" width=\"680\" height=\"1000\" src=\"https:\/\/gicd.inf.um.es\/csidcav\/usuario29\/wp-content\/uploads\/2025\/10\/60576d2ea486c.jpg\" class=\"attachment-post-thumbnail size-post-thumbnail wp-post-image\" alt=\"\" style=\"object-fit:cover;\" srcset=\"https:\/\/gicd.inf.um.es\/csidcav\/usuario29\/wp-content\/uploads\/2025\/10\/60576d2ea486c.jpg 680w, https:\/\/gicd.inf.um.es\/csidcav\/usuario29\/wp-content\/uploads\/2025\/10\/60576d2ea486c-204x300.jpg 204w\" sizes=\"auto, (max-width: 680px) 100vw, 680px\" \/><\/figure>\n\n<h2 class=\"wp-block-post-title\">The Boys<\/h2>\n\n<div class=\"wp-block-post-excerpt\"><p class=\"wp-block-post-excerpt__excerpt\">En un mundo donde los superh\u00e9roes adoptan el lado m\u00e1s oscuro de su fama y celebridad masiva, un grupo de justicieros conocidos informalmente como \u00abThe Boys\u00bb, se propusieron acabar con superh\u00e9roes corruptos sin m\u00e1s que coraje y voluntad que pelear sucio. <\/p><\/div><\/div><\/div>\n\n<\/li><\/ul><\/div>\n\n\n\n<div class=\"wp-block-cover\"><img loading=\"lazy\" decoding=\"async\" width=\"500\" height=\"250\" class=\"wp-block-cover__image-background wp-image-122 size-full\" alt=\"\" src=\"https:\/\/gicd.inf.um.es\/csidcav\/usuario29\/wp-content\/uploads\/2025\/10\/Peliculas-de-fantasia-y-aventuras-alicia-en-el-pais-de-las-maravillas.jpg\" data-object-fit=\"cover\" srcset=\"https:\/\/gicd.inf.um.es\/csidcav\/usuario29\/wp-content\/uploads\/2025\/10\/Peliculas-de-fantasia-y-aventuras-alicia-en-el-pais-de-las-maravillas.jpg 500w, https:\/\/gicd.inf.um.es\/csidcav\/usuario29\/wp-content\/uploads\/2025\/10\/Peliculas-de-fantasia-y-aventuras-alicia-en-el-pais-de-las-maravillas-300x150.jpg 300w\" sizes=\"auto, (max-width: 500px) 100vw, 500px\" \/><span aria-hidden=\"true\" class=\"wp-block-cover__background has-background-dim\" style=\"background-color:#506666\"><\/span><div class=\"wp-block-cover__inner-container is-layout-constrained wp-block-cover-is-layout-constrained\">\n<p class=\"has-text-align-center has-white-color has-vivid-cyan-blue-background-color has-text-color has-background has-link-color has-medium-font-size wp-elements-d28564e21e47fce86da6122759ff0bf4\"><strong>George Lucas:<\/strong>&nbsp;\u00abNo me restring\u00eda por ninguna ciencia. Simplemente dije: voy a crear un mundo que sea divertido e interesante, que tenga sentido y parezca tener una realidad\u00bb.<\/p>\n<\/div><\/div>\n","protected":false},"excerpt":{"rendered":"<p>El&nbsp;cine fant\u00e1stico&nbsp;es un&nbsp;g\u00e9nero cinematogr\u00e1fico que se caracteriza por contener alg\u00fan elemento de fantas\u00eda , por tenue que sea. Algunas pel\u00edculas de este g\u00e9nero abordan m\u00ednimamente la fantas\u00eda mientras que otras pel\u00edculas del g\u00e9nero, frecuentemente consideradas como las m\u00e1s representativas, incluyen magia, mundos de fantas\u00eda ex\u00f3tica o hechos, personajes o criaturas absolutamente irreales que de ning\u00fan [&hellip;]<\/p>\n","protected":false},"author":1,"featured_media":0,"parent":0,"menu_order":0,"comment_status":"closed","ping_status":"closed","template":"","meta":{"pgc_sgb_lightbox_settings":"","footnotes":""},"class_list":["post-120","page","type-page","status-publish","hentry"],"_links":{"self":[{"href":"https:\/\/gicd.inf.um.es\/csidcav\/usuario29\/wp-json\/wp\/v2\/pages\/120","targetHints":{"allow":["GET"]}}],"collection":[{"href":"https:\/\/gicd.inf.um.es\/csidcav\/usuario29\/wp-json\/wp\/v2\/pages"}],"about":[{"href":"https:\/\/gicd.inf.um.es\/csidcav\/usuario29\/wp-json\/wp\/v2\/types\/page"}],"author":[{"embeddable":true,"href":"https:\/\/gicd.inf.um.es\/csidcav\/usuario29\/wp-json\/wp\/v2\/users\/1"}],"replies":[{"embeddable":true,"href":"https:\/\/gicd.inf.um.es\/csidcav\/usuario29\/wp-json\/wp\/v2\/comments?post=120"}],"version-history":[{"count":5,"href":"https:\/\/gicd.inf.um.es\/csidcav\/usuario29\/wp-json\/wp\/v2\/pages\/120\/revisions"}],"predecessor-version":[{"id":164,"href":"https:\/\/gicd.inf.um.es\/csidcav\/usuario29\/wp-json\/wp\/v2\/pages\/120\/revisions\/164"}],"wp:attachment":[{"href":"https:\/\/gicd.inf.um.es\/csidcav\/usuario29\/wp-json\/wp\/v2\/media?parent=120"}],"curies":[{"name":"wp","href":"https:\/\/api.w.org\/{rel}","templated":true}]}}