{"id":158,"date":"2025-11-12T18:45:53","date_gmt":"2025-11-12T17:45:53","guid":{"rendered":"https:\/\/gicd.inf.um.es\/csidcav\/usuario34\/?page_id=158"},"modified":"2025-12-17T16:43:52","modified_gmt":"2025-12-17T15:43:52","slug":"listado-de-actrices-y-actores","status":"publish","type":"page","link":"https:\/\/gicd.inf.um.es\/csidcav\/usuario34\/listado-de-actrices-y-actores\/","title":{"rendered":"Listado de actrices y actores"},"content":{"rendered":"\n<p>En esta p\u00e1gina recopilamos la informaci\u00f3n de cada una de las actrices y actores que protagonizan nuestras series preferidas\u201d<\/p>\n\n\n\n<div class=\"wp-block-query is-layout-flow wp-block-query-is-layout-flow\"><ul class=\"wp-block-post-template is-layout-flow wp-block-post-template-is-layout-flow\"><li class=\"wp-block-post post-300 actor type-actor status-publish hentry\">\n<h2 class=\"has-link-color wp-elements-a1ebf647b7997765f68aadb3603834f1 wp-block-post-title has-text-color has-pale-pink-color\"><a href=\"https:\/\/gicd.inf.um.es\/csidcav\/usuario34\/actor\/cameron-monaghan\/\" target=\"_self\" >Cameron Monaghan<\/a><\/h2>\n\n<p>Cameron Riley Monaghan naci\u00f3 el 16 de agosto de 1993 en Santa M\u00f3nica, California, Estados Unidos. Es un actor y modelo estadounidense que comenz\u00f3 su carrera a temprana edad, participando en anuncios publicitarios y series de televisi\u00f3n.<\/p>\n<p>Alcanz\u00f3 gran popularidad por su papel como Ian Gallagher en la serie Shameless (2011\u20132021), donde fue ampliamente reconocido por su interpretaci\u00f3n de un personaje complejo y por visibilizar temas de salud mental y diversidad. Tambi\u00e9n es conocido por interpretar a Jerome y Jeremiah Valeska en la serie Gotham, inspirados en el Joker.<\/p>\n<p>Adem\u00e1s, ha trabajado en cine y ha prestado su voz y movimiento para videojuegos, como Star Wars Jedi: Fallen Order. Cameron Monaghan es apreciado por su versatilidad y la intensidad de sus interpretaciones.<\/p>\n\n<\/li><li class=\"wp-block-post post-298 actor type-actor status-publish hentry\">\n<h2 class=\"has-link-color wp-elements-a1ebf647b7997765f68aadb3603834f1 wp-block-post-title has-text-color has-pale-pink-color\"><a href=\"https:\/\/gicd.inf.um.es\/csidcav\/usuario34\/actor\/jeremy-allen-white\/\" target=\"_self\" >Jeremy Allen White<\/a><\/h2>\n\n<p>Jeremy Allen White naci\u00f3 el 17 de febrero de 1991 en Brooklyn, Nueva York, Estados Unidos. Es un actor estadounidense que inici\u00f3 su carrera desde joven, participando en series y pel\u00edculas independientes antes de alcanzar gran reconocimiento.<\/p>\n<p>Su papel m\u00e1s destacado es el de Lip Gallagher en la serie Shameless (2011\u20132021), donde interpret\u00f3 a un joven brillante pero autodestructivo, actuaci\u00f3n que fue muy elogiada por la cr\u00edtica. Posteriormente consolid\u00f3 su carrera con el papel protag\u00f3nico en la serie The Bear, por el que ha recibido importantes premios y reconocimientos.<\/p>\n<p>Jeremy Allen White es valorado por su estilo interpretativo naturalista y su capacidad para retratar personajes complejos y emocionalmente intensos.<\/p>\n\n<\/li><li class=\"wp-block-post post-296 actor type-actor status-publish hentry\">\n<h2 class=\"has-link-color wp-elements-a1ebf647b7997765f68aadb3603834f1 wp-block-post-title has-text-color has-pale-pink-color\"><a href=\"https:\/\/gicd.inf.um.es\/csidcav\/usuario34\/actor\/emily-rossum\/\" target=\"_self\" >Emily Rossum<\/a><\/h2>\n\n<p>Emmanuelle Grey Rossum, conocida art\u00edsticamente como Emmy Rossum, naci\u00f3 el 12 de septiembre de 1986 en Nueva York, Estados Unidos. Es una actriz, cantante y directora estadounidense. Comenz\u00f3 su carrera desde muy joven como soprano en el Coro Infantil del Metropolitan Opera, lo que marc\u00f3 su formaci\u00f3n art\u00edstica.<\/p>\n<p>Alcanz\u00f3 fama internacional por su papel como **Fiona Gallagher** en la serie *Shameless* (2011\u20132019), donde destac\u00f3 por su interpretaci\u00f3n intensa y realista. En cine, es conocida por pel\u00edculas como *El fantasma de la \u00f3pera* (2004), *El d\u00eda de ma\u00f1ana* y *Mystic River*.<\/p>\n<p>Adem\u00e1s de actuar, Emmy Rossum ha trabajado como directora y productora, y es reconocida por su compromiso con la igualdad salarial y la representaci\u00f3n femenina en la industria audiovisual.<\/p>\n\n<\/li><li class=\"wp-block-post post-293 actor type-actor status-publish hentry\">\n<h2 class=\"has-link-color wp-elements-a1ebf647b7997765f68aadb3603834f1 wp-block-post-title has-text-color has-pale-pink-color\"><a href=\"https:\/\/gicd.inf.um.es\/csidcav\/usuario34\/actor\/william-h-macy\/\" target=\"_self\" >William H. Macy<\/a><\/h2>\n\n<p>Es un actor, guionista y director estadounidense con una destacada trayectoria en cine, teatro y televisi\u00f3n. Se form\u00f3 como actor en el prestigioso Goodman School of Drama y comenz\u00f3 su carrera en el teatro, donde desarroll\u00f3 una s\u00f3lida base interpretativa.<\/p>\n<p>Alcanz\u00f3 reconocimiento internacional por sus papeles en pel\u00edculas como Fargo (1996), por la que fue nominado al \u00d3scar, Magnolia y Boogie Nights. En televisi\u00f3n, es ampliamente conocido por interpretar a Frank Gallagher en la serie Shameless (2011\u20132021), papel que le vali\u00f3 varios premios y nominaciones, incluido un Emmy.<\/p>\n<p>William H. Macy es valorado por su versatilidad y su capacidad para dar vida a personajes complejos y moralmente ambiguos.<\/p>\n\n<\/li><li class=\"wp-block-post post-155 actor type-actor status-publish hentry\">\n<h2 class=\"has-link-color wp-elements-a1ebf647b7997765f68aadb3603834f1 wp-block-post-title has-text-color has-pale-pink-color\"><a href=\"https:\/\/gicd.inf.um.es\/csidcav\/usuario34\/actor\/noah-schnapp\/\" target=\"_self\" >Noah Schnapp<\/a><\/h2>\n\n<p>Noah Schnapp (Scarsdale, Nueva York; 3 de octubre de 2004) es un actor estadounidense conocido por su interpretaci\u00f3n de Will Byers en la serie de ciencia ficci\u00f3n producida por Netflix Stranger Things.<\/p>\n\n<\/li><li class=\"wp-block-post post-154 actor type-actor status-publish hentry\">\n<h2 class=\"has-link-color wp-elements-a1ebf647b7997765f68aadb3603834f1 wp-block-post-title has-text-color has-pale-pink-color\"><a href=\"https:\/\/gicd.inf.um.es\/csidcav\/usuario34\/actor\/millie-bobby-brown\/\" target=\"_self\" >Millie Bobby Brown<\/a><\/h2>\n\n<p>Millie Bobby Brown (Marbella, 19 de febrero de 2004)\u200b es una actriz y modelo brit\u00e1nica. Inici\u00f3 su carrera en la actuaci\u00f3n desde muy peque\u00f1a cuando se mud\u00f3 a Orlando, Florida en 2011. Salt\u00f3 a la fama por su interpretaci\u00f3n del papel de Once en la serie de Netflix Stranger Things.<\/p>\n\n<\/li><li class=\"wp-block-post post-153 actor type-actor status-publish hentry\">\n<h2 class=\"has-link-color wp-elements-a1ebf647b7997765f68aadb3603834f1 wp-block-post-title has-text-color has-pale-pink-color\"><a href=\"https:\/\/gicd.inf.um.es\/csidcav\/usuario34\/actor\/aaron-paul\/\" target=\"_self\" >Aaron Paul<\/a><\/h2>\n\n<p>Aaron Paul Sturtevant\u200b (Emmett, Idaho; 27 de agosto de 1979) es un actor y productor estadounidense conocido por interpretar al personaje de Jesse Pinkman en la serie de AMC Breaking Bad, desde su estreno el 20 de enero de 2008. Tambi\u00e9n tiene un papel recurrente como Scott en la serie de HBO Big Love, adem\u00e1s de haber protagonizado la pel\u00edcula Need for Speed.<\/p>\n\n<\/li><li class=\"wp-block-post post-152 actor type-actor status-publish hentry\">\n<h2 class=\"has-link-color wp-elements-a1ebf647b7997765f68aadb3603834f1 wp-block-post-title has-text-color has-pale-pink-color\"><a href=\"https:\/\/gicd.inf.um.es\/csidcav\/usuario34\/actor\/bryan-cranston\/\" target=\"_self\" >Bryan Cranston<\/a><\/h2>\n\n<p>Bryan Lee Cranston es un actor, actor de voz, guionista, productor y director estadounidense, reconocido por su interpretaci\u00f3n de Walter White (en la serie de AMC Breaking Bad), de Hal Wilkerson (el padre de familia de la serie de FOX Malcolm in the middle), y del doctor Tim Whatley (en la comedia de NBC Seinfeld). El papel de Walter White le ha convertido en uno de los grandes en el panorama del cine y la televisi\u00f3n habiendo sido galardonado con numerosos premios como los Emmy y los Globos de Oro. En la d\u00e9cada de los 2000 pas\u00f3 de ser un actor de papeles menores a ser uno de los m\u00e1s reconocidos en la industria cinematogr\u00e1fica, llegando a ser nominado a los Premios \u00d3scar en 2016.<\/p>\n\n<\/li><li class=\"wp-block-post post-151 actor type-actor status-publish hentry\">\n<h2 class=\"has-link-color wp-elements-a1ebf647b7997765f68aadb3603834f1 wp-block-post-title has-text-color has-pale-pink-color\"><a href=\"https:\/\/gicd.inf.um.es\/csidcav\/usuario34\/actor\/giancarlo-esposito\/\" target=\"_self\" >Giancarlo Esposito<\/a><\/h2>\n\n<p>Giancarlo Giuseppe Alessandro Esposito (Copenhague, 26 de abril de 1958), conocido como Giancarlo Esposito, es un actor y director de cine y televisi\u00f3n estadounidense nacido en Dinamarca, conocido sobre todo por su papel como Gustavo \u00abGus\u00bb Fring en las series Breaking Bad y Better Call Saul, y como Moff Gideon en The Mandalorian.<\/p>\n\n<\/li><li class=\"wp-block-post post-150 actor type-actor status-publish hentry\">\n<h2 class=\"has-link-color wp-elements-a1ebf647b7997765f68aadb3603834f1 wp-block-post-title has-text-color has-pale-pink-color\"><a href=\"https:\/\/gicd.inf.um.es\/csidcav\/usuario34\/actor\/sarayu-blue\/\" target=\"_self\" >Sarayu Blue<\/a><\/h2>\n\n<p>Sarayu Rao (nacida el 7 de marzo de 1975), tambi\u00e9n conocida como Sarayu R. Blue, es una actriz estadounidense. Quiz\u00e1s sea mejor conocida por su papel recurrente de Angela en la comedia de Fox Sons of Tucson, as\u00ed como de la Dra. Sydney Napur en Monday Mornings de David E. Kelley en TNT.<\/p>\n\n<\/li><\/ul>\n\n<nav class=\"wp-block-query-pagination is-layout-flex wp-block-query-pagination-is-layout-flex\" aria-label=\"Paginaci\u00f3n\">\n\n\n<div class=\"wp-block-query-pagination-numbers\"><span aria-label=\"P\u00e1gina 1\" aria-current=\"page\" class=\"page-numbers current\">1<\/span>\n<a aria-label=\"P\u00e1gina 2\" class=\"page-numbers\" href=\"?query-6-page=2\">2<\/a><\/div>\n\n<a href=\"\/csidcav\/usuario34\/wp-json\/wp\/v2\/pages\/158?query-6-page=2\" class=\"wp-block-query-pagination-next\">P\u00e1gina siguiente<\/a>\n<\/nav>\n\n<\/div>\n","protected":false},"excerpt":{"rendered":"<p>En esta p\u00e1gina recopilamos la informaci\u00f3n de cada una de las actrices y actores que protagonizan nuestras series preferidas\u201d<\/p>\n","protected":false},"author":1,"featured_media":0,"parent":0,"menu_order":0,"comment_status":"closed","ping_status":"closed","template":"","meta":{"pgc_sgb_lightbox_settings":"","footnotes":""},"class_list":["post-158","page","type-page","status-publish","hentry"],"_links":{"self":[{"href":"https:\/\/gicd.inf.um.es\/csidcav\/usuario34\/wp-json\/wp\/v2\/pages\/158","targetHints":{"allow":["GET"]}}],"collection":[{"href":"https:\/\/gicd.inf.um.es\/csidcav\/usuario34\/wp-json\/wp\/v2\/pages"}],"about":[{"href":"https:\/\/gicd.inf.um.es\/csidcav\/usuario34\/wp-json\/wp\/v2\/types\/page"}],"author":[{"embeddable":true,"href":"https:\/\/gicd.inf.um.es\/csidcav\/usuario34\/wp-json\/wp\/v2\/users\/1"}],"replies":[{"embeddable":true,"href":"https:\/\/gicd.inf.um.es\/csidcav\/usuario34\/wp-json\/wp\/v2\/comments?post=158"}],"version-history":[{"count":3,"href":"https:\/\/gicd.inf.um.es\/csidcav\/usuario34\/wp-json\/wp\/v2\/pages\/158\/revisions"}],"predecessor-version":[{"id":342,"href":"https:\/\/gicd.inf.um.es\/csidcav\/usuario34\/wp-json\/wp\/v2\/pages\/158\/revisions\/342"}],"wp:attachment":[{"href":"https:\/\/gicd.inf.um.es\/csidcav\/usuario34\/wp-json\/wp\/v2\/media?parent=158"}],"curies":[{"name":"wp","href":"https:\/\/api.w.org\/{rel}","templated":true}]}}