{"id":165,"date":"2025-11-12T18:55:47","date_gmt":"2025-11-12T17:55:47","guid":{"rendered":"https:\/\/gicd.inf.um.es\/csidcav\/usuario34\/?page_id=165"},"modified":"2025-12-17T15:46:14","modified_gmt":"2025-12-17T14:46:14","slug":"contacta-con-nosotros","status":"publish","type":"page","link":"https:\/\/gicd.inf.um.es\/csidcav\/usuario34\/contacta-con-nosotros\/","title":{"rendered":"Equipo de redacci\u00f3n y contacto"},"content":{"rendered":"\n<p><\/p>\n\n\n\n<h2 class=\"wp-block-heading has-text-align-center has-pale-pink-color has-text-color has-link-color wp-elements-0729fae6e3cc9367c4d14e9be48d17b4\">Equipo de redacci\u00f3n<\/h2>\n\n\n\n<div class=\"wp-block-media-text is-stacked-on-mobile\"><figure class=\"wp-block-media-text__media\"><img loading=\"lazy\" decoding=\"async\" width=\"768\" height=\"1024\" src=\"https:\/\/gicd.inf.um.es\/csidcav\/usuario34\/wp-content\/uploads\/2025\/12\/IMG-20250608-WA0028-1-768x1024.jpg\" alt=\"Virginia\" class=\"wp-image-315 size-full\" srcset=\"https:\/\/gicd.inf.um.es\/csidcav\/usuario34\/wp-content\/uploads\/2025\/12\/IMG-20250608-WA0028-1-768x1024.jpg 768w, https:\/\/gicd.inf.um.es\/csidcav\/usuario34\/wp-content\/uploads\/2025\/12\/IMG-20250608-WA0028-1-225x300.jpg 225w, https:\/\/gicd.inf.um.es\/csidcav\/usuario34\/wp-content\/uploads\/2025\/12\/IMG-20250608-WA0028-1-1152x1536.jpg 1152w, https:\/\/gicd.inf.um.es\/csidcav\/usuario34\/wp-content\/uploads\/2025\/12\/IMG-20250608-WA0028-1-1024x1365.jpg 1024w, https:\/\/gicd.inf.um.es\/csidcav\/usuario34\/wp-content\/uploads\/2025\/12\/IMG-20250608-WA0028-1-rotated.jpg 1536w\" sizes=\"auto, (max-width: 768px) 100vw, 768px\" \/><\/figure><div class=\"wp-block-media-text__content\">\n<p>Hola, mi nombre es Virginia, tengo 21 a\u00f1os y soy estudiante de Comunicaci\u00f3n. Me considero una persona creativa, curiosa y con gran inter\u00e9s por el mundo de los medios, la narrativa y la forma en que las historias conectan con las personas.<\/p>\n\n\n\n<p>Soy una apasionada de las series y los libros, ya que a trav\u00e9s de ellos descubro nuevas perspectivas, emociones y formas de contar historias. Me interesa especialmente analizar personajes, tramas y mensajes, lo que ha influido en mi forma de ver la comunicaci\u00f3n como una herramienta poderosa para transmitir ideas y generar impacto.<\/p>\n\n\n\n<p>Disfruto aprender constantemente y combinar mis intereses personales con mi formaci\u00f3n acad\u00e9mica, con el objetivo de desarrollarme profesionalmente en el \u00e1mbito de la comunicaci\u00f3n y la creaci\u00f3n de contenidos.<\/p>\n<\/div><\/div>\n\n\n\n\n\n<div class=\"wp-block-media-text has-media-on-the-right is-stacked-on-mobile\"><div class=\"wp-block-media-text__content\">\n<p>Me llamo Pedro, tengo 21 a\u00f1os y soy una persona curiosa y creativa. Me apasionan las series y los libros, ya que disfruto perderme en historias que me permiten conocer nuevos mundos, analizar personajes complejos y reflexionar sobre distintas realidades.<\/p>\n\n\n\n<p>En mi tiempo libre suelo ver series o leer, actividades que me inspiran y me ayudan a desarrollar una mirada m\u00e1s cr\u00edtica y sensible hacia la ficci\u00f3n y la narrativa. Valoro especialmente las historias bien construidas y los mensajes que dejan huella, porque creo que la ficci\u00f3n es una forma poderosa de entender el mundo y a las personas.<\/p>\n<\/div><figure class=\"wp-block-media-text__media\"><img loading=\"lazy\" decoding=\"async\" width=\"683\" height=\"1024\" src=\"https:\/\/gicd.inf.um.es\/csidcav\/usuario34\/wp-content\/uploads\/2025\/12\/ChatGPT-Image-17-dic-2025-15_38_00-683x1024.png\" alt=\"Pedro\" class=\"wp-image-316 size-full\" srcset=\"https:\/\/gicd.inf.um.es\/csidcav\/usuario34\/wp-content\/uploads\/2025\/12\/ChatGPT-Image-17-dic-2025-15_38_00-683x1024.png 683w, https:\/\/gicd.inf.um.es\/csidcav\/usuario34\/wp-content\/uploads\/2025\/12\/ChatGPT-Image-17-dic-2025-15_38_00-200x300.png 200w, https:\/\/gicd.inf.um.es\/csidcav\/usuario34\/wp-content\/uploads\/2025\/12\/ChatGPT-Image-17-dic-2025-15_38_00-768x1152.png 768w, https:\/\/gicd.inf.um.es\/csidcav\/usuario34\/wp-content\/uploads\/2025\/12\/ChatGPT-Image-17-dic-2025-15_38_00.png 1024w\" sizes=\"auto, (max-width: 683px) 100vw, 683px\" \/><\/figure><\/div>\n\n\n\n<h2 class=\"wp-block-heading has-text-align-center has-pale-pink-color has-text-color has-link-color wp-elements-3760785e166946103f6e688713ac1a8f\">Contacto<\/h2>\n\n\n\n<div class=\"wpcf7 no-js\" id=\"wpcf7-f164-o1\" lang=\"es-ES\" dir=\"ltr\" data-wpcf7-id=\"164\">\n<div class=\"screen-reader-response\"><p role=\"status\" aria-live=\"polite\" aria-atomic=\"true\"><\/p> <ul><\/ul><\/div>\n<form action=\"\/csidcav\/usuario34\/wp-json\/wp\/v2\/pages\/165#wpcf7-f164-o1\" method=\"post\" class=\"wpcf7-form init\" aria-label=\"Formulario de contacto\" novalidate=\"novalidate\" data-status=\"init\">\n<fieldset class=\"hidden-fields-container\"><input type=\"hidden\" name=\"_wpcf7\" value=\"164\" \/><input type=\"hidden\" name=\"_wpcf7_version\" value=\"6.1.3\" \/><input type=\"hidden\" name=\"_wpcf7_locale\" value=\"es_ES\" \/><input type=\"hidden\" name=\"_wpcf7_unit_tag\" value=\"wpcf7-f164-o1\" \/><input type=\"hidden\" name=\"_wpcf7_container_post\" value=\"0\" \/><input type=\"hidden\" name=\"_wpcf7_posted_data_hash\" value=\"\" \/>\n<\/fieldset>\n<p><label> Tu nombre<br \/>\n<span class=\"wpcf7-form-control-wrap\" data-name=\"your-name\"><input size=\"40\" maxlength=\"400\" class=\"wpcf7-form-control wpcf7-text wpcf7-validates-as-required\" autocomplete=\"name\" aria-required=\"true\" aria-invalid=\"false\" value=\"\" type=\"text\" name=\"your-name\" \/><\/span> <\/label>\n<\/p>\n<p><label> Tu correo electr\u00f3nico<br \/>\n<span class=\"wpcf7-form-control-wrap\" data-name=\"your-email\"><input size=\"40\" maxlength=\"400\" class=\"wpcf7-form-control wpcf7-email wpcf7-validates-as-required wpcf7-text wpcf7-validates-as-email\" autocomplete=\"email\" aria-required=\"true\" aria-invalid=\"false\" value=\"\" type=\"email\" name=\"your-email\" \/><\/span> <\/label>\n<\/p>\n<p><label> Asunto<br \/>\n<span class=\"wpcf7-form-control-wrap\" data-name=\"select-254\"><select class=\"wpcf7-form-control wpcf7-select\" aria-invalid=\"false\" name=\"select-254\"><option value=\"Consulta general\">Consulta general<\/option><option value=\"Informaci\u00f3n sobre series\/libros\">Informaci\u00f3n sobre series\/libros<\/option><option value=\"Productor de Ficciones \u00c9picas\">Productor de Ficciones \u00c9picas<\/option><\/select><\/span><\/label>\n<\/p>\n<p><label> Tu mensaje (opcional)<br \/>\n<span class=\"wpcf7-form-control-wrap\" data-name=\"your-message\"><textarea cols=\"40\" rows=\"10\" maxlength=\"2000\" class=\"wpcf7-form-control wpcf7-textarea\" aria-invalid=\"false\" name=\"your-message\"><\/textarea><\/span> <\/label>\n<\/p>\n<p><span class=\"wpcf7-form-control-wrap\" data-name=\"checkbox-453\"><span class=\"wpcf7-form-control wpcf7-checkbox wpcf7-validates-as-required\"><span class=\"wpcf7-list-item first last\"><label><input type=\"checkbox\" name=\"checkbox-453[]\" value=\"Soy humano\" \/><span class=\"wpcf7-list-item-label\">Soy humano<\/span><\/label><\/span><\/span><\/span>\n<\/p>\n<p><input class=\"wpcf7-form-control wpcf7-submit has-spinner\" type=\"submit\" value=\"Enviar\" \/>\n<\/p><div class=\"wpcf7-response-output\" aria-hidden=\"true\"><\/div>\n<\/form>\n<\/div>\n\n","protected":false},"excerpt":{"rendered":"<p>Equipo de redacci\u00f3n Hola, mi nombre es Virginia, tengo 21 a\u00f1os y soy estudiante de Comunicaci\u00f3n. Me considero una persona creativa, curiosa y con gran inter\u00e9s por el mundo de los medios, la narrativa y la forma en que las historias conectan con las personas. Soy una apasionada de las series y los libros, ya [&hellip;]<\/p>\n","protected":false},"author":1,"featured_media":0,"parent":0,"menu_order":0,"comment_status":"closed","ping_status":"closed","template":"","meta":{"pgc_sgb_lightbox_settings":"","footnotes":""},"class_list":["post-165","page","type-page","status-publish","hentry"],"_links":{"self":[{"href":"https:\/\/gicd.inf.um.es\/csidcav\/usuario34\/wp-json\/wp\/v2\/pages\/165","targetHints":{"allow":["GET"]}}],"collection":[{"href":"https:\/\/gicd.inf.um.es\/csidcav\/usuario34\/wp-json\/wp\/v2\/pages"}],"about":[{"href":"https:\/\/gicd.inf.um.es\/csidcav\/usuario34\/wp-json\/wp\/v2\/types\/page"}],"author":[{"embeddable":true,"href":"https:\/\/gicd.inf.um.es\/csidcav\/usuario34\/wp-json\/wp\/v2\/users\/1"}],"replies":[{"embeddable":true,"href":"https:\/\/gicd.inf.um.es\/csidcav\/usuario34\/wp-json\/wp\/v2\/comments?post=165"}],"version-history":[{"count":3,"href":"https:\/\/gicd.inf.um.es\/csidcav\/usuario34\/wp-json\/wp\/v2\/pages\/165\/revisions"}],"predecessor-version":[{"id":318,"href":"https:\/\/gicd.inf.um.es\/csidcav\/usuario34\/wp-json\/wp\/v2\/pages\/165\/revisions\/318"}],"wp:attachment":[{"href":"https:\/\/gicd.inf.um.es\/csidcav\/usuario34\/wp-json\/wp\/v2\/media?parent=165"}],"curies":[{"name":"wp","href":"https:\/\/api.w.org\/{rel}","templated":true}]}}