{"id":464,"date":"2025-12-03T11:48:14","date_gmt":"2025-12-03T10:48:14","guid":{"rendered":"https:\/\/gicd.inf.um.es\/csidcav\/usuario39\/?page_id=464"},"modified":"2025-12-09T21:05:09","modified_gmt":"2025-12-09T20:05:09","slug":"los-simpsons-personajes","status":"publish","type":"page","link":"https:\/\/gicd.inf.um.es\/csidcav\/usuario39\/los-simpsons-personajes\/","title":{"rendered":"Personajes"},"content":{"rendered":"\n<div class=\"wp-block-columns is-layout-flex wp-container-core-columns-is-layout-9d6595d7 wp-block-columns-is-layout-flex\">\n<div class=\"wp-block-column is-layout-flow wp-block-column-is-layout-flow\">\n<h2 class=\"wp-block-heading has-text-align-center\">Homer Simpson<\/h2>\n\n\n\n<figure class=\"wp-block-image size-full\"><img loading=\"lazy\" decoding=\"async\" width=\"394\" height=\"394\" src=\"https:\/\/gicd.inf.um.es\/csidcav\/usuario39\/wp-content\/uploads\/2025\/12\/simp2006_homerarmscrossed_f_hires2_-_h_2016.jpg\" alt=\"\" class=\"wp-image-466\" style=\"aspect-ratio:1;object-fit:cover\" srcset=\"https:\/\/gicd.inf.um.es\/csidcav\/usuario39\/wp-content\/uploads\/2025\/12\/simp2006_homerarmscrossed_f_hires2_-_h_2016.jpg 394w, https:\/\/gicd.inf.um.es\/csidcav\/usuario39\/wp-content\/uploads\/2025\/12\/simp2006_homerarmscrossed_f_hires2_-_h_2016-300x300.jpg 300w, https:\/\/gicd.inf.um.es\/csidcav\/usuario39\/wp-content\/uploads\/2025\/12\/simp2006_homerarmscrossed_f_hires2_-_h_2016-150x150.jpg 150w\" sizes=\"auto, (max-width: 394px) 100vw, 394px\" \/><\/figure>\n\n\n\n<div style=\"height:15px\" aria-hidden=\"true\" class=\"wp-block-spacer\"><\/div>\n\n\n\n<p>Homer es el padre de la familia Simpson. Es impulsivo, glot\u00f3n, torpe, y muy inocente. Trabaja como inspector de seguridad en la Planta Nuclear de Springfield, aunque suele dormirse o cometer errores divertidos.<\/p>\n\n\n\n<div class=\"wp-block-buttons is-layout-flex wp-block-buttons-is-layout-flex\">\n<div class=\"wp-block-button\"><a class=\"wp-block-button__link has-luminous-vivid-amber-background-color has-background wp-element-button\" href=\"https:\/\/gicd.inf.um.es\/csidcav\/usuario39\/dan-castellaneta\/\">Dan Castellaneta<\/a><\/div>\n<\/div>\n<\/div>\n\n\n\n<div class=\"wp-block-column is-layout-flow wp-block-column-is-layout-flow\">\n<h2 class=\"wp-block-heading has-text-align-center\">Marge Simpson<\/h2>\n\n\n\n<figure class=\"wp-block-image size-full\"><img loading=\"lazy\" decoding=\"async\" width=\"310\" height=\"310\" src=\"https:\/\/gicd.inf.um.es\/csidcav\/usuario39\/wp-content\/uploads\/2025\/12\/3179_13910_1_marge.jpg\" alt=\"\" class=\"wp-image-468\" style=\"aspect-ratio:1;object-fit:cover\" srcset=\"https:\/\/gicd.inf.um.es\/csidcav\/usuario39\/wp-content\/uploads\/2025\/12\/3179_13910_1_marge.jpg 310w, https:\/\/gicd.inf.um.es\/csidcav\/usuario39\/wp-content\/uploads\/2025\/12\/3179_13910_1_marge-300x300.jpg 300w, https:\/\/gicd.inf.um.es\/csidcav\/usuario39\/wp-content\/uploads\/2025\/12\/3179_13910_1_marge-150x150.jpg 150w\" sizes=\"auto, (max-width: 310px) 100vw, 310px\" \/><\/figure>\n\n\n\n<div style=\"height:15px\" aria-hidden=\"true\" class=\"wp-block-spacer\"><\/div>\n\n\n\n<p>Marge es la madre de la familia y la voz de la raz\u00f3n en casa. Cuidadosa, paciente y responsable, es quien mantiene a la familia unida a pesar de los problemas diarios. Su pelo azul alto es uno de los iconos m\u00e1s reconocibles de la serie. <\/p>\n\n\n\n<div class=\"wp-block-buttons is-layout-flex wp-block-buttons-is-layout-flex\">\n<div class=\"wp-block-button\"><a class=\"wp-block-button__link has-luminous-vivid-amber-background-color has-background wp-element-button\" href=\"https:\/\/gicd.inf.um.es\/csidcav\/usuario39\/julie-kavner\/\">Julie Kavner<\/a><\/div>\n<\/div>\n<\/div>\n\n\n\n<div class=\"wp-block-column is-layout-flow wp-block-column-is-layout-flow\">\n<h2 class=\"wp-block-heading has-text-align-center\">Lisa Simpson<\/h2>\n\n\n\n<figure class=\"wp-block-image size-full\"><img loading=\"lazy\" decoding=\"async\" width=\"300\" height=\"300\" src=\"https:\/\/gicd.inf.um.es\/csidcav\/usuario39\/wp-content\/uploads\/2025\/12\/20101120082357Lisa_Simpson2.jpg\" alt=\"\" class=\"wp-image-469\" style=\"aspect-ratio:1;object-fit:cover\" srcset=\"https:\/\/gicd.inf.um.es\/csidcav\/usuario39\/wp-content\/uploads\/2025\/12\/20101120082357Lisa_Simpson2.jpg 300w, https:\/\/gicd.inf.um.es\/csidcav\/usuario39\/wp-content\/uploads\/2025\/12\/20101120082357Lisa_Simpson2-150x150.jpg 150w\" sizes=\"auto, (max-width: 300px) 100vw, 300px\" \/><\/figure>\n\n\n\n<div style=\"height:15px\" aria-hidden=\"true\" class=\"wp-block-spacer\"><\/div>\n\n\n\n<p>Lisa es la hija mediana. Muy inteligente, aplicada y sensible, destaca como la voz moral y racional de la familia. Le apasiona la m\u00fasica, especialmente el saxof\u00f3n, y se preocupa por causas sociales, medioambientales y \u00e9ticas.<br><\/p>\n\n\n\n<div class=\"wp-block-buttons is-layout-flex wp-block-buttons-is-layout-flex\">\n<div class=\"wp-block-button\"><a class=\"wp-block-button__link has-luminous-vivid-amber-background-color has-background wp-element-button\" href=\"https:\/\/gicd.inf.um.es\/csidcav\/usuario39\/yeardley-smith\/\">Yeardley Smith<\/a><\/div>\n<\/div>\n<\/div>\n\n\n\n<div class=\"wp-block-column is-layout-flow wp-block-column-is-layout-flow\">\n<h2 class=\"wp-block-heading has-text-align-center\">Bart Simpson<\/h2>\n\n\n\n<figure class=\"wp-block-image size-full\"><img loading=\"lazy\" decoding=\"async\" width=\"369\" height=\"369\" src=\"https:\/\/gicd.inf.um.es\/csidcav\/usuario39\/wp-content\/uploads\/2025\/12\/Bart_Simpson.jpg\" alt=\"\" class=\"wp-image-485\" style=\"aspect-ratio:1;object-fit:cover\" srcset=\"https:\/\/gicd.inf.um.es\/csidcav\/usuario39\/wp-content\/uploads\/2025\/12\/Bart_Simpson.jpg 369w, https:\/\/gicd.inf.um.es\/csidcav\/usuario39\/wp-content\/uploads\/2025\/12\/Bart_Simpson-300x300.jpg 300w, https:\/\/gicd.inf.um.es\/csidcav\/usuario39\/wp-content\/uploads\/2025\/12\/Bart_Simpson-150x150.jpg 150w\" sizes=\"auto, (max-width: 369px) 100vw, 369px\" \/><\/figure>\n\n\n\n<div style=\"height:15px\" aria-hidden=\"true\" class=\"wp-block-spacer\"><\/div>\n\n\n\n<p>Bart es el hijo mayor. Un chico rebelde y travieso. Sus bromas y su actitud construyen su personalidad.<br>Aunque a menudo se mete en l\u00edos, tiene un buen coraz\u00f3n y momentos donde demuestra afecto hacia su familia.<\/p>\n\n\n\n<div class=\"wp-block-buttons is-layout-flex wp-block-buttons-is-layout-flex\">\n<div class=\"wp-block-button\"><a class=\"wp-block-button__link has-luminous-vivid-amber-background-color has-background wp-element-button\" href=\"https:\/\/gicd.inf.um.es\/csidcav\/usuario39\/nancy\/\">Nancy Cartwright<\/a><\/div>\n<\/div>\n<\/div>\n<\/div>\n\n\n\n<h2 class=\"wp-block-heading\"><\/h2>\n\n\n\n<p><\/p>\n","protected":false},"excerpt":{"rendered":"<p>Homer Simpson Homer es el padre de la familia Simpson. Es impulsivo, glot\u00f3n, torpe, y muy inocente. Trabaja como inspector de seguridad en la Planta Nuclear de Springfield, aunque suele dormirse o cometer errores divertidos. Marge Simpson Marge es la madre de la familia y la voz de la raz\u00f3n en casa. Cuidadosa, paciente y [&hellip;]<\/p>\n","protected":false},"author":1,"featured_media":0,"parent":0,"menu_order":0,"comment_status":"closed","ping_status":"closed","template":"","meta":{"pgc_sgb_lightbox_settings":"","footnotes":""},"class_list":["post-464","page","type-page","status-publish","hentry"],"_links":{"self":[{"href":"https:\/\/gicd.inf.um.es\/csidcav\/usuario39\/wp-json\/wp\/v2\/pages\/464","targetHints":{"allow":["GET"]}}],"collection":[{"href":"https:\/\/gicd.inf.um.es\/csidcav\/usuario39\/wp-json\/wp\/v2\/pages"}],"about":[{"href":"https:\/\/gicd.inf.um.es\/csidcav\/usuario39\/wp-json\/wp\/v2\/types\/page"}],"author":[{"embeddable":true,"href":"https:\/\/gicd.inf.um.es\/csidcav\/usuario39\/wp-json\/wp\/v2\/users\/1"}],"replies":[{"embeddable":true,"href":"https:\/\/gicd.inf.um.es\/csidcav\/usuario39\/wp-json\/wp\/v2\/comments?post=464"}],"version-history":[{"count":43,"href":"https:\/\/gicd.inf.um.es\/csidcav\/usuario39\/wp-json\/wp\/v2\/pages\/464\/revisions"}],"predecessor-version":[{"id":850,"href":"https:\/\/gicd.inf.um.es\/csidcav\/usuario39\/wp-json\/wp\/v2\/pages\/464\/revisions\/850"}],"wp:attachment":[{"href":"https:\/\/gicd.inf.um.es\/csidcav\/usuario39\/wp-json\/wp\/v2\/media?parent=464"}],"curies":[{"name":"wp","href":"https:\/\/api.w.org\/{rel}","templated":true}]}}