{"id":505,"date":"2025-12-03T17:05:38","date_gmt":"2025-12-03T16:05:38","guid":{"rendered":"https:\/\/gicd.inf.um.es\/csidcav\/usuario39\/?page_id=505"},"modified":"2025-12-13T16:10:31","modified_gmt":"2025-12-13T15:10:31","slug":"dan-castellaneta","status":"publish","type":"page","link":"https:\/\/gicd.inf.um.es\/csidcav\/usuario39\/dan-castellaneta\/","title":{"rendered":"Dan Castellaneta"},"content":{"rendered":"\n<div class=\"wp-block-media-text is-stacked-on-mobile\" style=\"grid-template-columns:33% auto\"><figure class=\"wp-block-media-text__media\"><img loading=\"lazy\" decoding=\"async\" width=\"666\" height=\"1000\" src=\"https:\/\/gicd.inf.um.es\/csidcav\/usuario39\/wp-content\/uploads\/2025\/12\/Dan_Castellaneta.webp\" alt=\"\" class=\"wp-image-506 size-full\" srcset=\"https:\/\/gicd.inf.um.es\/csidcav\/usuario39\/wp-content\/uploads\/2025\/12\/Dan_Castellaneta.webp 666w, https:\/\/gicd.inf.um.es\/csidcav\/usuario39\/wp-content\/uploads\/2025\/12\/Dan_Castellaneta-200x300.webp 200w\" sizes=\"auto, (max-width: 666px) 100vw, 666px\" \/><\/figure><div class=\"wp-block-media-text__content\">\n<h2 class=\"wp-block-heading\">Biograf\u00eda<\/h2>\n\n\n\n<p class=\"has-text-align-left\" style=\"font-size:16px\">Dan Castellaneta naci\u00f3 en Chicago en 1957 y creci\u00f3 en un entorno donde la creatividad y el humor estaban muy presentes. Desde joven desarroll\u00f3 un gran inter\u00e9s por imitar voces y personajes, lo que le llev\u00f3 a participar en obras escolares y m\u00e1s tarde a formarse en teatro y comedia. Uno de los momentos clave de su carrera fue su incorporaci\u00f3n a <em>The Second City<\/em>, el famoso grupo de improvisaci\u00f3n de Chicago, donde perfeccion\u00f3 su habilidad para cambiar la voz, improvisar y crear personajes complejos en cuesti\u00f3n de segundos.<\/p>\n\n\n\n<p class=\"has-text-align-left\" style=\"font-size:16px\">Su versatilidad vocal llam\u00f3 la atenci\u00f3n de los creadores de <em>Los Simpsons<\/em>, quienes lo seleccionaron para interpretar a Homer Simpson en los cortos originales de <em>The Tracey Ullman Show<\/em>. El \u00e9xito del personaje hizo que Dan se convirtiera en una figura fundamental cuando la serie pas\u00f3 a ser un programa independiente en 1989. A lo largo de los a\u00f1os, ha desarrollado la voz de Homer hasta convertirla en una de las m\u00e1s reconocibles de la historia de la televisi\u00f3n.<\/p>\n\n\n\n<p class=\"has-text-align-left\" style=\"font-size:16px\">Adem\u00e1s de Homer, Castellaneta interpreta a numerosos personajes dentro de la serie, como Krusty el Payaso, Barney, Abuelo Simpson, Alcalde Quimby, y muchos otros, cada uno con registros vocales completamente diferentes. Su capacidad para saltar de una voz a otra en una misma escena demuestra su incre\u00edble talento t\u00e9cnico.<\/p>\n\n\n\n<p><\/p>\n<\/div><\/div>\n\n\n\n<div style=\"height:50px\" aria-hidden=\"true\" class=\"wp-block-spacer\"><\/div>\n\n\n\n<h2 class=\"wp-block-heading\">Premios obtenidos<\/h2>\n\n\n\n<p style=\"font-size:18px\">Dan Castellaneta ha obtenido 23 nominaciones y ha sido galardonado con:<\/p>\n\n\n\n<ul class=\"wp-block-list\">\n<li style=\"font-size:18px\"><strong>2 Annie Awards<\/strong><\/li>\n\n\n\n<li style=\"font-size:18px\"><strong>4 Primetime Emmy Awards<\/strong><\/li>\n\n\n\n<li style=\"font-size:18px\"><strong>1 Young Artist Award<\/strong><\/li>\n\n\n\n<li style=\"font-size:18px\"><strong>2 OFTA TV Hall of Fame Awards<\/strong><\/li>\n\n\n\n<li class=\"has-black-color has-text-color has-link-color wp-elements-fe17fc2f6c7af8c9763215af5f49f1f8\" style=\"font-size:18px\"><strong>4 Behind the Voice Actors Awards<\/strong><\/li>\n<\/ul>\n\n\n\n<div style=\"height:50px\" aria-hidden=\"true\" class=\"wp-block-spacer\"><\/div>\n\n\n\n<h2 class=\"wp-block-heading\">Las voces de Dan Castellaneta en Los Simpson<\/h2>\n\n\n\n<figure class=\"wp-block-embed is-type-video is-provider-youtube wp-block-embed-youtube wp-embed-aspect-16-9 wp-has-aspect-ratio\"><div class=\"wp-block-embed__wrapper\">\n<iframe loading=\"lazy\" title=\"Voice of Homer Simpson - Dan Castellaneta\" width=\"640\" height=\"360\" src=\"https:\/\/www.youtube.com\/embed\/_sPkNGlxFyg?feature=oembed\" frameborder=\"0\" allow=\"accelerometer; autoplay; clipboard-write; encrypted-media; gyroscope; picture-in-picture; web-share\" referrerpolicy=\"strict-origin-when-cross-origin\" allowfullscreen><\/iframe>\n<\/div><\/figure>\n","protected":false},"excerpt":{"rendered":"<p>Biograf\u00eda Dan Castellaneta naci\u00f3 en Chicago en 1957 y creci\u00f3 en un entorno donde la creatividad y el humor estaban muy presentes. Desde joven desarroll\u00f3 un gran inter\u00e9s por imitar voces y personajes, lo que le llev\u00f3 a participar en obras escolares y m\u00e1s tarde a formarse en teatro y comedia. Uno de los momentos [&hellip;]<\/p>\n","protected":false},"author":1,"featured_media":0,"parent":0,"menu_order":0,"comment_status":"closed","ping_status":"closed","template":"","meta":{"pgc_sgb_lightbox_settings":"","footnotes":""},"class_list":["post-505","page","type-page","status-publish","hentry"],"_links":{"self":[{"href":"https:\/\/gicd.inf.um.es\/csidcav\/usuario39\/wp-json\/wp\/v2\/pages\/505","targetHints":{"allow":["GET"]}}],"collection":[{"href":"https:\/\/gicd.inf.um.es\/csidcav\/usuario39\/wp-json\/wp\/v2\/pages"}],"about":[{"href":"https:\/\/gicd.inf.um.es\/csidcav\/usuario39\/wp-json\/wp\/v2\/types\/page"}],"author":[{"embeddable":true,"href":"https:\/\/gicd.inf.um.es\/csidcav\/usuario39\/wp-json\/wp\/v2\/users\/1"}],"replies":[{"embeddable":true,"href":"https:\/\/gicd.inf.um.es\/csidcav\/usuario39\/wp-json\/wp\/v2\/comments?post=505"}],"version-history":[{"count":36,"href":"https:\/\/gicd.inf.um.es\/csidcav\/usuario39\/wp-json\/wp\/v2\/pages\/505\/revisions"}],"predecessor-version":[{"id":906,"href":"https:\/\/gicd.inf.um.es\/csidcav\/usuario39\/wp-json\/wp\/v2\/pages\/505\/revisions\/906"}],"wp:attachment":[{"href":"https:\/\/gicd.inf.um.es\/csidcav\/usuario39\/wp-json\/wp\/v2\/media?parent=505"}],"curies":[{"name":"wp","href":"https:\/\/api.w.org\/{rel}","templated":true}]}}