{"id":533,"date":"2025-12-03T17:56:18","date_gmt":"2025-12-03T16:56:18","guid":{"rendered":"https:\/\/gicd.inf.um.es\/csidcav\/usuario39\/?page_id=533"},"modified":"2025-12-13T16:11:37","modified_gmt":"2025-12-13T15:11:37","slug":"julie-kavner","status":"publish","type":"page","link":"https:\/\/gicd.inf.um.es\/csidcav\/usuario39\/julie-kavner\/","title":{"rendered":"Julie Kavner"},"content":{"rendered":"\n<div class=\"wp-block-media-text is-stacked-on-mobile\" style=\"grid-template-columns:41% auto\"><figure class=\"wp-block-media-text__media\"><img loading=\"lazy\" decoding=\"async\" width=\"768\" height=\"1024\" src=\"https:\/\/gicd.inf.um.es\/csidcav\/usuario39\/wp-content\/uploads\/2025\/12\/Julie_Kavner.webp\" alt=\"\" class=\"wp-image-534 size-full\" srcset=\"https:\/\/gicd.inf.um.es\/csidcav\/usuario39\/wp-content\/uploads\/2025\/12\/Julie_Kavner.webp 768w, https:\/\/gicd.inf.um.es\/csidcav\/usuario39\/wp-content\/uploads\/2025\/12\/Julie_Kavner-225x300.webp 225w\" sizes=\"auto, (max-width: 768px) 100vw, 768px\" \/><\/figure><div class=\"wp-block-media-text__content\">\n<h2 class=\"wp-block-heading\">Biograf\u00eda<\/h2>\n\n\n\n<p style=\"font-size:16px\">Julie Kavner naci\u00f3 en Los \u00c1ngeles en 1950. Desde muy joven mostr\u00f3 una personalidad art\u00edstica marcada por la sensibilidad y la introspecci\u00f3n. Estudi\u00f3 teatro en la universidad y comenz\u00f3 su carrera profesional en los a\u00f1os 70, principalmente en televisi\u00f3n. Su voz profunda y c\u00e1lida se convirti\u00f3 r\u00e1pidamente en su sello distintivo, lo que la hizo destacar entre otras actrices de la \u00e9poca.<\/p>\n\n\n\n<p style=\"font-size:16px\">El gran salto de su carrera lleg\u00f3 cuando fue elegida para interpretar a <strong>Marge Simpson<\/strong> en <em>The Tracey Ullman Show<\/em>. Su interpretaci\u00f3n daba a Marge un estilo maternal, firme pero cari\u00f1oso, que m\u00e1s tarde evolucion\u00f3 en <em>Los Simpsons<\/em> convirtiendo al personaje en una figura esencial dentro de la serie. Julie tambi\u00e9n da vida a las hermanas de Marge, Patty y Selma, aportando matices distintos a cada una.<\/p>\n\n\n\n<p style=\"font-size:16px\">Fuera de <em>Los Simpsons<\/em>, Julie ha trabajado en numerosas pel\u00edculas, especialmente en colaboraciones con Woody Allen, en pel\u00edculas como <em>Hannah and Her Sisters<\/em>, <em>Alice<\/em>, <em>Radio Days<\/em>, <em>Deconstructing Harry<\/em> o <em>Shadows and Fog<\/em>. Tambi\u00e9n ha participado en televisi\u00f3n y en algunos proyectos de comedia, aunque siempre manteniendo un perfil bajo y una vida personal muy privada. Es conocida por su profesionalidad y su enfoque art\u00edstico serio, incluso dentro del humor.<\/p>\n<\/div><\/div>\n\n\n\n<div style=\"height:30px\" aria-hidden=\"true\" class=\"wp-block-spacer\"><\/div>\n\n\n\n<h2 class=\"wp-block-heading\">Premios obtenidos<\/h2>\n\n\n\n<p style=\"font-size:18px\">Julie Kavner ha obtenido 27 nominaciones y ha sido galardonada con:<\/p>\n\n\n\n<ul class=\"wp-block-list\">\n<li style=\"font-size:18px\"><strong>2 American Comedy Awards<\/strong><\/li>\n\n\n\n<li style=\"font-size:18px\"><strong>2 Primetime Emmy Awards<\/strong><\/li>\n\n\n\n<li style=\"font-size:18px\"><strong>1 Young Artist Award<\/strong><\/li>\n\n\n\n<li style=\"font-size:18px\"><strong>2 Online Film &amp; Television Association Award<\/strong><\/li>\n<\/ul>\n\n\n\n<div style=\"height:50px\" aria-hidden=\"true\" class=\"wp-block-spacer\"><\/div>\n\n\n\n<h2 class=\"wp-block-heading\">La voz de Julie Kavner en Los Simpsons<\/h2>\n\n\n\n<figure class=\"wp-block-embed is-type-video is-provider-youtube wp-block-embed-youtube wp-embed-aspect-16-9 wp-has-aspect-ratio\"><div class=\"wp-block-embed__wrapper\">\n<iframe loading=\"lazy\" title=\"Julie Kavner Finally Does Her Marge Simpson Voice on Public Television\" width=\"640\" height=\"360\" src=\"https:\/\/www.youtube.com\/embed\/yt1QgX8UioM?feature=oembed\" frameborder=\"0\" allow=\"accelerometer; autoplay; clipboard-write; encrypted-media; gyroscope; picture-in-picture; web-share\" referrerpolicy=\"strict-origin-when-cross-origin\" allowfullscreen><\/iframe>\n<\/div><\/figure>\n\n\n\n<p><\/p>\n","protected":false},"excerpt":{"rendered":"<p>Biograf\u00eda Julie Kavner naci\u00f3 en Los \u00c1ngeles en 1950. Desde muy joven mostr\u00f3 una personalidad art\u00edstica marcada por la sensibilidad y la introspecci\u00f3n. Estudi\u00f3 teatro en la universidad y comenz\u00f3 su carrera profesional en los a\u00f1os 70, principalmente en televisi\u00f3n. Su voz profunda y c\u00e1lida se convirti\u00f3 r\u00e1pidamente en su sello distintivo, lo que la [&hellip;]<\/p>\n","protected":false},"author":1,"featured_media":0,"parent":0,"menu_order":0,"comment_status":"closed","ping_status":"closed","template":"","meta":{"pgc_sgb_lightbox_settings":"","footnotes":""},"class_list":["post-533","page","type-page","status-publish","hentry"],"_links":{"self":[{"href":"https:\/\/gicd.inf.um.es\/csidcav\/usuario39\/wp-json\/wp\/v2\/pages\/533","targetHints":{"allow":["GET"]}}],"collection":[{"href":"https:\/\/gicd.inf.um.es\/csidcav\/usuario39\/wp-json\/wp\/v2\/pages"}],"about":[{"href":"https:\/\/gicd.inf.um.es\/csidcav\/usuario39\/wp-json\/wp\/v2\/types\/page"}],"author":[{"embeddable":true,"href":"https:\/\/gicd.inf.um.es\/csidcav\/usuario39\/wp-json\/wp\/v2\/users\/1"}],"replies":[{"embeddable":true,"href":"https:\/\/gicd.inf.um.es\/csidcav\/usuario39\/wp-json\/wp\/v2\/comments?post=533"}],"version-history":[{"count":6,"href":"https:\/\/gicd.inf.um.es\/csidcav\/usuario39\/wp-json\/wp\/v2\/pages\/533\/revisions"}],"predecessor-version":[{"id":907,"href":"https:\/\/gicd.inf.um.es\/csidcav\/usuario39\/wp-json\/wp\/v2\/pages\/533\/revisions\/907"}],"wp:attachment":[{"href":"https:\/\/gicd.inf.um.es\/csidcav\/usuario39\/wp-json\/wp\/v2\/media?parent=533"}],"curies":[{"name":"wp","href":"https:\/\/api.w.org\/{rel}","templated":true}]}}