{"id":571,"date":"2025-12-06T16:21:27","date_gmt":"2025-12-06T15:21:27","guid":{"rendered":"https:\/\/gicd.inf.um.es\/csidcav\/usuario39\/?page_id=571"},"modified":"2025-12-06T17:18:59","modified_gmt":"2025-12-06T16:18:59","slug":"yeardley-smith","status":"publish","type":"page","link":"https:\/\/gicd.inf.um.es\/csidcav\/usuario39\/yeardley-smith\/","title":{"rendered":"Yeardley Smith"},"content":{"rendered":"\n<div class=\"wp-block-media-text is-stacked-on-mobile\" style=\"grid-template-columns:33% auto\"><figure class=\"wp-block-media-text__media\"><img loading=\"lazy\" decoding=\"async\" width=\"500\" height=\"750\" src=\"https:\/\/gicd.inf.um.es\/csidcav\/usuario39\/wp-content\/uploads\/2025\/12\/9AjPwbb3uz4GfgOPBYsy2ILvwkB.webp\" alt=\"\" class=\"wp-image-576 size-full\" srcset=\"https:\/\/gicd.inf.um.es\/csidcav\/usuario39\/wp-content\/uploads\/2025\/12\/9AjPwbb3uz4GfgOPBYsy2ILvwkB.webp 500w, https:\/\/gicd.inf.um.es\/csidcav\/usuario39\/wp-content\/uploads\/2025\/12\/9AjPwbb3uz4GfgOPBYsy2ILvwkB-200x300.webp 200w\" sizes=\"auto, (max-width: 500px) 100vw, 500px\" \/><\/figure><div class=\"wp-block-media-text__content\">\n<h2 class=\"wp-block-heading\">Biograf\u00eda<\/h2>\n\n\n\n<p style=\"font-size:16px\">Yeardley Smith naci\u00f3 el 3 de julio de 1964 en Par\u00eds, Francia, aunque su familia se traslad\u00f3 muy pronto a Washington, D.C., en Estados Unidos, donde se cri\u00f3.<br>Desde joven mostr\u00f3 inclinaci\u00f3n por la actuaci\u00f3n y su carrera comenz\u00f3 oficialmente en 1982, despu\u00e9s de graduarse en arte dram\u00e1tico.<\/p>\n\n\n\n<p style=\"font-size:16px\">Su trayectoria tom\u00f3 un giro decisivo cuando, en 1984, se mud\u00f3 a Nueva York para actuar en teatro, concretamente en la obra The Real Thing de Tom Stoppard.<br>Pronto dio el salto al cine, con su debut en 1985 en la pel\u00edcula Heaven Help Us, seguida de otras, antes de trasladarse a Los \u00c1ngeles a mediados de los 80<\/p>\n\n\n\n<p style=\"font-size:16px\">El gran hito de su carrera lleg\u00f3 en 1987, cuando audicion\u00f3 originalmente para el papel de Bart Simpson en unos cortos animados del programa The Tracey Ullman Show. Aunque no obtuvo ese papel por tener la voz \u201cdemasiado aguda\u201d, termin\u00f3 siendo seleccionada para dar voz a Lisa Simpson, lo que se convirti\u00f3 en su rol m\u00e1s famoso cuando, en 1989, esos cortos dieron origen a la serie The Simpsons.<br><br>M\u00e1s all\u00e1 de su papel como Lisa, Smith ha explorado otros caminos creativos: particip\u00f3 en pel\u00edculas y series de televisi\u00f3n, protagoniz\u00f3 un mon\u00f3logo autobiogr\u00e1fico titulado More en 2004, escribi\u00f3 un libro infantil llamado I, Lorelei (2009) y se ha dedicado a la pintura.<br><\/p>\n<\/div><\/div>\n\n\n\n<div style=\"height:50px\" aria-hidden=\"true\" class=\"wp-block-spacer\"><\/div>\n\n\n\n<h2 class=\"wp-block-heading\">Premios obtenidos<\/h2>\n\n\n\n<p style=\"font-size:18px\">Yeardley Smith ha obtenido 4 nominaciones y ha sido galardonado con:<\/p>\n\n\n\n<ul class=\"wp-block-list\">\n<li style=\"font-size:18px\"><strong>1 Primmetime Emmy Award<\/strong><\/li>\n\n\n\n<li style=\"font-size:18px\"><strong>1 OFTA TV Hall Of Fame Award<\/strong><\/li>\n<\/ul>\n\n\n\n<div style=\"height:50px\" aria-hidden=\"true\" class=\"wp-block-spacer\"><\/div>\n\n\n\n<h2 class=\"wp-block-heading\">La voz de Yeardley Smith en Los Simpsons<\/h2>\n\n\n\n<figure class=\"wp-block-embed is-type-video is-provider-youtube wp-block-embed-youtube wp-embed-aspect-16-9 wp-has-aspect-ratio\"><div class=\"wp-block-embed__wrapper\">\n<iframe loading=\"lazy\" title=\"Yeardley Smith (Lisa Simpson) Reviews Impressions of Lisa Simpson | Vanity Fair\" width=\"640\" height=\"360\" src=\"https:\/\/www.youtube.com\/embed\/rtjgcXx6y4g?feature=oembed\" frameborder=\"0\" allow=\"accelerometer; autoplay; clipboard-write; encrypted-media; gyroscope; picture-in-picture; web-share\" referrerpolicy=\"strict-origin-when-cross-origin\" allowfullscreen><\/iframe>\n<\/div><\/figure>\n","protected":false},"excerpt":{"rendered":"<p>Biograf\u00eda Yeardley Smith naci\u00f3 el 3 de julio de 1964 en Par\u00eds, Francia, aunque su familia se traslad\u00f3 muy pronto a Washington, D.C., en Estados Unidos, donde se cri\u00f3.Desde joven mostr\u00f3 inclinaci\u00f3n por la actuaci\u00f3n y su carrera comenz\u00f3 oficialmente en 1982, despu\u00e9s de graduarse en arte dram\u00e1tico. Su trayectoria tom\u00f3 un giro decisivo cuando, [&hellip;]<\/p>\n","protected":false},"author":1,"featured_media":0,"parent":0,"menu_order":0,"comment_status":"closed","ping_status":"closed","template":"","meta":{"pgc_sgb_lightbox_settings":"","footnotes":""},"class_list":["post-571","page","type-page","status-publish","hentry"],"_links":{"self":[{"href":"https:\/\/gicd.inf.um.es\/csidcav\/usuario39\/wp-json\/wp\/v2\/pages\/571","targetHints":{"allow":["GET"]}}],"collection":[{"href":"https:\/\/gicd.inf.um.es\/csidcav\/usuario39\/wp-json\/wp\/v2\/pages"}],"about":[{"href":"https:\/\/gicd.inf.um.es\/csidcav\/usuario39\/wp-json\/wp\/v2\/types\/page"}],"author":[{"embeddable":true,"href":"https:\/\/gicd.inf.um.es\/csidcav\/usuario39\/wp-json\/wp\/v2\/users\/1"}],"replies":[{"embeddable":true,"href":"https:\/\/gicd.inf.um.es\/csidcav\/usuario39\/wp-json\/wp\/v2\/comments?post=571"}],"version-history":[{"count":13,"href":"https:\/\/gicd.inf.um.es\/csidcav\/usuario39\/wp-json\/wp\/v2\/pages\/571\/revisions"}],"predecessor-version":[{"id":631,"href":"https:\/\/gicd.inf.um.es\/csidcav\/usuario39\/wp-json\/wp\/v2\/pages\/571\/revisions\/631"}],"wp:attachment":[{"href":"https:\/\/gicd.inf.um.es\/csidcav\/usuario39\/wp-json\/wp\/v2\/media?parent=571"}],"curies":[{"name":"wp","href":"https:\/\/api.w.org\/{rel}","templated":true}]}}