{"id":586,"date":"2025-12-06T16:43:25","date_gmt":"2025-12-06T15:43:25","guid":{"rendered":"https:\/\/gicd.inf.um.es\/csidcav\/usuario39\/?page_id=586"},"modified":"2025-12-06T17:19:45","modified_gmt":"2025-12-06T16:19:45","slug":"nancy","status":"publish","type":"page","link":"https:\/\/gicd.inf.um.es\/csidcav\/usuario39\/nancy\/","title":{"rendered":"Nancy Cartwright"},"content":{"rendered":"\n<div class=\"wp-block-media-text is-stacked-on-mobile\" style=\"grid-template-columns:32% auto\"><figure class=\"wp-block-media-text__media\"><img loading=\"lazy\" decoding=\"async\" width=\"330\" height=\"468\" src=\"https:\/\/gicd.inf.um.es\/csidcav\/usuario39\/wp-content\/uploads\/2025\/12\/330px-Nancy_Cartwright.jpg\" alt=\"\" class=\"wp-image-587 size-full\" srcset=\"https:\/\/gicd.inf.um.es\/csidcav\/usuario39\/wp-content\/uploads\/2025\/12\/330px-Nancy_Cartwright.jpg 330w, https:\/\/gicd.inf.um.es\/csidcav\/usuario39\/wp-content\/uploads\/2025\/12\/330px-Nancy_Cartwright-212x300.jpg 212w\" sizes=\"auto, (max-width: 330px) 100vw, 330px\" \/><\/figure><div class=\"wp-block-media-text__content\">\n<h2 class=\"wp-block-heading alignwide\">Biograf\u00eda<\/h2>\n\n\n\n<p style=\"font-size:16px\">Nancy Cartwright naci\u00f3 el 25 de octubre de 1957 en Dayton, Ohio (Estados Unidos).<br>Desde muy joven mostr\u00f3 talento para la actuaci\u00f3n de voz: participaba en concursos de oratoria y doblaje, lo que finalmente la llev\u00f3 en 1978 a mudarse a Hollywood para formarse como actriz de voz bajo la mentor\u00eda del veterano actor de doblaje Daws Butler.<\/p>\n\n\n\n<p style=\"font-size:16px\">Su gran oportunidad lleg\u00f3 en 1987, cuando audicion\u00f3 para una serie de cortos animados que se emitir\u00edan en The Tracey Ullman Show. esos cortos acabar\u00edan convirti\u00e9ndose en la serie The Simpsons. Aunque al principio aspiraba a interpretar a la hija Lisa, decidi\u00f3 probar para un papel distinto: el de Bart Simpson. Su audici\u00f3n convenci\u00f3 a los responsables, y desde entonces Cartwright presta la voz a Bart; interpretando tambi\u00e9n otros personajes como Nelson Muntz, Ralph Wiggum o Todd Flanders, entre otros.<br><br>M\u00e1s all\u00e1 de ese mundo, su carrera ha sido prol\u00edfica: ha dado voz a decenas de personajes en series de animaci\u00f3n como Chuckie Finster en Rugrats, o Rufus en Kim Possible, ha trabajado en cine y televisi\u00f3n, y ha explorado el teatro, la producci\u00f3n y la escritura.<br><br><\/p>\n<\/div><\/div>\n\n\n\n<div style=\"height:50px\" aria-hidden=\"true\" class=\"wp-block-spacer\"><\/div>\n\n\n\n<h2 class=\"wp-block-heading\">Premios obtenidos<\/h2>\n\n\n\n<p style=\"font-size:16px\">Nancy Cartwright ha obtenido 13 nominaciones y ha sido galardonado con:<\/p>\n\n\n\n<ul class=\"wp-block-list\">\n<li style=\"font-size:16px\"><strong>1 Annie Award<\/strong><\/li>\n\n\n\n<li style=\"font-size:16px\"><strong>1 Primetimme Emmy Award<\/strong><\/li>\n\n\n\n<li style=\"font-size:16px\"><strong>1 Faith Hubley &#8216;web of life&#8217; Award<\/strong><\/li>\n\n\n\n<li style=\"font-size:16px\"><strong>1 OFTA TV Hall Of Fame Award<\/strong><\/li>\n\n\n\n<li style=\"font-size:16px\"><strong>1 BTVA Television Voice Acting Award<\/strong><\/li>\n<\/ul>\n\n\n\n<div style=\"height:50px\" aria-hidden=\"true\" class=\"wp-block-spacer\"><\/div>\n\n\n\n<h2 class=\"wp-block-heading\">La voz de Nancy Cartwright en Los Simpsons<\/h2>\n\n\n\n<figure class=\"wp-block-embed is-type-video is-provider-youtube wp-block-embed-youtube wp-embed-aspect-4-3 wp-has-aspect-ratio\"><div class=\"wp-block-embed__wrapper\">\n<iframe loading=\"lazy\" title=\"Nancy Cartwright&#039;s Favorite Bart Simpson Line | Late Night with Conan O\u2019Brien\" width=\"640\" height=\"480\" src=\"https:\/\/www.youtube.com\/embed\/AGoeOAJTym0?feature=oembed\" frameborder=\"0\" allow=\"accelerometer; autoplay; clipboard-write; encrypted-media; gyroscope; picture-in-picture; web-share\" referrerpolicy=\"strict-origin-when-cross-origin\" allowfullscreen><\/iframe>\n<\/div><\/figure>\n","protected":false},"excerpt":{"rendered":"<p>Biograf\u00eda Nancy Cartwright naci\u00f3 el 25 de octubre de 1957 en Dayton, Ohio (Estados Unidos).Desde muy joven mostr\u00f3 talento para la actuaci\u00f3n de voz: participaba en concursos de oratoria y doblaje, lo que finalmente la llev\u00f3 en 1978 a mudarse a Hollywood para formarse como actriz de voz bajo la mentor\u00eda del veterano actor de [&hellip;]<\/p>\n","protected":false},"author":1,"featured_media":0,"parent":0,"menu_order":0,"comment_status":"closed","ping_status":"closed","template":"","meta":{"pgc_sgb_lightbox_settings":"","footnotes":""},"class_list":["post-586","page","type-page","status-publish","hentry"],"_links":{"self":[{"href":"https:\/\/gicd.inf.um.es\/csidcav\/usuario39\/wp-json\/wp\/v2\/pages\/586","targetHints":{"allow":["GET"]}}],"collection":[{"href":"https:\/\/gicd.inf.um.es\/csidcav\/usuario39\/wp-json\/wp\/v2\/pages"}],"about":[{"href":"https:\/\/gicd.inf.um.es\/csidcav\/usuario39\/wp-json\/wp\/v2\/types\/page"}],"author":[{"embeddable":true,"href":"https:\/\/gicd.inf.um.es\/csidcav\/usuario39\/wp-json\/wp\/v2\/users\/1"}],"replies":[{"embeddable":true,"href":"https:\/\/gicd.inf.um.es\/csidcav\/usuario39\/wp-json\/wp\/v2\/comments?post=586"}],"version-history":[{"count":24,"href":"https:\/\/gicd.inf.um.es\/csidcav\/usuario39\/wp-json\/wp\/v2\/pages\/586\/revisions"}],"predecessor-version":[{"id":633,"href":"https:\/\/gicd.inf.um.es\/csidcav\/usuario39\/wp-json\/wp\/v2\/pages\/586\/revisions\/633"}],"wp:attachment":[{"href":"https:\/\/gicd.inf.um.es\/csidcav\/usuario39\/wp-json\/wp\/v2\/media?parent=586"}],"curies":[{"name":"wp","href":"https:\/\/api.w.org\/{rel}","templated":true}]}}