{"id":738,"date":"2025-12-08T15:37:06","date_gmt":"2025-12-08T14:37:06","guid":{"rendered":"https:\/\/gicd.inf.um.es\/csidcav\/usuario39\/?page_id=738"},"modified":"2025-12-12T16:31:25","modified_gmt":"2025-12-12T15:31:25","slug":"equipo-de-redaccion","status":"publish","type":"page","link":"https:\/\/gicd.inf.um.es\/csidcav\/usuario39\/equipo-de-redaccion\/","title":{"rendered":"Equipo de Redacci\u00f3n"},"content":{"rendered":"\n<h2 class=\"wp-block-heading has-text-align-center\" style=\"font-size:30px\">Sobre Nosotros<\/h2>\n\n\n\n<p>Bienvenid@ al apartado del Equipo de Redacci\u00f3n. Aqu\u00ed presentamos a las personas que forman parte de este proyecto y que se encargan de escribir, investigar, dise\u00f1ar y elaborar el contenido que aparece en esta web .<\/p>\n\n\n\n<p>Somos un equipo formado por personas apasionadas por la cinematograf\u00eda y la literatura. Esta web nace del deseo de compartir nuestra afici\u00f3n por las series y libros tienen un hueco en nuestra vida cotidiana.<\/p>\n\n\n\n<p>El arte audiovisual y los libros son puertas abiertas a nuevas experiencias, emociones y formas de comprender el mundo en el que vivimos, por eso trabajamos con dedicaci\u00f3n para crear un espacio donde cualquier persona pueda descubrir, aprender y disfrutar tanto como nosotros lo hacemos.<\/p>\n\n\n\n<div style=\"height:50px\" aria-hidden=\"true\" class=\"wp-block-spacer\"><\/div>\n\n\n\n<h2 class=\"wp-block-heading has-text-align-center\" style=\"font-size:30px\">Equipo de Redacci\u00f3n<\/h2>\n\n\n\n<h2 class=\"wp-block-heading has-vivid-green-cyan-background-color has-background\">Natalia Murillo &#8211; Jefa del Departamento de Redacci\u00f3n<\/h2>\n\n\n\n<div class=\"wp-block-media-text alignfull is-stacked-on-mobile\" style=\"grid-template-columns:36% auto\"><figure class=\"wp-block-media-text__media\"><img loading=\"lazy\" decoding=\"async\" width=\"819\" height=\"1024\" src=\"https:\/\/gicd.inf.um.es\/csidcav\/usuario39\/wp-content\/uploads\/2025\/12\/Imagen-de-WhatsApp-2025-12-08-a-las-15.36.30_84d5fb06-1-819x1024.jpg\" alt=\"\" class=\"wp-image-747 size-full\" srcset=\"https:\/\/gicd.inf.um.es\/csidcav\/usuario39\/wp-content\/uploads\/2025\/12\/Imagen-de-WhatsApp-2025-12-08-a-las-15.36.30_84d5fb06-1-819x1024.jpg 819w, https:\/\/gicd.inf.um.es\/csidcav\/usuario39\/wp-content\/uploads\/2025\/12\/Imagen-de-WhatsApp-2025-12-08-a-las-15.36.30_84d5fb06-1-240x300.jpg 240w, https:\/\/gicd.inf.um.es\/csidcav\/usuario39\/wp-content\/uploads\/2025\/12\/Imagen-de-WhatsApp-2025-12-08-a-las-15.36.30_84d5fb06-1-768x960.jpg 768w, https:\/\/gicd.inf.um.es\/csidcav\/usuario39\/wp-content\/uploads\/2025\/12\/Imagen-de-WhatsApp-2025-12-08-a-las-15.36.30_84d5fb06-1.jpg 900w\" sizes=\"auto, (max-width: 819px) 100vw, 819px\" \/><\/figure><div class=\"wp-block-media-text__content\">\n<p style=\"font-size:18px\">Apasionada por las series y la literatura, Natalia dedica su tiempo a explorar distintos mundos narrativos y a analizar cada detalle de las historias que la cautivan. Su hobbie es ver series, leer libros y compartir cr\u00edticas, ofreciendo su opini\u00f3n con el objetivo de generar conversaci\u00f3n y reflexi\u00f3n entre quienes disfrutan de estas obras.<\/p>\n\n\n\n<p style=\"font-size:18px\">Como jefa del departamento de redacci\u00f3n, su objetivo en la creaci\u00f3n de esta p\u00e1gina es construir una comunidad virtual din\u00e1mica, que funcione como un verdadero foro de creadores, donde cada persona puede compartir su punto de vista sobre las series y libros que se presentan, aportando su granito de arena y creando una experiencia colectiva. <\/p>\n\n\n\n<p style=\"font-size:18px\">Con esto, busca que \u00abFicciones \u00c9picas\u00bb sea un espacio donde la pasi\u00f3n por la cinematograf\u00eda y la literatura se convierta en di\u00e1logo, colaboraci\u00f3n y descubrimiento.<\/p>\n\n\n\n<p><strong>Contacto: natimur11@gmail.com<\/strong><\/p>\n<\/div><\/div>\n\n\n\n<div style=\"height:50px\" aria-hidden=\"true\" class=\"wp-block-spacer\"><\/div>\n\n\n\n<h2 class=\"wp-block-heading has-light-green-cyan-background-color has-background\">Gisme &#8211; CM, Editor y Dise\u00f1ador de Contenidos<\/h2>\n\n\n\n<div class=\"wp-block-media-text alignfull is-stacked-on-mobile\" style=\"grid-template-columns:36% auto\"><figure class=\"wp-block-media-text__media\"><img loading=\"lazy\" decoding=\"async\" width=\"672\" height=\"840\" src=\"https:\/\/gicd.inf.um.es\/csidcav\/usuario39\/wp-content\/uploads\/2025\/12\/ULTRALIGERA2-RY21eBuGJuTK96JrGRQoQ9N-1200x840@diario_abc.jpg\" alt=\"\" class=\"wp-image-759 size-full\" srcset=\"https:\/\/gicd.inf.um.es\/csidcav\/usuario39\/wp-content\/uploads\/2025\/12\/ULTRALIGERA2-RY21eBuGJuTK96JrGRQoQ9N-1200x840@diario_abc.jpg 672w, https:\/\/gicd.inf.um.es\/csidcav\/usuario39\/wp-content\/uploads\/2025\/12\/ULTRALIGERA2-RY21eBuGJuTK96JrGRQoQ9N-1200x840@diario_abc-240x300.jpg 240w\" sizes=\"auto, (max-width: 672px) 100vw, 672px\" \/><\/figure><div class=\"wp-block-media-text__content\">\n<p style=\"font-size:18px\">Javier Gismero \u00abGisme\u00bb es un apasionado de la comunicaci\u00f3n digital y la creaci\u00f3n de contenido, dedicado a transformar cada idea en materiales visuales y escritos de alta calidad. Su cargo como editor de contenido multimedia abarca desde el dise\u00f1o de im\u00e1genes y gr\u00e1ficos hasta la edici\u00f3n de textos y art\u00edculos, asegur\u00e1ndose que cada publicaci\u00f3n de la p\u00e1gina sea atractiva, clara y profesional.<\/p>\n\n\n\n<p style=\"font-size:18px\">Adem\u00e1s, Gisme gestionando la presencia de la p\u00e1gina en diversas redes sociales. Se encarga de conectar con la comunidad, fomentar la interacci\u00f3n y garantizar que cada seguidor tenga un espacio para compartir opiniones y participar activamente en los debates sobre series y libros.<\/p>\n\n\n\n<p style=\"font-size:18px\">Su objetivo es ampliar el alcance de la p\u00e1gina, convirtiendo cada publicaci\u00f3n en una experiencia que combine calidad visual y contenido relevante. Javier busca que el p\u00fablico no solo consuma informaci\u00f3n, sino que se sienta parte de una comunidad din\u00e1mica y participativa, donde cada aporte enriquece la conversaci\u00f3n.<\/p>\n\n\n\n<p style=\"font-size:18px\"><strong>Contacto: javier.gisme@gmail.com<\/strong><\/p>\n<\/div><\/div>\n\n\n\n<div style=\"height:50px\" aria-hidden=\"true\" class=\"wp-block-spacer\"><\/div>\n\n\n\n<h2 class=\"wp-block-heading\" style=\"font-size:30px\">Formulario de Contacto<\/h2>\n\n\n<style id=\"wpforms-css-vars-778-block-5f307d2d-67a5-455c-a4c1-c52225bfa30b\">\n\t\t\t\t#wpforms-778.wpforms-block-5f307d2d-67a5-455c-a4c1-c52225bfa30b {\n\t\t\t\t--wpforms-label-color: #262626;\n--wpforms-label-sublabel-color: #7f7f7f;\n--wpforms-label-error-color: #ff0000;\n--wpforms-page-break-color: #dddddd;\n--wpforms-field-border-radius: 0px;\n--wpforms-field-border-color: #cccccc;\n--wpforms-field-border-color-spare: #cccccc;\n--wpforms-field-text-color: #444444;\n--wpforms-button-border-style: solid;\n--wpforms-button-border-radius: 0px;\n--wpforms-button-background-color: #dddddd;\n--wpforms-button-text-color: #666666;\n--wpforms-button-border-color: #cccccc;\n--wpforms-field-size-input-height: 43px;\n--wpforms-field-size-input-spacing: 15px;\n--wpforms-field-size-font-size: 16px;\n--wpforms-field-size-line-height: 19px;\n--wpforms-field-size-padding-h: 14px;\n--wpforms-field-size-checkbox-size: 16px;\n--wpforms-field-size-sublabel-spacing: 5px;\n--wpforms-field-size-icon-size: 1;\n--wpforms-label-size-font-size: 14px;\n--wpforms-label-size-line-height: 17px;\n--wpforms-label-size-sublabel-font-size: 13px;\n--wpforms-label-size-sublabel-line-height: 16px;\n--wpforms-button-size-font-size: 17px;\n--wpforms-button-size-height: 41px;\n--wpforms-button-size-padding-h: 15px;\n--wpforms-button-size-margin-top: 10px;\n\t\t\t}\n\t\t\t<\/style><div class=\"wpforms-container wpforms-container-full wpforms-block wpforms-block-5f307d2d-67a5-455c-a4c1-c52225bfa30b wpforms-render-modern\" id=\"wpforms-778\"><form id=\"wpforms-form-778\" class=\"wpforms-validate wpforms-form wpforms-ajax-form\" data-formid=\"778\" method=\"post\" enctype=\"multipart\/form-data\" action=\"\/csidcav\/usuario39\/wp-json\/wp\/v2\/pages\/738\" data-token=\"37e64601dce91729e58b924fc5845096\" data-token-time=\"1776303975\"><noscript class=\"wpforms-error-noscript\">Por favor, activa JavaScript en tu navegador para completar este formulario.<\/noscript><div id=\"wpforms-error-noscript\" style=\"display: none;\">Por favor, activa JavaScript en tu navegador para completar este formulario.<\/div><div class=\"wpforms-field-container\"><div id=\"wpforms-778-field_1-container\" class=\"wpforms-field wpforms-field-name\" data-field-id=\"1\"><fieldset><legend class=\"wpforms-field-label\">Nombre <span class=\"wpforms-required-label\" aria-hidden=\"true\">*<\/span><\/legend><div class=\"wpforms-field-row wpforms-field-medium\"><div class=\"wpforms-field-row-block wpforms-first wpforms-one-half\"><input type=\"text\" id=\"wpforms-778-field_1\" class=\"wpforms-field-name-first wpforms-field-required\" name=\"wpforms[fields][1][first]\" aria-errormessage=\"wpforms-778-field_1-error\" required><label for=\"wpforms-778-field_1\" class=\"wpforms-field-sublabel after\">Nombre<\/label><\/div><div class=\"wpforms-field-row-block wpforms-one-half\"><input type=\"text\" id=\"wpforms-778-field_1-last\" class=\"wpforms-field-name-last wpforms-field-required\" name=\"wpforms[fields][1][last]\" aria-errormessage=\"wpforms-778-field_1-last-error\" required><label for=\"wpforms-778-field_1-last\" class=\"wpforms-field-sublabel after\">Apellidos<\/label><\/div><\/div><\/fieldset><\/div><div id=\"wpforms-778-field_2-container\" class=\"wpforms-field wpforms-field-email\" data-field-id=\"2\"><label class=\"wpforms-field-label\" for=\"wpforms-778-field_2\">Correo electr\u00f3nico <span class=\"wpforms-required-label\" aria-hidden=\"true\">*<\/span><\/label><input type=\"email\" id=\"wpforms-778-field_2\" class=\"wpforms-field-medium wpforms-field-required\" name=\"wpforms[fields][2]\" spellcheck=\"false\" aria-errormessage=\"wpforms-778-field_2-error\" required><\/div><div id=\"wpforms-778-field_4-container\" class=\"wpforms-field wpforms-field-select wpforms-field-select-style-classic\" data-field-id=\"4\"><label class=\"wpforms-field-label\" for=\"wpforms-778-field_4\">Asunto<\/label><select id=\"wpforms-778-field_4\" class=\"wpforms-field-medium\" name=\"wpforms[fields][4]\"><option value=\"Consulta general\"  selected='selected' class=\"choice-1 depth-1\"  >Consulta general<\/option><option value=\"Soporte T\u00e9cnico\"  class=\"choice-2 depth-1\"  >Soporte T\u00e9cnico<\/option><option value=\"Sugerencia\"  class=\"choice-3 depth-1\"  >Sugerencia<\/option><option value=\"Colaboraci\u00f3n\"  class=\"choice-4 depth-1\"  >Colaboraci\u00f3n<\/option><\/select><\/div><div id=\"wpforms-778-field_3-container\" class=\"wpforms-field wpforms-field-textarea\" data-field-id=\"3\"><label class=\"wpforms-field-label\" for=\"wpforms-778-field_3\">Comentario o mensaje<\/label><textarea id=\"wpforms-778-field_3\" class=\"wpforms-field-medium\" name=\"wpforms[fields][3]\" aria-errormessage=\"wpforms-778-field_3-error\" ><\/textarea><\/div>\t\t<div id=\"wpforms-778-field_6-container\"\n\t\t\tclass=\"wpforms-field wpforms-field-text\"\n\t\t\tdata-field-type=\"text\"\n\t\t\tdata-field-id=\"6\"\n\t\t\t>\n\t\t\t<label class=\"wpforms-field-label\" for=\"wpforms-778-field_6\" >o Nombre Asunto<\/label>\n\t\t\t<input type=\"text\" id=\"wpforms-778-field_6\" class=\"wpforms-field-medium\" name=\"wpforms[fields][6]\" >\n\t\t<\/div>\n\t\t<div id=\"wpforms-778-field_5-container\" class=\"wpforms-field wpforms-field-checkbox\" data-field-id=\"5\"><fieldset><legend class=\"wpforms-field-label\"><\/legend><ul id=\"wpforms-778-field_5\"><li class=\"choice-1 depth-1\"><input type=\"checkbox\" id=\"wpforms-778-field_5_1\" name=\"wpforms[fields][5][]\" value=\"He le\u00eddo y acepto la pol\u00edtica de privacidad\" aria-errormessage=\"wpforms-778-field_5_1-error\"  ><label class=\"wpforms-field-label-inline\" for=\"wpforms-778-field_5_1\">He le\u00eddo y acepto la pol\u00edtica de privacidad<\/label><\/li><li class=\"choice-4 depth-1\"><input type=\"checkbox\" id=\"wpforms-778-field_5_4\" name=\"wpforms[fields][5][]\" value=\"Consiento que mis datos sean utilizados para recibir noticias y nuevas actualizaciones\" aria-errormessage=\"wpforms-778-field_5_4-error\"  ><label class=\"wpforms-field-label-inline\" for=\"wpforms-778-field_5_4\">Consiento que mis datos sean utilizados para recibir noticias y nuevas actualizaciones<\/label><\/li><\/ul><\/fieldset><\/div><script>\n\t\t\t\t( function() {\n\t\t\t\t\tconst style = document.createElement( 'style' );\n\t\t\t\t\tstyle.appendChild( document.createTextNode( '#wpforms-778-field_6-container { position: absolute !important; overflow: hidden !important; display: inline !important; height: 1px !important; width: 1px !important; z-index: -1000 !important; padding: 0 !important; } #wpforms-778-field_6-container input { visibility: hidden; } #wpforms-conversational-form-page #wpforms-778-field_6-container label { counter-increment: none; }' ) );\n\t\t\t\t\tdocument.head.appendChild( style );\n\t\t\t\t\tdocument.currentScript?.remove();\n\t\t\t\t} )();\n\t\t\t<\/script><\/div><!-- .wpforms-field-container --><div class=\"wpforms-submit-container\" ><input type=\"hidden\" name=\"wpforms[id]\" value=\"778\"><input type=\"hidden\" name=\"page_title\" value=\"\"><input type=\"hidden\" name=\"page_url\" value=\"https:\/\/gicd.inf.um.es\/csidcav\/usuario39\/wp-json\/wp\/v2\/pages\/738\"><input type=\"hidden\" name=\"url_referer\" value=\"\"><button type=\"submit\" name=\"wpforms[submit]\" id=\"wpforms-submit-778\" class=\"wpforms-submit\" data-alt-text=\"Enviando...\" data-submit-text=\"Enviar\" aria-live=\"assertive\" value=\"wpforms-submit\">Enviar<\/button><img loading=\"lazy\" decoding=\"async\" src=\"https:\/\/gicd.inf.um.es\/csidcav\/usuario39\/wp-content\/plugins\/wpforms-lite\/assets\/images\/submit-spin.svg\" class=\"wpforms-submit-spinner\" style=\"display: none;\" width=\"26\" height=\"26\" alt=\"Cargando\"><\/div><\/form><\/div>  <!-- .wpforms-container -->","protected":false},"excerpt":{"rendered":"<p>Sobre Nosotros Bienvenid@ al apartado del Equipo de Redacci\u00f3n. Aqu\u00ed presentamos a las personas que forman parte de este proyecto y que se encargan de escribir, investigar, dise\u00f1ar y elaborar el contenido que aparece en esta web . Somos un equipo formado por personas apasionadas por la cinematograf\u00eda y la literatura. Esta web nace del [&hellip;]<\/p>\n","protected":false},"author":1,"featured_media":0,"parent":0,"menu_order":0,"comment_status":"closed","ping_status":"closed","template":"","meta":{"pgc_sgb_lightbox_settings":"","footnotes":""},"class_list":["post-738","page","type-page","status-publish","hentry"],"_links":{"self":[{"href":"https:\/\/gicd.inf.um.es\/csidcav\/usuario39\/wp-json\/wp\/v2\/pages\/738","targetHints":{"allow":["GET"]}}],"collection":[{"href":"https:\/\/gicd.inf.um.es\/csidcav\/usuario39\/wp-json\/wp\/v2\/pages"}],"about":[{"href":"https:\/\/gicd.inf.um.es\/csidcav\/usuario39\/wp-json\/wp\/v2\/types\/page"}],"author":[{"embeddable":true,"href":"https:\/\/gicd.inf.um.es\/csidcav\/usuario39\/wp-json\/wp\/v2\/users\/1"}],"replies":[{"embeddable":true,"href":"https:\/\/gicd.inf.um.es\/csidcav\/usuario39\/wp-json\/wp\/v2\/comments?post=738"}],"version-history":[{"count":39,"href":"https:\/\/gicd.inf.um.es\/csidcav\/usuario39\/wp-json\/wp\/v2\/pages\/738\/revisions"}],"predecessor-version":[{"id":886,"href":"https:\/\/gicd.inf.um.es\/csidcav\/usuario39\/wp-json\/wp\/v2\/pages\/738\/revisions\/886"}],"wp:attachment":[{"href":"https:\/\/gicd.inf.um.es\/csidcav\/usuario39\/wp-json\/wp\/v2\/media?parent=738"}],"curies":[{"name":"wp","href":"https:\/\/api.w.org\/{rel}","templated":true}]}}