{"id":887,"date":"2025-12-12T16:55:49","date_gmt":"2025-12-12T15:55:49","guid":{"rendered":"https:\/\/gicd.inf.um.es\/csidcav\/usuario39\/?page_id=887"},"modified":"2025-12-12T17:04:29","modified_gmt":"2025-12-12T16:04:29","slug":"condiciones-de-politica-y-privacidad","status":"publish","type":"page","link":"https:\/\/gicd.inf.um.es\/csidcav\/usuario39\/condiciones-de-politica-y-privacidad\/","title":{"rendered":"Condiciones de pol\u00edtica y privacidad"},"content":{"rendered":"\n<p>Esta p\u00e1gina describe las pol\u00edticas de privacidad, tratamiento de datos personales y compromisos de accesibilidad del sitio. Desde \u00abFicciones \u00c9picas\u00bb nos comprometemos a garantizar la transparencia y proteger tus derechos como usuario.<\/p>\n\n\n\n<h2 class=\"wp-block-heading\">Responsable del sitio<\/h2>\n\n\n\n<p>El responsable del tratamientos de los datos recopilados en este sitio web es el administrados a trav\u00e9s del sistema WordPress. Para cualquier duda o consulta relacionada con la privacidad o accesibilidad puedes contactarnos mediante el formulario de contacto del sitio.<\/p>\n\n\n\n<h2 class=\"wp-block-heading\">Datos recogidos<\/h2>\n\n\n\n<p>Podemos recopilar datos personales cuando t\u00fa los facilitas voluntariamente en el formulario de contacto, por ejemplo:<\/p>\n\n\n\n<ul class=\"wp-block-list\">\n<li>Nombre y apellidos<\/li>\n\n\n\n<li>Direcci\u00f3n de correo electr\u00f3nico<\/li>\n\n\n\n<li>Mensajes enviados<\/li>\n<\/ul>\n\n\n\n<h2 class=\"wp-block-heading\">Finalidad de los datos recogidos<\/h2>\n\n\n\n<p>Los datos que nos facilitas se utilizan \u00fanicamente para:<\/p>\n\n\n\n<ul class=\"wp-block-list\">\n<li>Responder a tus consultas y solicitudes<\/li>\n\n\n\n<li>Enviarte informaci\u00f3n si as\u00ed lo solicitaste<\/li>\n\n\n\n<li>Gestionar los formularios de contacto<\/li>\n\n\n\n<li>Mejorar la experiencia del usuario en el sitio<\/li>\n<\/ul>\n\n\n\n<h2 class=\"wp-block-heading\">Seguridad de los datos<\/h2>\n\n\n\n<p>Aplicamos medidas t\u00e9cnicas y b\u00e1sicas de seguridad para evitar el acceso no autorizado o uso indebido de los datos proporcionados.<\/p>\n\n\n\n<h2 class=\"wp-block-heading\">Accesibilidad<\/h2>\n\n\n\n<p>Nos comprometemos a que este sitio sea accesible a toda la comunidad de personas posible, incluyendo una serie de pr\u00e1cticas como:<\/p>\n\n\n\n<ul class=\"wp-block-list\">\n<li>Textos estructurados con encabezados<\/li>\n\n\n\n<li>Informaci\u00f3n acompa\u00f1ada con im\u00e1genes<\/li>\n\n\n\n<li>Navegaci\u00f3n con teclado<\/li>\n\n\n\n<li>Contraste adecuado de colores.<\/li>\n<\/ul>\n\n\n\n<p>Cualquier barrera de accesibilidad que encuentre, estamos abiertos a sugerencias del usuario para poder revisarla y mejorarla.<\/p>\n\n\n\n<h2 class=\"wp-block-heading\">Contacto<\/h2>\n\n\n\n<p>Si tiene preguntas o sugerencias puedes consultarlas a trav\u00e9s del formulario de contacto disponible en el pie de p\u00e1gina de esta web.<\/p>\n","protected":false},"excerpt":{"rendered":"<p>Esta p\u00e1gina describe las pol\u00edticas de privacidad, tratamiento de datos personales y compromisos de accesibilidad del sitio. Desde \u00abFicciones \u00c9picas\u00bb nos comprometemos a garantizar la transparencia y proteger tus derechos como usuario. Responsable del sitio El responsable del tratamientos de los datos recopilados en este sitio web es el administrados a trav\u00e9s del sistema WordPress. [&hellip;]<\/p>\n","protected":false},"author":1,"featured_media":0,"parent":0,"menu_order":0,"comment_status":"closed","ping_status":"closed","template":"","meta":{"pgc_sgb_lightbox_settings":"","footnotes":""},"class_list":["post-887","page","type-page","status-publish","hentry"],"_links":{"self":[{"href":"https:\/\/gicd.inf.um.es\/csidcav\/usuario39\/wp-json\/wp\/v2\/pages\/887","targetHints":{"allow":["GET"]}}],"collection":[{"href":"https:\/\/gicd.inf.um.es\/csidcav\/usuario39\/wp-json\/wp\/v2\/pages"}],"about":[{"href":"https:\/\/gicd.inf.um.es\/csidcav\/usuario39\/wp-json\/wp\/v2\/types\/page"}],"author":[{"embeddable":true,"href":"https:\/\/gicd.inf.um.es\/csidcav\/usuario39\/wp-json\/wp\/v2\/users\/1"}],"replies":[{"embeddable":true,"href":"https:\/\/gicd.inf.um.es\/csidcav\/usuario39\/wp-json\/wp\/v2\/comments?post=887"}],"version-history":[{"count":3,"href":"https:\/\/gicd.inf.um.es\/csidcav\/usuario39\/wp-json\/wp\/v2\/pages\/887\/revisions"}],"predecessor-version":[{"id":899,"href":"https:\/\/gicd.inf.um.es\/csidcav\/usuario39\/wp-json\/wp\/v2\/pages\/887\/revisions\/899"}],"wp:attachment":[{"href":"https:\/\/gicd.inf.um.es\/csidcav\/usuario39\/wp-json\/wp\/v2\/media?parent=887"}],"curies":[{"name":"wp","href":"https:\/\/api.w.org\/{rel}","templated":true}]}}