{"id":125,"date":"2025-10-29T17:04:58","date_gmt":"2025-10-29T16:04:58","guid":{"rendered":"https:\/\/gicd.inf.um.es\/csidcav\/usuario40\/?page_id=125"},"modified":"2025-11-19T17:46:26","modified_gmt":"2025-11-19T16:46:26","slug":"especial-series-dramaticas","status":"publish","type":"page","link":"https:\/\/gicd.inf.um.es\/csidcav\/usuario40\/especial-series-dramaticas\/","title":{"rendered":"Especial series dram\u00e1ticas"},"content":{"rendered":"\n<div class=\"wp-block-media-text is-stacked-on-mobile\"><figure class=\"wp-block-media-text__media\"><img loading=\"lazy\" decoding=\"async\" width=\"800\" height=\"800\" src=\"https:\/\/gicd.inf.um.es\/csidcav\/usuario40\/wp-content\/uploads\/2025\/10\/el-drama-enmascara-bosquejo-22499899.webp\" alt=\"\" class=\"wp-image-151 size-full\" srcset=\"https:\/\/gicd.inf.um.es\/csidcav\/usuario40\/wp-content\/uploads\/2025\/10\/el-drama-enmascara-bosquejo-22499899.webp 800w, https:\/\/gicd.inf.um.es\/csidcav\/usuario40\/wp-content\/uploads\/2025\/10\/el-drama-enmascara-bosquejo-22499899-300x300.webp 300w, https:\/\/gicd.inf.um.es\/csidcav\/usuario40\/wp-content\/uploads\/2025\/10\/el-drama-enmascara-bosquejo-22499899-150x150.webp 150w, https:\/\/gicd.inf.um.es\/csidcav\/usuario40\/wp-content\/uploads\/2025\/10\/el-drama-enmascara-bosquejo-22499899-768x768.webp 768w\" sizes=\"auto, (max-width: 800px) 100vw, 800px\" \/><\/figure><div class=\"wp-block-media-text__content\">\n<p>En la cinematograf\u00eda y la televisi\u00f3n, el drama es un g\u00e9nero que trata situaciones generalmente no \u00e9picas en un contexto serio, con un tono y una orientaci\u00f3n m\u00e1s susceptible de inspirar tristeza y compasi\u00f3n que risa o gracia. Sin embargo, desde el punto de vista etimol\u00f3gico, el drama evoca acci\u00f3n y di\u00e1logo.<\/p>\n\n\n\n<p> Generalmente, una obra dram\u00e1tica se basa en un guion donde con el menor humor posible y de una manera natural, se aborda un tema grave y trascendente.<\/p>\n<\/div><\/div>\n\n\n\n<div style=\"height:100px\" aria-hidden=\"true\" class=\"wp-block-spacer\"><\/div>\n\n\n\n<div class=\"wp-block-query is-layout-flow wp-block-query-is-layout-flow\">\n\n\n<div style=\"height:30px\" aria-hidden=\"true\" class=\"wp-block-spacer\"><\/div>\n\n\n<\/div>\n\n\n\n<div class=\"wp-block-cp-timeline-content-timeline Cool-Content-Timeline\"><div class=\"cool-timeline-block-cb8d66ea-6b04-4fbb-a26d-29f93a0a1339\"><div class=\"cool-vertical-timeline-body ctlb-wrapper both-sided left\"><div class=\"cool-timeline-block-list\">\n<div class=\"wp-block-cp-timeline-content-timeline-child swiper-slide\"><div class=\"timeline-content icon-false \"><div class=\"timeline-block-timeline ctl-row  position-right\"><div class=\"ctl-6 timeline-block-time\"><div class=\"story-time\"><p>2015<\/p><\/div><\/div><div class=\"timeline-block-icon\"><svg stroke=\"currentColor\" fill=\"currentColor\" stroke-width=\"0\" viewBox=\"0 0 512 512\" height=\"1em\" width=\"1em\" xmlns=\"http:\/\/www.w3.org\/2000\/svg\"><path d=\"M256 8C119 8 8 119 8 256s111 248 248 248 248-111 248-248S393 8 256 8z\"><\/path><\/svg><\/div><div class=\"ctl-6 timeline-block-detail\"><div class=\"story-details\"><div class=\"story-content\">\n<figure class=\"wp-block-image size-full ctlb-block-image is-style-rounded\"><img loading=\"lazy\" decoding=\"async\" width=\"708\" height=\"1000\" src=\"https:\/\/gicd.inf.um.es\/csidcav\/usuario40\/wp-content\/uploads\/2025\/11\/P-2015-happyvalley-1.jpg\" alt=\"\" class=\"wp-image-216\" srcset=\"https:\/\/gicd.inf.um.es\/csidcav\/usuario40\/wp-content\/uploads\/2025\/11\/P-2015-happyvalley-1.jpg 708w, https:\/\/gicd.inf.um.es\/csidcav\/usuario40\/wp-content\/uploads\/2025\/11\/P-2015-happyvalley-1-212x300.jpg 212w\" sizes=\"auto, (max-width: 708px) 100vw, 708px\" \/><\/figure>\n\n\n\n<h3 class=\"wp-block-heading ctlb-block-title\" style=\"padding-top:0px;padding-right:0px;padding-bottom:0px;padding-left:0px\">Happy Valley<\/h3>\n\n\n\n<p class=\"ctlb-block-desc\" style=\"padding-top:0px;padding-right:0px;padding-bottom:0px;padding-left:0px\">BAFTA TV Award \u2013 Best Drama Series.<\/p>\n<\/div><\/div><\/div><\/div><\/div><\/div>\n\n\n\n<div class=\"wp-block-cp-timeline-content-timeline-child swiper-slide\"><div class=\"timeline-content icon-false \"><div class=\"timeline-block-timeline ctl-row  position-left\"><div class=\"ctl-6 timeline-block-time\"><div class=\"story-time\"><p>2016<\/p><\/div><\/div><div class=\"timeline-block-icon\"><svg stroke=\"currentColor\" fill=\"currentColor\" stroke-width=\"0\" viewBox=\"0 0 512 512\" height=\"1em\" width=\"1em\" xmlns=\"http:\/\/www.w3.org\/2000\/svg\"><path d=\"M256 8C119 8 8 119 8 256s111 248 248 248 248-111 248-248S393 8 256 8z\"><\/path><\/svg><\/div><div class=\"ctl-6 timeline-block-detail\"><div class=\"story-details\"><div class=\"story-content\">\n<figure class=\"wp-block-image size-full is-resized ctlb-block-image is-style-rounded\"><img loading=\"lazy\" decoding=\"async\" width=\"259\" height=\"194\" src=\"https:\/\/gicd.inf.um.es\/csidcav\/usuario40\/wp-content\/uploads\/2025\/11\/P-2016-Cuento-Criada.jpeg\" alt=\"\" class=\"wp-image-217\" style=\"width:265px;height:auto\"\/><\/figure>\n\n\n\n<h3 class=\"wp-block-heading ctlb-block-title\" style=\"padding-top:0px;padding-right:0px;padding-bottom:0px;padding-left:0px\">The Handmaid\u2019s Tale<\/h3>\n\n\n\n<p class=\"ctlb-block-desc\" style=\"padding-top:0px;padding-right:0px;padding-bottom:0px;padding-left:0px\">Golden Globe \u2013 Best Television Series Drama.<\/p>\n<\/div><\/div><\/div><\/div><\/div><\/div>\n\n\n\n<div class=\"wp-block-cp-timeline-content-timeline-child swiper-slide\"><div class=\"timeline-content icon-false \"><div class=\"timeline-block-timeline ctl-row  position-right\"><div class=\"ctl-6 timeline-block-time\"><div class=\"story-time\"><p>2017<\/p><\/div><\/div><div class=\"timeline-block-icon\"><svg stroke=\"currentColor\" fill=\"currentColor\" stroke-width=\"0\" viewBox=\"0 0 512 512\" height=\"1em\" width=\"1em\" xmlns=\"http:\/\/www.w3.org\/2000\/svg\"><path d=\"M256 8C119 8 8 119 8 256s111 248 248 248 248-111 248-248S393 8 256 8z\"><\/path><\/svg><\/div><div class=\"ctl-6 timeline-block-detail\"><div class=\"story-details\"><div class=\"story-content\">\n<figure class=\"wp-block-image size-full ctlb-block-image is-style-rounded\"><img loading=\"lazy\" decoding=\"async\" width=\"250\" height=\"343\" src=\"https:\/\/gicd.inf.um.es\/csidcav\/usuario40\/wp-content\/uploads\/2025\/11\/P-2017-The-Americans.jpg\" alt=\"\" class=\"wp-image-218\" srcset=\"https:\/\/gicd.inf.um.es\/csidcav\/usuario40\/wp-content\/uploads\/2025\/11\/P-2017-The-Americans.jpg 250w, https:\/\/gicd.inf.um.es\/csidcav\/usuario40\/wp-content\/uploads\/2025\/11\/P-2017-The-Americans-219x300.jpg 219w\" sizes=\"auto, (max-width: 250px) 100vw, 250px\" \/><\/figure>\n\n\n\n<h3 class=\"wp-block-heading ctlb-block-title\" style=\"padding-top:0px;padding-right:0px;padding-bottom:0px;padding-left:0px\">The Americans<\/h3>\n\n\n\n<p class=\"ctlb-block-desc\" style=\"padding-top:0px;padding-right:0px;padding-bottom:0px;padding-left:0px\">Golden Globe \u2013 Best Television Series Drama.<\/p>\n<\/div><\/div><\/div><\/div><\/div><\/div>\n\n\n\n<div class=\"wp-block-cp-timeline-content-timeline-child swiper-slide\"><div class=\"timeline-content icon-false \"><div class=\"timeline-block-timeline ctl-row  position-left\"><div class=\"ctl-6 timeline-block-time\"><div class=\"story-time\"><p>2018<\/p><\/div><\/div><div class=\"timeline-block-icon\"><svg stroke=\"currentColor\" fill=\"currentColor\" stroke-width=\"0\" viewBox=\"0 0 512 512\" height=\"1em\" width=\"1em\" xmlns=\"http:\/\/www.w3.org\/2000\/svg\"><path d=\"M256 8C119 8 8 119 8 256s111 248 248 248 248-111 248-248S393 8 256 8z\"><\/path><\/svg><\/div><div class=\"ctl-6 timeline-block-detail\"><div class=\"story-details\"><div class=\"story-content\">\n<figure class=\"wp-block-image size-full ctlb-block-image is-style-rounded\"><img loading=\"lazy\" decoding=\"async\" width=\"300\" height=\"428\" src=\"https:\/\/gicd.inf.um.es\/csidcav\/usuario40\/wp-content\/uploads\/2025\/11\/P-2018-This-is-us.webp\" alt=\"\" class=\"wp-image-219\" srcset=\"https:\/\/gicd.inf.um.es\/csidcav\/usuario40\/wp-content\/uploads\/2025\/11\/P-2018-This-is-us.webp 300w, https:\/\/gicd.inf.um.es\/csidcav\/usuario40\/wp-content\/uploads\/2025\/11\/P-2018-This-is-us-210x300.webp 210w\" sizes=\"auto, (max-width: 300px) 100vw, 300px\" \/><\/figure>\n\n\n\n<h3 class=\"wp-block-heading ctlb-block-title\" style=\"padding-top:0px;padding-right:0px;padding-bottom:0px;padding-left:0px\">This Is Us<\/h3>\n\n\n\n<p class=\"ctlb-block-desc\" style=\"padding-top:0px;padding-right:0px;padding-bottom:0px;padding-left:0px\">Emmy \/ Outstangind drama series<\/p>\n<\/div><\/div><\/div><\/div><\/div><\/div>\n\n\n\n<div class=\"wp-block-cp-timeline-content-timeline-child swiper-slide\"><div class=\"timeline-content icon-false \"><div class=\"timeline-block-timeline ctl-row  position-right\"><div class=\"ctl-6 timeline-block-time\"><div class=\"story-time\"><p>2019<\/p><\/div><\/div><div class=\"timeline-block-icon\"><svg stroke=\"currentColor\" fill=\"currentColor\" stroke-width=\"0\" viewBox=\"0 0 512 512\" height=\"1em\" width=\"1em\" xmlns=\"http:\/\/www.w3.org\/2000\/svg\"><path d=\"M256 8C119 8 8 119 8 256s111 248 248 248 248-111 248-248S393 8 256 8z\"><\/path><\/svg><\/div><div class=\"ctl-6 timeline-block-detail\"><div class=\"story-details\"><div class=\"story-content\">\n<figure class=\"wp-block-image size-large ctlb-block-image is-style-rounded\"><img loading=\"lazy\" decoding=\"async\" width=\"691\" height=\"1024\" src=\"https:\/\/gicd.inf.um.es\/csidcav\/usuario40\/wp-content\/uploads\/2025\/11\/P-2019-Succession-691x1024.jpg\" alt=\"\" class=\"wp-image-220\" srcset=\"https:\/\/gicd.inf.um.es\/csidcav\/usuario40\/wp-content\/uploads\/2025\/11\/P-2019-Succession-691x1024.jpg 691w, https:\/\/gicd.inf.um.es\/csidcav\/usuario40\/wp-content\/uploads\/2025\/11\/P-2019-Succession-203x300.jpg 203w, https:\/\/gicd.inf.um.es\/csidcav\/usuario40\/wp-content\/uploads\/2025\/11\/P-2019-Succession-768x1137.jpg 768w, https:\/\/gicd.inf.um.es\/csidcav\/usuario40\/wp-content\/uploads\/2025\/11\/P-2019-Succession.jpg 1000w\" sizes=\"auto, (max-width: 691px) 100vw, 691px\" \/><\/figure>\n\n\n\n<h3 class=\"wp-block-heading ctlb-block-title\" style=\"padding-top:0px;padding-right:0px;padding-bottom:0px;padding-left:0px\">Succession<\/h3>\n\n\n\n<p class=\"ctlb-block-desc\" style=\"padding-top:0px;padding-right:0px;padding-bottom:0px;padding-left:0px\">Golden Globe \u2013 Best Television Series Drama<\/p>\n<\/div><\/div><\/div><\/div><\/div><\/div>\n\n\n\n<div class=\"wp-block-cp-timeline-content-timeline-child swiper-slide\"><div class=\"timeline-content icon-false \"><div class=\"timeline-block-timeline ctl-row  position-left\"><div class=\"ctl-6 timeline-block-time\"><div class=\"story-time\"><p>2020<\/p><\/div><\/div><div class=\"timeline-block-icon\"><svg stroke=\"currentColor\" fill=\"currentColor\" stroke-width=\"0\" viewBox=\"0 0 512 512\" height=\"1em\" width=\"1em\" xmlns=\"http:\/\/www.w3.org\/2000\/svg\"><path d=\"M256 8C119 8 8 119 8 256s111 248 248 248 248-111 248-248S393 8 256 8z\"><\/path><\/svg><\/div><div class=\"ctl-6 timeline-block-detail\"><div class=\"story-details\"><div class=\"story-content\">\n<figure class=\"wp-block-image size-full ctlb-block-image is-style-rounded\"><img loading=\"lazy\" decoding=\"async\" width=\"300\" height=\"436\" src=\"https:\/\/gicd.inf.um.es\/csidcav\/usuario40\/wp-content\/uploads\/2025\/11\/P-2020-The-Crown-1.jpg\" alt=\"\" class=\"wp-image-221\" srcset=\"https:\/\/gicd.inf.um.es\/csidcav\/usuario40\/wp-content\/uploads\/2025\/11\/P-2020-The-Crown-1.jpg 300w, https:\/\/gicd.inf.um.es\/csidcav\/usuario40\/wp-content\/uploads\/2025\/11\/P-2020-The-Crown-1-206x300.jpg 206w\" sizes=\"auto, (max-width: 300px) 100vw, 300px\" \/><\/figure>\n\n\n\n<h3 class=\"wp-block-heading ctlb-block-title\" style=\"padding-top:0px;padding-right:0px;padding-bottom:0px;padding-left:0px\">The Crown<\/h3>\n\n\n\n<p class=\"ctlb-block-desc\" style=\"padding-top:0px;padding-right:0px;padding-bottom:0px;padding-left:0px\">Golden Globe \u2013 Best Television Series Drama.<\/p>\n<\/div><\/div><\/div><\/div><\/div><\/div>\n<\/div><\/div><\/div><\/div>\n\n\n\n<div class=\"wp-block-cover is-light\"><img loading=\"lazy\" decoding=\"async\" width=\"612\" height=\"412\" class=\"wp-block-cover__image-background wp-image-149 size-full\" alt=\"\" src=\"https:\/\/gicd.inf.um.es\/csidcav\/usuario40\/wp-content\/uploads\/2025\/10\/istockphoto-497056962-612x612-1.jpg\" data-object-fit=\"cover\" srcset=\"https:\/\/gicd.inf.um.es\/csidcav\/usuario40\/wp-content\/uploads\/2025\/10\/istockphoto-497056962-612x612-1.jpg 612w, https:\/\/gicd.inf.um.es\/csidcav\/usuario40\/wp-content\/uploads\/2025\/10\/istockphoto-497056962-612x612-1-300x202.jpg 300w\" sizes=\"auto, (max-width: 612px) 100vw, 612px\" \/><span aria-hidden=\"true\" class=\"wp-block-cover__background has-background-dim\" style=\"background-color:#cfaaa1\"><\/span><div class=\"wp-block-cover__inner-container is-layout-constrained wp-block-cover-is-layout-constrained\">\n<p class=\"has-text-align-center has-large-font-size\"><strong>VAYA DRAM\u00d3N<\/strong>&#8230;<\/p>\n<\/div><\/div>\n","protected":false},"excerpt":{"rendered":"<p>En la cinematograf\u00eda y la televisi\u00f3n, el drama es un g\u00e9nero que trata situaciones generalmente no \u00e9picas en un contexto serio, con un tono y una orientaci\u00f3n m\u00e1s susceptible de inspirar tristeza y compasi\u00f3n que risa o gracia. Sin embargo, desde el punto de vista etimol\u00f3gico, el drama evoca acci\u00f3n y di\u00e1logo. Generalmente, una obra [&hellip;]<\/p>\n","protected":false},"author":1,"featured_media":0,"parent":0,"menu_order":0,"comment_status":"closed","ping_status":"closed","template":"","meta":{"pgc_sgb_lightbox_settings":"","footnotes":""},"class_list":["post-125","page","type-page","status-publish","hentry"],"_links":{"self":[{"href":"https:\/\/gicd.inf.um.es\/csidcav\/usuario40\/wp-json\/wp\/v2\/pages\/125","targetHints":{"allow":["GET"]}}],"collection":[{"href":"https:\/\/gicd.inf.um.es\/csidcav\/usuario40\/wp-json\/wp\/v2\/pages"}],"about":[{"href":"https:\/\/gicd.inf.um.es\/csidcav\/usuario40\/wp-json\/wp\/v2\/types\/page"}],"author":[{"embeddable":true,"href":"https:\/\/gicd.inf.um.es\/csidcav\/usuario40\/wp-json\/wp\/v2\/users\/1"}],"replies":[{"embeddable":true,"href":"https:\/\/gicd.inf.um.es\/csidcav\/usuario40\/wp-json\/wp\/v2\/comments?post=125"}],"version-history":[{"count":19,"href":"https:\/\/gicd.inf.um.es\/csidcav\/usuario40\/wp-json\/wp\/v2\/pages\/125\/revisions"}],"predecessor-version":[{"id":223,"href":"https:\/\/gicd.inf.um.es\/csidcav\/usuario40\/wp-json\/wp\/v2\/pages\/125\/revisions\/223"}],"wp:attachment":[{"href":"https:\/\/gicd.inf.um.es\/csidcav\/usuario40\/wp-json\/wp\/v2\/media?parent=125"}],"curies":[{"name":"wp","href":"https:\/\/api.w.org\/{rel}","templated":true}]}}