{"id":14,"date":"2025-10-08T17:27:55","date_gmt":"2025-10-08T15:27:55","guid":{"rendered":"https:\/\/gicd.inf.um.es\/csidcav\/usuario40\/?page_id=14"},"modified":"2025-12-04T23:52:18","modified_gmt":"2025-12-04T22:52:18","slug":"inicio","status":"publish","type":"page","link":"https:\/\/gicd.inf.um.es\/csidcav\/usuario40\/","title":{"rendered":"SERIES \u00c9PICAS"},"content":{"rendered":"\n<p>Te damos la bienvenida a Series \u00c9picas, donde te ofrecemos informaci\u00f3n sobre series y productos relacionados con ellas. Pensamos que todo lo que nos rodea habla de nosotros, nos diferencia, y es una peque\u00f1a extensi\u00f3n de nuestra personalidad.<\/p>\n\n\n\n<div class=\"wp-block-columns alignwide is-layout-flex wp-container-core-columns-is-layout-9d6595d7 wp-block-columns-is-layout-flex\">\n<div class=\"wp-block-column is-layout-flow wp-block-column-is-layout-flow\">\n<h2 class=\"wp-block-heading has-text-align-center\">Regalos \u00e9picos<\/h2>\n\n\n\n<figure class=\"wp-block-image size-medium\"><img loading=\"lazy\" decoding=\"async\" width=\"300\" height=\"225\" src=\"https:\/\/gicd.inf.um.es\/csidcav\/usuario40\/wp-content\/uploads\/2025\/10\/regalos-300x225.jpg\" alt=\"regalitos\" class=\"wp-image-8\" style=\"aspect-ratio:1;object-fit:cover\" srcset=\"https:\/\/gicd.inf.um.es\/csidcav\/usuario40\/wp-content\/uploads\/2025\/10\/regalos-300x225.jpg 300w, https:\/\/gicd.inf.um.es\/csidcav\/usuario40\/wp-content\/uploads\/2025\/10\/regalos-768x576.jpg 768w, https:\/\/gicd.inf.um.es\/csidcav\/usuario40\/wp-content\/uploads\/2025\/10\/regalos.jpg 800w\" sizes=\"auto, (max-width: 300px) 100vw, 300px\" \/><\/figure>\n\n\n\n<p>Te ofrecemos Funkos POP, moda, hogar\u2026 Todo el Universo Friki en un \u00fanico sitio y con los mejores precios para que disfrutes a tope.<\/p>\n<\/div>\n\n\n\n<div class=\"wp-block-column is-layout-flow wp-block-column-is-layout-flow\">\n<h2 class=\"wp-block-heading has-text-align-center\">Figuras<\/h2>\n\n\n\n<figure class=\"wp-block-image size-medium\"><img loading=\"lazy\" decoding=\"async\" width=\"300\" height=\"300\" src=\"https:\/\/gicd.inf.um.es\/csidcav\/usuario40\/wp-content\/uploads\/2025\/10\/figuras-stranger-things-300x300.jpg\" alt=\"\" class=\"wp-image-11\" style=\"aspect-ratio:1;object-fit:cover\" srcset=\"https:\/\/gicd.inf.um.es\/csidcav\/usuario40\/wp-content\/uploads\/2025\/10\/figuras-stranger-things-300x300.jpg 300w, https:\/\/gicd.inf.um.es\/csidcav\/usuario40\/wp-content\/uploads\/2025\/10\/figuras-stranger-things-150x150.jpg 150w, https:\/\/gicd.inf.um.es\/csidcav\/usuario40\/wp-content\/uploads\/2025\/10\/figuras-stranger-things.jpg 600w\" sizes=\"auto, (max-width: 300px) 100vw, 300px\" \/><\/figure>\n\n\n\n<p>Aqu\u00ed tenemos figuras para todos los gustos. No importa de qu\u00e9 seas fan, seguro que tenemos algo a lo que no podr\u00e1s resistirte.<\/p>\n<\/div>\n\n\n\n<div class=\"wp-block-column is-layout-flow wp-block-column-is-layout-flow\">\n<h2 class=\"wp-block-heading has-text-align-center\">Moda<\/h2>\n\n\n\n<figure class=\"wp-block-image size-medium\"><img loading=\"lazy\" decoding=\"async\" width=\"300\" height=\"300\" src=\"https:\/\/gicd.inf.um.es\/csidcav\/usuario40\/wp-content\/uploads\/2025\/10\/camisetas-breaking-bad-300x300.jpg\" alt=\"\" class=\"wp-image-13\" style=\"aspect-ratio:1;object-fit:cover\" srcset=\"https:\/\/gicd.inf.um.es\/csidcav\/usuario40\/wp-content\/uploads\/2025\/10\/camisetas-breaking-bad-300x300.jpg 300w, https:\/\/gicd.inf.um.es\/csidcav\/usuario40\/wp-content\/uploads\/2025\/10\/camisetas-breaking-bad-1024x1024.jpg 1024w, https:\/\/gicd.inf.um.es\/csidcav\/usuario40\/wp-content\/uploads\/2025\/10\/camisetas-breaking-bad-150x150.jpg 150w, https:\/\/gicd.inf.um.es\/csidcav\/usuario40\/wp-content\/uploads\/2025\/10\/camisetas-breaking-bad-768x768.jpg 768w, https:\/\/gicd.inf.um.es\/csidcav\/usuario40\/wp-content\/uploads\/2025\/10\/camisetas-breaking-bad.jpg 1080w\" sizes=\"auto, (max-width: 300px) 100vw, 300px\" \/><\/figure>\n\n\n\n<p>\u00bfQui\u00e9n dice que ser friki est\u00e1 re\u00f1ido con ir a la moda? Nosotros no estamos de acuerdo y te lo demostramos con esta secci\u00f3n.<\/p>\n<\/div>\n\n\n\n<div class=\"wp-block-column is-layout-flow wp-block-column-is-layout-flow\">\n<h2 class=\"wp-block-heading has-text-align-center\">Complementos<\/h2>\n\n\n\n<figure class=\"wp-block-image size-medium\"><img loading=\"lazy\" decoding=\"async\" width=\"300\" height=\"300\" src=\"https:\/\/gicd.inf.um.es\/csidcav\/usuario40\/wp-content\/uploads\/2025\/10\/complementos-300x300.jpg\" alt=\"\" class=\"wp-image-12\" style=\"aspect-ratio:1;object-fit:cover\" srcset=\"https:\/\/gicd.inf.um.es\/csidcav\/usuario40\/wp-content\/uploads\/2025\/10\/complementos-300x300.jpg 300w, https:\/\/gicd.inf.um.es\/csidcav\/usuario40\/wp-content\/uploads\/2025\/10\/complementos-1024x1024.jpg 1024w, https:\/\/gicd.inf.um.es\/csidcav\/usuario40\/wp-content\/uploads\/2025\/10\/complementos-150x150.jpg 150w, https:\/\/gicd.inf.um.es\/csidcav\/usuario40\/wp-content\/uploads\/2025\/10\/complementos-768x768.jpg 768w, https:\/\/gicd.inf.um.es\/csidcav\/usuario40\/wp-content\/uploads\/2025\/10\/complementos.jpg 1080w\" sizes=\"auto, (max-width: 300px) 100vw, 300px\" \/><\/figure>\n\n\n\n<p>Todo friki que se precie debe complementar su vida diaria con los accesorios frikis y aqu\u00ed te los ofrecemos absolutamente todos.<\/p>\n<\/div>\n<\/div>\n\n\n\n<div class=\"wp-block-cover alignfull is-light has-parallax\"><div class=\"wp-block-cover__image-background wp-image-10 size-large has-parallax\" style=\"background-position:50% 50%;background-image:url(https:\/\/gicd.inf.um.es\/csidcav\/usuario40\/wp-content\/uploads\/2025\/10\/hombre-con-capa-1024x427.png)\"><\/div><span aria-hidden=\"true\" class=\"wp-block-cover__background has-black-background-color has-background-dim-10 has-background-dim\"><\/span><div class=\"wp-block-cover__inner-container is-layout-constrained wp-block-cover-is-layout-constrained\">\n<p class=\"has-text-align-left has-large-font-size\"><strong>Aprovecha nuestros descuentos<\/strong><br>Usa el c\u00f3digo<\/p>\n\n\n\n<p class=\"has-text-align-left has-vivid-red-color has-text-color has-link-color has-large-font-size wp-elements-a84995acb832561372c25069df66d46a\"><strong>DESCUENTO20<\/strong><\/p>\n<\/div><\/div>\n\n\n\t\t\t<!-- Cool Timeline Free V3.0.9 -->\n\t\t\t<div class=\"ctl-wrapper\" role=\"region\" aria-label=\"Timeline\">\n\t\t\t\t<div id=\"cool_timeline_1\" class=\"cool-timeline-wrapper ctl-horizontal ctl-horizontal-wrapper ctl-horizontal-timeline\" data-items=\"5\">\n\t\t\t\t\t<div class=\"ctl-wrapper-inside\">\n\t\t\t\t\t\t<div id=\"ctl-slider-container\" class=\"ctl-slider-container swiper-container swiper-container-horizontal\">\n\t\t\t\t\t\t\t<!-- Timeline Container -->\n\t\t\t\t\t\t\t<div class=\"ctl-slider-wrapper ctl-timeline-container swiper-wrapper\">\n\t\t\t\t\t\t\t<!-- Timeline Content --><div  id=\"ctl-story-527\" class=\"ctl-story ctl-story-icon swiper-slide odd\" data-aos=\"none\"   data-story-index=\"1\" role=\"article\"><!-- Story Date --><div class=\"ctl-labels\"><div class=\"ctl-label-big story-date\"><a class=\"minimal_glightbox\" data-popup-id=\"#ctl-popup-527\">2025<\/a><\/div><\/div><!-- Story Icon --><div class=\"ctl-icon\"><i class=\"fa fa-clock-o\" aria-hidden=\"true\"><\/i><\/div> <!-- Story Arrow --><div class=\"ctl-arrow\"><\/div><!-- Story Content --><div class=\"ctl-content\"><!-- Story Title --><div class=\"ctl-title story-527\" aria-label=\"2\"><a class=\"minimal_glightbox\" data-popup-id=\"#ctl-popup-527\">Squid Game (temporada 3)<\/a><a class=\"minimal_glightbox\" data-popup-id=\"#ctl-popup-527\"><p class=\"ctl_read_more\">Leer m\u00e1s<\/p><\/a><\/div><\/div><div id=\"ctl-popup-527\" class=\"ctl_popup_hide\">\n\t\t\t\t<div class=\"ctl_popup_container\">\n\t\t\t\t\t<div class=\"ctl_popup_date\"><!-- Story Date --><div class=\"ctl-labels\"><div class=\"ctl-label-big story-date\"><a class=\"minimal_glightbox\" data-popup-id=\"#ctl-popup-527\">2025<\/a><\/div><\/div><\/div>\n\t\t\t\t\t<h2 class=\"ctl_popup_title\">Squid Game (temporada 3)<\/h2>\n\t\t\t\t\t<div class=\"ctl_popup_media\"><div class=\"ctl_popup_img\" data-popup-image=\"https:\/\/gicd.inf.um.es\/csidcav\/usuario40\/wp-content\/uploads\/2025\/12\/2025-Squid-game-T3.jpeg\"><\/div><\/div>\n\t\t\t\t\t<div class=\"ctl_popup_desc\"><!-- Story Description --><div class=\"ctl-description\"><p>Netflix \/ Lee Jung-jae, Park Hae-soo, Wi Ha-joon \/ Thriller-Sociedad<\/p>\n<\/div><\/div>\n\t\t\t\t<\/div>\n\t\t\t<\/div><\/div><!-- Timeline Content --><div  id=\"ctl-story-525\" class=\"ctl-story ctl-story-icon swiper-slide even\" data-aos=\"none\"   data-story-index=\"2\" role=\"article\"><!-- Story Date --><div class=\"ctl-labels\"><div class=\"ctl-label-big story-date\"><a class=\"minimal_glightbox\" data-popup-id=\"#ctl-popup-525\">2024<\/a><\/div><\/div><!-- Story Icon --><div class=\"ctl-icon\"><i class=\"fa fa-clock-o\" aria-hidden=\"true\"><\/i><\/div> <!-- Story Arrow --><div class=\"ctl-arrow\"><\/div><!-- Story Content --><div class=\"ctl-content\"><!-- Story Title --><div class=\"ctl-title story-525\" aria-label=\"2\"><a class=\"minimal_glightbox\" data-popup-id=\"#ctl-popup-525\">Bridgerton (temporada 3)<\/a><a class=\"minimal_glightbox\" data-popup-id=\"#ctl-popup-525\"><p class=\"ctl_read_more\">Leer m\u00e1s<\/p><\/a><\/div><\/div><div id=\"ctl-popup-525\" class=\"ctl_popup_hide\">\n\t\t\t\t<div class=\"ctl_popup_container\">\n\t\t\t\t\t<div class=\"ctl_popup_date\"><!-- Story Date --><div class=\"ctl-labels\"><div class=\"ctl-label-big story-date\"><a class=\"minimal_glightbox\" data-popup-id=\"#ctl-popup-525\">2024<\/a><\/div><\/div><\/div>\n\t\t\t\t\t<h2 class=\"ctl_popup_title\">Bridgerton (temporada 3)<\/h2>\n\t\t\t\t\t<div class=\"ctl_popup_media\"><div class=\"ctl_popup_img\" data-popup-image=\"https:\/\/gicd.inf.um.es\/csidcav\/usuario40\/wp-content\/uploads\/2025\/12\/2024-Bridgerton.jpg\"><\/div><\/div>\n\t\t\t\t\t<div class=\"ctl_popup_desc\"><!-- Story Description --><div class=\"ctl-description\"><p>Netflix \/ Phoebe Dynevor, Luke Newton, Nicola Coughlan \/ Romance hist\u00f3rico-Drama<\/p>\n<\/div><\/div>\n\t\t\t\t<\/div>\n\t\t\t<\/div><\/div><!-- Timeline Content --><div  id=\"ctl-story-522\" class=\"ctl-story ctl-story-icon swiper-slide odd\" data-aos=\"none\"   data-story-index=\"3\" role=\"article\"><!-- Story Date --><div class=\"ctl-labels\"><div class=\"ctl-label-big story-date\"><a class=\"minimal_glightbox\" data-popup-id=\"#ctl-popup-522\">2023<\/a><\/div><\/div><!-- Story Icon --><div class=\"ctl-icon\"><i class=\"fa fa-clock-o\" aria-hidden=\"true\"><\/i><\/div> <!-- Story Arrow --><div class=\"ctl-arrow\"><\/div><!-- Story Content --><div class=\"ctl-content\"><!-- Story Title --><div class=\"ctl-title story-522\" aria-label=\"2\"><a class=\"minimal_glightbox\" data-popup-id=\"#ctl-popup-522\">The Last of Us<\/a><a class=\"minimal_glightbox\" data-popup-id=\"#ctl-popup-522\"><p class=\"ctl_read_more\">Leer m\u00e1s<\/p><\/a><\/div><\/div><div id=\"ctl-popup-522\" class=\"ctl_popup_hide\">\n\t\t\t\t<div class=\"ctl_popup_container\">\n\t\t\t\t\t<div class=\"ctl_popup_date\"><!-- Story Date --><div class=\"ctl-labels\"><div class=\"ctl-label-big story-date\"><a class=\"minimal_glightbox\" data-popup-id=\"#ctl-popup-522\">2023<\/a><\/div><\/div><\/div>\n\t\t\t\t\t<h2 class=\"ctl_popup_title\">The Last of Us<\/h2>\n\t\t\t\t\t<div class=\"ctl_popup_media\"><div class=\"ctl_popup_img\" data-popup-image=\"https:\/\/gicd.inf.um.es\/csidcav\/usuario40\/wp-content\/uploads\/2025\/12\/2023-The-last-of-us.webp\"><\/div><\/div>\n\t\t\t\t\t<div class=\"ctl_popup_desc\"><!-- Story Description --><div class=\"ctl-description\"><p>HBO \/ Pedro Pascal, Bella Ramsey, Gabriel Luna \/ Post-apocal\u00edptico-Drama<\/p>\n<\/div><\/div>\n\t\t\t\t<\/div>\n\t\t\t<\/div><\/div><!-- Timeline Content --><div  id=\"ctl-story-520\" class=\"ctl-story ctl-story-icon swiper-slide even\" data-aos=\"none\"   data-story-index=\"4\" role=\"article\"><!-- Story Date --><div class=\"ctl-labels\"><div class=\"ctl-label-big story-date\"><a class=\"minimal_glightbox\" data-popup-id=\"#ctl-popup-520\">2022<\/a><\/div><\/div><!-- Story Icon --><div class=\"ctl-icon\"><i class=\"fa fa-clock-o\" aria-hidden=\"true\"><\/i><\/div> <!-- Story Arrow --><div class=\"ctl-arrow\"><\/div><!-- Story Content --><div class=\"ctl-content\"><!-- Story Title --><div class=\"ctl-title story-520\" aria-label=\"2\"><a class=\"minimal_glightbox\" data-popup-id=\"#ctl-popup-520\">Stranger Things (temporada 4)<\/a><a class=\"minimal_glightbox\" data-popup-id=\"#ctl-popup-520\"><p class=\"ctl_read_more\">Leer m\u00e1s<\/p><\/a><\/div><\/div><div id=\"ctl-popup-520\" class=\"ctl_popup_hide\">\n\t\t\t\t<div class=\"ctl_popup_container\">\n\t\t\t\t\t<div class=\"ctl_popup_date\"><!-- Story Date --><div class=\"ctl-labels\"><div class=\"ctl-label-big story-date\"><a class=\"minimal_glightbox\" data-popup-id=\"#ctl-popup-520\">2022<\/a><\/div><\/div><\/div>\n\t\t\t\t\t<h2 class=\"ctl_popup_title\">Stranger Things (temporada 4)<\/h2>\n\t\t\t\t\t<div class=\"ctl_popup_media\"><div class=\"ctl_popup_img\" data-popup-image=\"https:\/\/gicd.inf.um.es\/csidcav\/usuario40\/wp-content\/uploads\/2025\/12\/2022-T4-Stranger-Things.jpg\"><\/div><\/div>\n\t\t\t\t\t<div class=\"ctl_popup_desc\"><!-- Story Description --><div class=\"ctl-description\"><p>Netflix \/ Millie Bobby Brown, David Harbour, Finn Wolfhard \/ Ciencia ficci\u00f3n-Thriller<\/p>\n<\/div><\/div>\n\t\t\t\t<\/div>\n\t\t\t<\/div><\/div><!-- Timeline Content --><div  id=\"ctl-story-210\" class=\"ctl-story ctl-story-icon swiper-slide odd\" data-aos=\"none\"   data-story-index=\"5\" role=\"article\"><!-- Story Date --><div class=\"ctl-labels\"><div class=\"ctl-label-big story-date\"><a class=\"minimal_glightbox\" data-popup-id=\"#ctl-popup-210\">2021<\/a><\/div><\/div><!-- Story Icon --><div class=\"ctl-icon\"><i class=\"fa fa-clock-o\" aria-hidden=\"true\"><\/i><\/div> <!-- Story Arrow --><div class=\"ctl-arrow\"><\/div><!-- Story Content --><div class=\"ctl-content\"><!-- Story Title --><div class=\"ctl-title story-210\" aria-label=\"2\"><a class=\"minimal_glightbox\" data-popup-id=\"#ctl-popup-210\">Squid Game<\/a><a class=\"minimal_glightbox\" data-popup-id=\"#ctl-popup-210\"><p class=\"ctl_read_more\">Leer m\u00e1s<\/p><\/a><\/div><\/div><div id=\"ctl-popup-210\" class=\"ctl_popup_hide\">\n\t\t\t\t<div class=\"ctl_popup_container\">\n\t\t\t\t\t<div class=\"ctl_popup_date\"><!-- Story Date --><div class=\"ctl-labels\"><div class=\"ctl-label-big story-date\"><a class=\"minimal_glightbox\" data-popup-id=\"#ctl-popup-210\">2021<\/a><\/div><\/div><\/div>\n\t\t\t\t\t<h2 class=\"ctl_popup_title\">Squid Game<\/h2>\n\t\t\t\t\t<div class=\"ctl_popup_media\"><div class=\"ctl_popup_img\" data-popup-image=\"https:\/\/gicd.inf.um.es\/csidcav\/usuario40\/wp-content\/uploads\/2025\/11\/2021-Juego-Calamar.jpg\"><\/div><\/div>\n\t\t\t\t\t<div class=\"ctl_popup_desc\"><!-- Story Description --><div class=\"ctl-description\"><p>Netflix \/ Lee Jung-jae, Park Hae-soo, Jung Ho-yeon \/ Thriller-Drama social<\/p>\n<\/div><\/div>\n\t\t\t\t<\/div>\n\t\t\t<\/div><\/div><!-- Timeline Content --><div  id=\"ctl-story-209\" class=\"ctl-story ctl-story-icon swiper-slide even\" data-aos=\"none\"   data-story-index=\"6\" role=\"article\"><!-- Story Date --><div class=\"ctl-labels\"><div class=\"ctl-label-big story-date\"><a class=\"minimal_glightbox\" data-popup-id=\"#ctl-popup-209\">2020<\/a><\/div><\/div><!-- Story Icon --><div class=\"ctl-icon\"><i class= \"fa fas fa-cannabis\" aria-hidden =\"true\"><\/i><\/div> <!-- Story Arrow --><div class=\"ctl-arrow\"><\/div><!-- Story Content --><div class=\"ctl-content\"><!-- Story Title --><div class=\"ctl-title story-209\" aria-label=\"2\"><a class=\"minimal_glightbox\" data-popup-id=\"#ctl-popup-209\">Bridgerton<\/a><a class=\"minimal_glightbox\" data-popup-id=\"#ctl-popup-209\"><p class=\"ctl_read_more\">Leer m\u00e1s<\/p><\/a><\/div><\/div><div id=\"ctl-popup-209\" class=\"ctl_popup_hide\">\n\t\t\t\t<div class=\"ctl_popup_container\">\n\t\t\t\t\t<div class=\"ctl_popup_date\"><!-- Story Date --><div class=\"ctl-labels\"><div class=\"ctl-label-big story-date\"><a class=\"minimal_glightbox\" data-popup-id=\"#ctl-popup-209\">2020<\/a><\/div><\/div><\/div>\n\t\t\t\t\t<h2 class=\"ctl_popup_title\">Bridgerton<\/h2>\n\t\t\t\t\t<div class=\"ctl_popup_media\"><div class=\"ctl_popup_img\" data-popup-image=\"https:\/\/gicd.inf.um.es\/csidcav\/usuario40\/wp-content\/uploads\/2025\/11\/2020-Bridgerton.jpg\"><\/div><\/div>\n\t\t\t\t\t<div class=\"ctl_popup_desc\"><!-- Story Description --><div class=\"ctl-description\"><p>Netflix \/ Phoebe Dynevor, Reg\u00e9-Jean Page, Jonathan Bailey \/ Romance hist\u00f3rico-Drama<\/p>\n<\/div><\/div>\n\t\t\t\t<\/div>\n\t\t\t<\/div><\/div>\t\t\t\t\t\t\t<\/div>\n\t\t\t\t\t\t\t<span class=\"swiper-notification\" aria-live=\"assertive\" aria-atomic=\"true\"><\/span>\n\t\t\t\t\t\t<\/div>\n\t\t\t\t\t<\/div>\n\t\t\t\t\t<!-- Swiper Next button -->\n\t\t\t\t\t<div class=\"ctl-button-prev swiper-button-disabled\" tabindex=\"0\" role=\"button\" aria-label=\"Previous slide\" aria-disabled=\"true\">\n\t\t\t\t\t\t<svg xmlns=\"http:\/\/www.w3.org\/2000\/svg\" height=\"1em\" viewBox=\"0 0 320 512\">\n\t\t\t\t<path d=\"M34.52 239.03L228.87 44.69c9.37-9.37 24.57-9.37 33.94 0l22.67 22.67c9.36 9.36 9.37 24.52.04 33.9L131.49 256l154.02 154.75c9.34 9.38 9.32 24.54-.04 33.9l-22.67 22.67c-9.37 9.37-24.57 9.37-33.94 0L34.52 272.97c-9.37-9.37-9.37-24.57 0-33.94z\"\/>\n\t\t\t\t<\/svg>\t\t\t\t\t<\/div>\n\t\t\t\t\t<!-- Swiper Previous Button -->\n\t\t\t\t\t<div class=\"ctl-button-next\" tabindex=\"0\" role=\"button\" aria-label=\"Next slide\" aria-disabled=\"false\">\n\t\t\t\t\t\t<svg xmlns=\"http:\/\/www.w3.org\/2000\/svg\" height=\"1em\" viewBox=\"0 0 320 512\">\n\t\t\t\t<path d=\"M285.476 272.971L91.132 467.314c-9.373 9.373-24.569 9.373-33.941 0l-22.667-22.667c-9.357-9.357-9.375-24.522-.04-33.901L188.505 256 34.484 101.255c-9.335-9.379-9.317-24.544.04-33.901l22.667-22.667c9.373-9.373 24.569-9.373 33.941 0L285.475 239.03c9.373 9.372 9.373 24.568.001 33.941z\"\/>\n\t\t\t\t<\/svg>\t\t\t\t\t<\/div>\n\t\t\t\t\t<!-- Swiper Horizontal line -->\n\t\t\t\t\t<div class=\"ctl-h-line\"><\/div>\n\t\t\t\t<\/div>\n\t\t\t<\/div>\n\t\t\t","protected":false},"excerpt":{"rendered":"<p>Te damos la bienvenida a Series \u00c9picas, donde te ofrecemos informaci\u00f3n sobre series y productos relacionados con ellas. Pensamos que todo lo que nos rodea habla de nosotros, nos diferencia, y es una peque\u00f1a extensi\u00f3n de nuestra personalidad. Regalos \u00e9picos Te ofrecemos Funkos POP, moda, hogar\u2026 Todo el Universo Friki en un \u00fanico sitio y [&hellip;]<\/p>\n","protected":false},"author":1,"featured_media":9,"parent":0,"menu_order":0,"comment_status":"closed","ping_status":"closed","template":"","meta":{"pgc_sgb_lightbox_settings":"","footnotes":""},"class_list":["post-14","page","type-page","status-publish","has-post-thumbnail","hentry"],"_links":{"self":[{"href":"https:\/\/gicd.inf.um.es\/csidcav\/usuario40\/wp-json\/wp\/v2\/pages\/14","targetHints":{"allow":["GET"]}}],"collection":[{"href":"https:\/\/gicd.inf.um.es\/csidcav\/usuario40\/wp-json\/wp\/v2\/pages"}],"about":[{"href":"https:\/\/gicd.inf.um.es\/csidcav\/usuario40\/wp-json\/wp\/v2\/types\/page"}],"author":[{"embeddable":true,"href":"https:\/\/gicd.inf.um.es\/csidcav\/usuario40\/wp-json\/wp\/v2\/users\/1"}],"replies":[{"embeddable":true,"href":"https:\/\/gicd.inf.um.es\/csidcav\/usuario40\/wp-json\/wp\/v2\/comments?post=14"}],"version-history":[{"count":18,"href":"https:\/\/gicd.inf.um.es\/csidcav\/usuario40\/wp-json\/wp\/v2\/pages\/14\/revisions"}],"predecessor-version":[{"id":534,"href":"https:\/\/gicd.inf.um.es\/csidcav\/usuario40\/wp-json\/wp\/v2\/pages\/14\/revisions\/534"}],"wp:featuredmedia":[{"embeddable":true,"href":"https:\/\/gicd.inf.um.es\/csidcav\/usuario40\/wp-json\/wp\/v2\/media\/9"}],"wp:attachment":[{"href":"https:\/\/gicd.inf.um.es\/csidcav\/usuario40\/wp-json\/wp\/v2\/media?parent=14"}],"curies":[{"name":"wp","href":"https:\/\/api.w.org\/{rel}","templated":true}]}}