{"id":376,"date":"2025-11-29T12:50:19","date_gmt":"2025-11-29T11:50:19","guid":{"rendered":"https:\/\/gicd.inf.um.es\/csidcav\/usuario40\/?page_id=376"},"modified":"2025-12-06T18:39:13","modified_gmt":"2025-12-06T17:39:13","slug":"atypical","status":"publish","type":"page","link":"https:\/\/gicd.inf.um.es\/csidcav\/usuario40\/atypical\/","title":{"rendered":"ATYPICAL"},"content":{"rendered":"\n<p><em>Atypical<\/em> es una serie estadounidense de comedia dram\u00e1tica creada por Robia Rashid y producida por Sony Pictures Television para Netflix. Se emiti\u00f3 de 2017 a 2021 y consta de cuatro temporadas con episodios de entre 30 y 45 minutos. Cuenta con un reparto encabezado por Keir Gilchrist, Jennifer Jason Leigh, Michael Rapaport y Brigette Lundy-Paine, entre otros. La serie fue dirigida por varios realizadores \u2014incluidos Seth Gordon y Jennifer Arnold\u2014 y destaca por su enfoque contempor\u00e1neo, su estilo ligero y emocional, y por la evoluci\u00f3n de su producci\u00f3n y tratamiento tem\u00e1tico a lo largo de sus cuatro temporadas.<\/p>\n\n\n\n<h2 class=\"wp-block-heading\">Sinopsis<\/h2>\n\n\n\n<p>La serie sigue a Sam Gardner, un joven en el espectro autista que comienza a buscar mayor independencia mientras descubre el amor, la amistad y su propio lugar en el mundo. A medida que Sam da estos pasos, su familia tambi\u00e9n enfrenta cambios profundos: su madre intenta adaptarse a que su hijo ya no depende tanto de ella, su padre busca reconectar emocionalmente y su hermana Casey atraviesa su propio proceso de crecimiento. La historia mezcla humor y emoci\u00f3n para mostrar c\u00f3mo cada miembro de la familia aprende a evolucionar junto a Sam.<\/p>\n\n\n\n<h2 class=\"wp-block-heading\">Galer\u00eda de im\u00e1genes<\/h2>\n\n\n\n<figure class=\"wp-block-gallery has-nested-images columns-default is-cropped wp-block-gallery-1 is-layout-flex wp-block-gallery-is-layout-flex\">\n<figure class=\"wp-block-image size-large\"><img loading=\"lazy\" decoding=\"async\" width=\"1024\" height=\"683\" data-id=\"381\" src=\"https:\/\/gicd.inf.um.es\/csidcav\/usuario40\/wp-content\/uploads\/2025\/11\/402cce7e3c04c728d74ea9d3a153f6be-1024x683.jpg\" alt=\"\" class=\"wp-image-381\" srcset=\"https:\/\/gicd.inf.um.es\/csidcav\/usuario40\/wp-content\/uploads\/2025\/11\/402cce7e3c04c728d74ea9d3a153f6be-1024x683.jpg 1024w, https:\/\/gicd.inf.um.es\/csidcav\/usuario40\/wp-content\/uploads\/2025\/11\/402cce7e3c04c728d74ea9d3a153f6be-300x200.jpg 300w, https:\/\/gicd.inf.um.es\/csidcav\/usuario40\/wp-content\/uploads\/2025\/11\/402cce7e3c04c728d74ea9d3a153f6be-768x512.jpg 768w, https:\/\/gicd.inf.um.es\/csidcav\/usuario40\/wp-content\/uploads\/2025\/11\/402cce7e3c04c728d74ea9d3a153f6be.jpg 1152w\" sizes=\"auto, (max-width: 1024px) 100vw, 1024px\" \/><\/figure>\n\n\n\n<figure class=\"wp-block-image size-large\"><img loading=\"lazy\" decoding=\"async\" width=\"800\" height=\"510\" data-id=\"380\" src=\"https:\/\/gicd.inf.um.es\/csidcav\/usuario40\/wp-content\/uploads\/2025\/11\/atypical-3tg.jpg\" alt=\"\" class=\"wp-image-380\" srcset=\"https:\/\/gicd.inf.um.es\/csidcav\/usuario40\/wp-content\/uploads\/2025\/11\/atypical-3tg.jpg 800w, https:\/\/gicd.inf.um.es\/csidcav\/usuario40\/wp-content\/uploads\/2025\/11\/atypical-3tg-300x191.jpg 300w, https:\/\/gicd.inf.um.es\/csidcav\/usuario40\/wp-content\/uploads\/2025\/11\/atypical-3tg-768x490.jpg 768w\" sizes=\"auto, (max-width: 800px) 100vw, 800px\" \/><\/figure>\n\n\n\n<figure class=\"wp-block-image size-large\"><img loading=\"lazy\" decoding=\"async\" width=\"1024\" height=\"537\" data-id=\"378\" src=\"https:\/\/gicd.inf.um.es\/csidcav\/usuario40\/wp-content\/uploads\/2025\/11\/e621b8a5053a1fed4508021d56ab13cb5b-04-atypical.rsocial.w1200-1024x537.webp\" alt=\"\" class=\"wp-image-378\" srcset=\"https:\/\/gicd.inf.um.es\/csidcav\/usuario40\/wp-content\/uploads\/2025\/11\/e621b8a5053a1fed4508021d56ab13cb5b-04-atypical.rsocial.w1200-1024x537.webp 1024w, https:\/\/gicd.inf.um.es\/csidcav\/usuario40\/wp-content\/uploads\/2025\/11\/e621b8a5053a1fed4508021d56ab13cb5b-04-atypical.rsocial.w1200-300x157.webp 300w, https:\/\/gicd.inf.um.es\/csidcav\/usuario40\/wp-content\/uploads\/2025\/11\/e621b8a5053a1fed4508021d56ab13cb5b-04-atypical.rsocial.w1200-768x403.webp 768w, https:\/\/gicd.inf.um.es\/csidcav\/usuario40\/wp-content\/uploads\/2025\/11\/e621b8a5053a1fed4508021d56ab13cb5b-04-atypical.rsocial.w1200.webp 1200w\" sizes=\"auto, (max-width: 1024px) 100vw, 1024px\" \/><\/figure>\n\n\n\n<figure class=\"wp-block-image size-large\"><img loading=\"lazy\" decoding=\"async\" width=\"1024\" height=\"576\" data-id=\"379\" src=\"https:\/\/gicd.inf.um.es\/csidcav\/usuario40\/wp-content\/uploads\/2025\/11\/sam-e-casey-Atypical-serie-tv-1024x576.jpg\" alt=\"\" class=\"wp-image-379\" srcset=\"https:\/\/gicd.inf.um.es\/csidcav\/usuario40\/wp-content\/uploads\/2025\/11\/sam-e-casey-Atypical-serie-tv-1024x576.jpg 1024w, https:\/\/gicd.inf.um.es\/csidcav\/usuario40\/wp-content\/uploads\/2025\/11\/sam-e-casey-Atypical-serie-tv-300x169.jpg 300w, https:\/\/gicd.inf.um.es\/csidcav\/usuario40\/wp-content\/uploads\/2025\/11\/sam-e-casey-Atypical-serie-tv-768x432.jpg 768w, https:\/\/gicd.inf.um.es\/csidcav\/usuario40\/wp-content\/uploads\/2025\/11\/sam-e-casey-Atypical-serie-tv-1536x864.jpg 1536w, https:\/\/gicd.inf.um.es\/csidcav\/usuario40\/wp-content\/uploads\/2025\/11\/sam-e-casey-Atypical-serie-tv-1280x720.jpg 1280w, https:\/\/gicd.inf.um.es\/csidcav\/usuario40\/wp-content\/uploads\/2025\/11\/sam-e-casey-Atypical-serie-tv.jpg 1920w\" sizes=\"auto, (max-width: 1024px) 100vw, 1024px\" \/><\/figure>\n<\/figure>\n\n\n\n<h2 class=\"wp-block-heading\">Trailer<\/h2>\n\n\n\n<figure class=\"wp-block-embed is-type-video is-provider-youtube wp-block-embed-youtube wp-embed-aspect-16-9 wp-has-aspect-ratio\"><div class=\"wp-block-embed__wrapper\">\n<iframe loading=\"lazy\" title=\"Atypical | Official Trailer [HD] | Netflix\" width=\"640\" height=\"360\" src=\"https:\/\/www.youtube.com\/embed\/ieHh4U-QYwU?feature=oembed\" frameborder=\"0\" allow=\"accelerometer; autoplay; clipboard-write; encrypted-media; gyroscope; picture-in-picture; web-share\" referrerpolicy=\"strict-origin-when-cross-origin\" allowfullscreen><\/iframe>\n<\/div><\/figure>\n\n\n\n<h2 class=\"wp-block-heading\">Banda sonora<\/h2>\n\n\n\n<figure class=\"wp-block-embed is-type-rich is-provider-spotify wp-block-embed-spotify wp-embed-aspect-21-9 wp-has-aspect-ratio\"><div class=\"wp-block-embed__wrapper\">\n<iframe title=\"Spotify Embed: Atypical Soundtrack - Season 1,2,3 &amp; 4 (Netflix)\" style=\"border-radius: 12px\" width=\"100%\" height=\"352\" frameborder=\"0\" allowfullscreen allow=\"autoplay; clipboard-write; encrypted-media; fullscreen; picture-in-picture\" loading=\"lazy\" src=\"https:\/\/open.spotify.com\/embed\/playlist\/3HzdfH5BmrBgOCK6N8j5T7?si=186f74acf00848f6&#038;utm_source=oembed\"><\/iframe>\n<\/div><\/figure>\n\n\n\n<h2 class=\"wp-block-heading\">Conoce a los personajes principales<\/h2>\n\n\n\n<figure class=\"wp-block-embed is-type-wp-embed is-provider-ficciones-picas wp-block-embed-ficciones-picas\"><div class=\"wp-block-embed__wrapper\">\n<blockquote class=\"wp-embedded-content\" data-secret=\"KfMjkXkkSg\"><a href=\"https:\/\/gicd.inf.um.es\/csidcav\/usuario40\/atypical\/personajes\/\">PERSONAJES<\/a><\/blockquote><iframe loading=\"lazy\" class=\"wp-embedded-content\" sandbox=\"allow-scripts\" security=\"restricted\" style=\"position: absolute; visibility: hidden;\" title=\"\u00abPERSONAJES\u00bb \u2014 FICCIONES \u00c9PICAS\" src=\"https:\/\/gicd.inf.um.es\/csidcav\/usuario40\/atypical\/personajes\/embed\/#?secret=dkMNToVdPA#?secret=KfMjkXkkSg\" data-secret=\"KfMjkXkkSg\" width=\"600\" height=\"338\" frameborder=\"0\" marginwidth=\"0\" marginheight=\"0\" scrolling=\"no\"><\/iframe>\n<\/div><\/figure>\n\n\n\n<h2 class=\"wp-block-heading\">Ven a investigar m\u00e1s sobre la serie<\/h2>\n\n\n\n<figure class=\"wp-block-embed is-type-wp-embed is-provider-ficciones-picas wp-block-embed-ficciones-picas\"><div class=\"wp-block-embed__wrapper\">\n<blockquote class=\"wp-embedded-content\" data-secret=\"cGP5srxKMf\"><a href=\"https:\/\/gicd.inf.um.es\/csidcav\/usuario40\/%f0%9f%8c%9f-trivia-de-la-serie-atypical\/\">\ud83c\udf1f Trivia Atypical<\/a><\/blockquote><iframe loading=\"lazy\" class=\"wp-embedded-content\" sandbox=\"allow-scripts\" security=\"restricted\" style=\"position: absolute; visibility: hidden;\" title=\"\u00ab\ud83c\udf1f Trivia Atypical\u00bb \u2014 FICCIONES \u00c9PICAS\" src=\"https:\/\/gicd.inf.um.es\/csidcav\/usuario40\/%f0%9f%8c%9f-trivia-de-la-serie-atypical\/embed\/#?secret=tNNcEfoMXU#?secret=cGP5srxKMf\" data-secret=\"cGP5srxKMf\" width=\"600\" height=\"338\" frameborder=\"0\" marginwidth=\"0\" marginheight=\"0\" scrolling=\"no\"><\/iframe>\n<\/div><\/figure>\n\n\n\n<figure class=\"wp-block-embed is-type-wp-embed is-provider-ficciones-picas wp-block-embed-ficciones-picas\"><div class=\"wp-block-embed__wrapper\">\n<blockquote class=\"wp-embedded-content\" data-secret=\"c6ZJCnEM4c\"><a href=\"https:\/\/gicd.inf.um.es\/csidcav\/usuario40\/episodios\/\">EPISODIOS<\/a><\/blockquote><iframe loading=\"lazy\" class=\"wp-embedded-content\" sandbox=\"allow-scripts\" security=\"restricted\" style=\"position: absolute; visibility: hidden;\" title=\"\u00abEPISODIOS\u00bb \u2014 FICCIONES \u00c9PICAS\" src=\"https:\/\/gicd.inf.um.es\/csidcav\/usuario40\/episodios\/embed\/#?secret=cmSGrIw0nv#?secret=c6ZJCnEM4c\" data-secret=\"c6ZJCnEM4c\" width=\"600\" height=\"338\" frameborder=\"0\" marginwidth=\"0\" marginheight=\"0\" scrolling=\"no\"><\/iframe>\n<\/div><\/figure>\n","protected":false},"excerpt":{"rendered":"<p>Atypical es una serie estadounidense de comedia dram\u00e1tica creada por Robia Rashid y producida por Sony Pictures Television para Netflix. Se emiti\u00f3 de 2017 a 2021 y consta de cuatro temporadas con episodios de entre 30 y 45 minutos. Cuenta con un reparto encabezado por Keir Gilchrist, Jennifer Jason Leigh, Michael Rapaport y Brigette Lundy-Paine, [&hellip;]<\/p>\n","protected":false},"author":1,"featured_media":377,"parent":0,"menu_order":0,"comment_status":"closed","ping_status":"closed","template":"","meta":{"pgc_sgb_lightbox_settings":"","footnotes":""},"class_list":["post-376","page","type-page","status-publish","has-post-thumbnail","hentry"],"_links":{"self":[{"href":"https:\/\/gicd.inf.um.es\/csidcav\/usuario40\/wp-json\/wp\/v2\/pages\/376","targetHints":{"allow":["GET"]}}],"collection":[{"href":"https:\/\/gicd.inf.um.es\/csidcav\/usuario40\/wp-json\/wp\/v2\/pages"}],"about":[{"href":"https:\/\/gicd.inf.um.es\/csidcav\/usuario40\/wp-json\/wp\/v2\/types\/page"}],"author":[{"embeddable":true,"href":"https:\/\/gicd.inf.um.es\/csidcav\/usuario40\/wp-json\/wp\/v2\/users\/1"}],"replies":[{"embeddable":true,"href":"https:\/\/gicd.inf.um.es\/csidcav\/usuario40\/wp-json\/wp\/v2\/comments?post=376"}],"version-history":[{"count":5,"href":"https:\/\/gicd.inf.um.es\/csidcav\/usuario40\/wp-json\/wp\/v2\/pages\/376\/revisions"}],"predecessor-version":[{"id":543,"href":"https:\/\/gicd.inf.um.es\/csidcav\/usuario40\/wp-json\/wp\/v2\/pages\/376\/revisions\/543"}],"wp:featuredmedia":[{"embeddable":true,"href":"https:\/\/gicd.inf.um.es\/csidcav\/usuario40\/wp-json\/wp\/v2\/media\/377"}],"wp:attachment":[{"href":"https:\/\/gicd.inf.um.es\/csidcav\/usuario40\/wp-json\/wp\/v2\/media?parent=376"}],"curies":[{"name":"wp","href":"https:\/\/api.w.org\/{rel}","templated":true}]}}