{"id":458,"date":"2025-12-03T20:44:12","date_gmt":"2025-12-03T19:44:12","guid":{"rendered":"https:\/\/gicd.inf.um.es\/csidcav\/usuario40\/?page_id=458"},"modified":"2025-12-03T20:50:53","modified_gmt":"2025-12-03T19:50:53","slug":"jennifer-jason-leigh","status":"publish","type":"page","link":"https:\/\/gicd.inf.um.es\/csidcav\/usuario40\/jennifer-jason-leigh\/","title":{"rendered":"Jennifer Jason Leigh"},"content":{"rendered":"\n<figure class=\"wp-block-image size-full is-resized\"><img loading=\"lazy\" decoding=\"async\" width=\"600\" height=\"800\" src=\"https:\/\/gicd.inf.um.es\/csidcav\/usuario40\/wp-content\/uploads\/2025\/12\/469829.webp\" alt=\"\" class=\"wp-image-461\" style=\"width:400px;height:auto\" srcset=\"https:\/\/gicd.inf.um.es\/csidcav\/usuario40\/wp-content\/uploads\/2025\/12\/469829.webp 600w, https:\/\/gicd.inf.um.es\/csidcav\/usuario40\/wp-content\/uploads\/2025\/12\/469829-225x300.webp 225w\" sizes=\"auto, (max-width: 600px) 100vw, 600px\" \/><\/figure>\n\n\n\n<p>Su carrera como actriz comenz\u00f3 de joven: ya siendo adolescente empez\u00f3 a trabajar en cine y televisi\u00f3n, construyendo poco a poco una filmograf\u00eda diversa. Con el paso del tiempo se destac\u00f3 por su capacidad para asumir papeles complejos y emocionalmente intensos, lo que la dio fama por su talento dram\u00e1tico y versatilidad.<\/p>\n\n\n\n<p>A lo largo de su trayectoria ha protagonizado pel\u00edculas memorables, a menudo caracterizadas por personajes cargados de profundidad psicol\u00f3gica. Su forma de actuar \u2014intensa, honesta y muy comprometida con el papel\u2014 le ha ganado el reconocimiento tanto de cr\u00edtica como de p\u00fablico.<\/p>\n\n\n\n<p>M\u00e1s all\u00e1 del cine, Jennifer ha demostrado una notable integridad art\u00edstica: prefiere papeles desafiantes que le permitan explorar emociones intensas, en lugar de conformarse con papeles c\u00f3modos o predecibles. Esa valent\u00eda creativa le ha dado un lugar destacado entre los int\u00e9rpretes de Hollywood.<\/p>\n\n\n\n<h2 class=\"wp-block-heading\">TRAYECTORIA<\/h2>\n\n\n\n<p>Jennifer Jason Leigh, quien interpreta a Elsa, es una actriz de larga trayectoria con una filmograf\u00eda impresionante. Antes de <em>Atypical<\/em>, ya era conocida por sus intensas actuaciones en pel\u00edculas como <em>The Hateful Eight<\/em> de Quentin Tarantino, donde fue nominada al \u00d3scar por su papel como Daisy Domergue, y <em>Single White Female<\/em>, un cl\u00e1sico thriller psicol\u00f3gico de los noventa. Tambi\u00e9n ha participado en <em>Marriage Story<\/em>, junto a Scarlett Johansson y Adam Driver, recibiendo elogios por su interpretaci\u00f3n honesta y contenida. Su presencia en <em>Atypical<\/em> aporta madurez y profundidad al elenco, equilibrando la energ\u00eda juvenil de los dem\u00e1s con una actuaci\u00f3n llena de matices emocionales y humanidad.<\/p>\n","protected":false},"excerpt":{"rendered":"<p>Su carrera como actriz comenz\u00f3 de joven: ya siendo adolescente empez\u00f3 a trabajar en cine y televisi\u00f3n, construyendo poco a poco una filmograf\u00eda diversa. Con el paso del tiempo se destac\u00f3 por su capacidad para asumir papeles complejos y emocionalmente intensos, lo que la dio fama por su talento dram\u00e1tico y versatilidad. A lo largo [&hellip;]<\/p>\n","protected":false},"author":1,"featured_media":0,"parent":0,"menu_order":0,"comment_status":"closed","ping_status":"closed","template":"","meta":{"pgc_sgb_lightbox_settings":"","footnotes":""},"class_list":["post-458","page","type-page","status-publish","hentry"],"_links":{"self":[{"href":"https:\/\/gicd.inf.um.es\/csidcav\/usuario40\/wp-json\/wp\/v2\/pages\/458","targetHints":{"allow":["GET"]}}],"collection":[{"href":"https:\/\/gicd.inf.um.es\/csidcav\/usuario40\/wp-json\/wp\/v2\/pages"}],"about":[{"href":"https:\/\/gicd.inf.um.es\/csidcav\/usuario40\/wp-json\/wp\/v2\/types\/page"}],"author":[{"embeddable":true,"href":"https:\/\/gicd.inf.um.es\/csidcav\/usuario40\/wp-json\/wp\/v2\/users\/1"}],"replies":[{"embeddable":true,"href":"https:\/\/gicd.inf.um.es\/csidcav\/usuario40\/wp-json\/wp\/v2\/comments?post=458"}],"version-history":[{"count":2,"href":"https:\/\/gicd.inf.um.es\/csidcav\/usuario40\/wp-json\/wp\/v2\/pages\/458\/revisions"}],"predecessor-version":[{"id":475,"href":"https:\/\/gicd.inf.um.es\/csidcav\/usuario40\/wp-json\/wp\/v2\/pages\/458\/revisions\/475"}],"wp:attachment":[{"href":"https:\/\/gicd.inf.um.es\/csidcav\/usuario40\/wp-json\/wp\/v2\/media?parent=458"}],"curies":[{"name":"wp","href":"https:\/\/api.w.org\/{rel}","templated":true}]}}