{"id":468,"date":"2025-12-03T20:49:09","date_gmt":"2025-12-03T19:49:09","guid":{"rendered":"https:\/\/gicd.inf.um.es\/csidcav\/usuario40\/?page_id=468"},"modified":"2025-12-03T20:49:10","modified_gmt":"2025-12-03T19:49:10","slug":"keir-gilchrist","status":"publish","type":"page","link":"https:\/\/gicd.inf.um.es\/csidcav\/usuario40\/keir-gilchrist\/","title":{"rendered":"Keir Gilchrist"},"content":{"rendered":"\n<figure class=\"wp-block-image size-full is-resized\"><img loading=\"lazy\" decoding=\"async\" width=\"480\" height=\"640\" src=\"https:\/\/gicd.inf.um.es\/csidcav\/usuario40\/wp-content\/uploads\/2025\/12\/images-2.webp\" alt=\"\" class=\"wp-image-469\" style=\"width:281px;height:auto\" srcset=\"https:\/\/gicd.inf.um.es\/csidcav\/usuario40\/wp-content\/uploads\/2025\/12\/images-2.webp 480w, https:\/\/gicd.inf.um.es\/csidcav\/usuario40\/wp-content\/uploads\/2025\/12\/images-2-225x300.webp 225w\" sizes=\"auto, (max-width: 480px) 100vw, 480px\" \/><\/figure>\n\n\n\n<p>Keir Gilchrist naci\u00f3 en Londres, Inglaterra. Hijo de padres canadienses, pas\u00f3 sus primeros a\u00f1os en el Reino Unido, aunque durante su infancia la familia se traslad\u00f3 primero a Boston, luego a Nueva York, y finalmente se establecieron en Toronto, Canad\u00e1. Desde muy joven mostr\u00f3 un fuerte inter\u00e9s por la actuaci\u00f3n; de ni\u00f1o particip\u00f3 en clases de teatro y ya a los 10 a\u00f1os obtuvo sus primeros papeles en televisi\u00f3n. Con el tiempo fue acumulando experiencias en series y pel\u00edculas, lo que le permiti\u00f3 consolidarse como actor. Su salto a la popularidad lleg\u00f3 con la serie Atypical (2017\u20132021), en la que interpret\u00f3 a Sam Gardner, un joven con autismo en busca de su independencia y su lugar en el mundo; gracias a ese papel gan\u00f3 reconocimiento internacional.<\/p>\n\n\n\n<h2 class=\"wp-block-heading\">TRAYECTORIA<\/h2>\n\n\n\n<p>Keir Gilchrist, quien da vida a Sam en <em>Atypical<\/em>, ha construido una carrera muy diversa dentro del cine independiente y las series juveniles. Antes de saltar a la fama con este papel, particip\u00f3 en la serie <em>United States of Tara<\/em>, interpretando a un adolescente con una sensibilidad parecida a la de Sam, aunque en un contexto m\u00e1s ca\u00f3tico. En el cine, ha destacado en la pel\u00edcula de terror <em>It Follows<\/em>, donde demostr\u00f3 su versatilidad al adentrarse en un tono oscuro y psicol\u00f3gico, y en <em>The Good Neighbor<\/em>, un thriller donde explora el miedo y la manipulaci\u00f3n. Su estilo interpretativo suele combinar naturalidad y profundidad emocional, algo que tambi\u00e9n lo ha consolidado como uno de los rostros m\u00e1s aut\u00e9nticos de su generaci\u00f3n.<\/p>\n","protected":false},"excerpt":{"rendered":"<p>Keir Gilchrist naci\u00f3 en Londres, Inglaterra. Hijo de padres canadienses, pas\u00f3 sus primeros a\u00f1os en el Reino Unido, aunque durante su infancia la familia se traslad\u00f3 primero a Boston, luego a Nueva York, y finalmente se establecieron en Toronto, Canad\u00e1. Desde muy joven mostr\u00f3 un fuerte inter\u00e9s por la actuaci\u00f3n; de ni\u00f1o particip\u00f3 en clases [&hellip;]<\/p>\n","protected":false},"author":1,"featured_media":0,"parent":0,"menu_order":0,"comment_status":"closed","ping_status":"closed","template":"","meta":{"pgc_sgb_lightbox_settings":"","footnotes":""},"class_list":["post-468","page","type-page","status-publish","hentry"],"_links":{"self":[{"href":"https:\/\/gicd.inf.um.es\/csidcav\/usuario40\/wp-json\/wp\/v2\/pages\/468","targetHints":{"allow":["GET"]}}],"collection":[{"href":"https:\/\/gicd.inf.um.es\/csidcav\/usuario40\/wp-json\/wp\/v2\/pages"}],"about":[{"href":"https:\/\/gicd.inf.um.es\/csidcav\/usuario40\/wp-json\/wp\/v2\/types\/page"}],"author":[{"embeddable":true,"href":"https:\/\/gicd.inf.um.es\/csidcav\/usuario40\/wp-json\/wp\/v2\/users\/1"}],"replies":[{"embeddable":true,"href":"https:\/\/gicd.inf.um.es\/csidcav\/usuario40\/wp-json\/wp\/v2\/comments?post=468"}],"version-history":[{"count":1,"href":"https:\/\/gicd.inf.um.es\/csidcav\/usuario40\/wp-json\/wp\/v2\/pages\/468\/revisions"}],"predecessor-version":[{"id":470,"href":"https:\/\/gicd.inf.um.es\/csidcav\/usuario40\/wp-json\/wp\/v2\/pages\/468\/revisions\/470"}],"wp:attachment":[{"href":"https:\/\/gicd.inf.um.es\/csidcav\/usuario40\/wp-json\/wp\/v2\/media?parent=468"}],"curies":[{"name":"wp","href":"https:\/\/api.w.org\/{rel}","templated":true}]}}