{"id":471,"date":"2025-12-03T20:50:18","date_gmt":"2025-12-03T19:50:18","guid":{"rendered":"https:\/\/gicd.inf.um.es\/csidcav\/usuario40\/?page_id=471"},"modified":"2025-12-03T20:50:19","modified_gmt":"2025-12-03T19:50:19","slug":"brigette-lundy-paine","status":"publish","type":"page","link":"https:\/\/gicd.inf.um.es\/csidcav\/usuario40\/brigette-lundy-paine\/","title":{"rendered":"Brigette Lundy-Paine"},"content":{"rendered":"\n<figure class=\"wp-block-image size-full is-resized\"><img loading=\"lazy\" decoding=\"async\" width=\"700\" height=\"1000\" src=\"https:\/\/gicd.inf.um.es\/csidcav\/usuario40\/wp-content\/uploads\/2025\/12\/5bd76880563986b6380e5c3aad9ec44c-1.jpg\" alt=\"\" class=\"wp-image-473\" style=\"width:447px;height:auto\" srcset=\"https:\/\/gicd.inf.um.es\/csidcav\/usuario40\/wp-content\/uploads\/2025\/12\/5bd76880563986b6380e5c3aad9ec44c-1.jpg 700w, https:\/\/gicd.inf.um.es\/csidcav\/usuario40\/wp-content\/uploads\/2025\/12\/5bd76880563986b6380e5c3aad9ec44c-1-210x300.jpg 210w\" sizes=\"auto, (max-width: 700px) 100vw, 700px\" \/><\/figure>\n\n\n\n<p>Brigette Lundy-Paine es una int\u00e9rprete estadounidense nacida el 10 de agosto de 1994 en Dallas, Texas. Creci\u00f3 en una familia dedicada al teatro y al arte, lo que despert\u00f3 desde temprano su inter\u00e9s por la actuaci\u00f3n. Tras participar en proyectos esc\u00e9nicos durante su infancia, comenz\u00f3 su carrera frente a las c\u00e1maras a mediados de la d\u00e9cada de 2010, apareciendo en peque\u00f1os papeles que pronto llamar\u00edan la atenci\u00f3n por su sensibilidad y naturalidad interpretativa.<\/p>\n\n\n\n<p>Su salto a la popularidad lleg\u00f3 con Atypical, la serie de Netflix en la que dio vida a Casey Gardner, un personaje complejo y carism\u00e1tico que le vali\u00f3 reconocimiento internacional. Tambi\u00e9n particip\u00f3 en pel\u00edculas como The Glass Castle, donde demostr\u00f3 su versatilidad en roles dram\u00e1ticos.<\/p>\n\n\n\n<h2 class=\"wp-block-heading\">TRAYECTORIA<\/h2>\n\n\n\n<p>Brigette Lundy-Paine, quien interpreta a Casey, ha sido reconocida por su capacidad de transmitir energ\u00eda, rebeld\u00eda y sensibilidad a la vez. Adem\u00e1s de <em>Atypical<\/em>, particip\u00f3 en la pel\u00edcula <em>Bill &amp; Ted Face the Music<\/em> como Billie Logan, la hija de Ted (Keanu Reeves), mostrando un lado m\u00e1s c\u00f3mico y despreocupado. Tambi\u00e9n ha trabajado en producciones como <em>The Glass Castle<\/em>, junto a Brie Larson, donde interpret\u00f3 a una de las hijas del personaje principal en un drama familiar intenso. Brigette destaca por su presencia \u00fanica en pantalla y su compromiso con personajes que desaf\u00edan las etiquetas tradicionales, tanto en lo emocional como en lo identitario.<\/p>\n","protected":false},"excerpt":{"rendered":"<p>Brigette Lundy-Paine es una int\u00e9rprete estadounidense nacida el 10 de agosto de 1994 en Dallas, Texas. Creci\u00f3 en una familia dedicada al teatro y al arte, lo que despert\u00f3 desde temprano su inter\u00e9s por la actuaci\u00f3n. Tras participar en proyectos esc\u00e9nicos durante su infancia, comenz\u00f3 su carrera frente a las c\u00e1maras a mediados de la [&hellip;]<\/p>\n","protected":false},"author":1,"featured_media":0,"parent":0,"menu_order":0,"comment_status":"closed","ping_status":"closed","template":"","meta":{"pgc_sgb_lightbox_settings":"","footnotes":""},"class_list":["post-471","page","type-page","status-publish","hentry"],"_links":{"self":[{"href":"https:\/\/gicd.inf.um.es\/csidcav\/usuario40\/wp-json\/wp\/v2\/pages\/471","targetHints":{"allow":["GET"]}}],"collection":[{"href":"https:\/\/gicd.inf.um.es\/csidcav\/usuario40\/wp-json\/wp\/v2\/pages"}],"about":[{"href":"https:\/\/gicd.inf.um.es\/csidcav\/usuario40\/wp-json\/wp\/v2\/types\/page"}],"author":[{"embeddable":true,"href":"https:\/\/gicd.inf.um.es\/csidcav\/usuario40\/wp-json\/wp\/v2\/users\/1"}],"replies":[{"embeddable":true,"href":"https:\/\/gicd.inf.um.es\/csidcav\/usuario40\/wp-json\/wp\/v2\/comments?post=471"}],"version-history":[{"count":1,"href":"https:\/\/gicd.inf.um.es\/csidcav\/usuario40\/wp-json\/wp\/v2\/pages\/471\/revisions"}],"predecessor-version":[{"id":474,"href":"https:\/\/gicd.inf.um.es\/csidcav\/usuario40\/wp-json\/wp\/v2\/pages\/471\/revisions\/474"}],"wp:attachment":[{"href":"https:\/\/gicd.inf.um.es\/csidcav\/usuario40\/wp-json\/wp\/v2\/media?parent=471"}],"curies":[{"name":"wp","href":"https:\/\/api.w.org\/{rel}","templated":true}]}}