{"id":223,"date":"2025-12-16T12:40:31","date_gmt":"2025-12-16T11:40:31","guid":{"rendered":"https:\/\/gicd.inf.um.es\/csidcav\/usuario42\/?page_id=223"},"modified":"2025-12-16T13:43:27","modified_gmt":"2025-12-16T12:43:27","slug":"actores-principales-peaky-blinders","status":"publish","type":"page","link":"https:\/\/gicd.inf.um.es\/csidcav\/usuario42\/micrositio-peaky-blinders\/actores-principales-peaky-blinders\/","title":{"rendered":"ACTORES PRINCIPALES (Peaky Blinders)"},"content":{"rendered":"\n<div class=\"wp-block-media-text is-stacked-on-mobile\"><figure class=\"wp-block-media-text__media\"><img loading=\"lazy\" decoding=\"async\" width=\"250\" height=\"200\" src=\"https:\/\/gicd.inf.um.es\/csidcav\/usuario42\/wp-content\/uploads\/2025\/12\/images-1.jpg\" alt=\"\" class=\"wp-image-224 size-full\"\/><\/figure><div class=\"wp-block-media-text__content\">\n<ol class=\"wp-block-list\">\n<li><strong>CILLIAN MURPHY<\/strong><\/li>\n<\/ol>\n\n\n\n<p>Rol en Peaky Blinders: Thomas \u00abTommy\u00bb Shelby.<\/p>\n\n\n\n<p>Cillian Murphy es un aclamado actor irland\u00e9s (nacido en 1976). Aunque es conocido por papeles ic\u00f3nicos como Jonathan Crane \/ El Espantap\u00e1jaros en la trilog\u00eda de <em>Batman<\/em> de Christopher Nolan, fue su interpretaci\u00f3n de Thomas Shelby, el fr\u00edo y calculador l\u00edder de los Peaky Blinders, la que le vali\u00f3 reconocimiento mundial. En 2024, su carrera alcanz\u00f3 la cima al ganar un \u00d3scar por su papel como J. Robert Oppenheimer.<\/p>\n<\/div><\/div>\n\n\n\n<div class=\"wp-block-media-text has-media-on-the-right is-stacked-on-mobile\"><div class=\"wp-block-media-text__content\">\n<p>2<strong>. HELEN McCRORY<\/strong><\/p>\n\n\n\n<p>Rol en Peaky Blinders: Elizabeth \u00abPolly\u00bb Gray.<\/p>\n\n\n\n<p>Helen McCrory fue una prestigiosa actriz brit\u00e1nica (1968-2021). Su papel como Polly Gray, la matriarca inteligente, tenaz y contable de los Shelby, es fundamental para el desarrollo de la serie. Adem\u00e1s de su trabajo en <em>Peaky Blinders<\/em>, es muy recordada por su participaci\u00f3n como Narcissa Malfoy en la saga cinematogr\u00e1fica de <em>Harry Potter<\/em> y por su interpretaci\u00f3n de Cherie Blair en la pel\u00edcula <em>The Queen<\/em>.<\/p>\n<\/div><figure class=\"wp-block-media-text__media\"><img loading=\"lazy\" decoding=\"async\" width=\"250\" height=\"200\" src=\"https:\/\/gicd.inf.um.es\/csidcav\/usuario42\/wp-content\/uploads\/2025\/12\/images-2.jpg\" alt=\"\" class=\"wp-image-225 size-full\"\/><\/figure><\/div>\n\n\n\n<div class=\"wp-block-media-text is-stacked-on-mobile\"><figure class=\"wp-block-media-text__media\"><img loading=\"lazy\" decoding=\"async\" width=\"250\" height=\"200\" src=\"https:\/\/gicd.inf.um.es\/csidcav\/usuario42\/wp-content\/uploads\/2025\/12\/images-3.jpg\" alt=\"\" class=\"wp-image-226 size-full\"\/><\/figure><div class=\"wp-block-media-text__content\">\n<p>3. <strong>PAUL ANDERSON<\/strong><\/p>\n\n\n\n<p>Rol en Peaky Blinders: Arthur Shelby<\/p>\n\n\n\n<p>Paul Anderson es un actor brit\u00e1nico (nacido en 1978) que se hizo mundialmente famoso por su explosivo y complejo personaje de Arthur Shelby, el hermano mayor de Tommy, conocido por su temperamento vol\u00e1til. Antes de unirse a la familia Shelby, Anderson ya hab\u00eda participado en producciones notables como <em>Sherlock Holmes: Juego de Sombras<\/em> y <em>El Renacido<\/em> de Alejandro Gonz\u00e1lez I\u00f1\u00e1rritu.<\/p>\n<\/div><\/div>\n\n\n\n<div class=\"wp-block-media-text has-media-on-the-right is-stacked-on-mobile\"><div class=\"wp-block-media-text__content\">\n<p>4. <strong>SOPHIE RUNDLE<\/strong><\/p>\n\n\n\n<p>Rol en Peaky Blinders: Ada Thorne (Shelby)<\/p>\n\n\n\n<p>Sophie Rundle es una actriz brit\u00e1nica (nacida en 1988) conocida por interpretar a Ada Shelby, la \u00fanica hermana de los Shelby. Ada comienza la serie separada de los negocios familiares por sus ideales pol\u00edticos, pero con el tiempo se convierte en una pieza clave de la organizaci\u00f3n. Rundle tambi\u00e9n ha sido protagonista en otras series de televisi\u00f3n brit\u00e1nicas de \u00e9xito como <em>Happy Valley<\/em> y <em>Gentleman Jack<\/em>.<\/p>\n<\/div><figure class=\"wp-block-media-text__media\"><img loading=\"lazy\" decoding=\"async\" width=\"250\" height=\"200\" src=\"https:\/\/gicd.inf.um.es\/csidcav\/usuario42\/wp-content\/uploads\/2025\/12\/images-4.jpg\" alt=\"\" class=\"wp-image-227 size-full\"\/><\/figure><\/div>\n","protected":false},"excerpt":{"rendered":"<p>2. HELEN McCRORY Rol en Peaky Blinders: Elizabeth \u00abPolly\u00bb Gray. Helen McCrory fue una prestigiosa actriz brit\u00e1nica (1968-2021). Su papel como Polly Gray, la matriarca inteligente, tenaz y contable de los Shelby, es fundamental para el desarrollo de la serie. Adem\u00e1s de su trabajo en Peaky Blinders, es muy recordada por su participaci\u00f3n como Narcissa [&hellip;]<\/p>\n","protected":false},"author":1,"featured_media":238,"parent":220,"menu_order":0,"comment_status":"closed","ping_status":"closed","template":"","meta":{"footnotes":""},"class_list":["post-223","page","type-page","status-publish","has-post-thumbnail","hentry"],"_links":{"self":[{"href":"https:\/\/gicd.inf.um.es\/csidcav\/usuario42\/wp-json\/wp\/v2\/pages\/223","targetHints":{"allow":["GET"]}}],"collection":[{"href":"https:\/\/gicd.inf.um.es\/csidcav\/usuario42\/wp-json\/wp\/v2\/pages"}],"about":[{"href":"https:\/\/gicd.inf.um.es\/csidcav\/usuario42\/wp-json\/wp\/v2\/types\/page"}],"author":[{"embeddable":true,"href":"https:\/\/gicd.inf.um.es\/csidcav\/usuario42\/wp-json\/wp\/v2\/users\/1"}],"replies":[{"embeddable":true,"href":"https:\/\/gicd.inf.um.es\/csidcav\/usuario42\/wp-json\/wp\/v2\/comments?post=223"}],"version-history":[{"count":1,"href":"https:\/\/gicd.inf.um.es\/csidcav\/usuario42\/wp-json\/wp\/v2\/pages\/223\/revisions"}],"predecessor-version":[{"id":228,"href":"https:\/\/gicd.inf.um.es\/csidcav\/usuario42\/wp-json\/wp\/v2\/pages\/223\/revisions\/228"}],"up":[{"embeddable":true,"href":"https:\/\/gicd.inf.um.es\/csidcav\/usuario42\/wp-json\/wp\/v2\/pages\/220"}],"wp:featuredmedia":[{"embeddable":true,"href":"https:\/\/gicd.inf.um.es\/csidcav\/usuario42\/wp-json\/wp\/v2\/media\/238"}],"wp:attachment":[{"href":"https:\/\/gicd.inf.um.es\/csidcav\/usuario42\/wp-json\/wp\/v2\/media?parent=223"}],"curies":[{"name":"wp","href":"https:\/\/api.w.org\/{rel}","templated":true}]}}