{"id":229,"date":"2025-12-16T12:57:35","date_gmt":"2025-12-16T11:57:35","guid":{"rendered":"https:\/\/gicd.inf.um.es\/csidcav\/usuario42\/?page_id=229"},"modified":"2025-12-16T13:45:42","modified_gmt":"2025-12-16T12:45:42","slug":"episodios-clave-y-temporadas-peaky-blinders","status":"publish","type":"page","link":"https:\/\/gicd.inf.um.es\/csidcav\/usuario42\/micrositio-peaky-blinders\/episodios-clave-y-temporadas-peaky-blinders\/","title":{"rendered":"EPISODIOS CLAVE Y TEMPORADAS (Peaky Blinders)"},"content":{"rendered":"\n<h2 class=\"wp-block-heading\">Temporada 1: El Ascenso y el Inspector Campbell<\/h2>\n\n\n\n<hr class=\"wp-block-separator has-alpha-channel-opacity is-style-wide\"\/>\n\n\n\n<p><strong>Sinopsis:<\/strong> Thomas Shelby y los Peaky Blinders roban un cargamento de armas por error. La llegada del implacable Inspector Campbell a Birmingham marca el comienzo de una persecuci\u00f3n que definir\u00e1 el futuro de la familia y sus negocios. Tommy debe decidir si utiliza las armas o las entrega.<\/p>\n\n\n\n<hr class=\"wp-block-separator has-alpha-channel-opacity is-style-wide\"\/>\n\n\n\n<figure class=\"wp-block-table\"><table class=\"has-fixed-layout\"><tbody><tr><td>Episodio 1: Inicio del Problema<\/td><td><strong>Sinopsis:<\/strong> Thomas Shelby y los Peaky Blinders roban un cargamento de armas por error. La llegada del implacable Inspector Campbell a Birmingham marca el comienzo de una persecuci\u00f3n que definir\u00e1 el futuro de la familia y sus negocios. Tommy debe decidir si utiliza las armas o las entrega.<\/td><td class=\"has-text-align-center\" data-align=\"center\"><img loading=\"lazy\" decoding=\"async\" width=\"150\" height=\"84\" class=\"wp-image-230\" style=\"width: 150px;\" src=\"https:\/\/gicd.inf.um.es\/csidcav\/usuario42\/wp-content\/uploads\/2025\/12\/p07j7rcp.jpg\" alt=\"\" srcset=\"https:\/\/gicd.inf.um.es\/csidcav\/usuario42\/wp-content\/uploads\/2025\/12\/p07j7rcp.jpg 480w, https:\/\/gicd.inf.um.es\/csidcav\/usuario42\/wp-content\/uploads\/2025\/12\/p07j7rcp-300x169.jpg 300w\" sizes=\"auto, (max-width: 150px) 100vw, 150px\" \/><\/td><\/tr><tr><td>Episodio 6: El Primer Trato<\/td><td><strong>Sinopsis:<\/strong> La temporada culmina con la carrera de caballos de Cheltenham. Tommy debe tomar decisiones vitales: enfrentarse al Inspector Campbell y a Billy Kimber en un peligroso juego. Se sella un trato que expande el imperio Shelby, pero no sin un alto costo personal y familiar.<\/td><td class=\"has-text-align-center\" data-align=\"center\"><img loading=\"lazy\" decoding=\"async\" width=\"150\" height=\"90\" class=\"wp-image-231\" style=\"width: 150px;\" src=\"https:\/\/gicd.inf.um.es\/csidcav\/usuario42\/wp-content\/uploads\/2025\/12\/Peaky-Blinders-gang-lined-010.webp\" alt=\"\" srcset=\"https:\/\/gicd.inf.um.es\/csidcav\/usuario42\/wp-content\/uploads\/2025\/12\/Peaky-Blinders-gang-lined-010.webp 460w, https:\/\/gicd.inf.um.es\/csidcav\/usuario42\/wp-content\/uploads\/2025\/12\/Peaky-Blinders-gang-lined-010-300x180.webp 300w\" sizes=\"auto, (max-width: 150px) 100vw, 150px\" \/><\/td><\/tr><\/tbody><\/table><\/figure>\n\n\n\n<hr class=\"wp-block-separator has-alpha-channel-opacity is-style-wide\"\/>\n\n\n\n<div style=\"height:100px\" aria-hidden=\"true\" class=\"wp-block-spacer\"><\/div>\n\n\n\n<h2 class=\"wp-block-heading\">Temporada 2: Expansi\u00f3n a Londres<\/h2>\n\n\n\n<hr class=\"wp-block-separator has-alpha-channel-opacity is-style-wide\"\/>\n\n\n\n<p><strong>Sinopsis: <\/strong>Dos a\u00f1os despu\u00e9s, los Peaky Blinders buscan expandir su territorio m\u00e1s all\u00e1 de Birmingham, apuntando a la rica capital, Londres. La estrategia de Thomas le obliga a negociar con g\u00e1nsteres a\u00fan m\u00e1s despiadados, mientras la sombra de Campbell y la traici\u00f3n se ciernen sobre la familia.<\/p>\n\n\n\n<hr class=\"wp-block-separator has-alpha-channel-opacity is-style-wide\"\/>\n\n\n\n<figure class=\"wp-block-table\"><table class=\"has-fixed-layout\"><tbody><tr><td>Episodio 1: Abran Paso<\/td><td><strong>Sinopsis:<\/strong> Thomas se enfrenta a un dilema moral y estrat\u00e9gico sobre el futuro del negocio. Su ambici\u00f3n lo lleva a buscar una nueva sede de operaciones en Londres, donde debe lidiar con la Mafia jud\u00eda, liderada por Alfie Solomons, y la italiana. La t\u00eda Polly, por su parte, busca a su hijo perdido hace a\u00f1os.<\/td><td class=\"has-text-align-center\" data-align=\"center\"><img loading=\"lazy\" decoding=\"async\" width=\"150\" height=\"113\" class=\"wp-image-232\" style=\"width: 150px;\" src=\"https:\/\/gicd.inf.um.es\/csidcav\/usuario42\/wp-content\/uploads\/2025\/12\/ThomasAdaFuneral.webp\" alt=\"\" srcset=\"https:\/\/gicd.inf.um.es\/csidcav\/usuario42\/wp-content\/uploads\/2025\/12\/ThomasAdaFuneral.webp 2048w, https:\/\/gicd.inf.um.es\/csidcav\/usuario42\/wp-content\/uploads\/2025\/12\/ThomasAdaFuneral-300x225.webp 300w, https:\/\/gicd.inf.um.es\/csidcav\/usuario42\/wp-content\/uploads\/2025\/12\/ThomasAdaFuneral-1024x768.webp 1024w, https:\/\/gicd.inf.um.es\/csidcav\/usuario42\/wp-content\/uploads\/2025\/12\/ThomasAdaFuneral-768x576.webp 768w, https:\/\/gicd.inf.um.es\/csidcav\/usuario42\/wp-content\/uploads\/2025\/12\/ThomasAdaFuneral-1536x1152.webp 1536w\" sizes=\"auto, (max-width: 150px) 100vw, 150px\" \/><\/td><\/tr><tr><td>Episodio 6: Venganza y Destino<\/td><td><strong>Sinopsis:<\/strong> El plan maestro de Tommy llega a su punto \u00e1lgido. Es forzado a cometer un asesinato en la noche de las carreras de Epsom. Tras ser secuestrado por la Sociedad Econ\u00f3mica, Tommy se enfrenta a la muerte, pero un giro inesperado lo salva y lo proyecta a un nuevo nivel de poder.<\/td><td class=\"has-text-align-center\" data-align=\"center\"><img loading=\"lazy\" decoding=\"async\" width=\"150\" height=\"100\" class=\"wp-image-233\" style=\"width: 150px;\" src=\"https:\/\/gicd.inf.um.es\/csidcav\/usuario42\/wp-content\/uploads\/2025\/12\/MV5BZjdlMWRiZDEtNWY1Ni00MTQ0LWJhODAtOTRhMmNiMmU3M2I3XkEyXkFqcGc@._V1_FMjpg_UX1000_.jpg\" alt=\"\" srcset=\"https:\/\/gicd.inf.um.es\/csidcav\/usuario42\/wp-content\/uploads\/2025\/12\/MV5BZjdlMWRiZDEtNWY1Ni00MTQ0LWJhODAtOTRhMmNiMmU3M2I3XkEyXkFqcGc@._V1_FMjpg_UX1000_.jpg 1000w, https:\/\/gicd.inf.um.es\/csidcav\/usuario42\/wp-content\/uploads\/2025\/12\/MV5BZjdlMWRiZDEtNWY1Ni00MTQ0LWJhODAtOTRhMmNiMmU3M2I3XkEyXkFqcGc@._V1_FMjpg_UX1000_-300x200.jpg 300w, https:\/\/gicd.inf.um.es\/csidcav\/usuario42\/wp-content\/uploads\/2025\/12\/MV5BZjdlMWRiZDEtNWY1Ni00MTQ0LWJhODAtOTRhMmNiMmU3M2I3XkEyXkFqcGc@._V1_FMjpg_UX1000_-768x512.jpg 768w\" sizes=\"auto, (max-width: 150px) 100vw, 150px\" \/><\/td><\/tr><\/tbody><\/table><\/figure>\n","protected":false},"excerpt":{"rendered":"<p>Temporada 1: El Ascenso y el Inspector Campbell Sinopsis: Thomas Shelby y los Peaky Blinders roban un cargamento de armas por error. La llegada del implacable Inspector Campbell a Birmingham marca el comienzo de una persecuci\u00f3n que definir\u00e1 el futuro de la familia y sus negocios. Tommy debe decidir si utiliza las armas o las [&hellip;]<\/p>\n","protected":false},"author":1,"featured_media":239,"parent":220,"menu_order":0,"comment_status":"closed","ping_status":"closed","template":"","meta":{"footnotes":""},"class_list":["post-229","page","type-page","status-publish","has-post-thumbnail","hentry"],"_links":{"self":[{"href":"https:\/\/gicd.inf.um.es\/csidcav\/usuario42\/wp-json\/wp\/v2\/pages\/229","targetHints":{"allow":["GET"]}}],"collection":[{"href":"https:\/\/gicd.inf.um.es\/csidcav\/usuario42\/wp-json\/wp\/v2\/pages"}],"about":[{"href":"https:\/\/gicd.inf.um.es\/csidcav\/usuario42\/wp-json\/wp\/v2\/types\/page"}],"author":[{"embeddable":true,"href":"https:\/\/gicd.inf.um.es\/csidcav\/usuario42\/wp-json\/wp\/v2\/users\/1"}],"replies":[{"embeddable":true,"href":"https:\/\/gicd.inf.um.es\/csidcav\/usuario42\/wp-json\/wp\/v2\/comments?post=229"}],"version-history":[{"count":2,"href":"https:\/\/gicd.inf.um.es\/csidcav\/usuario42\/wp-json\/wp\/v2\/pages\/229\/revisions"}],"predecessor-version":[{"id":240,"href":"https:\/\/gicd.inf.um.es\/csidcav\/usuario42\/wp-json\/wp\/v2\/pages\/229\/revisions\/240"}],"up":[{"embeddable":true,"href":"https:\/\/gicd.inf.um.es\/csidcav\/usuario42\/wp-json\/wp\/v2\/pages\/220"}],"wp:featuredmedia":[{"embeddable":true,"href":"https:\/\/gicd.inf.um.es\/csidcav\/usuario42\/wp-json\/wp\/v2\/media\/239"}],"wp:attachment":[{"href":"https:\/\/gicd.inf.um.es\/csidcav\/usuario42\/wp-json\/wp\/v2\/media?parent=229"}],"curies":[{"name":"wp","href":"https:\/\/api.w.org\/{rel}","templated":true}]}}