{"id":14,"date":"2025-10-08T17:27:56","date_gmt":"2025-10-08T15:27:56","guid":{"rendered":"https:\/\/gicd.inf.um.es\/csidcav\/usuario49\/?page_id=14"},"modified":"2025-12-11T20:02:43","modified_gmt":"2025-12-11T19:02:43","slug":"inicio","status":"publish","type":"page","link":"https:\/\/gicd.inf.um.es\/csidcav\/usuario49\/","title":{"rendered":"Ficciones \u00c9picas"},"content":{"rendered":"\n<p>Te damos la bienvenida a Ficciones \u00c9picas, donde te ofrecemos informaci\u00f3n sobre diferentes ficciones y productos relacionados con ellas. Pensamos que todo lo que nos rodea habla de nosotros, nos diferencia, y es una peque\u00f1a extensi\u00f3n de nuestra personalidad.<\/p>\n\n\n\n<div class=\"wp-block-columns alignwide is-layout-flex wp-container-core-columns-is-layout-9d6595d7 wp-block-columns-is-layout-flex\">\n<div class=\"wp-block-column is-layout-flow wp-block-column-is-layout-flow\">\n<h2 class=\"wp-block-heading has-text-align-center\">Regalos \u00e9picos <\/h2>\n\n\n\n<figure class=\"wp-block-image size-medium\"><img loading=\"lazy\" decoding=\"async\" width=\"300\" height=\"300\" src=\"https:\/\/gicd.inf.um.es\/csidcav\/usuario49\/wp-content\/uploads\/2025\/12\/regalos-300x300.webp\" alt=\"regalos\" class=\"wp-image-606\" style=\"aspect-ratio:1;object-fit:cover\" srcset=\"https:\/\/gicd.inf.um.es\/csidcav\/usuario49\/wp-content\/uploads\/2025\/12\/regalos-300x300.webp 300w, https:\/\/gicd.inf.um.es\/csidcav\/usuario49\/wp-content\/uploads\/2025\/12\/regalos-150x150.webp 150w, https:\/\/gicd.inf.um.es\/csidcav\/usuario49\/wp-content\/uploads\/2025\/12\/regalos-768x768.webp 768w, https:\/\/gicd.inf.um.es\/csidcav\/usuario49\/wp-content\/uploads\/2025\/12\/regalos.webp 800w\" sizes=\"auto, (max-width: 300px) 100vw, 300px\" \/><\/figure>\n\n\n\n<div style=\"height:15px\" aria-hidden=\"true\" class=\"wp-block-spacer\"><\/div>\n\n\n\n<p>Te ofrecemos Funkos POP, moda, hogar\u2026 Todo el Universo Friki en un \u00fanico sitio y con los mejores precios para que disfrutes a tope.<\/p>\n<\/div>\n\n\n\n<div class=\"wp-block-column is-layout-flow wp-block-column-is-layout-flow\">\n<h2 class=\"wp-block-heading has-text-align-center\">Figuras<\/h2>\n\n\n\n<figure class=\"wp-block-image size-medium\"><img loading=\"lazy\" decoding=\"async\" width=\"300\" height=\"300\" src=\"https:\/\/gicd.inf.um.es\/csidcav\/usuario49\/wp-content\/uploads\/2025\/10\/figuras-stranger-things-300x300.jpg\" alt=\"Figuras\" class=\"wp-image-9\" style=\"aspect-ratio:1;object-fit:cover\" srcset=\"https:\/\/gicd.inf.um.es\/csidcav\/usuario49\/wp-content\/uploads\/2025\/10\/figuras-stranger-things-300x300.jpg 300w, https:\/\/gicd.inf.um.es\/csidcav\/usuario49\/wp-content\/uploads\/2025\/10\/figuras-stranger-things-150x150.jpg 150w, https:\/\/gicd.inf.um.es\/csidcav\/usuario49\/wp-content\/uploads\/2025\/10\/figuras-stranger-things.jpg 600w\" sizes=\"auto, (max-width: 300px) 100vw, 300px\" \/><\/figure>\n\n\n\n<div style=\"height:15px\" aria-hidden=\"true\" class=\"wp-block-spacer\"><\/div>\n\n\n\n<p>Aqu\u00ed tenemos figuras para todos los gustos. No importa de qu\u00e9 seas fan, seguro que tenemos algo a lo que no podr\u00e1s resistirte.<\/p>\n<\/div>\n\n\n\n<div class=\"wp-block-column is-layout-flow wp-block-column-is-layout-flow\">\n<h2 class=\"wp-block-heading has-text-align-center\">Moda<\/h2>\n\n\n\n<figure class=\"wp-block-image size-medium\"><img loading=\"lazy\" decoding=\"async\" width=\"300\" height=\"300\" src=\"https:\/\/gicd.inf.um.es\/csidcav\/usuario49\/wp-content\/uploads\/2025\/12\/ropa-300x300.webp\" alt=\"ropa\" class=\"wp-image-605\" style=\"aspect-ratio:1;object-fit:cover\" srcset=\"https:\/\/gicd.inf.um.es\/csidcav\/usuario49\/wp-content\/uploads\/2025\/12\/ropa-300x300.webp 300w, https:\/\/gicd.inf.um.es\/csidcav\/usuario49\/wp-content\/uploads\/2025\/12\/ropa-1024x1024.webp 1024w, https:\/\/gicd.inf.um.es\/csidcav\/usuario49\/wp-content\/uploads\/2025\/12\/ropa-150x150.webp 150w, https:\/\/gicd.inf.um.es\/csidcav\/usuario49\/wp-content\/uploads\/2025\/12\/ropa-768x768.webp 768w, https:\/\/gicd.inf.um.es\/csidcav\/usuario49\/wp-content\/uploads\/2025\/12\/ropa-1536x1536.webp 1536w, https:\/\/gicd.inf.um.es\/csidcav\/usuario49\/wp-content\/uploads\/2025\/12\/ropa.webp 2000w\" sizes=\"auto, (max-width: 300px) 100vw, 300px\" \/><\/figure>\n\n\n\n<div style=\"height:15px\" aria-hidden=\"true\" class=\"wp-block-spacer\"><\/div>\n\n\n\n<p>\u00bfQui\u00e9n dice que ser friki est\u00e1 re\u00f1ido con ir a la moda? Nosotros no estamos de acuerdo y te lo demostramos con esta secci\u00f3n.<\/p>\n<\/div>\n\n\n\n<div class=\"wp-block-column is-layout-flow wp-block-column-is-layout-flow\">\n<h2 class=\"wp-block-heading has-text-align-center\">Complementos<\/h2>\n\n\n\n<figure class=\"wp-block-image size-medium\"><img loading=\"lazy\" decoding=\"async\" width=\"300\" height=\"300\" src=\"https:\/\/gicd.inf.um.es\/csidcav\/usuario49\/wp-content\/uploads\/2025\/10\/complementos-300x300.jpg\" alt=\"complementos\" class=\"wp-image-8\" style=\"aspect-ratio:1;object-fit:cover\" srcset=\"https:\/\/gicd.inf.um.es\/csidcav\/usuario49\/wp-content\/uploads\/2025\/10\/complementos-300x300.jpg 300w, https:\/\/gicd.inf.um.es\/csidcav\/usuario49\/wp-content\/uploads\/2025\/10\/complementos-1024x1024.jpg 1024w, https:\/\/gicd.inf.um.es\/csidcav\/usuario49\/wp-content\/uploads\/2025\/10\/complementos-150x150.jpg 150w, https:\/\/gicd.inf.um.es\/csidcav\/usuario49\/wp-content\/uploads\/2025\/10\/complementos-768x768.jpg 768w, https:\/\/gicd.inf.um.es\/csidcav\/usuario49\/wp-content\/uploads\/2025\/10\/complementos.jpg 1080w\" sizes=\"auto, (max-width: 300px) 100vw, 300px\" \/><\/figure>\n\n\n\n<div style=\"height:15px\" aria-hidden=\"true\" class=\"wp-block-spacer\"><\/div>\n\n\n\n<p>Todo friki que se precie debe complementar su vida diaria con los accesorios frikis y aqu\u00ed te los ofrecemos absolutamente todos.<\/p>\n<\/div>\n<\/div>\n\n\n\n<div style=\"height:14px\" aria-hidden=\"true\" class=\"wp-block-spacer\"><\/div>\n\n\n\n<h2 class=\"wp-block-heading has-text-color has-link-color has-large-font-size wp-elements-4e183d49927ab79ec8e6d6c1b12ee0f5\" style=\"color:#602399\">SERIE DEL MES: GILMORE GIRLS<\/h2>\n\n\n\n<div class=\"wp-block-group has-background is-nowrap is-layout-flex wp-container-core-group-is-layout-ad2f72ca wp-block-group-is-layout-flex\" style=\"background-color:#9b51e047\"><div id=\"metaslider-id-550\" style=\"max-width: 850px;\" class=\"ml-slider-3-103-0 metaslider metaslider-flex metaslider-550 ml-slider has-dots-nav ms-theme-blend\" role=\"region\" aria-label=\"Nueva presentaci\u00f3n de diapositivas\" data-height=\"500\" data-width=\"850\">\n    <div id=\"metaslider_container_550\">\n        <div id=\"metaslider_550\">\n            <ul aria-live='off' class='slides'>\n                <li style=\"display: block; width: 100%;\" class=\"slide-552 ms-image \" aria-roledescription=\"slide\" data-date=\"2025-12-05 11:49:51\" data-slide-type=\"image\"><img loading=\"lazy\" decoding=\"async\" src=\"https:\/\/gicd.inf.um.es\/csidcav\/usuario49\/wp-content\/uploads\/2025\/12\/GILMORE-GIRLS-725x427.jpg\" height=\"500\" width=\"850\" alt=\"\" class=\"slider-550 slide-552 msDefaultImage\" \/><\/li>\n                <li style=\"display: none; width: 100%;\" class=\"slide-565 ms-image \" aria-roledescription=\"slide\" data-date=\"2025-12-05 12:01:50\" data-slide-type=\"image\"><img loading=\"lazy\" decoding=\"async\" src=\"https:\/\/gicd.inf.um.es\/csidcav\/usuario49\/wp-content\/uploads\/2025\/11\/03x22-850x500.png\" height=\"500\" width=\"850\" alt=\"3 x 22\" class=\"slider-550 slide-565 msDefaultImage\" \/><\/li>\n                <li style=\"display: none; width: 100%;\" class=\"slide-566 ms-image \" aria-roledescription=\"slide\" data-date=\"2025-12-05 12:01:50\" data-slide-type=\"image\"><img loading=\"lazy\" decoding=\"async\" src=\"https:\/\/gicd.inf.um.es\/csidcav\/usuario49\/wp-content\/uploads\/2025\/11\/01-x-01-1-850x500.jpg\" height=\"500\" width=\"850\" alt=\"01x01\" class=\"slider-550 slide-566 msDefaultImage\" \/><\/li>\n                <li style=\"display: none; width: 100%;\" class=\"slide-564 ms-image \" aria-roledescription=\"slide\" data-date=\"2025-12-05 12:01:50\" data-slide-type=\"image\"><img loading=\"lazy\" decoding=\"async\" src=\"https:\/\/gicd.inf.um.es\/csidcav\/usuario49\/wp-content\/uploads\/2025\/11\/5x22-1-396x232.jpg\" height=\"500\" width=\"850\" alt=\"5x22\" class=\"slider-550 slide-564 msDefaultImage\" \/><\/li>\n            <\/ul>\n        <\/div>\n        \n    <\/div>\n<\/div>\n\n\n\n<div class=\"wp-block-buttons is-vertical is-content-justification-right is-layout-flex wp-container-core-buttons-is-layout-07decfea wp-block-buttons-is-layout-flex\">\n<div class=\"wp-block-button\"><a class=\"wp-block-button__link has-background has-text-align-right wp-element-button\" href=\"https:\/\/gicd.inf.um.es\/csidcav\/usuario49\/gilmore-girls\/\" style=\"background-color:#4f1882\"><strong>FICHA SERIE<\/strong><\/a><\/div>\n\n\n\n<div class=\"wp-block-button\"><a class=\"wp-block-button__link has-vivid-purple-background-color has-background wp-element-button\" href=\"https:\/\/gicd.inf.um.es\/csidcav\/usuario49\/episodios\/\">EPISODIOS<\/a><\/div>\n\n\n\n<div class=\"wp-block-button\"><a class=\"wp-block-button__link has-white-color has-vivid-purple-background-color has-text-color has-background has-link-color wp-element-button\" href=\"https:\/\/gicd.inf.um.es\/csidcav\/usuario49\/personajes\/\">PERSONAJES<\/a><\/div>\n\n\n\n<div class=\"wp-block-button\"><a class=\"wp-block-button__link has-vivid-purple-background-color has-background wp-element-button\" href=\"https:\/\/gicd.inf.um.es\/csidcav\/usuario49\/curiosidades-gilmore-girls\/\">CURIOSIDADES<\/a><\/div>\n<\/div>\n<\/div>\n\n\n\n<div style=\"height:14px\" aria-hidden=\"true\" class=\"wp-block-spacer\"><\/div>\n\n\n\n<div class=\"wp-block-columns is-layout-flex wp-container-core-columns-is-layout-9d6595d7 wp-block-columns-is-layout-flex\">\n<div class=\"wp-block-column is-layout-flow wp-block-column-is-layout-flow\">\n<h2 class=\"wp-block-heading\">Listado de series<\/h2>\n\n\n\n<ul class=\"wp-block-list\">\n<li><a href=\"https:\/\/gicd.inf.um.es\/csidcav\/usuario49\/los-juegos-del-hambre\/\">Los Juegos del hambre<\/a><\/li>\n\n\n\n<li><a href=\"https:\/\/gicd.inf.um.es\/csidcav\/usuario49\/crepusculo\/\">Crep\u00fasculo<\/a><\/li>\n\n\n\n<li><a href=\"https:\/\/gicd.inf.um.es\/csidcav\/usuario49\/harry-potter\/\">Harry Potter<\/a><\/li>\n\n\n\n<li><a href=\"https:\/\/gicd.inf.um.es\/csidcav\/usuario49\/el-corredor-del-laberinto\/\">El corredor del laberinto<\/a><\/li>\n\n\n\n<li><a href=\"https:\/\/gicd.inf.um.es\/csidcav\/usuario49\/divergente\/\">Divergente<\/a><\/li>\n\n\n\n<li><a href=\"https:\/\/gicd.inf.um.es\/csidcav\/usuario49\/culpables\/\">Culpables<\/a><\/li>\n\n\n\n<li><a href=\"https:\/\/gicd.inf.um.es\/csidcav\/usuario49\/percy-jackson\/\">Percy Jackson<\/a><\/li>\n\n\n\n<li><a href=\"https:\/\/gicd.inf.um.es\/csidcav\/usuario49\/el-verano-en-que-me-enamore\/\">El verano en que me enamor\u00e9<\/a><\/li>\n\n\n\n<li><a href=\"https:\/\/gicd.inf.um.es\/csidcav\/usuario49\/dune\/\">Dune<\/a><\/li>\n\n\n\n<li><a href=\"https:\/\/gicd.inf.um.es\/csidcav\/usuario49\/el-club-de-los-incomprendidos\/\">El club de los incomprendidos<\/a><\/li>\n<\/ul>\n<\/div>\n\n\n\n<div class=\"wp-block-column is-layout-flow wp-block-column-is-layout-flow\">\n<h2 class=\"wp-block-heading\">Listado de sagas de libros<\/h2>\n\n\n\n<ul class=\"wp-block-list\">\n<li><a href=\"https:\/\/gicd.inf.um.es\/csidcav\/usuario49\/gilmore-girls\/\">Gilmore Girls<\/a><\/li>\n\n\n\n<li><a href=\"https:\/\/gicd.inf.um.es\/csidcav\/usuario49\/euphoria\/\">Euphoria<\/a><\/li>\n\n\n\n<li><a href=\"https:\/\/gicd.inf.um.es\/csidcav\/usuario49\/los-bridgerton\/\">Los bridgherton<\/a><\/li>\n\n\n\n<li><a href=\"https:\/\/gicd.inf.um.es\/csidcav\/usuario49\/stranger-things\/\">Stranger Things<\/a><\/li>\n\n\n\n<li><a href=\"https:\/\/gicd.inf.um.es\/csidcav\/usuario49\/el-mandaloriano\/\">El mandaloriano<\/a><\/li>\n\n\n\n<li><a href=\"https:\/\/gicd.inf.um.es\/csidcav\/usuario49\/breaking-bad\/\">Breaking Bad<\/a><\/li>\n\n\n\n<li><a href=\"https:\/\/gicd.inf.um.es\/csidcav\/usuario49\/juego-de-tronos\/\">Juego de Tronos<\/a><\/li>\n<\/ul>\n<\/div>\n<\/div>\n\n\n\n<div style=\"height:14px\" aria-hidden=\"true\" class=\"wp-block-spacer\"><\/div>\n\n\n\t\t\t<!-- Cool Timeline Free V3.0.9 -->\n\t\t\t<div class=\"ctl-wrapper\" role=\"region\" aria-label=\"Timeline\">\n\t\t\t\t<div class=\"ctl-before-content\"><div class=\"timeline-main-title\"><H2>Hits 2020-2025<\/H2><\/div><\/div>\t\t\t\t<div id=\"cool_timeline_1\" class=\"cool-timeline-wrapper ctl-both-sided ctl-vertical-wrapper ctl-compact-wrapper\" >\n\t\t\t\t\t<div class=\"ctl-start\"><\/div>\n\t\t\t\t\t<!-- Timeline Container -->\n\t\t\t\t\t<div class=\"ctl-timeline ctl-timeline-container\" data-animation=\"none\">\n\t\t\t\t\t\t<!-- Center Line -->\n\t\t\t\t\t\t<div class=\"ctl-inner-line\" role=\"presentation\"><\/div>\n\t\t\t\t\t\t<!-- Timeline Content --><div  id=\"ctl-story-213\" class=\"ctl-story ctl-story-icon odd ctl-story-right\" data-aos=\"none\"   data-story-index=\"1\" role=\"article\"><!-- Story Icon --><div class=\"ctl-icon\"><i class= \"fa fas fa-house-user\" aria-hidden =\"true\"><\/i><\/div> <!-- Story Arrow --><div class=\"ctl-arrow\"><\/div><!-- Story Content --><div class=\"ctl-content\"><!-- Story Title --><div class=\"ctl-title story-213\" aria-label=\"2\"><a target=\"_self\" title=\"Squid Game (T3)\" href=\"https:\/\/gicd.inf.um.es\/csidcav\/usuario49\/cool_timeline\/squid-game-t3\/\" class=\"story-link\">Squid Game (T3)<\/a><\/div><!-- Story Media --><div class=\"ctl-media full\"><a data-glightbox=\"Squid Game (T3)\" href=\"https:\/\/gicd.inf.um.es\/csidcav\/usuario49\/wp-content\/uploads\/2025\/11\/2025-Squid-game-T3.jpeg\" class=\"ctl_glightbox\"><img loading=\"lazy\" decoding=\"async\" width=\"207\" height=\"244\" src=\"https:\/\/gicd.inf.um.es\/csidcav\/usuario49\/wp-content\/uploads\/2025\/11\/2025-Squid-game-T3.jpeg\" class=\"story-img wp-post-image\" alt=\"2025 Squid game T3\" \/><\/a><\/div><!-- Story Date --><div class=\"ctl-labels\"><div class=\"ctl-label-big story-date\">2025<\/div><\/div><!-- Story Description --><div class=\"ctl-description\"><p>Netflix \/ Lee Jung-jae, Park Hae-soo, Wi Ha-joon \/ Thriller-Sociedad<\/p>\n<\/div><\/div><\/div><!-- Timeline Content --><div  id=\"ctl-story-211\" class=\"ctl-story ctl-story-icon even ctl-story-left\" data-aos=\"none\"   data-story-index=\"2\" role=\"article\"><!-- Story Icon --><div class=\"ctl-icon\"><i class= \"fa fas fa-heart\" aria-hidden =\"true\"><\/i><\/div> <!-- Story Arrow --><div class=\"ctl-arrow\"><\/div><!-- Story Content --><div class=\"ctl-content\"><!-- Story Title --><div class=\"ctl-title story-211\" aria-label=\"2\"><a target=\"_self\" title=\"Bridgerton (T3)\" href=\"https:\/\/gicd.inf.um.es\/csidcav\/usuario49\/cool_timeline\/bridgerton-t3\/\" class=\"story-link\">Bridgerton (T3)<\/a><\/div><!-- Story Media --><div class=\"ctl-media full\"><a data-glightbox=\"Bridgerton (T3)\" href=\"https:\/\/gicd.inf.um.es\/csidcav\/usuario49\/wp-content\/uploads\/2025\/11\/2024-Bridgerton-1.jpg\" class=\"ctl_glightbox\"><img loading=\"lazy\" decoding=\"async\" width=\"640\" height=\"800\" src=\"https:\/\/gicd.inf.um.es\/csidcav\/usuario49\/wp-content\/uploads\/2025\/11\/2024-Bridgerton-1-819x1024.jpg\" class=\"story-img wp-post-image\" alt=\"2024 Bridgerton\" srcset=\"https:\/\/gicd.inf.um.es\/csidcav\/usuario49\/wp-content\/uploads\/2025\/11\/2024-Bridgerton-1-819x1024.jpg 819w, https:\/\/gicd.inf.um.es\/csidcav\/usuario49\/wp-content\/uploads\/2025\/11\/2024-Bridgerton-1-240x300.jpg 240w, https:\/\/gicd.inf.um.es\/csidcav\/usuario49\/wp-content\/uploads\/2025\/11\/2024-Bridgerton-1-768x960.jpg 768w, https:\/\/gicd.inf.um.es\/csidcav\/usuario49\/wp-content\/uploads\/2025\/11\/2024-Bridgerton-1.jpg 960w\" sizes=\"auto, (max-width: 640px) 100vw, 640px\" \/><\/a><\/div><!-- Story Date --><div class=\"ctl-labels\"><div class=\"ctl-label-big story-date\">2024<\/div><\/div><!-- Story Description --><div class=\"ctl-description\"><p>Netflix \/ Phoebe Dynevor, Luke Newton, Nicola Coughlan \/ Romance hist\u00f3rico-Drama<\/p>\n<\/div><\/div><\/div><!-- Timeline Content --><div  id=\"ctl-story-209\" class=\"ctl-story ctl-story-icon odd ctl-story-right\" data-aos=\"none\"   data-story-index=\"3\" role=\"article\"><!-- Story Icon --><div class=\"ctl-icon\"><i class= \"fa fas fa-bacterium\" aria-hidden =\"true\"><\/i><\/div> <!-- Story Arrow --><div class=\"ctl-arrow\"><\/div><!-- Story Content --><div class=\"ctl-content\"><!-- Story Title --><div class=\"ctl-title story-209\" aria-label=\"2\"><a target=\"_self\" title=\"The Last of Us\" href=\"https:\/\/gicd.inf.um.es\/csidcav\/usuario49\/cool_timeline\/the-last-of-us\/\" class=\"story-link\">The Last of Us<\/a><\/div><!-- Story Media --><div class=\"ctl-media full\"><a data-glightbox=\"The Last of Us\" href=\"https:\/\/gicd.inf.um.es\/csidcav\/usuario49\/wp-content\/uploads\/2025\/11\/2023-The-last-of-us.webp\" class=\"ctl_glightbox\"><img loading=\"lazy\" decoding=\"async\" width=\"640\" height=\"448\" src=\"https:\/\/gicd.inf.um.es\/csidcav\/usuario49\/wp-content\/uploads\/2025\/11\/2023-The-last-of-us-1024x717.webp\" class=\"story-img wp-post-image\" alt=\"The last of us\" srcset=\"https:\/\/gicd.inf.um.es\/csidcav\/usuario49\/wp-content\/uploads\/2025\/11\/2023-The-last-of-us-1024x717.webp 1024w, https:\/\/gicd.inf.um.es\/csidcav\/usuario49\/wp-content\/uploads\/2025\/11\/2023-The-last-of-us-300x210.webp 300w, https:\/\/gicd.inf.um.es\/csidcav\/usuario49\/wp-content\/uploads\/2025\/11\/2023-The-last-of-us-768x538.webp 768w, https:\/\/gicd.inf.um.es\/csidcav\/usuario49\/wp-content\/uploads\/2025\/11\/2023-The-last-of-us.webp 1200w\" sizes=\"auto, (max-width: 640px) 100vw, 640px\" \/><\/a><\/div><!-- Story Date --><div class=\"ctl-labels\"><div class=\"ctl-label-big story-date\">2023<\/div><\/div><!-- Story Description --><div class=\"ctl-description\"><p>HBO \/ Pedro Pascal, Bella Ramsey, Gabriel Luna \/ Post-apocal\u00edptico-Drama<\/p>\n<\/div><\/div><\/div><!-- Timeline Content --><div  id=\"ctl-story-207\" class=\"ctl-story ctl-story-icon even ctl-story-left\" data-aos=\"none\"   data-story-index=\"4\" role=\"article\"><!-- Story Icon --><div class=\"ctl-icon\"><i class= \"fa fas fa-tag\" aria-hidden =\"true\"><\/i><\/div> <!-- Story Arrow --><div class=\"ctl-arrow\"><\/div><!-- Story Content --><div class=\"ctl-content\"><!-- Story Title --><div class=\"ctl-title story-207\" aria-label=\"2\"><a target=\"_self\" title=\"Stranger Things T4\" href=\"https:\/\/gicd.inf.um.es\/csidcav\/usuario49\/cool_timeline\/stranger-things-t4\/\" class=\"story-link\">Stranger Things T4<\/a><\/div><!-- Story Media --><div class=\"ctl-media full\"><a data-glightbox=\"Stranger Things T4\" href=\"https:\/\/gicd.inf.um.es\/csidcav\/usuario49\/wp-content\/uploads\/2025\/11\/2022-T4-Stranger-Things-1.jpg\" class=\"ctl_glightbox\"><img loading=\"lazy\" decoding=\"async\" width=\"600\" height=\"600\" src=\"https:\/\/gicd.inf.um.es\/csidcav\/usuario49\/wp-content\/uploads\/2025\/11\/2022-T4-Stranger-Things-1.jpg\" class=\"story-img wp-post-image\" alt=\"Stranger Things\" srcset=\"https:\/\/gicd.inf.um.es\/csidcav\/usuario49\/wp-content\/uploads\/2025\/11\/2022-T4-Stranger-Things-1.jpg 600w, https:\/\/gicd.inf.um.es\/csidcav\/usuario49\/wp-content\/uploads\/2025\/11\/2022-T4-Stranger-Things-1-300x300.jpg 300w, https:\/\/gicd.inf.um.es\/csidcav\/usuario49\/wp-content\/uploads\/2025\/11\/2022-T4-Stranger-Things-1-150x150.jpg 150w\" sizes=\"auto, (max-width: 600px) 100vw, 600px\" \/><\/a><\/div><!-- Story Date --><div class=\"ctl-labels\"><div class=\"ctl-label-big story-date\">2022<\/div><\/div><!-- Story Description --><div class=\"ctl-description\"><p>Netflix \/ Millie Bobby Brown, David Harbour, Finn Wolfhard \/ Ciencia ficci\u00f3n-Thriller<\/p>\n<\/div><\/div><\/div><!-- Timeline Content --><div  id=\"ctl-story-204\" class=\"ctl-story ctl-story-icon odd ctl-story-right\" data-aos=\"none\"   data-story-index=\"5\" role=\"article\"><!-- Story Icon --><div class=\"ctl-icon\"><i class= \" fab fa-octopus-deploy\" aria-hidden =\"true\"><\/i><\/div> <!-- Story Arrow --><div class=\"ctl-arrow\"><\/div><!-- Story Content --><div class=\"ctl-content\"><!-- Story Title --><div class=\"ctl-title story-204\" aria-label=\"2\"><a target=\"_self\" title=\"Squid Game\" href=\"https:\/\/gicd.inf.um.es\/csidcav\/usuario49\/cool_timeline\/squid-game\/\" class=\"story-link\">Squid Game<\/a><\/div><!-- Story Media --><div class=\"ctl-media full\"><a data-glightbox=\"Squid Game\" href=\"https:\/\/gicd.inf.um.es\/csidcav\/usuario49\/wp-content\/uploads\/2025\/11\/2021-Juego-Calamar.jpg\" class=\"ctl_glightbox\"><img loading=\"lazy\" decoding=\"async\" width=\"640\" height=\"960\" src=\"https:\/\/gicd.inf.um.es\/csidcav\/usuario49\/wp-content\/uploads\/2025\/11\/2021-Juego-Calamar-683x1024.jpg\" class=\"story-img wp-post-image\" alt=\"Juego Calamar\" srcset=\"https:\/\/gicd.inf.um.es\/csidcav\/usuario49\/wp-content\/uploads\/2025\/11\/2021-Juego-Calamar-683x1024.jpg 683w, https:\/\/gicd.inf.um.es\/csidcav\/usuario49\/wp-content\/uploads\/2025\/11\/2021-Juego-Calamar-200x300.jpg 200w, https:\/\/gicd.inf.um.es\/csidcav\/usuario49\/wp-content\/uploads\/2025\/11\/2021-Juego-Calamar-768x1152.jpg 768w, https:\/\/gicd.inf.um.es\/csidcav\/usuario49\/wp-content\/uploads\/2025\/11\/2021-Juego-Calamar.jpg 1000w\" sizes=\"auto, (max-width: 640px) 100vw, 640px\" \/><\/a><\/div><!-- Story Date --><div class=\"ctl-labels\"><div class=\"ctl-label-big story-date\">2021<\/div><\/div><!-- Story Description --><div class=\"ctl-description\"><p>Netflix \/ Lee Jung-jae, Park Hae-soo, Jung Ho-yeon \/ Thriller-Drama social<\/p>\n<\/div><\/div><\/div><!-- Timeline Content --><div  id=\"ctl-story-202\" class=\"ctl-story ctl-story-icon even ctl-story-left\" data-aos=\"none\"   data-story-index=\"6\" role=\"article\"><!-- Story Icon --><div class=\"ctl-icon\"><i class= \"fa fas fa-crown\" aria-hidden =\"true\"><\/i><\/div> <!-- Story Arrow --><div class=\"ctl-arrow\"><\/div><!-- Story Content --><div class=\"ctl-content\"><!-- Story Title --><div class=\"ctl-title story-202\" aria-label=\"2\"><a target=\"_self\" title=\"Bridgerton\" href=\"https:\/\/gicd.inf.um.es\/csidcav\/usuario49\/cool_timeline\/bridgerton\/\" class=\"story-link\">Bridgerton<\/a><\/div><!-- Story Media --><div class=\"ctl-media full\"><a data-glightbox=\"Bridgerton\" href=\"https:\/\/gicd.inf.um.es\/csidcav\/usuario49\/wp-content\/uploads\/2025\/11\/2020-Bridgerton.jpg\" class=\"ctl_glightbox\"><img loading=\"lazy\" decoding=\"async\" width=\"640\" height=\"948\" src=\"https:\/\/gicd.inf.um.es\/csidcav\/usuario49\/wp-content\/uploads\/2025\/11\/2020-Bridgerton-691x1024.jpg\" class=\"story-img wp-post-image\" alt=\"Bridgerton\" srcset=\"https:\/\/gicd.inf.um.es\/csidcav\/usuario49\/wp-content\/uploads\/2025\/11\/2020-Bridgerton-691x1024.jpg 691w, https:\/\/gicd.inf.um.es\/csidcav\/usuario49\/wp-content\/uploads\/2025\/11\/2020-Bridgerton-203x300.jpg 203w, https:\/\/gicd.inf.um.es\/csidcav\/usuario49\/wp-content\/uploads\/2025\/11\/2020-Bridgerton-768x1138.jpg 768w, https:\/\/gicd.inf.um.es\/csidcav\/usuario49\/wp-content\/uploads\/2025\/11\/2020-Bridgerton-1037x1536.jpg 1037w, https:\/\/gicd.inf.um.es\/csidcav\/usuario49\/wp-content\/uploads\/2025\/11\/2020-Bridgerton-1383x2048.jpg 1383w, https:\/\/gicd.inf.um.es\/csidcav\/usuario49\/wp-content\/uploads\/2025\/11\/2020-Bridgerton-1024x1517.jpg 1024w, https:\/\/gicd.inf.um.es\/csidcav\/usuario49\/wp-content\/uploads\/2025\/11\/2020-Bridgerton.jpg 1500w\" sizes=\"auto, (max-width: 640px) 100vw, 640px\" \/><\/a><\/div><!-- Story Date --><div class=\"ctl-labels\"><div class=\"ctl-label-big story-date\">2020<\/div><\/div><!-- Story Description --><div class=\"ctl-description\"><p>Netflix \/ Phoebe Dynevor, Reg\u00e9-Jean Page, Jonathan Bailey \/ Romance hist\u00f3rico-Drama<\/p>\n<\/div><\/div><\/div>\t\t\t\t\t<\/div>\n\t\t\t\t\t<div class=\"ctl-end\"><\/div>\n\t\t\t\t\t\t\t\t\t<\/div>\n\t\t\t<\/div>\n\t\t\t","protected":false},"excerpt":{"rendered":"<p>Te damos la bienvenida a Ficciones \u00c9picas, donde te ofrecemos informaci\u00f3n sobre diferentes ficciones y productos relacionados con ellas. Pensamos que todo lo que nos rodea habla de nosotros, nos diferencia, y es una peque\u00f1a extensi\u00f3n de nuestra personalidad. Regalos \u00e9picos Te ofrecemos Funkos POP, moda, hogar\u2026 Todo el Universo Friki en un \u00fanico sitio [&hellip;]<\/p>\n","protected":false},"author":1,"featured_media":220,"parent":0,"menu_order":0,"comment_status":"closed","ping_status":"closed","template":"","meta":{"pgc_sgb_lightbox_settings":"","footnotes":""},"class_list":["post-14","page","type-page","status-publish","has-post-thumbnail","hentry"],"_links":{"self":[{"href":"https:\/\/gicd.inf.um.es\/csidcav\/usuario49\/wp-json\/wp\/v2\/pages\/14","targetHints":{"allow":["GET"]}}],"collection":[{"href":"https:\/\/gicd.inf.um.es\/csidcav\/usuario49\/wp-json\/wp\/v2\/pages"}],"about":[{"href":"https:\/\/gicd.inf.um.es\/csidcav\/usuario49\/wp-json\/wp\/v2\/types\/page"}],"author":[{"embeddable":true,"href":"https:\/\/gicd.inf.um.es\/csidcav\/usuario49\/wp-json\/wp\/v2\/users\/1"}],"replies":[{"embeddable":true,"href":"https:\/\/gicd.inf.um.es\/csidcav\/usuario49\/wp-json\/wp\/v2\/comments?post=14"}],"version-history":[{"count":38,"href":"https:\/\/gicd.inf.um.es\/csidcav\/usuario49\/wp-json\/wp\/v2\/pages\/14\/revisions"}],"predecessor-version":[{"id":607,"href":"https:\/\/gicd.inf.um.es\/csidcav\/usuario49\/wp-json\/wp\/v2\/pages\/14\/revisions\/607"}],"wp:featuredmedia":[{"embeddable":true,"href":"https:\/\/gicd.inf.um.es\/csidcav\/usuario49\/wp-json\/wp\/v2\/media\/220"}],"wp:attachment":[{"href":"https:\/\/gicd.inf.um.es\/csidcav\/usuario49\/wp-json\/wp\/v2\/media?parent=14"}],"curies":[{"name":"wp","href":"https:\/\/api.w.org\/{rel}","templated":true}]}}