{"id":148,"date":"2025-11-05T17:43:04","date_gmt":"2025-11-05T16:43:04","guid":{"rendered":"https:\/\/gicd.inf.um.es\/csidcav\/usuario49\/?page_id=148"},"modified":"2025-11-05T17:43:04","modified_gmt":"2025-11-05T16:43:04","slug":"listado-de-actrices-y-actores","status":"publish","type":"page","link":"https:\/\/gicd.inf.um.es\/csidcav\/usuario49\/listado-de-actrices-y-actores\/","title":{"rendered":"Listado de actrices y actores"},"content":{"rendered":"\n<p>En esta p\u00e1gina recopilamos la informaci\u00f3n de cada una de las actrices y actores que protagonizan nuestras series preferidas.<\/p>\n\n\n\n<div class=\"wp-block-query is-layout-flow wp-block-query-is-layout-flow\"><ul class=\"wp-block-post-template is-layout-flow wp-block-post-template-is-layout-flow\"><li class=\"wp-block-post post-477 actor type-actor status-publish hentry\">\n<h2 class=\"wp-block-post-title\"><a href=\"https:\/\/gicd.inf.um.es\/csidcav\/usuario49\/actor\/matt-czuchry\/\" target=\"_self\" >Matt Czuchry<\/a><\/h2>\n\n<p>Matthew Charles Czuchry, m\u00e1s conocido como Matt Czuchry (M\u00e1nchester, Nuevo Hampshire, 20 de mayo de 1977) es un actor estadounidense.<\/p>\n<p>Salt\u00f3 a la fama a nivel internacional por su papel protagonista Dr. Conrad Hawkins en la serie de Fox The Resident (2018), pero tambi\u00e9n es conocido por papeles como el de Logan Huntzberger en la serie de The WB Gilmore Girls (2005\u201307) y el de Cary Agos en la serie de CBS The Good Wife (2009\u201316).<\/p>\n\n<\/li><li class=\"wp-block-post post-476 actor type-actor status-publish hentry\">\n<h2 class=\"wp-block-post-title\"><a href=\"https:\/\/gicd.inf.um.es\/csidcav\/usuario49\/actor\/scott-patterson\/\" target=\"_self\" >Scott Patterson<\/a><\/h2>\n\n<p>Scott Gordon Patterson (Filadelfia, Pensilvania, 11 de septiembre de 1958) es un actor estadounidense, conocido por su papel de Luke Danes en la serie televisiva Las chicas Gilmore y por su papel de Peter Strahm en la serie cinematogr\u00e1fica Saw.<\/p>\n<p>Scott comenz\u00f3 literatura comparativa en la Rutgers University pero abandon\u00f3 antes de graduarse, todo esto mientras persegu\u00eda su otra pasi\u00f3n: el b\u00e9isbol. Fue jugador profesional de b\u00e9isbol en los equipos de los New York Yankees, los Atlanta Braves, Los Angeles Dodgers y los Texas Rangers entre los a\u00f1os de 1980 y 1989. Entonces se retir\u00f3 en busca de otra carrera, se mud\u00f3 a Nueva York y comenz\u00f3 seriamente los estudios de actor teniendo como preparadores a Robert Lewis y Sandra Lee.<\/p>\n\n<\/li><li class=\"wp-block-post post-475 actor type-actor status-publish hentry\">\n<h2 class=\"wp-block-post-title\"><a href=\"https:\/\/gicd.inf.um.es\/csidcav\/usuario49\/actor\/alexis-bledel\/\" target=\"_self\" >Alexis Bledel<\/a><\/h2>\n\n<p>Bledel naci\u00f3 en Houston, Texas. Hija de madre estadounidense criada en M\u00e9xico y de padre argentino.[1]\u200b[2]\u200b[3]\u200b Tiene un hermano menor llamado Eric. Su idioma materno es el espa\u00f1ol y no aprendi\u00f3 a hablar en ingl\u00e9s hasta que comenz\u00f3 a ir al colegio. Bledel fue a la escuela St. Agnes Academy en Houston y fue educada en la fe cat\u00f3lica. La madre de Bledel la anim\u00f3 a asistir a clases de Teatro comunitario (community theatre en ingl\u00e9s) cuando era peque\u00f1a para que as\u00ed pudiera superar su timidez.[4]\u200b[5]\u200b Consecuentemente apareci\u00f3 en varias producciones locales como Our Town y El maravilloso mago de Oz antes de que la contrataran en un centro comercial cercano para que trabajara como modelo.<\/p>\n\n<\/li><li class=\"wp-block-post post-474 actor type-actor status-publish hentry\">\n<h2 class=\"wp-block-post-title\"><a href=\"https:\/\/gicd.inf.um.es\/csidcav\/usuario49\/actor\/lauren-graham\/\" target=\"_self\" >Lauren Graham<\/a><\/h2>\n\n<p>Lauren Helen Graham (Honolulu, Haw\u00e1i, 16 de marzo de 1967) es una actriz y escritora estadounidense,[3]\u200b conocida por su papel de Lorelai Gilmore en la aclamada serie Las chicas Gilmore (2000\u20132007) y Sarah Braverman en la serie de televisi\u00f3n Parenthood (2010\u20132015). En el cine destaca sus papeles en pel\u00edculas como Bad Santa (2003), Evan Almighty (2007), Because I Said So (2007), entre otras. Tambi\u00e9n, Graham protagoniz\u00f3 la producci\u00f3n 2009 del musical Guys and Dolls en Broadway.<\/p>\n\n<\/li><li class=\"wp-block-post post-161 actor type-actor status-publish hentry\">\n<h2 class=\"wp-block-post-title\"><a href=\"https:\/\/gicd.inf.um.es\/csidcav\/usuario49\/actor\/phoebe-dynevor\/\" target=\"_self\" >Phoebe Dynevor<\/a><\/h2>\n\n<p>Phoebe Harriet Dynevor (Trafford, 17 de abril de 1995) es una actriz brit\u00e1nica, conocida por su papel de Daphne, la cuarta hija de Bridgerton, en el drama de \u00e9poca de Netflix Bridgerton (2020-2022).\u200b Comenz\u00f3 su carrera como actriz infantil, apareciendo en el drama escolar de la BBC Waterloo Road (2009-2010). Luego tuvo papeles recurrentes en la serie de la BBC Prisoners&#8217; Wives (2012-2013) y Dickensian (2015-2016), as\u00ed como en la comedia dram\u00e1tica Land Younger (2017-2021), con un papel principal en la serie Snatch (2017-2018).<\/p>\n\n<\/li><li class=\"wp-block-post post-159 actor type-actor status-publish hentry\">\n<h2 class=\"wp-block-post-title\"><a href=\"https:\/\/gicd.inf.um.es\/csidcav\/usuario49\/actor\/jonathan-bailey\/\" target=\"_self\" >Jonathan Bailey<\/a><\/h2>\n\n<p>Jonathan Stuart Bailey (Wallingford, Reino Unido; 25 de abril de 1988) es un actor brit\u00e1nico, conocido internacionalmente por interpretar a Anthony Bridgerton en la serie Bridgerton. Comenz\u00f3 a destacar con su papel en la serie musical Groove High (2012) de Disney Channel y por su participaci\u00f3n en la serie de Crashing (2016), en la cual interpret\u00f3 el papel de Sam.<\/p>\n\n<\/li><li class=\"wp-block-post post-157 actor type-actor status-publish hentry\">\n<h2 class=\"wp-block-post-title\"><a href=\"https:\/\/gicd.inf.um.es\/csidcav\/usuario49\/actor\/hunter-schafer\/\" target=\"_self\" >Hunter Schafer<\/a><\/h2>\n\n<p>Hunter Schafer (Trenton, Nueva Jersey, 31 de diciembre de 1998) es una modelo, actriz, artista y activista LGBT estadounidense. Es conocida por su papel de Jules Vaughn en la serie de televisi\u00f3n de HBO Euphoria.<\/p>\n\n<\/li><li class=\"wp-block-post post-155 actor type-actor status-publish hentry\">\n<h2 class=\"wp-block-post-title\"><a href=\"https:\/\/gicd.inf.um.es\/csidcav\/usuario49\/actor\/zendaya\/\" target=\"_self\" >Zendaya<\/a><\/h2>\n\n<p>Zendaya Maree Stoermer Coleman (Oakland, California, 1 de septiembre de 1996) es una actriz y cantante estadounidense. \u200bEntre sus galardones se incluyen dos premios Primetime Emmy y un Globo de Oro. En 2022, la revista Time la nombr\u00f3 una de las 100 personas m\u00e1s influyentes del mundo.<\/p>\n\n<\/li><li class=\"wp-block-post post-154 actor type-actor status-publish hentry\">\n<h2 class=\"wp-block-post-title\"><a href=\"https:\/\/gicd.inf.um.es\/csidcav\/usuario49\/actor\/noah-schnapp\/\" target=\"_self\" >Noah Schnapp<\/a><\/h2>\n\n<p>Noah Schnapp (Scarsdale, Nueva York; 3 de octubre de 2004) es un actor estadounidense conocido por su interpretaci\u00f3n de Will Byers en la serie de ciencia ficci\u00f3n producida por Netflix Stranger Things.<\/p>\n\n<\/li><li class=\"wp-block-post post-153 actor type-actor status-publish hentry\">\n<h2 class=\"wp-block-post-title\"><a href=\"https:\/\/gicd.inf.um.es\/csidcav\/usuario49\/actor\/millie-bobby-brown\/\" target=\"_self\" >Millie Bobby Brown<\/a><\/h2>\n\n<p>Millie Bobby Brown (Marbella, 19 de febrero de 2004)\u200b es una actriz y modelo brit\u00e1nica. Inici\u00f3 su carrera en la actuaci\u00f3n desde muy peque\u00f1a cuando se mud\u00f3 a Orlando, Florida en 2011. Salt\u00f3 a la fama por su interpretaci\u00f3n del papel de Once en la serie de Netflix Stranger Things.<\/p>\n\n<\/li><\/ul>\n\n<nav class=\"wp-block-query-pagination is-layout-flex wp-block-query-pagination-is-layout-flex\" aria-label=\"Paginaci\u00f3n\">\n\n\n<div class=\"wp-block-query-pagination-numbers\"><span aria-label=\"P\u00e1gina 1\" aria-current=\"page\" class=\"page-numbers current\">1<\/span>\n<a aria-label=\"P\u00e1gina 2\" class=\"page-numbers\" href=\"?query-8-page=2\">2<\/a><\/div>\n\n<a href=\"\/csidcav\/usuario49\/wp-json\/wp\/v2\/pages\/148?query-8-page=2\" class=\"wp-block-query-pagination-next\">P\u00e1gina siguiente<\/a>\n<\/nav>\n\n<\/div>\n","protected":false},"excerpt":{"rendered":"<p>En esta p\u00e1gina recopilamos la informaci\u00f3n de cada una de las actrices y actores que protagonizan nuestras series preferidas.<\/p>\n","protected":false},"author":1,"featured_media":0,"parent":0,"menu_order":0,"comment_status":"closed","ping_status":"closed","template":"","meta":{"pgc_sgb_lightbox_settings":"","footnotes":""},"class_list":["post-148","page","type-page","status-publish","hentry"],"_links":{"self":[{"href":"https:\/\/gicd.inf.um.es\/csidcav\/usuario49\/wp-json\/wp\/v2\/pages\/148","targetHints":{"allow":["GET"]}}],"collection":[{"href":"https:\/\/gicd.inf.um.es\/csidcav\/usuario49\/wp-json\/wp\/v2\/pages"}],"about":[{"href":"https:\/\/gicd.inf.um.es\/csidcav\/usuario49\/wp-json\/wp\/v2\/types\/page"}],"author":[{"embeddable":true,"href":"https:\/\/gicd.inf.um.es\/csidcav\/usuario49\/wp-json\/wp\/v2\/users\/1"}],"replies":[{"embeddable":true,"href":"https:\/\/gicd.inf.um.es\/csidcav\/usuario49\/wp-json\/wp\/v2\/comments?post=148"}],"version-history":[{"count":1,"href":"https:\/\/gicd.inf.um.es\/csidcav\/usuario49\/wp-json\/wp\/v2\/pages\/148\/revisions"}],"predecessor-version":[{"id":149,"href":"https:\/\/gicd.inf.um.es\/csidcav\/usuario49\/wp-json\/wp\/v2\/pages\/148\/revisions\/149"}],"wp:attachment":[{"href":"https:\/\/gicd.inf.um.es\/csidcav\/usuario49\/wp-json\/wp\/v2\/media?parent=148"}],"curies":[{"name":"wp","href":"https:\/\/api.w.org\/{rel}","templated":true}]}}