{"id":356,"date":"2025-11-28T20:13:58","date_gmt":"2025-11-28T19:13:58","guid":{"rendered":"https:\/\/gicd.inf.um.es\/csidcav\/usuario49\/?page_id=356"},"modified":"2025-11-30T20:11:28","modified_gmt":"2025-11-30T19:11:28","slug":"sagas-de-libros","status":"publish","type":"page","link":"https:\/\/gicd.inf.um.es\/csidcav\/usuario49\/sagas-de-libros\/","title":{"rendered":"Sagas de libros"},"content":{"rendered":"\n<div class=\"wp-block-query is-layout-flow wp-block-query-is-layout-flow\"><ul class=\"wp-block-post-template is-layout-flow wp-block-post-template-is-layout-flow\"><li class=\"wp-block-post post-433 post type-post status-publish format-standard has-post-thumbnail hentry category-drama-libro category-libro category-literatura-juvenil category-romance-libro tag-adolescencia tag-amistad tag-primer-amor\">\n<h2 class=\"wp-block-post-title\"><a href=\"https:\/\/gicd.inf.um.es\/csidcav\/usuario49\/el-club-de-los-incomprendidos\/\" target=\"_self\" >El club de los incomprendidos<\/a><\/h2>\n\n<figure class=\"alignwide wp-block-post-featured-image\"><a href=\"https:\/\/gicd.inf.um.es\/csidcav\/usuario49\/el-club-de-los-incomprendidos\/\" target=\"_self\"  ><img loading=\"lazy\" decoding=\"async\" width=\"608\" height=\"408\" src=\"https:\/\/gicd.inf.um.es\/csidcav\/usuario49\/wp-content\/uploads\/2025\/11\/el-club-de-los-incomprendidos.jpg\" class=\"attachment-post-thumbnail size-post-thumbnail wp-post-image\" alt=\"El club de los incomprendidos\" style=\"object-fit:cover;\" srcset=\"https:\/\/gicd.inf.um.es\/csidcav\/usuario49\/wp-content\/uploads\/2025\/11\/el-club-de-los-incomprendidos.jpg 608w, https:\/\/gicd.inf.um.es\/csidcav\/usuario49\/wp-content\/uploads\/2025\/11\/el-club-de-los-incomprendidos-300x201.jpg 300w\" sizes=\"auto, (max-width: 608px) 100vw, 608px\" \/><\/a><\/figure>\n\n<div class=\"wp-block-post-excerpt\"><p class=\"wp-block-post-excerpt__excerpt\">Valeria llega a Madrid y se une a Los Incomprendidos, un grupo de amigos que la apoyan frente a problemas familiares, amor\u00edos y conflictos del instituto. Entre malentendidos, celos y secretos, cada uno crece, se enamora, se equivoca y aprende qui\u00e9nes son y qu\u00e9 relaciones valen la pena mantener. <\/p><\/div>\n\n\n<hr class=\"wp-block-separator has-css-opacity\"\/>\n\n\n<div class=\"wp-block-post-date\"><time datetime=\"2025-11-29T12:49:04+01:00\">29 de noviembre de 2025<\/time><\/div>\n<\/li><li class=\"wp-block-post post-417 post type-post status-publish format-standard has-post-thumbnail hentry category-ciencia-ficcion-libro category-distopia category-fantasia category-libro tag-control tag-imperios tag-poder\">\n<h2 class=\"wp-block-post-title\"><a href=\"https:\/\/gicd.inf.um.es\/csidcav\/usuario49\/dune\/\" target=\"_self\" >Dune<\/a><\/h2>\n\n<figure class=\"alignwide wp-block-post-featured-image\"><a href=\"https:\/\/gicd.inf.um.es\/csidcav\/usuario49\/dune\/\" target=\"_self\"  ><img loading=\"lazy\" decoding=\"async\" width=\"2500\" height=\"1708\" src=\"https:\/\/gicd.inf.um.es\/csidcav\/usuario49\/wp-content\/uploads\/2025\/11\/dune.jpg\" class=\"attachment-post-thumbnail size-post-thumbnail wp-post-image\" alt=\"Dune\" style=\"object-fit:cover;\" srcset=\"https:\/\/gicd.inf.um.es\/csidcav\/usuario49\/wp-content\/uploads\/2025\/11\/dune.jpg 2500w, https:\/\/gicd.inf.um.es\/csidcav\/usuario49\/wp-content\/uploads\/2025\/11\/dune-300x205.jpg 300w, https:\/\/gicd.inf.um.es\/csidcav\/usuario49\/wp-content\/uploads\/2025\/11\/dune-1024x700.jpg 1024w, https:\/\/gicd.inf.um.es\/csidcav\/usuario49\/wp-content\/uploads\/2025\/11\/dune-768x525.jpg 768w, https:\/\/gicd.inf.um.es\/csidcav\/usuario49\/wp-content\/uploads\/2025\/11\/dune-1536x1049.jpg 1536w, https:\/\/gicd.inf.um.es\/csidcav\/usuario49\/wp-content\/uploads\/2025\/11\/dune-2048x1399.jpg 2048w\" sizes=\"auto, (max-width: 2500px) 100vw, 2500px\" \/><\/a><\/figure>\n\n<div class=\"wp-block-post-excerpt\"><p class=\"wp-block-post-excerpt__excerpt\">La historia sigue a Paul Atreides y a su familia mientras toman el control de Arrakis, el planeta de la especia. Su ascenso cambia el destino del imperio y desencadena siglos de transformaciones pol\u00edticas, religiosas y sociales. Con el tiempo, su hijo Leto II lleva a la humanidad por un camino duro para asegurar su&hellip; <\/p><\/div>\n\n\n<hr class=\"wp-block-separator has-css-opacity\"\/>\n\n\n<div class=\"wp-block-post-date\"><time datetime=\"2025-11-29T11:54:25+01:00\">29 de noviembre de 2025<\/time><\/div>\n<\/li><li class=\"wp-block-post post-404 post type-post status-publish format-standard has-post-thumbnail hentry category-drama-libro category-libro category-romance-libro tag-adolescencia tag-primer-amor tag-triangulo-amoroso-2\">\n<h2 class=\"wp-block-post-title\"><a href=\"https:\/\/gicd.inf.um.es\/csidcav\/usuario49\/el-verano-en-que-me-enamore\/\" target=\"_self\" >El verano en que me enamor\u00e9<\/a><\/h2>\n\n<figure class=\"alignwide wp-block-post-featured-image\"><a href=\"https:\/\/gicd.inf.um.es\/csidcav\/usuario49\/el-verano-en-que-me-enamore\/\" target=\"_self\"  ><img loading=\"lazy\" decoding=\"async\" width=\"1000\" height=\"590\" src=\"https:\/\/gicd.inf.um.es\/csidcav\/usuario49\/wp-content\/uploads\/2025\/11\/verano-que-me-enamore.webp\" class=\"attachment-post-thumbnail size-post-thumbnail wp-post-image\" alt=\"El verano en que me enamor\u00e9\" style=\"object-fit:cover;\" srcset=\"https:\/\/gicd.inf.um.es\/csidcav\/usuario49\/wp-content\/uploads\/2025\/11\/verano-que-me-enamore.webp 1000w, https:\/\/gicd.inf.um.es\/csidcav\/usuario49\/wp-content\/uploads\/2025\/11\/verano-que-me-enamore-300x177.webp 300w, https:\/\/gicd.inf.um.es\/csidcav\/usuario49\/wp-content\/uploads\/2025\/11\/verano-que-me-enamore-768x453.webp 768w\" sizes=\"auto, (max-width: 1000px) 100vw, 1000px\" \/><\/a><\/figure>\n\n<div class=\"wp-block-post-excerpt\"><p class=\"wp-block-post-excerpt__excerpt\">Belly vive un tri\u00e1ngulo amoroso con los hermanos Conrad y Jeremiah a lo largo de varios veranos. Entre dudas, p\u00e9rdidas y crecimiento personal, descubre a qui\u00e9n pertenece realmente su coraz\u00f3n. <\/p><\/div>\n\n\n<hr class=\"wp-block-separator has-css-opacity\"\/>\n\n\n<div class=\"wp-block-post-date\"><time datetime=\"2025-11-29T11:26:49+01:00\">29 de noviembre de 2025<\/time><\/div>\n<\/li><li class=\"wp-block-post post-389 post type-post status-publish format-standard has-post-thumbnail hentry category-accion-libro category-aventura category-fantasia category-libro tag-amistad tag-dioses tag-profecias\">\n<h2 class=\"wp-block-post-title\"><a href=\"https:\/\/gicd.inf.um.es\/csidcav\/usuario49\/percy-jackson\/\" target=\"_self\" >Percy Jackson<\/a><\/h2>\n\n<figure class=\"alignwide wp-block-post-featured-image\"><a href=\"https:\/\/gicd.inf.um.es\/csidcav\/usuario49\/percy-jackson\/\" target=\"_self\"  ><img loading=\"lazy\" decoding=\"async\" width=\"1200\" height=\"674\" src=\"https:\/\/gicd.inf.um.es\/csidcav\/usuario49\/wp-content\/uploads\/2025\/11\/percy-jackson.webp\" class=\"attachment-post-thumbnail size-post-thumbnail wp-post-image\" alt=\"Percy Jackson\" style=\"object-fit:cover;\" srcset=\"https:\/\/gicd.inf.um.es\/csidcav\/usuario49\/wp-content\/uploads\/2025\/11\/percy-jackson.webp 1200w, https:\/\/gicd.inf.um.es\/csidcav\/usuario49\/wp-content\/uploads\/2025\/11\/percy-jackson-300x169.webp 300w, https:\/\/gicd.inf.um.es\/csidcav\/usuario49\/wp-content\/uploads\/2025\/11\/percy-jackson-1024x575.webp 1024w, https:\/\/gicd.inf.um.es\/csidcav\/usuario49\/wp-content\/uploads\/2025\/11\/percy-jackson-768x431.webp 768w\" sizes=\"auto, (max-width: 1200px) 100vw, 1200px\" \/><\/a><\/figure>\n\n<div class=\"wp-block-post-excerpt\"><p class=\"wp-block-post-excerpt__excerpt\">Percy Jackson descubre que es un semidi\u00f3s y, junto a sus amigos, lucha contra monstruos y titanes para proteger el Olimpo y evitar la destrucci\u00f3n del mundo. <\/p><\/div>\n\n\n<hr class=\"wp-block-separator has-css-opacity\"\/>\n\n\n<div class=\"wp-block-post-date\"><time datetime=\"2025-11-28T22:06:41+01:00\">28 de noviembre de 2025<\/time><\/div>\n<\/li><li class=\"wp-block-post post-343 post type-post status-publish format-standard has-post-thumbnail hentry category-accion-libro category-aventura category-ciencia-ficcion-libro category-distopia category-libro tag-amor tag-facciones tag-rebeldia tag-supervivencia\">\n<h2 class=\"wp-block-post-title\"><a href=\"https:\/\/gicd.inf.um.es\/csidcav\/usuario49\/divergente\/\" target=\"_self\" >Divergente<\/a><\/h2>\n\n<figure class=\"alignwide wp-block-post-featured-image\"><a href=\"https:\/\/gicd.inf.um.es\/csidcav\/usuario49\/divergente\/\" target=\"_self\"  ><img loading=\"lazy\" decoding=\"async\" width=\"800\" height=\"439\" src=\"https:\/\/gicd.inf.um.es\/csidcav\/usuario49\/wp-content\/uploads\/2025\/11\/divergente.jpg\" class=\"attachment-post-thumbnail size-post-thumbnail wp-post-image\" alt=\"Divergente\" style=\"object-fit:cover;\" srcset=\"https:\/\/gicd.inf.um.es\/csidcav\/usuario49\/wp-content\/uploads\/2025\/11\/divergente.jpg 800w, https:\/\/gicd.inf.um.es\/csidcav\/usuario49\/wp-content\/uploads\/2025\/11\/divergente-300x165.jpg 300w, https:\/\/gicd.inf.um.es\/csidcav\/usuario49\/wp-content\/uploads\/2025\/11\/divergente-768x421.jpg 768w\" sizes=\"auto, (max-width: 800px) 100vw, 800px\" \/><\/a><\/figure>\n\n<div class=\"wp-block-post-excerpt\"><p class=\"wp-block-post-excerpt__excerpt\">Tris Prior, una divergente que no encaja en ninguna facci\u00f3n, lucha junto a Tobias \u201cCuatro\u201d contra un sistema opresivo, enfrentando conspiraciones y peligros para proteger su libertad y la de los dem\u00e1s. <\/p><\/div>\n\n\n<hr class=\"wp-block-separator has-css-opacity\"\/>\n\n\n<div class=\"wp-block-post-date\"><time datetime=\"2025-11-28T20:09:18+01:00\">28 de noviembre de 2025<\/time><\/div>\n<\/li><li class=\"wp-block-post post-329 post type-post status-publish format-standard has-post-thumbnail hentry category-accion-libro category-ciencia-ficcion-libro category-distopia category-libro tag-experimentos-humanos tag-perdida-de-memoria tag-superviviencia\">\n<h2 class=\"wp-block-post-title\"><a href=\"https:\/\/gicd.inf.um.es\/csidcav\/usuario49\/el-corredor-del-laberinto\/\" target=\"_self\" >El corredor del laberinto<\/a><\/h2>\n\n<figure class=\"alignwide wp-block-post-featured-image\"><a href=\"https:\/\/gicd.inf.um.es\/csidcav\/usuario49\/el-corredor-del-laberinto\/\" target=\"_self\"  ><img loading=\"lazy\" decoding=\"async\" width=\"1200\" height=\"674\" src=\"https:\/\/gicd.inf.um.es\/csidcav\/usuario49\/wp-content\/uploads\/2025\/11\/el-corredor-del-laberinto.webp\" class=\"attachment-post-thumbnail size-post-thumbnail wp-post-image\" alt=\"El corredor del laberinto\" style=\"object-fit:cover;\" srcset=\"https:\/\/gicd.inf.um.es\/csidcav\/usuario49\/wp-content\/uploads\/2025\/11\/el-corredor-del-laberinto.webp 1200w, https:\/\/gicd.inf.um.es\/csidcav\/usuario49\/wp-content\/uploads\/2025\/11\/el-corredor-del-laberinto-300x169.webp 300w, https:\/\/gicd.inf.um.es\/csidcav\/usuario49\/wp-content\/uploads\/2025\/11\/el-corredor-del-laberinto-1024x575.webp 1024w, https:\/\/gicd.inf.um.es\/csidcav\/usuario49\/wp-content\/uploads\/2025\/11\/el-corredor-del-laberinto-768x431.webp 768w\" sizes=\"auto, (max-width: 1200px) 100vw, 1200px\" \/><\/a><\/figure>\n\n<div class=\"wp-block-post-excerpt\"><p class=\"wp-block-post-excerpt__excerpt\">Thomas despierta sin recuerdos en un laberinto creado por CRUEL. Tras escapar, \u00e9l y sus amigos enfrentan nuevas pruebas en un mundo devastado. Finalmente, Thomas se rebela contra CRUEL y huye con otros inmunes para empezar una nueva vida. <\/p><\/div>\n\n\n<hr class=\"wp-block-separator has-css-opacity\"\/>\n\n\n<div class=\"wp-block-post-date\"><time datetime=\"2025-11-28T19:43:01+01:00\">28 de noviembre de 2025<\/time><\/div>\n<\/li><li class=\"wp-block-post post-307 post type-post status-publish format-standard has-post-thumbnail hentry category-fantasia category-ficcion category-libro category-magia tag-amistad tag-criaturas-magicas tag-magos tag-misterio\">\n<h2 class=\"wp-block-post-title\"><a href=\"https:\/\/gicd.inf.um.es\/csidcav\/usuario49\/harry-potter\/\" target=\"_self\" >Harry Potter<\/a><\/h2>\n\n<figure class=\"alignwide wp-block-post-featured-image\"><a href=\"https:\/\/gicd.inf.um.es\/csidcav\/usuario49\/harry-potter\/\" target=\"_self\"  ><img loading=\"lazy\" decoding=\"async\" width=\"1000\" height=\"923\" src=\"https:\/\/gicd.inf.um.es\/csidcav\/usuario49\/wp-content\/uploads\/2025\/11\/harry-potter.jpg\" class=\"attachment-post-thumbnail size-post-thumbnail wp-post-image\" alt=\"Harry Potter\" style=\"object-fit:cover;\" srcset=\"https:\/\/gicd.inf.um.es\/csidcav\/usuario49\/wp-content\/uploads\/2025\/11\/harry-potter.jpg 1000w, https:\/\/gicd.inf.um.es\/csidcav\/usuario49\/wp-content\/uploads\/2025\/11\/harry-potter-300x277.jpg 300w, https:\/\/gicd.inf.um.es\/csidcav\/usuario49\/wp-content\/uploads\/2025\/11\/harry-potter-768x709.jpg 768w\" sizes=\"auto, (max-width: 1000px) 100vw, 1000px\" \/><\/a><\/figure>\n\n<div class=\"wp-block-post-excerpt\"><p class=\"wp-block-post-excerpt__excerpt\">Harry Potter, un joven mago hu\u00e9rfano, asiste a Hogwarts, hace amigos y enfrenta a Voldemort, aprendiendo sobre magia, amistad y valent\u00eda hasta la batalla final que protege al mundo m\u00e1gico. <\/p><\/div>\n\n\n<hr class=\"wp-block-separator has-css-opacity\"\/>\n\n\n<div class=\"wp-block-post-date\"><time datetime=\"2025-11-28T16:26:28+01:00\">28 de noviembre de 2025<\/time><\/div>\n<\/li><li class=\"wp-block-post post-281 post type-post status-publish format-standard has-post-thumbnail hentry category-fantasia category-libro category-literatura-juvenil category-romance-sobrenatural tag-amor-adolescente tag-hombres-lobo tag-triangulo-amoroso tag-vampiros\">\n<h2 class=\"wp-block-post-title\"><a href=\"https:\/\/gicd.inf.um.es\/csidcav\/usuario49\/crepusculo\/\" target=\"_self\" >Crep\u00fasculo<\/a><\/h2>\n\n<figure class=\"alignwide wp-block-post-featured-image\"><a href=\"https:\/\/gicd.inf.um.es\/csidcav\/usuario49\/crepusculo\/\" target=\"_self\"  ><img loading=\"lazy\" decoding=\"async\" width=\"353\" height=\"319\" src=\"https:\/\/gicd.inf.um.es\/csidcav\/usuario49\/wp-content\/uploads\/2025\/11\/the-twilight-saga-complete-collection-3.jpg\" class=\"attachment-post-thumbnail size-post-thumbnail wp-post-image\" alt=\"Crep\u00fasculo\" style=\"object-fit:cover;\" srcset=\"https:\/\/gicd.inf.um.es\/csidcav\/usuario49\/wp-content\/uploads\/2025\/11\/the-twilight-saga-complete-collection-3.jpg 353w, https:\/\/gicd.inf.um.es\/csidcav\/usuario49\/wp-content\/uploads\/2025\/11\/the-twilight-saga-complete-collection-3-300x271.jpg 300w\" sizes=\"auto, (max-width: 353px) 100vw, 353px\" \/><\/a><\/figure>\n\n<div class=\"wp-block-post-excerpt\"><p class=\"wp-block-post-excerpt__excerpt\">Bella Swan se enamora del vampiro Edward Cullen y descubre el mundo sobrenatural de hombres lobo y vampiros. Tras casarse y tener a su hija Renesmee, se convierte en vampira y lucha por proteger a su familia. <\/p><\/div>\n\n\n<hr class=\"wp-block-separator has-css-opacity\"\/>\n\n\n<div class=\"wp-block-post-date\"><time datetime=\"2025-11-28T15:20:02+01:00\">28 de noviembre de 2025<\/time><\/div>\n<\/li><li class=\"wp-block-post post-233 post type-post status-publish format-standard has-post-thumbnail hentry category-aventura category-distopia category-libro tag-competencia tag-rebelion tag-supervivencia\">\n<h2 class=\"wp-block-post-title\"><a href=\"https:\/\/gicd.inf.um.es\/csidcav\/usuario49\/los-juegos-del-hambre\/\" target=\"_self\" >Los Juegos del hambre<\/a><\/h2>\n\n<figure class=\"alignwide wp-block-post-featured-image\"><a href=\"https:\/\/gicd.inf.um.es\/csidcav\/usuario49\/los-juegos-del-hambre\/\" target=\"_self\"  ><img loading=\"lazy\" decoding=\"async\" width=\"736\" height=\"460\" src=\"https:\/\/gicd.inf.um.es\/csidcav\/usuario49\/wp-content\/uploads\/2025\/11\/los-juegos-del-hambre-horizontan.jpg\" class=\"attachment-post-thumbnail size-post-thumbnail wp-post-image\" alt=\"Los Juegos del hambre\" style=\"object-fit:cover;\" srcset=\"https:\/\/gicd.inf.um.es\/csidcav\/usuario49\/wp-content\/uploads\/2025\/11\/los-juegos-del-hambre-horizontan.jpg 736w, https:\/\/gicd.inf.um.es\/csidcav\/usuario49\/wp-content\/uploads\/2025\/11\/los-juegos-del-hambre-horizontan-300x188.jpg 300w\" sizes=\"auto, (max-width: 736px) 100vw, 736px\" \/><\/a><\/figure>\n\n<div class=\"wp-block-post-excerpt\"><p class=\"wp-block-post-excerpt__excerpt\">La saga sigue la lucha de Panem desde distintos momentos: Katniss Everdeen sobrevive a los Juegos del Hambre, provoca una rebeli\u00f3n en En llamas y se convierte en s\u00edmbolo de la revoluci\u00f3n en Sinsajo. Las precuelas muestran los or\u00edgenes de ese mundo: Balada de p\u00e1jaros cantores y serpientes relata el ascenso de un joven Snow,&hellip; <\/p><\/div>\n\n\n<hr class=\"wp-block-separator has-css-opacity\"\/>\n\n\n<div class=\"wp-block-post-date\"><time datetime=\"2025-11-23T18:36:52+01:00\">23 de noviembre de 2025<\/time><\/div>\n<\/li><\/ul><\/div>\n","protected":false},"excerpt":{"rendered":"","protected":false},"author":1,"featured_media":0,"parent":0,"menu_order":0,"comment_status":"closed","ping_status":"closed","template":"","meta":{"pgc_sgb_lightbox_settings":"","footnotes":""},"class_list":["post-356","page","type-page","status-publish","hentry"],"_links":{"self":[{"href":"https:\/\/gicd.inf.um.es\/csidcav\/usuario49\/wp-json\/wp\/v2\/pages\/356","targetHints":{"allow":["GET"]}}],"collection":[{"href":"https:\/\/gicd.inf.um.es\/csidcav\/usuario49\/wp-json\/wp\/v2\/pages"}],"about":[{"href":"https:\/\/gicd.inf.um.es\/csidcav\/usuario49\/wp-json\/wp\/v2\/types\/page"}],"author":[{"embeddable":true,"href":"https:\/\/gicd.inf.um.es\/csidcav\/usuario49\/wp-json\/wp\/v2\/users\/1"}],"replies":[{"embeddable":true,"href":"https:\/\/gicd.inf.um.es\/csidcav\/usuario49\/wp-json\/wp\/v2\/comments?post=356"}],"version-history":[{"count":4,"href":"https:\/\/gicd.inf.um.es\/csidcav\/usuario49\/wp-json\/wp\/v2\/pages\/356\/revisions"}],"predecessor-version":[{"id":525,"href":"https:\/\/gicd.inf.um.es\/csidcav\/usuario49\/wp-json\/wp\/v2\/pages\/356\/revisions\/525"}],"wp:attachment":[{"href":"https:\/\/gicd.inf.um.es\/csidcav\/usuario49\/wp-json\/wp\/v2\/media?parent=356"}],"curies":[{"name":"wp","href":"https:\/\/api.w.org\/{rel}","templated":true}]}}