{"id":530,"date":"2025-11-30T21:02:49","date_gmt":"2025-11-30T20:02:49","guid":{"rendered":"https:\/\/gicd.inf.um.es\/csidcav\/usuario49\/?page_id=530"},"modified":"2025-11-30T21:19:30","modified_gmt":"2025-11-30T20:19:30","slug":"equipo-de-redaccion","status":"publish","type":"page","link":"https:\/\/gicd.inf.um.es\/csidcav\/usuario49\/equipo-de-redaccion\/","title":{"rendered":"Equipo de redacci\u00f3n"},"content":{"rendered":"\n<p>\u00a1Hola! Somos el equipo encargado de hacer que esta web funcione y no se caiga. Empezamos este proyecto con la ilusi\u00f3n de hacer un poco de hueco a las grandes ficciones del mundo como series o libros. Aunque somos un equipo peque\u00f1o trabajamos unidas para que todo tenga su resultado. <\/p>\n\n\n\n<p>Cualquier duda, aqu\u00ed estamos para ayudaros.<\/p>\n\n\n\n<div class=\"wp-block-media-text is-stacked-on-mobile\" style=\"grid-template-columns:39% auto\"><figure class=\"wp-block-media-text__media\"><img loading=\"lazy\" decoding=\"async\" width=\"1179\" height=\"1048\" src=\"https:\/\/gicd.inf.um.es\/csidcav\/usuario49\/wp-content\/uploads\/2025\/11\/IMG_9248.jpeg\" alt=\"Laura\" class=\"wp-image-531 size-full\" srcset=\"https:\/\/gicd.inf.um.es\/csidcav\/usuario49\/wp-content\/uploads\/2025\/11\/IMG_9248.jpeg 1179w, https:\/\/gicd.inf.um.es\/csidcav\/usuario49\/wp-content\/uploads\/2025\/11\/IMG_9248-300x267.jpeg 300w, https:\/\/gicd.inf.um.es\/csidcav\/usuario49\/wp-content\/uploads\/2025\/11\/IMG_9248-1024x910.jpeg 1024w, https:\/\/gicd.inf.um.es\/csidcav\/usuario49\/wp-content\/uploads\/2025\/11\/IMG_9248-768x683.jpeg 768w\" sizes=\"auto, (max-width: 1179px) 100vw, 1179px\" \/><\/figure><div class=\"wp-block-media-text__content\">\n<p><strong>EDITORA JEFE<\/strong><\/p>\n\n\n\n<p style=\"font-size:15px\">Soy Laura Reinaldos, la responsable de  dirigir el proyecto. Me encargo de elegir los temas, organizar el contenido, revisar el estilo y mantener el hilo narrativo de la p\u00e1gina. Me encantan las series de todo tipo, adem\u00e1s de las sagas donde las historias a papel pasan a la gran pantalla. Mi trabajo destaca por un enfoque accesible y cercano para todo tipo de lectores.<\/p>\n<\/div><\/div>\n\n\n\n<div class=\"wp-block-media-text has-media-on-the-right is-stacked-on-mobile\"><div class=\"wp-block-media-text__content\">\n<p><strong>REDACTORA Y DOCUMENTALISTA<\/strong><\/p>\n\n\n\n<p style=\"font-size:15px\">Carlota Hamela, la responsable de la documentaci\u00f3n y del contenido, la parte de analizar. Le encanta profundizar en referencias literarias, m\u00fasica, behind the scenes y detalles t\u00e9cnicos de las series. Mi trabajo es aportar la visi\u00f3n cr\u00edtica del equipo, siempre buscando conectar lo que vemos en pantalla con su contexto creativo y cultural.<\/p>\n<\/div><figure class=\"wp-block-media-text__media\"><img loading=\"lazy\" decoding=\"async\" width=\"1024\" height=\"576\" src=\"https:\/\/gicd.inf.um.es\/csidcav\/usuario49\/wp-content\/uploads\/2025\/11\/Carlota-1024x576.jpg\" alt=\"Carlota\" class=\"wp-image-532 size-full\" srcset=\"https:\/\/gicd.inf.um.es\/csidcav\/usuario49\/wp-content\/uploads\/2025\/11\/Carlota-1024x576.jpg 1024w, https:\/\/gicd.inf.um.es\/csidcav\/usuario49\/wp-content\/uploads\/2025\/11\/Carlota-300x169.jpg 300w, https:\/\/gicd.inf.um.es\/csidcav\/usuario49\/wp-content\/uploads\/2025\/11\/Carlota-768x432.jpg 768w, https:\/\/gicd.inf.um.es\/csidcav\/usuario49\/wp-content\/uploads\/2025\/11\/Carlota.jpg 1200w\" sizes=\"auto, (max-width: 1024px) 100vw, 1024px\" \/><\/figure><\/div>\n\n\n\n<h2 class=\"wp-block-heading\">Contacta con nosotras<\/h2>\n\n\n\n<div class=\"wpcf7 no-js\" id=\"wpcf7-f164-o1\" lang=\"es-ES\" dir=\"ltr\" data-wpcf7-id=\"164\">\n<div class=\"screen-reader-response\"><p role=\"status\" aria-live=\"polite\" aria-atomic=\"true\"><\/p> <ul><\/ul><\/div>\n<form action=\"\/csidcav\/usuario49\/wp-json\/wp\/v2\/pages\/530#wpcf7-f164-o1\" method=\"post\" class=\"wpcf7-form init\" aria-label=\"Formulario de contacto\" novalidate=\"novalidate\" data-status=\"init\">\n<fieldset class=\"hidden-fields-container\"><input type=\"hidden\" name=\"_wpcf7\" value=\"164\" \/><input type=\"hidden\" name=\"_wpcf7_version\" value=\"6.1.3\" \/><input type=\"hidden\" name=\"_wpcf7_locale\" value=\"es_ES\" \/><input type=\"hidden\" name=\"_wpcf7_unit_tag\" value=\"wpcf7-f164-o1\" \/><input type=\"hidden\" name=\"_wpcf7_container_post\" value=\"0\" \/><input type=\"hidden\" name=\"_wpcf7_posted_data_hash\" value=\"\" \/>\n<\/fieldset>\n<p><label> Tu nombre<br \/>\n<span class=\"wpcf7-form-control-wrap\" data-name=\"your-name\"><input size=\"40\" maxlength=\"400\" class=\"wpcf7-form-control wpcf7-text wpcf7-validates-as-required\" autocomplete=\"name\" aria-required=\"true\" aria-invalid=\"false\" value=\"\" type=\"text\" name=\"your-name\" \/><\/span> <\/label>\n<\/p>\n<p><label> Tu correo electr\u00f3nico<br \/>\n<span class=\"wpcf7-form-control-wrap\" data-name=\"your-email\"><input size=\"40\" maxlength=\"400\" class=\"wpcf7-form-control wpcf7-email wpcf7-validates-as-required wpcf7-text wpcf7-validates-as-email\" autocomplete=\"email\" aria-required=\"true\" aria-invalid=\"false\" value=\"\" type=\"email\" name=\"your-email\" \/><\/span> <\/label>\n<\/p>\n<p><label> Asunto<br \/>\n<span class=\"wpcf7-form-control-wrap\" data-name=\"your-subject\"><select class=\"wpcf7-form-control wpcf7-select wpcf7-validates-as-required\" aria-required=\"true\" aria-invalid=\"false\" name=\"your-subject\"><option value=\"Consulta general\">Consulta general<\/option><option value=\"Informaci\u00f3n sobre series\">Informaci\u00f3n sobre series<\/option><option value=\"Productos de Series \u00c9picas\">Productos de Series \u00c9picas<\/option><option value=\"Informaci\u00f3n sobre libros\">Informaci\u00f3n sobre libros<\/option><\/select><\/span><\/label>\n<\/p>\n<p><label> Tu mensaje (opcional)<br \/>\n<span class=\"wpcf7-form-control-wrap\" data-name=\"your-message\"><textarea cols=\"40\" rows=\"10\" maxlength=\"2000\" class=\"wpcf7-form-control wpcf7-textarea\" aria-invalid=\"false\" name=\"your-message\"><\/textarea><\/span> <\/label>\n<\/p>\n<p><span class=\"wpcf7-form-control-wrap\" data-name=\"checkbox-762\"><span class=\"wpcf7-form-control wpcf7-checkbox wpcf7-validates-as-required\"><span class=\"wpcf7-list-item first last\"><label><input type=\"checkbox\" name=\"checkbox-762[]\" value=\"He le\u00eddo y acepto la Pol\u00edtica de Privacidad\" \/><span class=\"wpcf7-list-item-label\">He le\u00eddo y acepto la Pol\u00edtica de Privacidad<\/span><\/label><\/span><\/span><\/span>\n<\/p>\n<p><input class=\"wpcf7-form-control wpcf7-submit has-spinner\" type=\"submit\" value=\"Enviar\" \/>\n<\/p><div class=\"wpcf7-response-output\" aria-hidden=\"true\"><\/div>\n<\/form>\n<\/div>\n\n","protected":false},"excerpt":{"rendered":"<p>\u00a1Hola! Somos el equipo encargado de hacer que esta web funcione y no se caiga. Empezamos este proyecto con la ilusi\u00f3n de hacer un poco de hueco a las grandes ficciones del mundo como series o libros. Aunque somos un equipo peque\u00f1o trabajamos unidas para que todo tenga su resultado. Cualquier duda, aqu\u00ed estamos para [&hellip;]<\/p>\n","protected":false},"author":1,"featured_media":0,"parent":0,"menu_order":0,"comment_status":"closed","ping_status":"closed","template":"","meta":{"pgc_sgb_lightbox_settings":"","footnotes":""},"class_list":["post-530","page","type-page","status-publish","hentry"],"_links":{"self":[{"href":"https:\/\/gicd.inf.um.es\/csidcav\/usuario49\/wp-json\/wp\/v2\/pages\/530","targetHints":{"allow":["GET"]}}],"collection":[{"href":"https:\/\/gicd.inf.um.es\/csidcav\/usuario49\/wp-json\/wp\/v2\/pages"}],"about":[{"href":"https:\/\/gicd.inf.um.es\/csidcav\/usuario49\/wp-json\/wp\/v2\/types\/page"}],"author":[{"embeddable":true,"href":"https:\/\/gicd.inf.um.es\/csidcav\/usuario49\/wp-json\/wp\/v2\/users\/1"}],"replies":[{"embeddable":true,"href":"https:\/\/gicd.inf.um.es\/csidcav\/usuario49\/wp-json\/wp\/v2\/comments?post=530"}],"version-history":[{"count":3,"href":"https:\/\/gicd.inf.um.es\/csidcav\/usuario49\/wp-json\/wp\/v2\/pages\/530\/revisions"}],"predecessor-version":[{"id":536,"href":"https:\/\/gicd.inf.um.es\/csidcav\/usuario49\/wp-json\/wp\/v2\/pages\/530\/revisions\/536"}],"wp:attachment":[{"href":"https:\/\/gicd.inf.um.es\/csidcav\/usuario49\/wp-json\/wp\/v2\/media?parent=530"}],"curies":[{"name":"wp","href":"https:\/\/api.w.org\/{rel}","templated":true}]}}