{"id":376,"date":"2025-11-26T22:45:46","date_gmt":"2025-11-26T21:45:46","guid":{"rendered":"https:\/\/gicd.inf.um.es\/csidcav\/usuario51\/?page_id=376"},"modified":"2025-11-26T23:10:53","modified_gmt":"2025-11-26T22:10:53","slug":"personajes-teen-wolf","status":"publish","type":"page","link":"https:\/\/gicd.inf.um.es\/csidcav\/usuario51\/personajes-teen-wolf\/","title":{"rendered":"Personajes Teen Wolf"},"content":{"rendered":"\n<h2 class=\"wp-block-heading\">Scott Mcall<\/h2>\n\n\n\n<div class=\"wp-block-media-text is-stacked-on-mobile\" style=\"grid-template-columns:40% auto\"><figure class=\"wp-block-media-text__media\"><img loading=\"lazy\" decoding=\"async\" width=\"300\" height=\"400\" src=\"https:\/\/gicd.inf.um.es\/csidcav\/usuario51\/wp-content\/uploads\/2025\/11\/daily-character-discussion-scott-mccall-v0-6jd0q429ckbb1.webp\" alt=\"\" class=\"wp-image-378 size-full\" srcset=\"https:\/\/gicd.inf.um.es\/csidcav\/usuario51\/wp-content\/uploads\/2025\/11\/daily-character-discussion-scott-mccall-v0-6jd0q429ckbb1.webp 300w, https:\/\/gicd.inf.um.es\/csidcav\/usuario51\/wp-content\/uploads\/2025\/11\/daily-character-discussion-scott-mccall-v0-6jd0q429ckbb1-225x300.webp 225w\" sizes=\"auto, (max-width: 300px) 100vw, 300px\" \/><\/figure><div class=\"wp-block-media-text__content\">\n<p><\/p>\n<\/div><\/div>\n\n\n\n<h3 class=\"wp-block-heading\">Descripci\u00f3n:<\/h3>\n\n\n\n<p>Scott McCall era un adolescente normal hasta ser mordido por un hombre lobo. Ahora debe equilibrar su vida escolar, su relaci\u00f3n con su mejor amigo y su rol como nuevo alfa en Beacon Hills. Su mayor fortaleza es su empat\u00eda y su capacidad para unir a los dem\u00e1s.<\/p>\n\n\n\n<p><strong>Actor<\/strong>: <a href=\"https:\/\/gicd.inf.um.es\/csidcav\/usuario51\/tyler-posey\/\" data-type=\"page\" data-id=\"385\">Tyler Posey<\/a><\/p>\n\n\n\n<h2 class=\"wp-block-heading\">Stiles Stilinski<\/h2>\n\n\n\n<div class=\"wp-block-media-text is-stacked-on-mobile\" style=\"grid-template-columns:43% auto\"><figure class=\"wp-block-media-text__media\"><img loading=\"lazy\" decoding=\"async\" width=\"360\" height=\"360\" src=\"https:\/\/gicd.inf.um.es\/csidcav\/usuario51\/wp-content\/uploads\/2025\/11\/stiles-stilinski-v0-res91mda8y3f1.webp\" alt=\"\" class=\"wp-image-377 size-full\" srcset=\"https:\/\/gicd.inf.um.es\/csidcav\/usuario51\/wp-content\/uploads\/2025\/11\/stiles-stilinski-v0-res91mda8y3f1.webp 360w, https:\/\/gicd.inf.um.es\/csidcav\/usuario51\/wp-content\/uploads\/2025\/11\/stiles-stilinski-v0-res91mda8y3f1-300x300.webp 300w, https:\/\/gicd.inf.um.es\/csidcav\/usuario51\/wp-content\/uploads\/2025\/11\/stiles-stilinski-v0-res91mda8y3f1-150x150.webp 150w\" sizes=\"auto, (max-width: 360px) 100vw, 360px\" \/><\/figure><div class=\"wp-block-media-text__content\">\n<p><\/p>\n<\/div><\/div>\n\n\n\n<h3 class=\"wp-block-heading\">Descripci\u00f3n:<\/h3>\n\n\n\n<p>Stiles es el mejor amigo de Scott, conocido por su humor, su inteligencia y su impulsividad. Aunque no tiene poderes sobrenaturales, su ingenio lo convierte en una pieza fundamental del grupo. Hijo del sheriff, siempre est\u00e1 involucrado en los misterios de Beacon Hills.<\/p>\n\n\n\n<p><strong>Actor:<\/strong> <a href=\"https:\/\/gicd.inf.um.es\/csidcav\/usuario51\/dylan-obrien\/\" data-type=\"page\" data-id=\"389\">Dylan O\u2019Brien<\/a><br><\/p>\n\n\n\n<h2 class=\"wp-block-heading\">Lydia Martin<\/h2>\n\n\n\n<div class=\"wp-block-media-text is-stacked-on-mobile\" style=\"grid-template-columns:46% auto\"><figure class=\"wp-block-media-text__media\"><img loading=\"lazy\" decoding=\"async\" width=\"640\" height=\"640\" src=\"https:\/\/gicd.inf.um.es\/csidcav\/usuario51\/wp-content\/uploads\/2025\/11\/lydia-martin-v0-s9frxlckmwcd1.webp\" alt=\"\" class=\"wp-image-379 size-full\" srcset=\"https:\/\/gicd.inf.um.es\/csidcav\/usuario51\/wp-content\/uploads\/2025\/11\/lydia-martin-v0-s9frxlckmwcd1.webp 640w, https:\/\/gicd.inf.um.es\/csidcav\/usuario51\/wp-content\/uploads\/2025\/11\/lydia-martin-v0-s9frxlckmwcd1-300x300.webp 300w, https:\/\/gicd.inf.um.es\/csidcav\/usuario51\/wp-content\/uploads\/2025\/11\/lydia-martin-v0-s9frxlckmwcd1-150x150.webp 150w\" sizes=\"auto, (max-width: 640px) 100vw, 640px\" \/><\/figure><div class=\"wp-block-media-text__content\">\n<p><\/p>\n<\/div><\/div>\n\n\n\n<h3 class=\"wp-block-heading\">Descripci\u00f3n:<\/h3>\n\n\n\n<p>Lydia es una banshee con la capacidad de percibir la muerte y eventos sobrenaturales. Aunque inicialmente parece superficial, demuestra ser una de las m\u00e1s inteligentes y poderosas del grupo.<\/p>\n\n\n\n<p><strong>Actriz<\/strong>: <a href=\"https:\/\/gicd.inf.um.es\/csidcav\/usuario51\/holland-roden\/\" data-type=\"page\" data-id=\"393\">Holland Roden<\/a><\/p>\n\n\n\n<h2 class=\"wp-block-heading\">Derek Hale<\/h2>\n\n\n\n<div class=\"wp-block-media-text is-stacked-on-mobile is-vertically-aligned-center\" style=\"grid-template-columns:38% auto\"><figure class=\"wp-block-media-text__media\"><img loading=\"lazy\" decoding=\"async\" width=\"384\" height=\"512\" src=\"https:\/\/gicd.inf.um.es\/csidcav\/usuario51\/wp-content\/uploads\/2025\/11\/33482b1e123cb625012947d50a048e44d46bed62r1-480-640v2_hq.jpg\" alt=\"\" class=\"wp-image-380 size-full\" srcset=\"https:\/\/gicd.inf.um.es\/csidcav\/usuario51\/wp-content\/uploads\/2025\/11\/33482b1e123cb625012947d50a048e44d46bed62r1-480-640v2_hq.jpg 384w, https:\/\/gicd.inf.um.es\/csidcav\/usuario51\/wp-content\/uploads\/2025\/11\/33482b1e123cb625012947d50a048e44d46bed62r1-480-640v2_hq-225x300.jpg 225w\" sizes=\"auto, (max-width: 384px) 100vw, 384px\" \/><\/figure><div class=\"wp-block-media-text__content\">\n<p><\/p>\n<\/div><\/div>\n\n\n\n<h3 class=\"wp-block-heading\">Descripci\u00f3n:<\/h3>\n\n\n\n<p>Derek es un hombre lobo con un pasado traum\u00e1tico. Aunque a menudo parece fr\u00edo o distante, es un aliado fiel para Scott y un mentor en el mundo sobrenatural.<\/p>\n\n\n\n<p><strong>Actor:<\/strong> <a href=\"https:\/\/gicd.inf.um.es\/csidcav\/usuario51\/tyler-hoechlin\/\" data-type=\"page\" data-id=\"396\">Tyler Hoechlin<\/a><\/p>\n\n\n\n<p><\/p>\n","protected":false},"excerpt":{"rendered":"<p>Scott Mcall Descripci\u00f3n: Scott McCall era un adolescente normal hasta ser mordido por un hombre lobo. Ahora debe equilibrar su vida escolar, su relaci\u00f3n con su mejor amigo y su rol como nuevo alfa en Beacon Hills. Su mayor fortaleza es su empat\u00eda y su capacidad para unir a los dem\u00e1s. Actor: Tyler Posey Stiles [&hellip;]<\/p>\n","protected":false},"author":1,"featured_media":0,"parent":0,"menu_order":0,"comment_status":"closed","ping_status":"closed","template":"","meta":{"pgc_sgb_lightbox_settings":"","footnotes":""},"class_list":["post-376","page","type-page","status-publish","hentry"],"_links":{"self":[{"href":"https:\/\/gicd.inf.um.es\/csidcav\/usuario51\/wp-json\/wp\/v2\/pages\/376","targetHints":{"allow":["GET"]}}],"collection":[{"href":"https:\/\/gicd.inf.um.es\/csidcav\/usuario51\/wp-json\/wp\/v2\/pages"}],"about":[{"href":"https:\/\/gicd.inf.um.es\/csidcav\/usuario51\/wp-json\/wp\/v2\/types\/page"}],"author":[{"embeddable":true,"href":"https:\/\/gicd.inf.um.es\/csidcav\/usuario51\/wp-json\/wp\/v2\/users\/1"}],"replies":[{"embeddable":true,"href":"https:\/\/gicd.inf.um.es\/csidcav\/usuario51\/wp-json\/wp\/v2\/comments?post=376"}],"version-history":[{"count":5,"href":"https:\/\/gicd.inf.um.es\/csidcav\/usuario51\/wp-json\/wp\/v2\/pages\/376\/revisions"}],"predecessor-version":[{"id":400,"href":"https:\/\/gicd.inf.um.es\/csidcav\/usuario51\/wp-json\/wp\/v2\/pages\/376\/revisions\/400"}],"wp:attachment":[{"href":"https:\/\/gicd.inf.um.es\/csidcav\/usuario51\/wp-json\/wp\/v2\/media?parent=376"}],"curies":[{"name":"wp","href":"https:\/\/api.w.org\/{rel}","templated":true}]}}