{"id":385,"date":"2025-11-26T22:53:34","date_gmt":"2025-11-26T21:53:34","guid":{"rendered":"https:\/\/gicd.inf.um.es\/csidcav\/usuario51\/?page_id=385"},"modified":"2025-11-26T22:53:34","modified_gmt":"2025-11-26T21:53:34","slug":"tyler-posey","status":"publish","type":"page","link":"https:\/\/gicd.inf.um.es\/csidcav\/usuario51\/tyler-posey\/","title":{"rendered":"Tyler Posey"},"content":{"rendered":"\n<div class=\"wp-block-media-text is-stacked-on-mobile\" style=\"grid-template-columns:32% auto\"><figure class=\"wp-block-media-text__media\"><img loading=\"lazy\" decoding=\"async\" width=\"695\" height=\"1024\" src=\"https:\/\/gicd.inf.um.es\/csidcav\/usuario51\/wp-content\/uploads\/2025\/11\/Tyler_Posey_by_Gage_Skidmore-695x1024.jpg\" alt=\"\" class=\"wp-image-386 size-full\" srcset=\"https:\/\/gicd.inf.um.es\/csidcav\/usuario51\/wp-content\/uploads\/2025\/11\/Tyler_Posey_by_Gage_Skidmore-695x1024.jpg 695w, https:\/\/gicd.inf.um.es\/csidcav\/usuario51\/wp-content\/uploads\/2025\/11\/Tyler_Posey_by_Gage_Skidmore-204x300.jpg 204w, https:\/\/gicd.inf.um.es\/csidcav\/usuario51\/wp-content\/uploads\/2025\/11\/Tyler_Posey_by_Gage_Skidmore-768x1132.jpg 768w, https:\/\/gicd.inf.um.es\/csidcav\/usuario51\/wp-content\/uploads\/2025\/11\/Tyler_Posey_by_Gage_Skidmore-1042x1536.jpg 1042w, https:\/\/gicd.inf.um.es\/csidcav\/usuario51\/wp-content\/uploads\/2025\/11\/Tyler_Posey_by_Gage_Skidmore-1390x2048.jpg 1390w, https:\/\/gicd.inf.um.es\/csidcav\/usuario51\/wp-content\/uploads\/2025\/11\/Tyler_Posey_by_Gage_Skidmore-1024x1509.jpg 1024w, https:\/\/gicd.inf.um.es\/csidcav\/usuario51\/wp-content\/uploads\/2025\/11\/Tyler_Posey_by_Gage_Skidmore.jpg 1566w\" sizes=\"auto, (max-width: 695px) 100vw, 695px\" \/><\/figure><div class=\"wp-block-media-text__content\"><\/div><\/div>\n\n\n\n<h3 class=\"wp-block-heading\"><strong>Biograf\u00eda:<\/strong><\/h3>\n\n\n\n<p>Tyler Garcia Posey, nacido el 18 de octubre de 1991 en Santa M\u00f3nica (California), es un actor y m\u00fasico estadounidense conocido mundialmente por interpretar a Scott McCall en <em>Teen Wolf<\/em>. Hijo del actor John Posey, Tyler creci\u00f3 en un ambiente muy relacionado con el cine y la televisi\u00f3n, lo que lo llev\u00f3 a actuar desde los nueve a\u00f1os.<\/p>\n\n\n\n<p>Adem\u00e1s de actuar, Posey ha desarrollado una carrera musical: ha sido vocalista y guitarrista en varias bandas de rock alternativo. <\/p>\n\n\n\n<h3 class=\"wp-block-heading\"><strong>Series y pel\u00edculas destacadas<\/strong><\/h3>\n\n\n\n<ul class=\"wp-block-list\">\n<li>Scream: Resurrection <\/li>\n\n\n\n<li>Now Apocalypse <\/li>\n\n\n\n<li>Truth or Dare (2018)<\/li>\n\n\n\n<li>Scary Movie 5 (2013)<\/li>\n<\/ul>\n\n\n\n<p><\/p>\n","protected":false},"excerpt":{"rendered":"<p>Biograf\u00eda: Tyler Garcia Posey, nacido el 18 de octubre de 1991 en Santa M\u00f3nica (California), es un actor y m\u00fasico estadounidense conocido mundialmente por interpretar a Scott McCall en Teen Wolf. Hijo del actor John Posey, Tyler creci\u00f3 en un ambiente muy relacionado con el cine y la televisi\u00f3n, lo que lo llev\u00f3 a actuar [&hellip;]<\/p>\n","protected":false},"author":1,"featured_media":0,"parent":0,"menu_order":0,"comment_status":"closed","ping_status":"closed","template":"","meta":{"pgc_sgb_lightbox_settings":"","footnotes":""},"class_list":["post-385","page","type-page","status-publish","hentry"],"_links":{"self":[{"href":"https:\/\/gicd.inf.um.es\/csidcav\/usuario51\/wp-json\/wp\/v2\/pages\/385","targetHints":{"allow":["GET"]}}],"collection":[{"href":"https:\/\/gicd.inf.um.es\/csidcav\/usuario51\/wp-json\/wp\/v2\/pages"}],"about":[{"href":"https:\/\/gicd.inf.um.es\/csidcav\/usuario51\/wp-json\/wp\/v2\/types\/page"}],"author":[{"embeddable":true,"href":"https:\/\/gicd.inf.um.es\/csidcav\/usuario51\/wp-json\/wp\/v2\/users\/1"}],"replies":[{"embeddable":true,"href":"https:\/\/gicd.inf.um.es\/csidcav\/usuario51\/wp-json\/wp\/v2\/comments?post=385"}],"version-history":[{"count":1,"href":"https:\/\/gicd.inf.um.es\/csidcav\/usuario51\/wp-json\/wp\/v2\/pages\/385\/revisions"}],"predecessor-version":[{"id":387,"href":"https:\/\/gicd.inf.um.es\/csidcav\/usuario51\/wp-json\/wp\/v2\/pages\/385\/revisions\/387"}],"wp:attachment":[{"href":"https:\/\/gicd.inf.um.es\/csidcav\/usuario51\/wp-json\/wp\/v2\/media?parent=385"}],"curies":[{"name":"wp","href":"https:\/\/api.w.org\/{rel}","templated":true}]}}