{"id":393,"date":"2025-11-26T23:04:12","date_gmt":"2025-11-26T22:04:12","guid":{"rendered":"https:\/\/gicd.inf.um.es\/csidcav\/usuario51\/?page_id=393"},"modified":"2025-11-26T23:04:12","modified_gmt":"2025-11-26T22:04:12","slug":"holland-roden","status":"publish","type":"page","link":"https:\/\/gicd.inf.um.es\/csidcav\/usuario51\/holland-roden\/","title":{"rendered":"Holland Roden"},"content":{"rendered":"\n<div class=\"wp-block-media-text is-stacked-on-mobile\" style=\"grid-template-columns:40% auto\"><figure class=\"wp-block-media-text__media\"><img loading=\"lazy\" decoding=\"async\" width=\"500\" height=\"600\" src=\"https:\/\/gicd.inf.um.es\/csidcav\/usuario51\/wp-content\/uploads\/2025\/11\/Holland-Roden.webp\" alt=\"\" class=\"wp-image-394 size-full\" srcset=\"https:\/\/gicd.inf.um.es\/csidcav\/usuario51\/wp-content\/uploads\/2025\/11\/Holland-Roden.webp 500w, https:\/\/gicd.inf.um.es\/csidcav\/usuario51\/wp-content\/uploads\/2025\/11\/Holland-Roden-250x300.webp 250w\" sizes=\"auto, (max-width: 500px) 100vw, 500px\" \/><\/figure><div class=\"wp-block-media-text__content\"><\/div><\/div>\n\n\n\n<h3 class=\"wp-block-heading\">Biograf\u00eda:<\/h3>\n\n\n\n<p>Holland Roden naci\u00f3 el 7 de octubre de 1986 en Dallas (Texas). Antes de dedicarse a la actuaci\u00f3n, estudi\u00f3 durante tres a\u00f1os biolog\u00eda molecular, siguiendo la tradici\u00f3n m\u00e9dica de su familia; sin embargo, decidi\u00f3 cambiar su rumbo para enfocarse en la interpretaci\u00f3n, su verdadera pasi\u00f3n.<\/p>\n\n\n\n<p>Su actuaci\u00f3n en Teen Wolf muy alabada por fans y cr\u00edticos, lo que lanz\u00f3 su carrera.<\/p>\n\n\n\n<h3 class=\"wp-block-heading\">Series y pel\u00edculas destacadas<\/h3>\n\n\n\n<ul class=\"wp-block-list\">\n<li>Channel Zero: Butcher\u2019s Block <\/li>\n\n\n\n<li>MacGyver (2016) <\/li>\n\n\n\n<li>Escape Room: Tournament of Champions (2021)<\/li>\n\n\n\n<li>House of Dust (2013)<\/li>\n<\/ul>\n","protected":false},"excerpt":{"rendered":"<p>Biograf\u00eda: Holland Roden naci\u00f3 el 7 de octubre de 1986 en Dallas (Texas). Antes de dedicarse a la actuaci\u00f3n, estudi\u00f3 durante tres a\u00f1os biolog\u00eda molecular, siguiendo la tradici\u00f3n m\u00e9dica de su familia; sin embargo, decidi\u00f3 cambiar su rumbo para enfocarse en la interpretaci\u00f3n, su verdadera pasi\u00f3n. Su actuaci\u00f3n en Teen Wolf muy alabada por fans [&hellip;]<\/p>\n","protected":false},"author":1,"featured_media":0,"parent":0,"menu_order":0,"comment_status":"closed","ping_status":"closed","template":"","meta":{"pgc_sgb_lightbox_settings":"","footnotes":""},"class_list":["post-393","page","type-page","status-publish","hentry"],"_links":{"self":[{"href":"https:\/\/gicd.inf.um.es\/csidcav\/usuario51\/wp-json\/wp\/v2\/pages\/393","targetHints":{"allow":["GET"]}}],"collection":[{"href":"https:\/\/gicd.inf.um.es\/csidcav\/usuario51\/wp-json\/wp\/v2\/pages"}],"about":[{"href":"https:\/\/gicd.inf.um.es\/csidcav\/usuario51\/wp-json\/wp\/v2\/types\/page"}],"author":[{"embeddable":true,"href":"https:\/\/gicd.inf.um.es\/csidcav\/usuario51\/wp-json\/wp\/v2\/users\/1"}],"replies":[{"embeddable":true,"href":"https:\/\/gicd.inf.um.es\/csidcav\/usuario51\/wp-json\/wp\/v2\/comments?post=393"}],"version-history":[{"count":1,"href":"https:\/\/gicd.inf.um.es\/csidcav\/usuario51\/wp-json\/wp\/v2\/pages\/393\/revisions"}],"predecessor-version":[{"id":395,"href":"https:\/\/gicd.inf.um.es\/csidcav\/usuario51\/wp-json\/wp\/v2\/pages\/393\/revisions\/395"}],"wp:attachment":[{"href":"https:\/\/gicd.inf.um.es\/csidcav\/usuario51\/wp-json\/wp\/v2\/media?parent=393"}],"curies":[{"name":"wp","href":"https:\/\/api.w.org\/{rel}","templated":true}]}}