{"id":401,"date":"2025-11-26T23:13:37","date_gmt":"2025-11-26T22:13:37","guid":{"rendered":"https:\/\/gicd.inf.um.es\/csidcav\/usuario51\/?page_id=401"},"modified":"2025-11-26T23:13:37","modified_gmt":"2025-11-26T22:13:37","slug":"trivia","status":"publish","type":"page","link":"https:\/\/gicd.inf.um.es\/csidcav\/usuario51\/trivia\/","title":{"rendered":"Trivia"},"content":{"rendered":"\n<h3 class=\"wp-block-heading\"><strong>Curiosidades de Teen Wolf<\/strong><\/h3>\n\n\n\n<ul class=\"wp-block-list\">\n<li>Dylan O\u2019Brien improvis\u00f3 muchas escenas humor\u00edsticas de Stiles.<\/li>\n\n\n\n<li>Tyler Posey realiz\u00f3 gran parte de sus acrobacias sin dobles.<\/li>\n\n\n\n<li>La casa Hale se film\u00f3 en una mansi\u00f3n abandonada real.<\/li>\n\n\n\n<li>Holland Roden estudi\u00f3 biolog\u00eda, lo cual ayud\u00f3 en escenas t\u00e9cnicas sobre banshees.<\/li>\n\n\n\n<li>Tyler Posey iba a ser el protagonista de Crep\u00fasculo<\/li>\n\n\n\n<li>Shelley Hennig (Malia) fue Miss Teen USA<\/li>\n<\/ul>\n\n\n\n<p><\/p>\n","protected":false},"excerpt":{"rendered":"<p>Curiosidades de Teen Wolf<\/p>\n","protected":false},"author":1,"featured_media":0,"parent":0,"menu_order":0,"comment_status":"closed","ping_status":"closed","template":"","meta":{"pgc_sgb_lightbox_settings":"","footnotes":""},"class_list":["post-401","page","type-page","status-publish","hentry"],"_links":{"self":[{"href":"https:\/\/gicd.inf.um.es\/csidcav\/usuario51\/wp-json\/wp\/v2\/pages\/401","targetHints":{"allow":["GET"]}}],"collection":[{"href":"https:\/\/gicd.inf.um.es\/csidcav\/usuario51\/wp-json\/wp\/v2\/pages"}],"about":[{"href":"https:\/\/gicd.inf.um.es\/csidcav\/usuario51\/wp-json\/wp\/v2\/types\/page"}],"author":[{"embeddable":true,"href":"https:\/\/gicd.inf.um.es\/csidcav\/usuario51\/wp-json\/wp\/v2\/users\/1"}],"replies":[{"embeddable":true,"href":"https:\/\/gicd.inf.um.es\/csidcav\/usuario51\/wp-json\/wp\/v2\/comments?post=401"}],"version-history":[{"count":1,"href":"https:\/\/gicd.inf.um.es\/csidcav\/usuario51\/wp-json\/wp\/v2\/pages\/401\/revisions"}],"predecessor-version":[{"id":402,"href":"https:\/\/gicd.inf.um.es\/csidcav\/usuario51\/wp-json\/wp\/v2\/pages\/401\/revisions\/402"}],"wp:attachment":[{"href":"https:\/\/gicd.inf.um.es\/csidcav\/usuario51\/wp-json\/wp\/v2\/media?parent=401"}],"curies":[{"name":"wp","href":"https:\/\/api.w.org\/{rel}","templated":true}]}}