{"id":403,"date":"2025-11-26T23:17:20","date_gmt":"2025-11-26T22:17:20","guid":{"rendered":"https:\/\/gicd.inf.um.es\/csidcav\/usuario51\/?page_id=403"},"modified":"2025-11-29T05:09:48","modified_gmt":"2025-11-29T04:09:48","slug":"episosios-destacados","status":"publish","type":"page","link":"https:\/\/gicd.inf.um.es\/csidcav\/usuario51\/episosios-destacados\/","title":{"rendered":"Episodios destacados"},"content":{"rendered":"\n<h2 class=\"wp-block-heading\">Temporada 1<\/h2>\n\n\n\n<h3 class=\"wp-block-heading\">Episodio 1 \u2014 El Comienzo<\/h3>\n\n\n\n<p>Scott McCall es mordido por un hombre lobo durante una excursi\u00f3n nocturna en el bosque. A la ma\u00f1ana siguiente comienza a notar cambios f\u00edsicos y habilidades extraordinarias. Su mejor amigo Stiles es el primero en darse cuenta y promete ayudarlo a mantener en secreto lo que est\u00e1 ocurriendo.<\/p>\n\n\n\n<h3 class=\"wp-block-heading\">Episodio 2 \u2014 Control<\/h3>\n\n\n\n<p>Scott intenta aprender a controlar su fuerza y velocidad reci\u00e9n adquiridas mientras lucha por no hacer da\u00f1o a sus compa\u00f1eros de clase. Derek Hale aparece por primera vez como mentor ambiguo, advirtiendo a Scott de los peligros del mundo sobrenatural. Lydia percibe se\u00f1ales extra\u00f1as que nadie m\u00e1s ve.<\/p>\n\n\n\n<hr class=\"wp-block-separator has-alpha-channel-opacity\"\/>\n\n\n\n<h2 class=\"wp-block-heading\">Temporada 2<\/h2>\n\n\n\n<h3 class=\"wp-block-heading\">Episodio 3 \u2014 Nuevas Alianzas<\/h3>\n\n\n\n<p>Derek regresa a Beacon Hills con advertencias sobre nuevas criaturas que amenazan la ciudad. Scott y su grupo deben decidir si confiar en \u00e9l. Lydia empieza a experimentar visiones inquietantes sobre personas en peligro, revelando su naturaleza de Banshee. Aparece Allison Argent como cazadora, aumentando la tensi\u00f3n en el grupo.<br><\/p>\n\n\n\n<h3 class=\"wp-block-heading\">Episodio 4 \u2014 La Banshee<\/h3>\n\n\n\n<p>Lydia descubre que sus visiones pueden predecir muertes y cat\u00e1strofes, causando miedo y confusi\u00f3n. Scott y Stiles intentan protegerla mientras lidian con amenazas crecientes de hombres lobo rivales y criaturas desconocidas. Derek gu\u00eda a Scott para controlar su liderazgo dentro de la manada.<\/p>\n","protected":false},"excerpt":{"rendered":"<p>Temporada 1 Episodio 1 \u2014 El Comienzo Scott McCall es mordido por un hombre lobo durante una excursi\u00f3n nocturna en el bosque. A la ma\u00f1ana siguiente comienza a notar cambios f\u00edsicos y habilidades extraordinarias. Su mejor amigo Stiles es el primero en darse cuenta y promete ayudarlo a mantener en secreto lo que est\u00e1 ocurriendo. [&hellip;]<\/p>\n","protected":false},"author":1,"featured_media":0,"parent":0,"menu_order":0,"comment_status":"closed","ping_status":"closed","template":"","meta":{"pgc_sgb_lightbox_settings":"","footnotes":""},"class_list":["post-403","page","type-page","status-publish","hentry"],"_links":{"self":[{"href":"https:\/\/gicd.inf.um.es\/csidcav\/usuario51\/wp-json\/wp\/v2\/pages\/403","targetHints":{"allow":["GET"]}}],"collection":[{"href":"https:\/\/gicd.inf.um.es\/csidcav\/usuario51\/wp-json\/wp\/v2\/pages"}],"about":[{"href":"https:\/\/gicd.inf.um.es\/csidcav\/usuario51\/wp-json\/wp\/v2\/types\/page"}],"author":[{"embeddable":true,"href":"https:\/\/gicd.inf.um.es\/csidcav\/usuario51\/wp-json\/wp\/v2\/users\/1"}],"replies":[{"embeddable":true,"href":"https:\/\/gicd.inf.um.es\/csidcav\/usuario51\/wp-json\/wp\/v2\/comments?post=403"}],"version-history":[{"count":3,"href":"https:\/\/gicd.inf.um.es\/csidcav\/usuario51\/wp-json\/wp\/v2\/pages\/403\/revisions"}],"predecessor-version":[{"id":416,"href":"https:\/\/gicd.inf.um.es\/csidcav\/usuario51\/wp-json\/wp\/v2\/pages\/403\/revisions\/416"}],"wp:attachment":[{"href":"https:\/\/gicd.inf.um.es\/csidcav\/usuario51\/wp-json\/wp\/v2\/media?parent=403"}],"curies":[{"name":"wp","href":"https:\/\/api.w.org\/{rel}","templated":true}]}}