{"id":125,"date":"2025-10-22T22:35:13","date_gmt":"2025-10-22T20:35:13","guid":{"rendered":"https:\/\/gicd.inf.um.es\/csidcav\/usuario52\/?page_id=125"},"modified":"2025-11-27T16:26:36","modified_gmt":"2025-11-27T15:26:36","slug":"especial-series-romanticas","status":"publish","type":"page","link":"https:\/\/gicd.inf.um.es\/csidcav\/usuario52\/especial-series-romanticas\/","title":{"rendered":"Especial series rom\u00e1nticas"},"content":{"rendered":"\n<div class=\"wp-block-media-text is-stacked-on-mobile\"><figure class=\"wp-block-media-text__media\"><img loading=\"lazy\" decoding=\"async\" width=\"1024\" height=\"576\" src=\"https:\/\/gicd.inf.um.es\/csidcav\/usuario52\/wp-content\/uploads\/2025\/10\/genero-amor-1024x576.jpg\" alt=\"genero romance\" class=\"wp-image-134 size-full\" srcset=\"https:\/\/gicd.inf.um.es\/csidcav\/usuario52\/wp-content\/uploads\/2025\/10\/genero-amor-1024x576.jpg 1024w, https:\/\/gicd.inf.um.es\/csidcav\/usuario52\/wp-content\/uploads\/2025\/10\/genero-amor-300x169.jpg 300w, https:\/\/gicd.inf.um.es\/csidcav\/usuario52\/wp-content\/uploads\/2025\/10\/genero-amor-768x432.jpg 768w, https:\/\/gicd.inf.um.es\/csidcav\/usuario52\/wp-content\/uploads\/2025\/10\/genero-amor-1536x864.jpg 1536w, https:\/\/gicd.inf.um.es\/csidcav\/usuario52\/wp-content\/uploads\/2025\/10\/genero-amor-1280x720.jpg 1280w, https:\/\/gicd.inf.um.es\/csidcav\/usuario52\/wp-content\/uploads\/2025\/10\/genero-amor.jpg 1920w\" sizes=\"auto, (max-width: 1024px) 100vw, 1024px\" \/><\/figure><div class=\"wp-block-media-text__content\">\n<p>El g\u00e9nero rom\u00e1ntico es un tipo de narrativa centrada en los sentimientos, las relaciones personales y las emociones que surgen entre los personajes. En este tipo de historias, el amor, es el eje principal, ya sea a trav\u00e9s de romances apasionados como el del verano en que me enamor\u00e9 con Belly y Conrad, amores imposibles, como el de Gossip Girl con Blair y Chuck o segundas oportunidades como el de The office con Jim y Pam. Las series rom\u00e1nticas buscan conectar con el espectador a nivel emocional, mostrando los desaf\u00edos y las alegr\u00edas del amor, con tramas que combinan ternura, drama y momentos inolvidables.<\/p>\n<\/div><\/div>\n\n\n\n<div style=\"height:30px\" aria-hidden=\"true\" class=\"wp-block-spacer\"><\/div>\n\n\n\n<div class=\"wp-block-query is-layout-flow wp-block-query-is-layout-flow\"><ul class=\"columns-2 wp-block-post-template is-layout-grid wp-container-core-post-template-is-layout-17361a50 wp-block-post-template-is-layout-grid\"><li class=\"wp-block-post post-109 post type-post status-publish format-standard has-post-thumbnail hentry category-drama category-moda category-romance category-serie tag-escandalos tag-identidadsecreta tag-nuevayork tag-vidadericos\">\n\n<div class=\"wp-block-group bs-blog-post\"><div class=\"wp-block-group__inner-container is-layout-constrained wp-block-group-is-layout-constrained\"><figure class=\"wp-block-post-featured-image\"><a href=\"https:\/\/gicd.inf.um.es\/csidcav\/usuario52\/gossip-girl\/\" target=\"_self\"  ><img loading=\"lazy\" decoding=\"async\" width=\"1920\" height=\"1080\" src=\"https:\/\/gicd.inf.um.es\/csidcav\/usuario52\/wp-content\/uploads\/2025\/10\/gg-poster-horizontal.jpg\" class=\"attachment-post-thumbnail size-post-thumbnail wp-post-image\" alt=\"Gossip Girl\" style=\"object-fit:cover;\" srcset=\"https:\/\/gicd.inf.um.es\/csidcav\/usuario52\/wp-content\/uploads\/2025\/10\/gg-poster-horizontal.jpg 1920w, https:\/\/gicd.inf.um.es\/csidcav\/usuario52\/wp-content\/uploads\/2025\/10\/gg-poster-horizontal-300x169.jpg 300w, https:\/\/gicd.inf.um.es\/csidcav\/usuario52\/wp-content\/uploads\/2025\/10\/gg-poster-horizontal-1024x576.jpg 1024w, https:\/\/gicd.inf.um.es\/csidcav\/usuario52\/wp-content\/uploads\/2025\/10\/gg-poster-horizontal-768x432.jpg 768w, https:\/\/gicd.inf.um.es\/csidcav\/usuario52\/wp-content\/uploads\/2025\/10\/gg-poster-horizontal-1536x864.jpg 1536w, https:\/\/gicd.inf.um.es\/csidcav\/usuario52\/wp-content\/uploads\/2025\/10\/gg-poster-horizontal-1280x720.jpg 1280w\" sizes=\"auto, (max-width: 1920px) 100vw, 1920px\" \/><\/a><\/figure>\n\n\n<div class=\"wp-block-group small\"><div class=\"wp-block-group__inner-container is-layout-constrained wp-block-group-is-layout-constrained\"><div class=\"taxonomy-category wp-block-post-terms\"><a href=\"https:\/\/gicd.inf.um.es\/csidcav\/usuario52\/category\/series\/drama\/\" rel=\"tag\">Drama<\/a><span class=\"wp-block-post-terms__separator\">, <\/span><a href=\"https:\/\/gicd.inf.um.es\/csidcav\/usuario52\/category\/series\/moda\/\" rel=\"tag\">Moda<\/a><span class=\"wp-block-post-terms__separator\">, <\/span><a href=\"https:\/\/gicd.inf.um.es\/csidcav\/usuario52\/category\/series\/romance\/\" rel=\"tag\">Romance<\/a><span class=\"wp-block-post-terms__separator\">, <\/span><a href=\"https:\/\/gicd.inf.um.es\/csidcav\/usuario52\/category\/serie\/\" rel=\"tag\">Serie<\/a><\/div>\n\n<h2 class=\"has-link-color wp-elements-a1ebf647b7997765f68aadb3603834f1 wp-block-post-title has-text-color has-pale-pink-color\"><a href=\"https:\/\/gicd.inf.um.es\/csidcav\/usuario52\/gossip-girl\/\" target=\"_self\" >Gossip Girl<\/a><\/h2>\n\n<div class=\"wp-block-post-excerpt\"><p class=\"wp-block-post-excerpt__excerpt\">Retrato de la vida de los adolescentes del barrio del Upper East Side de Nueva York que van a colegios elitistas, pero que se aventuran en el mundo de las drogas, el sexo y otros problemas. <\/p><\/div><\/div><\/div>\n\n\n\n<div style=\"height:30px\" aria-hidden=\"true\" class=\"wp-block-spacer\"><\/div>\n<\/div><\/div>\n\n<\/li><li class=\"wp-block-post post-115 post type-post status-publish format-standard has-post-thumbnail hentry category-drama category-romance category-serie tag-amistad tag-casadelaplaya tag-familia tag-trianguloamoroso\">\n\n<div class=\"wp-block-group bs-blog-post\"><div class=\"wp-block-group__inner-container is-layout-constrained wp-block-group-is-layout-constrained\"><figure class=\"wp-block-post-featured-image\"><a href=\"https:\/\/gicd.inf.um.es\/csidcav\/usuario52\/the-summer-i-turned-pretty\/\" target=\"_self\"  ><img loading=\"lazy\" decoding=\"async\" width=\"1920\" height=\"1080\" src=\"https:\/\/gicd.inf.um.es\/csidcav\/usuario52\/wp-content\/uploads\/2025\/10\/ts-poster-horizontal.jpg\" class=\"attachment-post-thumbnail size-post-thumbnail wp-post-image\" alt=\"The Summer I Turned Pretty (El verano en que me enamor\u00e9)\" style=\"object-fit:cover;\" srcset=\"https:\/\/gicd.inf.um.es\/csidcav\/usuario52\/wp-content\/uploads\/2025\/10\/ts-poster-horizontal.jpg 1920w, https:\/\/gicd.inf.um.es\/csidcav\/usuario52\/wp-content\/uploads\/2025\/10\/ts-poster-horizontal-300x169.jpg 300w, https:\/\/gicd.inf.um.es\/csidcav\/usuario52\/wp-content\/uploads\/2025\/10\/ts-poster-horizontal-1024x576.jpg 1024w, https:\/\/gicd.inf.um.es\/csidcav\/usuario52\/wp-content\/uploads\/2025\/10\/ts-poster-horizontal-768x432.jpg 768w, https:\/\/gicd.inf.um.es\/csidcav\/usuario52\/wp-content\/uploads\/2025\/10\/ts-poster-horizontal-1536x864.jpg 1536w, https:\/\/gicd.inf.um.es\/csidcav\/usuario52\/wp-content\/uploads\/2025\/10\/ts-poster-horizontal-1280x720.jpg 1280w\" sizes=\"auto, (max-width: 1920px) 100vw, 1920px\" \/><\/a><\/figure>\n\n\n<div class=\"wp-block-group small\"><div class=\"wp-block-group__inner-container is-layout-constrained wp-block-group-is-layout-constrained\"><div class=\"taxonomy-category wp-block-post-terms\"><a href=\"https:\/\/gicd.inf.um.es\/csidcav\/usuario52\/category\/series\/drama\/\" rel=\"tag\">Drama<\/a><span class=\"wp-block-post-terms__separator\">, <\/span><a href=\"https:\/\/gicd.inf.um.es\/csidcav\/usuario52\/category\/series\/romance\/\" rel=\"tag\">Romance<\/a><span class=\"wp-block-post-terms__separator\">, <\/span><a href=\"https:\/\/gicd.inf.um.es\/csidcav\/usuario52\/category\/serie\/\" rel=\"tag\">Serie<\/a><\/div>\n\n<h2 class=\"has-link-color wp-elements-a1ebf647b7997765f68aadb3603834f1 wp-block-post-title has-text-color has-pale-pink-color\"><a href=\"https:\/\/gicd.inf.um.es\/csidcav\/usuario52\/the-summer-i-turned-pretty\/\" target=\"_self\" >The Summer I Turned Pretty (El verano en que me enamor\u00e9)<\/a><\/h2>\n\n<div class=\"wp-block-post-excerpt\"><p class=\"wp-block-post-excerpt__excerpt\">Es una historia de madurez sobre el primer amor, el primer desamor y la magia de un verano perfecto. <\/p><\/div><\/div><\/div>\n\n\n\n<div style=\"height:30px\" aria-hidden=\"true\" class=\"wp-block-spacer\"><\/div>\n<\/div><\/div>\n\n<\/li><\/ul>\n\n\n\n<\/div>\n\n\n\n<h2 class=\"wp-block-heading\">Series de romance conocidas desde los a\u00f1os 2000 hasta 2025<\/h2>\n\n\n\n<div class=\"wp-block-cp-timeline-content-timeline Cool-Content-Timeline\"><div class=\"cool-timeline-block-b773744f-cc54-4d31-955d-be88c276352a\"><style>.cool-timeline-block-b773744f-cc54-4d31-955d-be88c276352a .cool-vertical-timeline-body{--ctlb-content-alignment: center;}<\/style><div class=\"cool-vertical-timeline-body ctlb-wrapper both-sided left\"><div class=\"cool-timeline-block-list\">\n<div class=\"wp-block-cp-timeline-content-timeline-child swiper-slide\"><div class=\"timeline-content icon-true \"><div class=\"timeline-block-timeline ctl-row  position-right\"><div class=\"ctl-6 timeline-block-time\"><div class=\"story-time\"><p>Octubre 5, 2000<\/p><\/div><\/div><div class=\"timeline-block-icon\"><span class=\"timeline-block-render-icon\" style=\"fill:white\"><div class=\"iconpicker-item\" style=\"font-size:24px;color:white;padding:2px\"><svg stroke=\"currentColor\" fill=\"currentColor\" stroke-width=\"0\" viewBox=\"0 0 512 512\" height=\"1em\" width=\"1em\" xmlns=\"http:\/\/www.w3.org\/2000\/svg\"><path d=\"M462.3 62.6C407.5 15.9 326 24.3 275.7 76.2L256 96.5l-19.7-20.3C186.1 24.3 104.5 15.9 49.7 62.6c-62.8 53.6-66.1 149.8-9.9 207.9l193.5 199.8c12.5 12.9 32.8 12.9 45.3 0l193.5-199.8c56.3-58.1 53-154.3-9.8-207.9z\"><\/path><\/svg><\/div><\/span><\/div><div class=\"ctl-6 timeline-block-detail\"><div class=\"story-details\"><div class=\"story-content\">\n<figure class=\"wp-block-image size-full ctlb-block-image is-style-rounded\"><img loading=\"lazy\" decoding=\"async\" width=\"634\" height=\"939\" src=\"https:\/\/gicd.inf.um.es\/csidcav\/usuario52\/wp-content\/uploads\/2025\/11\/GGAYIL.webp\" alt=\"\" class=\"wp-image-290\" srcset=\"https:\/\/gicd.inf.um.es\/csidcav\/usuario52\/wp-content\/uploads\/2025\/11\/GGAYIL.webp 634w, https:\/\/gicd.inf.um.es\/csidcav\/usuario52\/wp-content\/uploads\/2025\/11\/GGAYIL-203x300.webp 203w\" sizes=\"auto, (max-width: 634px) 100vw, 634px\" \/><\/figure>\n\n\n\n<h3 class=\"wp-block-heading ctlb-block-title\" style=\"padding-top:0px;padding-right:0px;padding-bottom:0px;padding-left:0px\"><strong>Gilmore Girls<\/strong>&nbsp;<\/h3>\n\n\n\n<p class=\"ctlb-block-desc\" style=\"padding-top:0px;padding-right:0px;padding-bottom:0px;padding-left:0px\"><strong>Comedia dram\u00e1tica con fuerte componente rom\u00e1ntico<\/strong>.<\/p>\n<\/div><\/div><\/div><\/div><\/div><\/div>\n\n\n\n<div class=\"wp-block-cp-timeline-content-timeline-child swiper-slide\"><div class=\"timeline-content icon-false \"><div class=\"timeline-block-timeline ctl-row  position-left\"><div class=\"ctl-6 timeline-block-time\"><div class=\"story-time\"><p>Septiembre 19 , 2007<\/p><\/div><\/div><div class=\"timeline-block-icon\"><svg stroke=\"currentColor\" fill=\"currentColor\" stroke-width=\"0\" viewBox=\"0 0 512 512\" height=\"1em\" width=\"1em\" xmlns=\"http:\/\/www.w3.org\/2000\/svg\"><path d=\"M256 8C119 8 8 119 8 256s111 248 248 248 248-111 248-248S393 8 256 8z\"><\/path><\/svg><\/div><div class=\"ctl-6 timeline-block-detail\"><div class=\"story-details\"><div class=\"story-content\">\n<h3 class=\"wp-block-heading ctlb-block-title\" style=\"padding-top:0px;padding-right:0px;padding-bottom:0px;padding-left:0px\">Gossip Girl<\/h3>\n\n\n\n<p class=\"ctlb-block-desc\" style=\"padding-top:0px;padding-right:0px;padding-bottom:0px;padding-left:0px\">Romance, drama y lujo en Nueva York.<\/p>\n<\/div><\/div><\/div><\/div><\/div><\/div>\n\n\n\n<div class=\"wp-block-cp-timeline-content-timeline-child swiper-slide\"><div class=\"timeline-content icon-false \"><div class=\"timeline-block-timeline ctl-row  position-right\"><div class=\"ctl-6 timeline-block-time\"><div class=\"story-time\"><p>Octubre 23, 2011<\/p><\/div><\/div><div class=\"timeline-block-icon\"><svg stroke=\"currentColor\" fill=\"currentColor\" stroke-width=\"0\" viewBox=\"0 0 512 512\" height=\"1em\" width=\"1em\" xmlns=\"http:\/\/www.w3.org\/2000\/svg\"><path d=\"M256 8C119 8 8 119 8 256s111 248 248 248 248-111 248-248S393 8 256 8z\"><\/path><\/svg><\/div><div class=\"ctl-6 timeline-block-detail\"><div class=\"story-details\"><div class=\"story-content\">\n<figure class=\"wp-block-image size-full ctlb-block-image is-style-rounded\"><img loading=\"lazy\" decoding=\"async\" width=\"707\" height=\"1000\" src=\"https:\/\/gicd.inf.um.es\/csidcav\/usuario52\/wp-content\/uploads\/2025\/11\/61r3oh8tEWL.jpg\" alt=\"\" class=\"wp-image-293\" style=\"aspect-ratio:3\/4;object-fit:cover\" srcset=\"https:\/\/gicd.inf.um.es\/csidcav\/usuario52\/wp-content\/uploads\/2025\/11\/61r3oh8tEWL.jpg 707w, https:\/\/gicd.inf.um.es\/csidcav\/usuario52\/wp-content\/uploads\/2025\/11\/61r3oh8tEWL-212x300.jpg 212w\" sizes=\"auto, (max-width: 707px) 100vw, 707px\" \/><\/figure>\n\n\n\n<h3 class=\"wp-block-heading ctlb-block-title\" style=\"padding-top:0px;padding-right:0px;padding-bottom:0px;padding-left:0px\">Once Upon a Time<\/h3>\n\n\n\n<p class=\"ctlb-block-desc\" style=\"padding-top:0px;padding-right:0px;padding-bottom:0px;padding-left:0px\">Romance de cuento de hadas.<\/p>\n<\/div><\/div><\/div><\/div><\/div><\/div>\n\n\n\n<div class=\"wp-block-cp-timeline-content-timeline-child swiper-slide\"><div class=\"timeline-content icon-false \"><div class=\"timeline-block-timeline ctl-row  position-left\"><div class=\"ctl-6 timeline-block-time\"><div class=\"story-time\"><p>Febrero 19, 2016<\/p><\/div><\/div><div class=\"timeline-block-icon\"><svg stroke=\"currentColor\" fill=\"currentColor\" stroke-width=\"0\" viewBox=\"0 0 512 512\" height=\"1em\" width=\"1em\" xmlns=\"http:\/\/www.w3.org\/2000\/svg\"><path d=\"M256 8C119 8 8 119 8 256s111 248 248 248 248-111 248-248S393 8 256 8z\"><\/path><\/svg><\/div><div class=\"ctl-6 timeline-block-detail\"><div class=\"story-details\"><div class=\"story-content\">\n<figure class=\"wp-block-image size-large ctlb-block-image is-style-rounded\"><img loading=\"lazy\" decoding=\"async\" width=\"691\" height=\"1024\" src=\"https:\/\/gicd.inf.um.es\/csidcav\/usuario52\/wp-content\/uploads\/2025\/11\/MV5BZWNjMzk1MmMtMTllMi00NTNjLTg2YzQtYmFmN2RmZDAyOGUxXkEyXkFqcGc@._V1_-691x1024.jpg\" alt=\"\" class=\"wp-image-294\" srcset=\"https:\/\/gicd.inf.um.es\/csidcav\/usuario52\/wp-content\/uploads\/2025\/11\/MV5BZWNjMzk1MmMtMTllMi00NTNjLTg2YzQtYmFmN2RmZDAyOGUxXkEyXkFqcGc@._V1_-691x1024.jpg 691w, https:\/\/gicd.inf.um.es\/csidcav\/usuario52\/wp-content\/uploads\/2025\/11\/MV5BZWNjMzk1MmMtMTllMi00NTNjLTg2YzQtYmFmN2RmZDAyOGUxXkEyXkFqcGc@._V1_-203x300.jpg 203w, https:\/\/gicd.inf.um.es\/csidcav\/usuario52\/wp-content\/uploads\/2025\/11\/MV5BZWNjMzk1MmMtMTllMi00NTNjLTg2YzQtYmFmN2RmZDAyOGUxXkEyXkFqcGc@._V1_-768x1138.jpg 768w, https:\/\/gicd.inf.um.es\/csidcav\/usuario52\/wp-content\/uploads\/2025\/11\/MV5BZWNjMzk1MmMtMTllMi00NTNjLTg2YzQtYmFmN2RmZDAyOGUxXkEyXkFqcGc@._V1_.jpg 800w\" sizes=\"auto, (max-width: 691px) 100vw, 691px\" \/><\/figure>\n\n\n\n<h3 class=\"wp-block-heading ctlb-block-title\" style=\"padding-top:0px;padding-right:0px;padding-bottom:0px;padding-left:0px\"><strong>Love<\/strong><\/h3>\n\n\n\n<p class=\"ctlb-block-desc\" style=\"padding-top:0px;padding-right:0px;padding-bottom:0px;padding-left:0px\">Romance realista sobre las relaciones modernas.<\/p>\n<\/div><\/div><\/div><\/div><\/div><\/div>\n\n\n\n<div class=\"wp-block-cp-timeline-content-timeline-child swiper-slide\"><div class=\"timeline-content icon-false \"><div class=\"timeline-block-timeline ctl-row  position-right\"><div class=\"ctl-6 timeline-block-time\"><div class=\"story-time\"><p>Junio 17, 2022<\/p><\/div><\/div><div class=\"timeline-block-icon\"><svg stroke=\"currentColor\" fill=\"currentColor\" stroke-width=\"0\" viewBox=\"0 0 512 512\" height=\"1em\" width=\"1em\" xmlns=\"http:\/\/www.w3.org\/2000\/svg\"><path d=\"M256 8C119 8 8 119 8 256s111 248 248 248 248-111 248-248S393 8 256 8z\"><\/path><\/svg><\/div><div class=\"ctl-6 timeline-block-detail\"><div class=\"story-details\"><div class=\"story-content\">\n<figure class=\"wp-block-image size-large ctlb-block-image is-style-rounded\"><img loading=\"lazy\" decoding=\"async\" width=\"1024\" height=\"576\" src=\"https:\/\/gicd.inf.um.es\/csidcav\/usuario52\/wp-content\/uploads\/2025\/10\/ts-galeria-3-1024x576.jpg\" alt=\"ts galeria 3\" class=\"wp-image-105\" style=\"aspect-ratio:4\/3;object-fit:cover\" srcset=\"https:\/\/gicd.inf.um.es\/csidcav\/usuario52\/wp-content\/uploads\/2025\/10\/ts-galeria-3-1024x576.jpg 1024w, https:\/\/gicd.inf.um.es\/csidcav\/usuario52\/wp-content\/uploads\/2025\/10\/ts-galeria-3-300x169.jpg 300w, https:\/\/gicd.inf.um.es\/csidcav\/usuario52\/wp-content\/uploads\/2025\/10\/ts-galeria-3-768x432.jpg 768w, https:\/\/gicd.inf.um.es\/csidcav\/usuario52\/wp-content\/uploads\/2025\/10\/ts-galeria-3-1536x864.jpg 1536w, https:\/\/gicd.inf.um.es\/csidcav\/usuario52\/wp-content\/uploads\/2025\/10\/ts-galeria-3-1280x720.jpg 1280w, https:\/\/gicd.inf.um.es\/csidcav\/usuario52\/wp-content\/uploads\/2025\/10\/ts-galeria-3.jpg 1920w\" sizes=\"auto, (max-width: 1024px) 100vw, 1024px\" \/><\/figure>\n\n\n\n<h3 class=\"wp-block-heading ctlb-block-title\" style=\"padding-top:0px;padding-right:0px;padding-bottom:0px;padding-left:0px\">The Summer I Turned Pretty<\/h3>\n\n\n\n<p class=\"ctlb-block-desc\" style=\"padding-top:0px;padding-right:0px;padding-bottom:0px;padding-left:0px\">Tri\u00e1ngulo rom\u00e1ntico adolescente.<\/p>\n<\/div><\/div><\/div><\/div><\/div><\/div>\n<\/div><\/div><\/div><\/div>\n\n\n\n<div class=\"wp-block-cover is-light\"><img loading=\"lazy\" decoding=\"async\" width=\"740\" height=\"493\" class=\"wp-block-cover__image-background wp-image-145 size-full\" alt=\"\" src=\"https:\/\/gicd.inf.um.es\/csidcav\/usuario52\/wp-content\/uploads\/2025\/10\/fondo-degradado-dia-san-valentin_23-2149242406.avif\" data-object-fit=\"cover\" srcset=\"https:\/\/gicd.inf.um.es\/csidcav\/usuario52\/wp-content\/uploads\/2025\/10\/fondo-degradado-dia-san-valentin_23-2149242406.avif 740w, https:\/\/gicd.inf.um.es\/csidcav\/usuario52\/wp-content\/uploads\/2025\/10\/fondo-degradado-dia-san-valentin_23-2149242406-300x200.jpg 300w\" sizes=\"auto, (max-width: 740px) 100vw, 740px\" \/><span aria-hidden=\"true\" class=\"wp-block-cover__background has-background-dim\" style=\"background-color:#f2b4bb\"><\/span><div class=\"wp-block-cover__inner-container is-layout-constrained wp-block-cover-is-layout-constrained\">\n<p class=\"has-text-align-center has-large-font-size\">\u201cMis pel\u00edculas no tratan del amor perfecto, sino del amor posible\u201d<\/p>\n\n\n\n<p class=\"has-text-align-center has-medium-font-size\"><strong>Richard Linklater<\/strong><\/p>\n<\/div><\/div>\n\n\n<ul class=\"wp-block-categories-list wp-block-categories\">\t<li class=\"cat-item cat-item-51\"><a href=\"https:\/\/gicd.inf.um.es\/csidcav\/usuario52\/category\/novelas\/\">NOVELAS<\/a> (13)\n<ul class='children'>\n\t<li class=\"cat-item cat-item-43\"><a href=\"https:\/\/gicd.inf.um.es\/csidcav\/usuario52\/category\/novelas\/juvenil\/\">Juvenil<\/a> (3)\n<\/li>\n\t<li class=\"cat-item cat-item-41\"><a href=\"https:\/\/gicd.inf.um.es\/csidcav\/usuario52\/category\/novelas\/novelas-romanticas\/\">Novelas Rom\u00e1nticas<\/a> (13)\n<\/li>\n\t<li class=\"cat-item cat-item-45\"><a href=\"https:\/\/gicd.inf.um.es\/csidcav\/usuario52\/category\/novelas\/romance-de-segunda-oportunidad\/\">Romance de segunda oportunidad<\/a> (3)\n<\/li>\n\t<li class=\"cat-item cat-item-47\"><a href=\"https:\/\/gicd.inf.um.es\/csidcav\/usuario52\/category\/novelas\/romance-fantastico\/\">Romance Fant\u00e1stico<\/a> (2)\n<\/li>\n\t<li class=\"cat-item cat-item-46\"><a href=\"https:\/\/gicd.inf.um.es\/csidcav\/usuario52\/category\/novelas\/romance-historico\/\">Romance Hist\u00f3rico<\/a> (3)\n<\/li>\n\t<li class=\"cat-item cat-item-44\"><a href=\"https:\/\/gicd.inf.um.es\/csidcav\/usuario52\/category\/novelas\/romance-lgbtq\/\">Romance LGBTQ+<\/a> (2)\n<\/li>\n<\/ul>\n<\/li>\n\t<li class=\"cat-item cat-item-40\"><a href=\"https:\/\/gicd.inf.um.es\/csidcav\/usuario52\/category\/serie\/\">Serie<\/a> (8)\n<\/li>\n\t<li class=\"cat-item cat-item-50\"><a href=\"https:\/\/gicd.inf.um.es\/csidcav\/usuario52\/category\/series\/\">Series<\/a> (10)\n<ul class='children'>\n\t<li class=\"cat-item cat-item-3\"><a href=\"https:\/\/gicd.inf.um.es\/csidcav\/usuario52\/category\/series\/accion\/\">Acci\u00f3n<\/a> (3)\n<\/li>\n\t<li class=\"cat-item cat-item-25\"><a href=\"https:\/\/gicd.inf.um.es\/csidcav\/usuario52\/category\/series\/aventuras\/\">Aventuras<\/a> (1)\n<\/li>\n\t<li class=\"cat-item cat-item-23\"><a href=\"https:\/\/gicd.inf.um.es\/csidcav\/usuario52\/category\/series\/ciencia-ficcion\/\">Ciencia Ficci\u00f3n<\/a> (3)\n<\/li>\n\t<li class=\"cat-item cat-item-4\"><a href=\"https:\/\/gicd.inf.um.es\/csidcav\/usuario52\/category\/series\/drama\/\">Drama<\/a> (9)\n<\/li>\n\t<li class=\"cat-item cat-item-5\"><a href=\"https:\/\/gicd.inf.um.es\/csidcav\/usuario52\/category\/series\/fantastico\/\">Fant\u00e1stico<\/a> (2)\n<\/li>\n\t<li class=\"cat-item cat-item-27\"><a href=\"https:\/\/gicd.inf.um.es\/csidcav\/usuario52\/category\/series\/moda\/\">Moda<\/a> (1)\n<\/li>\n\t<li class=\"cat-item cat-item-26\"><a href=\"https:\/\/gicd.inf.um.es\/csidcav\/usuario52\/category\/series\/romance\/\">Romance<\/a> (2)\n<\/li>\n\t<li class=\"cat-item cat-item-16\"><a href=\"https:\/\/gicd.inf.um.es\/csidcav\/usuario52\/category\/series\/terror\/\">Terror<\/a> (2)\n<\/li>\n\t<li class=\"cat-item cat-item-11\"><a href=\"https:\/\/gicd.inf.um.es\/csidcav\/usuario52\/category\/series\/thriller\/\">Thriller<\/a> (2)\n<\/li>\n<\/ul>\n<\/li>\n\t<li class=\"cat-item cat-item-1\"><a href=\"https:\/\/gicd.inf.um.es\/csidcav\/usuario52\/category\/sin-categoria\/\">Sin categor\u00eda<\/a> (3)\n<\/li>\n<\/ul>","protected":false},"excerpt":{"rendered":"<p>El g\u00e9nero rom\u00e1ntico es un tipo de narrativa centrada en los sentimientos, las relaciones personales y las emociones que surgen entre los personajes. En este tipo de historias, el amor, es el eje principal, ya sea a trav\u00e9s de romances apasionados como el del verano en que me enamor\u00e9 con Belly y Conrad, amores imposibles, [&hellip;]<\/p>\n","protected":false},"author":1,"featured_media":0,"parent":0,"menu_order":0,"comment_status":"closed","ping_status":"closed","template":"","meta":{"pgc_sgb_lightbox_settings":"","footnotes":""},"class_list":["post-125","page","type-page","status-publish","hentry"],"_links":{"self":[{"href":"https:\/\/gicd.inf.um.es\/csidcav\/usuario52\/wp-json\/wp\/v2\/pages\/125","targetHints":{"allow":["GET"]}}],"collection":[{"href":"https:\/\/gicd.inf.um.es\/csidcav\/usuario52\/wp-json\/wp\/v2\/pages"}],"about":[{"href":"https:\/\/gicd.inf.um.es\/csidcav\/usuario52\/wp-json\/wp\/v2\/types\/page"}],"author":[{"embeddable":true,"href":"https:\/\/gicd.inf.um.es\/csidcav\/usuario52\/wp-json\/wp\/v2\/users\/1"}],"replies":[{"embeddable":true,"href":"https:\/\/gicd.inf.um.es\/csidcav\/usuario52\/wp-json\/wp\/v2\/comments?post=125"}],"version-history":[{"count":47,"href":"https:\/\/gicd.inf.um.es\/csidcav\/usuario52\/wp-json\/wp\/v2\/pages\/125\/revisions"}],"predecessor-version":[{"id":708,"href":"https:\/\/gicd.inf.um.es\/csidcav\/usuario52\/wp-json\/wp\/v2\/pages\/125\/revisions\/708"}],"wp:attachment":[{"href":"https:\/\/gicd.inf.um.es\/csidcav\/usuario52\/wp-json\/wp\/v2\/media?parent=125"}],"curies":[{"name":"wp","href":"https:\/\/api.w.org\/{rel}","templated":true}]}}