{"id":215,"date":"2025-11-05T17:44:14","date_gmt":"2025-11-05T16:44:14","guid":{"rendered":"https:\/\/gicd.inf.um.es\/csidcav\/usuario52\/?page_id=215"},"modified":"2025-11-05T17:48:18","modified_gmt":"2025-11-05T16:48:18","slug":"listado-de-actores-actrices","status":"publish","type":"page","link":"https:\/\/gicd.inf.um.es\/csidcav\/usuario52\/listado-de-actores-actrices\/","title":{"rendered":"Listado de actores\/actrices"},"content":{"rendered":"\n<p>En esta p\u00e1gina recopilamos lainformaci\u00f3n de cada una de las actrices y actores que protagonizan nuestras series preferidas<\/p>\n\n\n\n<div class=\"wp-block-query is-layout-flow wp-block-query-is-layout-flow\"><ul class=\"wp-block-post-template is-layout-flow wp-block-post-template-is-layout-flow\"><li class=\"wp-block-post post-203 actor type-actor status-publish hentry\">\n<h2 class=\"wp-block-post-title\"><a href=\"https:\/\/gicd.inf.um.es\/csidcav\/usuario52\/actor\/aaron-paul\/\" target=\"_self\" >Aaron Paul<\/a><\/h2>\n\n<p>Aaron Paul Sturtevant\u200b (Emmett, Idaho; 27 de agosto de 1979) es un actor y productor estadounidense conocido por interpretar al personaje de Jesse Pinkman en la serie de AMC Breaking Bad, desde su estreno el 20 de enero de 2008. Tambi\u00e9n tiene un papel recurrente como Scott en la serie de HBO Big Love, adem\u00e1s de haber protagonizado la pel\u00edcula Need for Speed.<\/p>\n\n<\/li><li class=\"wp-block-post post-200 actor type-actor status-publish hentry\">\n<h2 class=\"wp-block-post-title\"><a href=\"https:\/\/gicd.inf.um.es\/csidcav\/usuario52\/actor\/bella-ramsey\/\" target=\"_self\" >Bella Ramsey<\/a><\/h2>\n\n<p>Isabella May Ramsey (Nottinghamshire, Inglaterra, 25 de septiembre de 2003\u200b), m\u00e1s conocida como Bella Ramsey, es una persona int\u00e9rprete de cine, televisi\u00f3n y teatro brit\u00e1nica. Interpret\u00f3 a Lyanna Mormont en Juego de tronos,\u200b a Mildred Hubble en The Worst Witch, a Hilda en la serie del mismo nombre y a Ellie en la serie de televisi\u00f3n basada en el videojuego The Last of Us.<\/p>\n\n<\/li><li class=\"wp-block-post post-204 actor type-actor status-publish hentry\">\n<h2 class=\"wp-block-post-title\"><a href=\"https:\/\/gicd.inf.um.es\/csidcav\/usuario52\/actor\/bryan-cranston\/\" target=\"_self\" >Bryan Cranston<\/a><\/h2>\n\n<p>Bryan Lee Cranston es un actor, actor de voz, guionista, productor y director estadounidense, reconocido por su interpretaci\u00f3n de Walter White (en la serie de AMC Breaking Bad), de Hal Wilkerson (el padre de familia de la serie de FOX Malcolm in the middle), y del doctor Tim Whatley (en la comedia de NBC Seinfeld). El papel de Walter White le ha convertido en uno de los grandes en el panorama del cine y la televisi\u00f3n habiendo sido galardonado con numerosos premios como los Emmy y los Globos de Oro. En la d\u00e9cada de los 2000 pas\u00f3 de ser un actor de papeles menores a ser uno de los m\u00e1s reconocidos en la industria cinematogr\u00e1fica, llegando a ser nominado a los Premios \u00d3scar en 2016.<\/p>\n\n<\/li><li class=\"wp-block-post post-603 actor type-actor status-publish hentry\">\n<h2 class=\"wp-block-post-title\"><a href=\"https:\/\/gicd.inf.um.es\/csidcav\/usuario52\/actor\/caleb-mclaughlin\/\" target=\"_self\" >Caleb Mclaughlin<\/a><\/h2>\n\n<p>Caleb McLaughlin, nacido el 13 de octubre de 2001 en Carmel, Nueva York, es un actor estadounidense conocido por su papel de Lucas Sinclair en Stranger Things. Comenz\u00f3 su carrera en Broadway interpretando al joven Simba en El Rey Le\u00f3n y particip\u00f3 en series como Law &#038; Order: SVU y Blue Bloods. Adem\u00e1s de su trabajo en televisi\u00f3n, ha actuado en pel\u00edculas como High Flying Bird y Concrete Cowboy. Formado en danza y teatro, Caleb combina su talento actoral con un compromiso activo en la promoci\u00f3n de la autoestima y la positividad entre j\u00f3venes, destacando tambi\u00e9n por su participaci\u00f3n en campa\u00f1as contra el racismo.<\/p>\n\n<\/li><li class=\"wp-block-post post-259 actor type-actor status-publish hentry\">\n<h2 class=\"wp-block-post-title\"><a href=\"https:\/\/gicd.inf.um.es\/csidcav\/usuario52\/actor\/claire-foy\/\" target=\"_self\" >Claire Foy<\/a><\/h2>\n\n<p>Claire Foy (nacida el 16 de abril de 1984 en Stockport, Inglaterra) es una actriz brit\u00e1nica reconocida por interpretar a la reina Isabel II en las dos primeras temporadas de The Crown, papel que le vali\u00f3 un Globo de Oro, un Emmy y un BAFTA. Estudi\u00f3 en la Oxford School of Drama y ha participado en pel\u00edculas como First Man y Women Talking. Es admirada por su talento y su discreci\u00f3n fuera de la pantalla.<\/p>\n\n<\/li><li class=\"wp-block-post post-225 actor type-actor status-publish hentry\">\n<h2 class=\"wp-block-post-title\"><a href=\"https:\/\/gicd.inf.um.es\/csidcav\/usuario52\/actor\/ed-westwick\/\" target=\"_self\" >Ed Westwick<\/a><\/h2>\n\n<p>Ed Westwick naci\u00f3 el 27 de junio de 1987 en Stevenage, Hertfordshire, Inglaterra. Hijo de una psic\u00f3loga y un profesor universitario, creci\u00f3 junto a dos hermanos mayores y desde joven mostr\u00f3 inter\u00e9s por la actuaci\u00f3n, form\u00e1ndose en el National Youth Theatre de Londres. Alcanz\u00f3 la fama internacional al interpretar a Chuck Bass en la serie Gossip Girl (2007-2012), papel que lo convirti\u00f3 en un \u00edcono televisivo. Tambi\u00e9n ha participado en pel\u00edculas como Romeo &#038; Juliet (2013) y otras producciones tanto de cine como de televisi\u00f3n. En 2024 se cas\u00f3 con la actriz Amy Jackson, y en 2025 naci\u00f3 su primer hijo, Oscar Alexander. Aunque ha enfrentado algunas controversias, contin\u00faa activo en su carrera art\u00edstica.<\/p>\n\n<\/li><li class=\"wp-block-post post-208 actor type-actor status-publish hentry\">\n<h2 class=\"wp-block-post-title\"><a href=\"https:\/\/gicd.inf.um.es\/csidcav\/usuario52\/actor\/emilia-clarke\/\" target=\"_self\" >Emilia Clarke<\/a><\/h2>\n\n<p>Emilia Isobel Euphemia Rose Clarke (Londres, 23 de octubre de 1986),\u200b conocida como Emilia Clarke, es una actriz y autora brit\u00e1nica, conocida principalmente por interpretar a Daenerys Targaryen en la serie de HBO Game of Thrones.<\/p>\n\n<\/li><li class=\"wp-block-post post-600 actor type-actor status-publish hentry\">\n<h2 class=\"wp-block-post-title\"><a href=\"https:\/\/gicd.inf.um.es\/csidcav\/usuario52\/actor\/finn-wolfhard\/\" target=\"_self\" >Finn Wolfhard<\/a><\/h2>\n\n<p>Finn Wolfhard es un actor, m\u00fasico y modelo canadiense, nacido el 23 de diciembre de 2002 en Vancouver, Columbia Brit\u00e1nica, Canad\u00e1. Comenz\u00f3 su carrera actoral desde muy joven, pero alcanz\u00f3 la fama internacional al interpretar a Mike Wheeler en la serie de Netflix Stranger Things (2016), papel que le vali\u00f3 reconocimiento por su talento y carisma.<\/p>\n<p>Adem\u00e1s de su trabajo en televisi\u00f3n, Finn ha participado en pel\u00edculas como It (2017) y It: Cap\u00edtulo Dos (2019), demostrando su versatilidad como actor. Tambi\u00e9n es m\u00fasico; es guitarrista y vocalista de la banda The Aubreys (anteriormente conocida como Calpurnia). Finn se ha destacado por su estilo \u00fanico, combinando creatividad art\u00edstica con un enfoque audaz en su carrera, convirti\u00e9ndose en un \u00edcono joven del cine y la m\u00fasica.<\/p>\n\n<\/li><li class=\"wp-block-post post-604 actor type-actor status-publish hentry\">\n<h2 class=\"wp-block-post-title\"><a href=\"https:\/\/gicd.inf.um.es\/csidcav\/usuario52\/actor\/gaten-matarazzo\/\" target=\"_self\" >Gaten Matarazzo<\/a><\/h2>\n\n<p>Gaten Matarazzo, nacido el 8 de septiembre de 2002 en Nueva Jersey, Estados Unidos, es un actor conocido principalmente por su papel de Dustin Henderson en Stranger Things. Comenz\u00f3 su carrera en Broadway, participando en producciones como Les Mis\u00e9rables y Priscilla, Queen of the Desert. Gaten es reconocido por su carisma, sentido del humor y talento actoral, que le han permitido destacarse tanto en televisi\u00f3n como en cine. Adem\u00e1s, es un defensor abierto de la concienciaci\u00f3n sobre la displasia cleidocraneal, una condici\u00f3n que \u00e9l mismo tiene, usando su plataforma para educar y apoyar a otros.<\/p>\n\n<\/li><li class=\"wp-block-post post-212 actor type-actor status-publish hentry\">\n<h2 class=\"wp-block-post-title\"><a href=\"https:\/\/gicd.inf.um.es\/csidcav\/usuario52\/actor\/gavin-casalegno\/\" target=\"_self\" >Gavin Casalegno<\/a><\/h2>\n\n<p>Gavin Casalegno (Dallas, Texas; 2 de septiembre de 1999) es un actor y modelo estadounidense conocido por interpretar a Jeremiah Fisher en la serie The Summer I Turned Pretty. Comenz\u00f3 su carrera como modelo infantil y debut\u00f3 en cine con Noah (2014) de Darren Aronofsky. Tambi\u00e9n particip\u00f3 en The Vampire Diaries y Walker. Con ascendencia italiana, mide 1,88 m y es cristiano. En 2024 se cas\u00f3 con Cheyanne King.<\/p>\n\n<\/li><\/ul>\n\n<nav class=\"wp-block-query-pagination is-layout-flex wp-block-query-pagination-is-layout-flex\" aria-label=\"Paginaci\u00f3n\">\n\n\n<div class=\"wp-block-query-pagination-numbers\"><span aria-label=\"P\u00e1gina 1\" aria-current=\"page\" class=\"page-numbers current\">1<\/span>\n<a aria-label=\"P\u00e1gina 2\" class=\"page-numbers\" href=\"?query-7-page=2\">2<\/a>\n<a aria-label=\"P\u00e1gina 3\" class=\"page-numbers\" href=\"?query-7-page=3\">3<\/a><\/div>\n\n<a href=\"\/csidcav\/usuario52\/wp-json\/wp\/v2\/pages\/215?query-7-page=2\" class=\"wp-block-query-pagination-next\">P\u00e1gina siguiente<\/a>\n<\/nav>\n\n<\/div>\n","protected":false},"excerpt":{"rendered":"<p>En esta p\u00e1gina recopilamos lainformaci\u00f3n de cada una de las actrices y actores que protagonizan nuestras series preferidas<\/p>\n","protected":false},"author":1,"featured_media":0,"parent":0,"menu_order":0,"comment_status":"closed","ping_status":"closed","template":"","meta":{"pgc_sgb_lightbox_settings":"","footnotes":""},"class_list":["post-215","page","type-page","status-publish","hentry"],"_links":{"self":[{"href":"https:\/\/gicd.inf.um.es\/csidcav\/usuario52\/wp-json\/wp\/v2\/pages\/215","targetHints":{"allow":["GET"]}}],"collection":[{"href":"https:\/\/gicd.inf.um.es\/csidcav\/usuario52\/wp-json\/wp\/v2\/pages"}],"about":[{"href":"https:\/\/gicd.inf.um.es\/csidcav\/usuario52\/wp-json\/wp\/v2\/types\/page"}],"author":[{"embeddable":true,"href":"https:\/\/gicd.inf.um.es\/csidcav\/usuario52\/wp-json\/wp\/v2\/users\/1"}],"replies":[{"embeddable":true,"href":"https:\/\/gicd.inf.um.es\/csidcav\/usuario52\/wp-json\/wp\/v2\/comments?post=215"}],"version-history":[{"count":2,"href":"https:\/\/gicd.inf.um.es\/csidcav\/usuario52\/wp-json\/wp\/v2\/pages\/215\/revisions"}],"predecessor-version":[{"id":218,"href":"https:\/\/gicd.inf.um.es\/csidcav\/usuario52\/wp-json\/wp\/v2\/pages\/215\/revisions\/218"}],"wp:attachment":[{"href":"https:\/\/gicd.inf.um.es\/csidcav\/usuario52\/wp-json\/wp\/v2\/media?parent=215"}],"curies":[{"name":"wp","href":"https:\/\/api.w.org\/{rel}","templated":true}]}}