{"id":572,"date":"2025-11-21T21:46:34","date_gmt":"2025-11-21T20:46:34","guid":{"rendered":"https:\/\/gicd.inf.um.es\/csidcav\/usuario52\/?page_id=572"},"modified":"2025-12-03T11:24:18","modified_gmt":"2025-12-03T10:24:18","slug":"equipo","status":"publish","type":"page","link":"https:\/\/gicd.inf.um.es\/csidcav\/usuario52\/equipo\/","title":{"rendered":"Equipo de redacci\u00f3n"},"content":{"rendered":"\n<h2 class=\"wp-block-heading has-text-align-center\">Presentaci\u00f3n del equipo<\/h2>\n\n\n\n<div class=\"wp-block-media-text is-stacked-on-mobile\"><figure class=\"wp-block-media-text__media\"><img loading=\"lazy\" decoding=\"async\" width=\"575\" height=\"820\" src=\"https:\/\/gicd.inf.um.es\/csidcav\/usuario52\/wp-content\/uploads\/2025\/12\/image-4.jpeg\" alt=\"Benilde\" class=\"wp-image-896 size-full\" srcset=\"https:\/\/gicd.inf.um.es\/csidcav\/usuario52\/wp-content\/uploads\/2025\/12\/image-4.jpeg 575w, https:\/\/gicd.inf.um.es\/csidcav\/usuario52\/wp-content\/uploads\/2025\/12\/image-4-210x300.jpeg 210w\" sizes=\"auto, (max-width: 575px) 100vw, 575px\" \/><\/figure><div class=\"wp-block-media-text__content\">\n<h2 class=\"wp-block-heading\">Benilde<\/h2>\n\n\n\n<p>Soy Benilde, soy la jefa del equipo de redacci\u00f3n y al equipo yo aporto solidez y una visi\u00f3n profundamente humana al trabajo editorial.<\/p>\n<\/div><\/div>\n\n\n\n<div style=\"height:50px\" aria-hidden=\"true\" class=\"wp-block-spacer\"><\/div>\n\n\n\n<div class=\"wp-block-media-text is-stacked-on-mobile\"><figure class=\"wp-block-media-text__media\"><img loading=\"lazy\" decoding=\"async\" width=\"1024\" height=\"768\" src=\"https:\/\/gicd.inf.um.es\/csidcav\/usuario52\/wp-content\/uploads\/2025\/12\/image-1-1024x768.png\" alt=\"Aitana\" class=\"wp-image-895 size-full\" srcset=\"https:\/\/gicd.inf.um.es\/csidcav\/usuario52\/wp-content\/uploads\/2025\/12\/image-1-1024x768.png 1024w, https:\/\/gicd.inf.um.es\/csidcav\/usuario52\/wp-content\/uploads\/2025\/12\/image-1-300x225.png 300w, https:\/\/gicd.inf.um.es\/csidcav\/usuario52\/wp-content\/uploads\/2025\/12\/image-1-768x576.png 768w, https:\/\/gicd.inf.um.es\/csidcav\/usuario52\/wp-content\/uploads\/2025\/12\/image-1.png 1200w\" sizes=\"auto, (max-width: 1024px) 100vw, 1024px\" \/><\/figure><div class=\"wp-block-media-text__content\">\n<h2 class=\"wp-block-heading\">Aitana<\/h2>\n\n\n\n<p>Soy Aitana, la segunda colaboradora del equipo, soy una reconocida artista y referente en la industria musical y cultural, tambi\u00e9n participo como colaboradora creativa, aportando un enfoque fresco, aut\u00e9ntico y cercano al proceso editorial.<\/p>\n<\/div><\/div>\n\n\n\n<div class=\"wp-block-contact-form-7-contact-form-selector\">\n<div class=\"wpcf7 no-js\" id=\"wpcf7-f901-o1\" lang=\"es-ES\" dir=\"ltr\" data-wpcf7-id=\"901\">\n<div class=\"screen-reader-response\"><p role=\"status\" aria-live=\"polite\" aria-atomic=\"true\"><\/p> <ul><\/ul><\/div>\n<form action=\"\/csidcav\/usuario52\/wp-json\/wp\/v2\/pages\/572#wpcf7-f901-o1\" method=\"post\" class=\"wpcf7-form init\" aria-label=\"Formulario de contacto\" novalidate=\"novalidate\" data-status=\"init\">\n<fieldset class=\"hidden-fields-container\"><input type=\"hidden\" name=\"_wpcf7\" value=\"901\" \/><input type=\"hidden\" name=\"_wpcf7_version\" value=\"6.1.3\" \/><input type=\"hidden\" name=\"_wpcf7_locale\" value=\"es_ES\" \/><input type=\"hidden\" name=\"_wpcf7_unit_tag\" value=\"wpcf7-f901-o1\" \/><input type=\"hidden\" name=\"_wpcf7_container_post\" value=\"0\" \/><input type=\"hidden\" name=\"_wpcf7_posted_data_hash\" value=\"\" \/>\n<\/fieldset>\n<p><label> Tu nombre<br \/>\n<span class=\"wpcf7-form-control-wrap\" data-name=\"your-name\"><input size=\"40\" maxlength=\"400\" class=\"wpcf7-form-control wpcf7-text wpcf7-validates-as-required\" autocomplete=\"name\" aria-required=\"true\" aria-invalid=\"false\" value=\"\" type=\"text\" name=\"your-name\" \/><\/span> <\/label>\n<\/p>\n<p><label> Tu correo electr\u00f3nico<br \/>\n<span class=\"wpcf7-form-control-wrap\" data-name=\"your-email\"><input size=\"40\" maxlength=\"400\" class=\"wpcf7-form-control wpcf7-email wpcf7-validates-as-required wpcf7-text wpcf7-validates-as-email\" autocomplete=\"email\" aria-required=\"true\" aria-invalid=\"false\" value=\"\" type=\"email\" name=\"your-email\" \/><\/span> <\/label>\n<\/p>\n<p><label> Asunto<br \/>\n<span class=\"wpcf7-form-control-wrap\" data-name=\"your-subject\"><select class=\"wpcf7-form-control wpcf7-select wpcf7-validates-as-required\" aria-required=\"true\" aria-invalid=\"false\" name=\"your-subject\"><option value=\"Informaci\u00f3n sobre series\">Informaci\u00f3n sobre series<\/option><option value=\"Informaci\u00f3n sobre novelas rom\u00e1nticas\">Informaci\u00f3n sobre novelas rom\u00e1nticas<\/option><option value=\"Productos de novelas rom\u00e1nticas\">Productos de novelas rom\u00e1nticas<\/option><option value=\"Consulta general\">Consulta general<\/option><\/select><\/span><\/label>\n<\/p>\n<p><label> Tu mensaje (opcional)<br \/>\n<span class=\"wpcf7-form-control-wrap\" data-name=\"your-message\"><textarea cols=\"40\" rows=\"10\" maxlength=\"2000\" class=\"wpcf7-form-control wpcf7-textarea\" aria-invalid=\"false\" name=\"your-message\"><\/textarea><\/span> <\/label>\n<\/p>\n<p><span class=\"wpcf7-form-control-wrap\" data-name=\"legal-acceptance\"><span class=\"wpcf7-form-control wpcf7-checkbox wpcf7-validates-as-required\"><span class=\"wpcf7-list-item first last\"><label><input type=\"checkbox\" name=\"legal-acceptance[]\" value=\"He le\u00eddo y acepto el aviso legal\" \/><span class=\"wpcf7-list-item-label\">He le\u00eddo y acepto el aviso legal<\/span><\/label><\/span><\/span><\/span>\n<\/p>\n<p><input class=\"wpcf7-form-control wpcf7-submit has-spinner\" type=\"submit\" value=\"Enviar\" \/>\n<\/p><div class=\"wpcf7-response-output\" aria-hidden=\"true\"><\/div>\n<\/form>\n<\/div>\n<\/div>\n","protected":false},"excerpt":{"rendered":"<p>Presentaci\u00f3n del equipo Benilde Soy Benilde, soy la jefa del equipo de redacci\u00f3n y al equipo yo aporto solidez y una visi\u00f3n profundamente humana al trabajo editorial. Aitana Soy Aitana, la segunda colaboradora del equipo, soy una reconocida artista y referente en la industria musical y cultural, tambi\u00e9n participo como colaboradora creativa, aportando un enfoque [&hellip;]<\/p>\n","protected":false},"author":1,"featured_media":0,"parent":0,"menu_order":0,"comment_status":"closed","ping_status":"closed","template":"","meta":{"pgc_sgb_lightbox_settings":"","footnotes":""},"class_list":["post-572","page","type-page","status-publish","hentry"],"_links":{"self":[{"href":"https:\/\/gicd.inf.um.es\/csidcav\/usuario52\/wp-json\/wp\/v2\/pages\/572","targetHints":{"allow":["GET"]}}],"collection":[{"href":"https:\/\/gicd.inf.um.es\/csidcav\/usuario52\/wp-json\/wp\/v2\/pages"}],"about":[{"href":"https:\/\/gicd.inf.um.es\/csidcav\/usuario52\/wp-json\/wp\/v2\/types\/page"}],"author":[{"embeddable":true,"href":"https:\/\/gicd.inf.um.es\/csidcav\/usuario52\/wp-json\/wp\/v2\/users\/1"}],"replies":[{"embeddable":true,"href":"https:\/\/gicd.inf.um.es\/csidcav\/usuario52\/wp-json\/wp\/v2\/comments?post=572"}],"version-history":[{"count":5,"href":"https:\/\/gicd.inf.um.es\/csidcav\/usuario52\/wp-json\/wp\/v2\/pages\/572\/revisions"}],"predecessor-version":[{"id":902,"href":"https:\/\/gicd.inf.um.es\/csidcav\/usuario52\/wp-json\/wp\/v2\/pages\/572\/revisions\/902"}],"wp:attachment":[{"href":"https:\/\/gicd.inf.um.es\/csidcav\/usuario52\/wp-json\/wp\/v2\/media?parent=572"}],"curies":[{"name":"wp","href":"https:\/\/api.w.org\/{rel}","templated":true}]}}